{"id":9795,"date":"2025-03-31T17:33:45","date_gmt":"2025-03-31T23:33:45","guid":{"rendered":"https:\/\/www.oaxaca.gob.mx\/cco\/?page_id=9795"},"modified":"2025-12-27T20:08:15","modified_gmt":"2025-12-28T02:08:15","slug":"inscripciones-tfa-cco","status":"publish","type":"page","link":"https:\/\/www.oaxaca.gob.mx\/cco\/inscripciones-tfa-cco\/","title":{"rendered":"Inscripciones a los Talleres de Formaci\u00f3n Art\u00edstica de la CCO"},"content":{"rendered":"<p>Consulta nuestra Convocatoria y Cat\u00e1logo para ser parte de los Talleres de Formaci\u00f3n Art\u00edstica de la Casa de la Cultura Oaxaque\u00f1a durante el Cuarto Trimestre de 2025:<\/p>\n<p>Convocatoria para Talleres de Formaci\u00f3n Art\u00edstica de la CCO (3 p\u00e1ginas)<br \/>\n<a href=\"\/cco\/wp-content\/uploads\/sites\/31\/2025\/09\/Convocatoria-Talleres-de-Formacion-Artistica-CCO-4-2025.pdf\" class=\"pdfemb-viewer\" style=\"\" data-width=\"max\" data-height=\"max\" data-toolbar=\"top\" data-toolbar-fixed=\"on\">Convocatoria CCO 4 2025<\/a>\n<p>Cat\u00e1logo de Talleres de Formaci\u00f3n Art\u00edstica de la CCO (32 p\u00e1ginas)<br \/>\n<a href=\"\/cco\/wp-content\/uploads\/sites\/31\/2025\/09\/Catalogo-de-Talleres-CCO-4-2025.pdf\" class=\"pdfemb-viewer\" style=\"\" data-width=\"max\" data-height=\"max\" data-toolbar=\"top\" data-toolbar-fixed=\"on\">Cat\u00e1logo de Talleres CCO 4 2025<\/a>\n<p>Enlace a nuestro micrositio:<br \/>\n<a href=\"https:\/\/app.casaculturaoaxaca.com\">https:\/\/app.casaculturaoaxaca.com<\/a><\/p>\n","protected":false},"excerpt":{"rendered":"<p>Consulta nuestra Convocatoria y Cat\u00e1logo para ser parte de los Talleres de Formaci\u00f3n Art\u00edstica de la Casa de la Cultura Oaxaque\u00f1a durante el Cuarto Trimestre de 2025: Convocatoria para Talleres de Formaci\u00f3n Art\u00edstica de la CCO (3 p\u00e1ginas) Cat\u00e1logo de Talleres de Formaci\u00f3n Art\u00edstica de la CCO (32 p\u00e1ginas) Enlace a nuestro micrositio: https:\/\/app.casaculturaoaxaca.com<\/p>\n","protected":false},"author":39,"featured_media":10028,"parent":0,"menu_order":0,"comment_status":"closed","ping_status":"closed","template":"","meta":{"episode_type":"","audio_file":"","podmotor_file_id":"","podmotor_episode_id":"","cover_image":"","cover_image_id":"","duration":"","filesize":"","filesize_raw":"","date_recorded":"","explicit":"","block":"","itunes_episode_number":"","itunes_title":"","itunes_season_number":"","itunes_episode_type":"","footnotes":""},"categories":[],"tags":[],"class_list":["post-9795","page","type-page","status-publish","has-post-thumbnail","hentry"],"acf":[],"publishpress_future_action":{"enabled":false,"date":"2026-04-21 17:33:25","action":"change-status","newStatus":"draft","terms":[],"taxonomy":"category","extraData":[]},"publishpress_future_workflow_manual_trigger":{"enabledWorkflows":[]},"_links":{"self":[{"href":"https:\/\/www.oaxaca.gob.mx\/cco\/wp-json\/wp\/v2\/pages\/9795","targetHints":{"allow":["GET"]}}],"collection":[{"href":"https:\/\/www.oaxaca.gob.mx\/cco\/wp-json\/wp\/v2\/pages"}],"about":[{"href":"https:\/\/www.oaxaca.gob.mx\/cco\/wp-json\/wp\/v2\/types\/page"}],"author":[{"embeddable":true,"href":"https:\/\/www.oaxaca.gob.mx\/cco\/wp-json\/wp\/v2\/users\/39"}],"replies":[{"embeddable":true,"href":"https:\/\/www.oaxaca.gob.mx\/cco\/wp-json\/wp\/v2\/comments?post=9795"}],"version-history":[{"count":2,"href":"https:\/\/www.oaxaca.gob.mx\/cco\/wp-json\/wp\/v2\/pages\/9795\/revisions"}],"predecessor-version":[{"id":10037,"href":"https:\/\/www.oaxaca.gob.mx\/cco\/wp-json\/wp\/v2\/pages\/9795\/revisions\/10037"}],"wp:featuredmedia":[{"embeddable":true,"href":"https:\/\/www.oaxaca.gob.mx\/cco\/wp-json\/wp\/v2\/media\/10028"}],"wp:attachment":[{"href":"https:\/\/www.oaxaca.gob.mx\/cco\/wp-json\/wp\/v2\/media?parent=9795"}],"wp:term":[{"taxonomy":"category","embeddable":true,"href":"https:\/\/www.oaxaca.gob.mx\/cco\/wp-json\/wp\/v2\/categories?post=9795"},{"taxonomy":"post_tag","embeddable":true,"href":"https:\/\/www.oaxaca.gob.mx\/cco\/wp-json\/wp\/v2\/tags?post=9795"}],"curies":[{"name":"wp","href":"https:\/\/api.w.org\/{rel}","templated":true}]}}