{"id":9358,"date":"2024-04-24T16:34:15","date_gmt":"2024-04-24T22:34:15","guid":{"rendered":"https:\/\/www.oaxaca.gob.mx\/cco\/?page_id=9358"},"modified":"2026-04-20T14:34:27","modified_gmt":"2026-04-20T20:34:27","slug":"avances-de-gestion-y-componentes","status":"publish","type":"page","link":"https:\/\/www.oaxaca.gob.mx\/cco\/avances-de-gestion-y-componentes\/","title":{"rendered":"Avances de Gesti\u00f3n y Componentes"},"content":{"rendered":"<nav style=\"margin-bottom: 30px\">\n<ul class=\"nav nav-tabs\" id=\"anioTabs\" role=\"tablist\">\n<li class=\"nav-item\" role=\"presentation\">\n  \t\t\t<button class=\"nav-link active\" id=\"tab-2026\" data-bs-toggle=\"tab\" data-bs-target=\"#content-2026\" type=\"button\" role=\"tab\" aria-controls=\"content-2026\">2026<\/button>\n  \t\t<\/li>\n<li class=\"nav-item\" role=\"presentation\">\n  \t\t\t<button class=\"nav-link\" id=\"tab-2025\" data-bs-toggle=\"tab\" data-bs-target=\"#content-2025\" type=\"button\" role=\"tab\" aria-controls=\"content-2025\">2025<\/button>\n  \t\t<\/li>\n<li class=\"nav-item\" role=\"presentation\">\n  \t\t\t<button class=\"nav-link\" id=\"tab-2024\" data-bs-toggle=\"tab\" data-bs-target=\"#content-2024\" type=\"button\" role=\"tab\" aria-controls=\"content-2024\">2024<\/button>\n  \t\t<\/li>\n<li class=\"nav-item\" role=\"presentation\">\n  \t\t\t<button class=\"nav-link\" id=\"tab-2023\" data-bs-toggle=\"tab\" data-bs-target=\"#content-2023\" type=\"button\" role=\"tab\" aria-controls=\"content-2023\">2023<\/button>\n  \t\t<\/li>\n<\/ul>\n<div class=\"tab-content\" id=\"anioTabsContent\">\n\t\t<!-- Contenido de la pesta\u00f1a 2026 --><\/p>\n<div class=\"tab-pane fade show active\" id=\"content-2026\" role=\"tabpanel\" aria-labelledby=\"tab-2026\">\n\t\t\t<!-- Acorde\u00f3n dentro de la pesta\u00f1a 2025 --><\/p>\n<div class=\"accordion\" id=\"accordion2026\">\n\t\t\t\t<!-- Item 1 2026--><\/p>\n<div class=\"accordion-item\" style=\"--bs-accordion-btn-bg: #f5e9ed\">\n<h2 class=\"accordion-header\" id=\"headingUno2026\" style=\"height: 50px\">\n\t\t\t\t\t\t<button class=\"accordion-button collapsed\" type=\"button\" data-bs-toggle=\"collapse\" data-bs-target=\"#collapseUno2026\" aria-expanded=\"false\" aria-controls=\"collapseUno2026\"><br \/>\n\t\t\t\t\t\t\tAvance de Gesti\u00f3n<br \/>\n\t\t\t\t\t\t<\/button><br \/>\n\t\t\t\t\t<\/h2>\n<div id=\"collapseUno2026\" class=\"accordion-collapse collapse\" aria-labelledby=\"headingUno2026\" data-bs-parent=\"#accordion2025\">\n<div class=\"accordion-body\">\n\t\t\t\t\t\t\t<a href=\"\/cco\/wp-content\/uploads\/sites\/31\/2026\/04\/4.-Avance-de-gestion-1er-trimestre-2026.pdf\" target=\"_blank\" rel=\"noopener noreferrer\"><br \/>\n\t\t\t\t\t\t\t\t1er Trimestre<br \/>\n\t\t\t\t\t\t\t<\/a>\n\t\t\t\t\t\t<\/div>\n<\/p><\/div>\n<\/p><\/div>\n<p> <!-- fin item 1 --><\/p>\n<p>\t\t\t\t<!-- Item 2 2026 --><\/p>\n<div class=\"accordion-item\" style=\"--bs-accordion-btn-bg: #f5e9ed\">\n<h2 class=\"accordion-header\" id=\"headingDos2026\" style=\"height: 50px\">\n\t\t\t\t\t\t<button class=\"accordion-button collapsed\" type=\"button\" data-bs-toggle=\"collapse\" data-bs-target=\"#collapseDos2026\" aria-expanded=\"false\" aria-controls=\"collapseDos2025\"><br \/>\n\t\t\t\t\t\t\tAvance de Componentes<br \/>\n\t\t\t\t\t\t<\/button><br \/>\n\t\t\t\t\t<\/h2>\n<div id=\"collapseDos2026\" class=\"accordion-collapse collapse\" aria-labelledby=\"headingDos2026\" data-bs-parent=\"#accordion2025\">\n<div class=\"accordion-body\">\n\t\t\t\t\t\t\t&#8211;\n\t\t\t\t\t\t<\/div>\n<\/p><\/div>\n<\/p><\/div>\n<p> <!-- fin item 2 --><\/p><\/div>\n<p> <!-- fin acorde\u00f3n -->\n\t\t<\/div>\n<p> <!-- fin tab-pane 2026 --><\/p>\n<p>\t\t<!-- Contenido de la pesta\u00f1a 2025 --><\/p>\n<div class=\"tab-pane fade show\" id=\"content-2025\" role=\"tabpanel\" aria-labelledby=\"tab-2025\">\n\t\t\t<!-- Acorde\u00f3n dentro de la pesta\u00f1a 2025 --><\/p>\n<div class=\"accordion\" id=\"accordion2025\">\n\t\t\t\t<!-- Item 1 2025 --><\/p>\n<div class=\"accordion-item\" style=\"--bs-accordion-btn-bg: #f5e9ed\">\n<h2 class=\"accordion-header\" id=\"headingUno2025\" style=\"height: 50px\">\n\t\t\t\t\t\t<button class=\"accordion-button collapsed\" type=\"button\" data-bs-toggle=\"collapse\" data-bs-target=\"#collapseUno2025\" aria-expanded=\"false\" aria-controls=\"collapseUno2025\"><br \/>\n\t\t\t\t\t\t\tAvance de Gesti\u00f3n<br \/>\n\t\t\t\t\t\t<\/button><br \/>\n\t\t\t\t\t<\/h2>\n<div id=\"collapseUno2025\" class=\"accordion-collapse collapse\" aria-labelledby=\"headingUno2025\" data-bs-parent=\"#accordion2025\">\n<div class=\"accordion-body\">\n\t\t\t\t\t\t\t<a href=\"\/cco\/\/wp-content\/uploads\/sites\/31\/2025\/04\/4.-Avance-de-gestion.pdf\" target=\"_blank\" rel=\"noopener noreferrer\"><br \/>\n\t\t\t\t\t\t\t\t1er Trimestre<br \/>\n\t\t\t\t\t\t\t<\/a><br \/>\n\t\t\t\t\t\t\t<a href=\"\/cco\/wp-content\/uploads\/sites\/31\/2025\/07\/4.-Avance-de-gestion.pdf\" target=\"_blank\" rel=\"noopener noreferrer\"><br \/>\n\t\t\t\t\t\t\t\t2o Trimestre<br \/>\n\t\t\t\t\t\t\t<\/a><br \/>\n\t\t\t\t\t\t\t<a href=\"\/cco\/wp-content\/uploads\/sites\/31\/2026\/01\/4.-Avance-de-gestion-4o-trim-2025.pdf\" target=\"_blank\" rel=\"noopener noreferrer\"><br \/>\n\t\t\t\t\t\t\t\t4o Trimestre<br \/>\n\t\t\t\t\t\t\t<\/a>\n\t\t\t\t\t\t<\/div>\n<\/p><\/div>\n<\/p><\/div>\n<p> <!-- fin item 1 --><\/p>\n<p>\t\t\t\t<!-- Item 2 2025 --><\/p>\n<div class=\"accordion-item\" style=\"--bs-accordion-btn-bg: #f5e9ed\">\n<h2 class=\"accordion-header\" id=\"headingDos2025\" style=\"height: 50px\">\n\t\t\t\t\t\t<button class=\"accordion-button collapsed\" type=\"button\" data-bs-toggle=\"collapse\" data-bs-target=\"#collapseDos2025\" aria-expanded=\"false\" aria-controls=\"collapseDos2025\"><br \/>\n\t\t\t\t\t\t\tAvance de Componentes<br \/>\n\t\t\t\t\t\t<\/button><br \/>\n\t\t\t\t\t<\/h2>\n<div id=\"collapseDos2025\" class=\"accordion-collapse collapse\" aria-labelledby=\"headingDos2025\" data-bs-parent=\"#accordion2025\">\n<div class=\"accordion-body\">\n\t\t\t\t\t\t\t&#8211;\n\t\t\t\t\t\t<\/div>\n<\/p><\/div>\n<\/p><\/div>\n<p> <!-- fin item 2 --><\/p><\/div>\n<p> <!-- fin acorde\u00f3n -->\n\t\t<\/div>\n<p> <!-- fin tab-pane 2025 --><\/p>\n<p>\t\t<!-- Contenido de la pesta\u00f1a 2024 --><\/p>\n<div class=\"tab-pane fade\" id=\"content-2024\" role=\"tabpanel\" aria-labelledby=\"tab-2024\">\n<p>\t\t\t<!-- Acorde\u00f3n dentro de la pesta\u00f1a 2024 --><\/p>\n<div class=\"accordion\" id=\"accordion2024\">\n<p>\t\t\t\t<!-- Item 1 2024 --><\/p>\n<div class=\"accordion-item\" style=\"--bs-accordion-btn-bg: #f5e9ed\">\n<h2 class=\"accordion-header\" id=\"headingUno2024\" style=\"height: 50px\">\n\t\t\t\t\t\t<button class=\"accordion-button collapsed\" type=\"button\" data-bs-toggle=\"collapse\" data-bs-target=\"#collapseUno2024\" aria-expanded=\"false\" aria-controls=\"collapseUno2024\"><br \/>\n\t\t\t\t\t\t\tAvance de Gesti\u00f3n<br \/>\n\t\t\t\t\t\t<\/button><br \/>\n\t\t\t\t\t<\/h2>\n<div id=\"collapseUno2024\" class=\"accordion-collapse collapse\" aria-labelledby=\"headingUno2024\" data-bs-parent=\"#accordion2024\">\n<div class=\"accordion-body\">\n\t\t\t\t\t\t\t<a href=\"\/cco\/wp-content\/uploads\/sites\/31\/2024\/07\/4.-Avance-de-gestion-1er.-trimestre.pdf\" target=\"_blank\" rel=\"noopener noreferrer\"><br \/>\n\t\t\t\t\t\t\t\t1er Trimestre<br \/>\n\t\t\t\t\t\t\t<\/a><br \/>\n\t\t\t\t\t\t\t<a href=\"\/cco\/wp-content\/uploads\/sites\/31\/2024\/10\/4.-AVANCE-DE-GESTION-3ER-TRIMESTRE.pdf\"><br \/>\n\t\t\t\t\t\t\t\t2o Trimestre<br \/>\n\t\t\t\t\t\t\t<\/a><br \/>\n\t\t\t\t\t\t\t<a href=\"\/cco\/wp-content\/uploads\/sites\/31\/2024\/10\/4.-AVANCE-DE-GESTION-3ER-TRIMESTRE.pdf\" target=\"_blank\" rel=\"noopener noreferrer\"><br \/>\n\t\t\t\t\t\t\t\t3er Trimestre<br \/>\n\t\t\t\t\t\t\t<\/a><br \/>\n\t\t\t\t\t\t\t<a href=\"\/cco\/wp-content\/uploads\/sites\/31\/2025\/01\/4.-Avance-de-gestion.pdf\" target=\"_blank\" rel=\"noopener noreferrer\"><br \/>\n\t\t\t\t\t\t\t\t4o Trimestre<br \/>\n\t\t\t\t\t\t\t<\/a>\n\t\t\t\t\t\t<\/div>\n<\/p><\/div>\n<\/p><\/div>\n<p> <!-- fin item 2 --><\/p>\n<p>\t\t\t\t<!-- Item 2 2024 --><\/p>\n<div class=\"accordion-item\" style=\"--bs-accordion-btn-bg: #f5e9ed\">\n<h2 class=\"accordion-header\" id=\"headingDos2024\" style=\"height: 50px\">\n\t\t\t\t\t\t<button class=\"accordion-button collapsed\" type=\"button\" data-bs-toggle=\"collapse\" data-bs-target=\"#collapseDos2024\" aria-expanded=\"false\" aria-controls=\"collapseDos2024\"><br \/>\n\t\t\t\t\t\t\tAvance de Componentes<br \/>\n\t\t\t\t\t\t<\/button><br \/>\n\t\t\t\t\t<\/h2>\n<div id=\"collapseDos2024\" class=\"accordion-collapse collapse\" aria-labelledby=\"headingDos2024\" data-bs-parent=\"#accordion2024\">\n<div class=\"accordion-body\">\n\t\t\t\t\t\t\t<a href=\"\/cco\/wp-content\/uploads\/sites\/31\/2025\/04\/7.-Avance-de-componentes-2do-semestre-2024.pdf\"><br \/>\n\t\t\t\t\t\t\t\t2o Semestre<br \/>\n\t\t\t\t\t\t\t<\/a>\n\t\t\t\t\t\t<\/div>\n<\/p><\/div>\n<\/p><\/div>\n<p> <!-- fin item 2 --><\/p><\/div>\n<p> <!-- fin acorde\u00f3n -->\n\t\t<\/div>\n<p> <!-- fin tab-pane 2024 --><\/p>\n<p>\t\t<!-- Contenido de la pesta\u00f1a 2023 --><\/p>\n<div class=\"tab-pane fade\" id=\"content-2023\" role=\"tabpanel\" aria-labelledby=\"tab-2023\">\n<p>\t\t\t<!-- Acorde\u00f3n dentro de la pesta\u00f1a 2023 --><\/p>\n<div class=\"accordion\" id=\"accordion2023\">\n<p>\t\t\t\t<!-- Item 1 2023 --><\/p>\n<div class=\"accordion-item\" style=\"--bs-accordion-btn-bg: #f5e9ed\">\n<h2 class=\"accordion-header\" id=\"headingUno2023\" style=\"height: 50px\">\n\t\t\t\t\t\t<button class=\"accordion-button collapsed\" type=\"button\" data-bs-toggle=\"collapse\" data-bs-target=\"#collapseUno2023\" aria-expanded=\"false\" aria-controls=\"collapseUno2023\"><br \/>\n\t\t\t\t\t\t\tAvance de Gesti\u00f3n<br \/>\n\t\t\t\t\t\t<\/button><br \/>\n\t\t\t\t\t<\/h2>\n<div id=\"collapseUno2023\" class=\"accordion-collapse collapse\" aria-labelledby=\"headingUno2023\" data-bs-parent=\"#accordion2023\">\n<div class=\"accordion-body\">\n\t\t\t\t\t\t\t<a href=\"\/cco\/wp-content\/uploads\/sites\/31\/2024\/04\/AVANCE-DE-GESTION-1er-TRIMESTRE.pdf\" target=\"_blank\" rel=\"noopener noreferrer\"><br \/>\n\t\t\t\t\t\t\t\t1er Trimestre<br \/>\n\t\t\t\t\t\t\t<\/a><br \/>\n\t\t\t\t\t\t\t<a href=\"\/cco\/wp-content\/uploads\/sites\/31\/2024\/04\/AVANCE-DE-GESTION-2do-TRIMESTRE.pdf\" target=\"_blank\" rel=\"noopener noreferrer\"><br \/>\n\t\t\t\t\t\t\t\t2o Trimestre<br \/>\n\t\t\t\t\t\t\t<\/a><br \/>\n\t\t\t\t\t\t\t<a href=\"\/cco\/wp-content\/uploads\/sites\/31\/2024\/04\/AVANCE-DE-GESTION-3er-TRIMESTRE.pdf\" target=\"_blank\" rel=\"noopener noreferrer\"><br \/>\n\t\t\t\t\t\t\t\t3er Trimestre<br \/>\n\t\t\t\t\t\t\t<\/a><br \/>\n\t\t\t\t\t\t\t<a href=\"\/cco\/wp-content\/uploads\/sites\/31\/2024\/04\/AVANCE-DE-GESTION-4to-TRIMESTRE.pdf\" target=\"_blank\" rel=\"noopener noreferrer\"><br \/>\n\t\t\t\t\t\t\t\t4o Trimestre<br \/>\n\t\t\t\t\t\t\t<\/a>\n\t\t\t\t\t\t<\/div>\n<\/p><\/div>\n<\/p><\/div>\n<p> <!-- fin item 1 --><\/p>\n<p>\t\t\t\t<!-- Item 2 2023 --><\/p>\n<div class=\"accordion-item\" style=\"--bs-accordion-btn-bg: #f5e9ed\">\n<h2 class=\"accordion-header\" id=\"headingDos2023\" style=\"height: 50px\">\n\t\t\t\t\t\t<button class=\"accordion-button collapsed\" type=\"button\" data-bs-toggle=\"collapse\" data-bs-target=\"#collapseDos2023\" aria-expanded=\"false\" aria-controls=\"collapseDos2023\"><br \/>\n\t\t\t\t\t\t\tAvance de Componentes<br \/>\n\t\t\t\t\t\t<\/button><br \/>\n\t\t\t\t\t<\/h2>\n<div id=\"collapseDos2023\" class=\"accordion-collapse collapse\" aria-labelledby=\"headingDos2023\" data-bs-parent=\"#accordion2023\">\n<div class=\"accordion-body\">\n\t\t\t\t\t\t\t<a href=\"\/cco\/wp-content\/uploads\/sites\/31\/2024\/04\/AVANCE-DE-GESTION-DEL-COMPONENTE-1er-SEMESTRE.pdf\" target=\"_blank\" rel=\"noopener noreferrer\"><br \/>\n\t\t\t\t\t\t\t\t1er Semestre<br \/>\n\t\t\t\t\t\t\t<\/a><br \/>\n\t\t\t\t\t\t\t<a href=\"\/cco\/wp-content\/uploads\/sites\/31\/2024\/04\/AVANCE-DE-GESTION-DEL-COMPONENTE-2do-SEMESTRE.pdf\" target=\"_blank\" rel=\"noopener noreferrer\"><br \/>\n\t\t\t\t\t\t\t\t2o Semestre<br \/>\n\t\t\t\t\t\t\t<\/a>\n\t\t\t\t\t\t<\/div>\n<\/p><\/div>\n<\/p><\/div>\n<p> <!-- fin item 2 --><\/p><\/div>\n<p> <!-- fin acorde\u00f3n -->\n\t\t<\/div>\n<p> <!-- fin tab-pane 2023 -->\n\t<\/div>\n<\/nav>\n","protected":false},"excerpt":{"rendered":"<p>2026 2025 2024 2023 Avance de Gesti\u00f3n 1er Trimestre Avance de Componentes &#8211; Avance de Gesti\u00f3n 1er Trimestre 2o Trimestre 4o Trimestre Avance de Componentes &#8211; Avance de Gesti\u00f3n 1er Trimestre 2o Trimestre 3er Trimestre 4o Trimestre Avance de Componentes 2o Semestre Avance de Gesti\u00f3n 1er Trimestre 2o Trimestre 3er Trimestre 4o Trimestre Avance de [&hellip;]<\/p>\n","protected":false},"author":1,"featured_media":0,"parent":0,"menu_order":0,"comment_status":"closed","ping_status":"closed","template":"","meta":{"episode_type":"","audio_file":"","podmotor_file_id":"","podmotor_episode_id":"","cover_image":"","cover_image_id":"","duration":"","filesize":"","filesize_raw":"","date_recorded":"","explicit":"","block":"","itunes_episode_number":"","itunes_title":"","itunes_season_number":"","itunes_episode_type":"","footnotes":""},"categories":[],"tags":[],"class_list":["post-9358","page","type-page","status-publish","hentry"],"acf":[],"publishpress_future_action":{"enabled":false,"date":"2026-05-06 23:47:03","action":"change-status","newStatus":"draft","terms":[],"taxonomy":"category","extraData":[]},"publishpress_future_workflow_manual_trigger":{"enabledWorkflows":[]},"_links":{"self":[{"href":"https:\/\/www.oaxaca.gob.mx\/cco\/wp-json\/wp\/v2\/pages\/9358","targetHints":{"allow":["GET"]}}],"collection":[{"href":"https:\/\/www.oaxaca.gob.mx\/cco\/wp-json\/wp\/v2\/pages"}],"about":[{"href":"https:\/\/www.oaxaca.gob.mx\/cco\/wp-json\/wp\/v2\/types\/page"}],"author":[{"embeddable":true,"href":"https:\/\/www.oaxaca.gob.mx\/cco\/wp-json\/wp\/v2\/users\/1"}],"replies":[{"embeddable":true,"href":"https:\/\/www.oaxaca.gob.mx\/cco\/wp-json\/wp\/v2\/comments?post=9358"}],"version-history":[{"count":3,"href":"https:\/\/www.oaxaca.gob.mx\/cco\/wp-json\/wp\/v2\/pages\/9358\/revisions"}],"predecessor-version":[{"id":10188,"href":"https:\/\/www.oaxaca.gob.mx\/cco\/wp-json\/wp\/v2\/pages\/9358\/revisions\/10188"}],"wp:attachment":[{"href":"https:\/\/www.oaxaca.gob.mx\/cco\/wp-json\/wp\/v2\/media?parent=9358"}],"wp:term":[{"taxonomy":"category","embeddable":true,"href":"https:\/\/www.oaxaca.gob.mx\/cco\/wp-json\/wp\/v2\/categories?post=9358"},{"taxonomy":"post_tag","embeddable":true,"href":"https:\/\/www.oaxaca.gob.mx\/cco\/wp-json\/wp\/v2\/tags?post=9358"}],"curies":[{"name":"wp","href":"https:\/\/api.w.org\/{rel}","templated":true}]}}