{"id":9247,"date":"2023-12-06T14:25:00","date_gmt":"2023-12-06T20:25:00","guid":{"rendered":"https:\/\/www.oaxaca.gob.mx\/cco\/?page_id=9247"},"modified":"2023-12-06T14:25:00","modified_gmt":"2023-12-06T20:25:00","slug":"mapa-del-sitio","status":"publish","type":"page","link":"https:\/\/www.oaxaca.gob.mx\/cco\/mapa-del-sitio\/","title":{"rendered":"Mapa del Sitio"},"content":{"rendered":"<div class=\"wsp-container\"><h2 class=\"wsp-pages-title\">P\u00e1ginas<\/h2>\n<ul class=\"wsp-pages-list\">\n<li class=\"page_item page-item-175\"><a href=\"https:\/\/www.oaxaca.gob.mx\/cco\/que-es-la-formacion-artistica\/\">\u00bfQue es la Formaci\u00f3n Art\u00edstica?<\/a><\/li>\n<li class=\"page_item page-item-5812\"><a href=\"https:\/\/www.oaxaca.gob.mx\/cco\/acciones-de-gobierno\/\">Acciones de gobierno<\/a><\/li>\n<li class=\"page_item page-item-2357\"><a href=\"https:\/\/www.oaxaca.gob.mx\/cco\/actas1\/\">Actas1<\/a><\/li>\n<li class=\"page_item page-item-8393\"><a href=\"https:\/\/www.oaxaca.gob.mx\/cco\/auditorias\/\">Auditor\u00edas<\/a><\/li>\n<li class=\"page_item page-item-8399\"><a href=\"https:\/\/www.oaxaca.gob.mx\/cco\/auditorias-2\/\">Auditor\u00edas<\/a><\/li>\n<li class=\"page_item page-item-9358\"><a href=\"https:\/\/www.oaxaca.gob.mx\/cco\/avances-de-gestion-y-componentes\/\">Avances de Gesti\u00f3n y Componentes<\/a><\/li>\n<li class=\"page_item page-item-4571\"><a href=\"https:\/\/www.oaxaca.gob.mx\/cco\/aviso-de-privacidad\/\">Aviso de Privacidad<\/a><\/li>\n<li class=\"page_item page-item-4419\"><a href=\"https:\/\/www.oaxaca.gob.mx\/cco\/calendar\/\">Calendar<\/a><\/li>\n<li class=\"page_item page-item-4882\"><a href=\"https:\/\/www.oaxaca.gob.mx\/cco\/calendar-2\/\">Calendar<\/a><\/li>\n<li class=\"page_item page-item-183\"><a href=\"https:\/\/www.oaxaca.gob.mx\/cco\/cartelera\/\">Cartelera<\/a><\/li>\n<li class=\"page_item page-item-2324\"><a href=\"https:\/\/www.oaxaca.gob.mx\/cco\/cartelera-45-aniversario\/\">CARTELERA 45 ANIVERSARIO<\/a><\/li>\n<li class=\"page_item page-item-10082\"><a href=\"https:\/\/www.oaxaca.gob.mx\/cco\/catalogo-de-espacios-cco\/\">Cat\u00e1logo de Espacios de la Casa de la Cultura Oaxaque\u00f1a<\/a><\/li>\n<li class=\"page_item page-item-9222\"><a href=\"https:\/\/www.oaxaca.gob.mx\/cco\/cocoi\/\">COCOI<\/a><\/li>\n<li class=\"page_item page-item-6160\"><a href=\"https:\/\/www.oaxaca.gob.mx\/cco\/comite-de-etica\/\">Comit\u00e9 de \u00c9tica<\/a><\/li>\n<li class=\"page_item page-item-1095\"><a href=\"https:\/\/www.oaxaca.gob.mx\/cco\/conoce-la-cco\/\">Conoce la CCO<\/a><\/li>\n<li class=\"page_item page-item-246\"><a href=\"https:\/\/www.oaxaca.gob.mx\/cco\/contactanos\/\">Cont\u00e1ctanos<\/a><\/li>\n<li class=\"page_item page-item-10113\"><a href=\"https:\/\/www.oaxaca.gob.mx\/cco\/contacto\/\">Contacto<\/a><\/li>\n<li class=\"page_item page-item-9061\"><a href=\"https:\/\/www.oaxaca.gob.mx\/cco\/convocatoria-cepci\/\">Convocatoria CEPCI<\/a><\/li>\n<li class=\"page_item page-item-195\"><a href=\"https:\/\/www.oaxaca.gob.mx\/cco\/cronicas\/\">Cr\u00f3nicas<\/a><\/li>\n<li class=\"page_item page-item-2110\"><a href=\"https:\/\/www.oaxaca.gob.mx\/cco\/cuenta-publica-2015\/\">Cuenta P\u00fablica 2015<\/a><\/li>\n<li class=\"page_item page-item-2419\"><a href=\"https:\/\/www.oaxaca.gob.mx\/cco\/cuenta-publica-2016\/\">Cuenta P\u00fablica 2016<\/a><\/li>\n<li class=\"page_item page-item-4420\"><a href=\"https:\/\/www.oaxaca.gob.mx\/cco\/cumplimiento-lgtaip\/\">CUMPLIMIENTO DE OBLIGACIONES DE TRANSPARENCIA<\/a><\/li>\n<li class=\"page_item page-item-2133\"><a href=\"https:\/\/www.oaxaca.gob.mx\/cco\/curriculum\/\">Curriculum<\/a><\/li>\n<li class=\"page_item page-item-4576\"><a href=\"https:\/\/www.oaxaca.gob.mx\/cco\/denuncia-por-incumplimiento\/\">Denuncia por Incumplimiento<\/a><\/li>\n<li class=\"page_item page-item-163 page_item_has_children\"><a href=\"https:\/\/www.oaxaca.gob.mx\/cco\/directorio\/\">Directorio<\/a>\n<ul class='children'>\n\t<li class=\"page_item page-item-4813\"><a href=\"https:\/\/www.oaxaca.gob.mx\/cco\/directorio\/sistema-institucional-de-archivos\/\">Sistema Institucional de Archivos<\/a><\/li>\n<\/ul>\n<\/li>\n<li class=\"page_item page-item-8010\"><a href=\"https:\/\/www.oaxaca.gob.mx\/cco\/documento-de-seguridad-cco-2\/\">Documento de seguridad CCO<\/a><\/li>\n<li class=\"page_item page-item-232\"><a href=\"https:\/\/www.oaxaca.gob.mx\/cco\/ejercicio-2013\/\">Ejercicio 2013<\/a><\/li>\n<li class=\"page_item page-item-236\"><a href=\"https:\/\/www.oaxaca.gob.mx\/cco\/ejercicio-2014\/\">Ejercicio 2014<\/a><\/li>\n<li class=\"page_item page-item-242\"><a href=\"https:\/\/www.oaxaca.gob.mx\/cco\/ejercicio-2015\/\">Ejercicio 2015<\/a><\/li>\n<li class=\"page_item page-item-1069\"><a href=\"https:\/\/www.oaxaca.gob.mx\/cco\/ejercicio-2016\/\">Ejercicio 2016<\/a><\/li>\n<li class=\"page_item page-item-2121\"><a href=\"https:\/\/www.oaxaca.gob.mx\/cco\/ejercicio-2016-3\/\">Ejercicio 2017<\/a><\/li>\n<li class=\"page_item page-item-3067\"><a href=\"https:\/\/www.oaxaca.gob.mx\/cco\/ejercicio-2018\/\">EJERCICIO 2018<\/a><\/li>\n<li class=\"page_item page-item-4699\"><a href=\"https:\/\/www.oaxaca.gob.mx\/cco\/ejercicio-2019\/\">Ejercicio 2019<\/a><\/li>\n<li class=\"page_item page-item-5289\"><a href=\"https:\/\/www.oaxaca.gob.mx\/cco\/ejercicio-2020\/\">Ejercicio 2020<\/a><\/li>\n<li class=\"page_item page-item-6753\"><a href=\"https:\/\/www.oaxaca.gob.mx\/cco\/ejercicio-2021\/\">Ejercicio 2021<\/a><\/li>\n<li class=\"page_item page-item-7973\"><a href=\"https:\/\/www.oaxaca.gob.mx\/cco\/ejercicio-2022\/\">Ejercicio 2022<\/a><\/li>\n<li class=\"page_item page-item-8811\"><a href=\"https:\/\/www.oaxaca.gob.mx\/cco\/ejercicio-2023\/\">Ejercicio 2023<\/a><\/li>\n<li class=\"page_item page-item-9347\"><a href=\"https:\/\/www.oaxaca.gob.mx\/cco\/ejercicio-2024\/\">Ejercicio 2024<\/a><\/li>\n<li class=\"page_item page-item-9864\"><a href=\"https:\/\/www.oaxaca.gob.mx\/cco\/ejercicio-2025\/\">EJERCICIO 2025<\/a><\/li>\n<li class=\"page_item page-item-10189\"><a href=\"https:\/\/www.oaxaca.gob.mx\/cco\/ejercicio-2026\/\">EJERCICIO 2026<\/a><\/li>\n<li class=\"page_item page-item-2137\"><a href=\"https:\/\/www.oaxaca.gob.mx\/cco\/estadisticas\/\">Estad\u00edsticas<\/a><\/li>\n<li class=\"page_item page-item-4305\"><a href=\"https:\/\/www.oaxaca.gob.mx\/cco\/estructura-organica\/\">Estructura org\u00e1nica<\/a><\/li>\n<li class=\"page_item page-item-4606\"><a href=\"https:\/\/www.oaxaca.gob.mx\/cco\/evaluacion-diagnostica-2017\/\">Evaluaci\u00f3n Diagn\u00f3stica 2017<\/a><\/li>\n<li class=\"page_item page-item-8801 page_item_has_children\"><a href=\"https:\/\/www.oaxaca.gob.mx\/cco\/eventos\/\">Eventos<\/a>\n<ul class='children'>\n\t<li class=\"page_item page-item-8803\"><a href=\"https:\/\/www.oaxaca.gob.mx\/cco\/eventos\/categorias\/\">Categor\u00edas<\/a><\/li>\n\t<li class=\"page_item page-item-8804\"><a href=\"https:\/\/www.oaxaca.gob.mx\/cco\/eventos\/etiquetas\/\">Etiquetas<\/a><\/li>\n\t<li class=\"page_item page-item-8805\"><a href=\"https:\/\/www.oaxaca.gob.mx\/cco\/eventos\/mis-reservas\/\">Mis Reservas<\/a><\/li>\n\t<li class=\"page_item page-item-8802\"><a href=\"https:\/\/www.oaxaca.gob.mx\/cco\/eventos\/ubicaciones\/\">Ubicaciones<\/a><\/li>\n<\/ul>\n<\/li>\n<li class=\"page_item page-item-2179\"><a href=\"https:\/\/www.oaxaca.gob.mx\/cco\/facturas-2016\/\">Facturas 2016<\/a><\/li>\n<li class=\"page_item page-item-2221\"><a href=\"https:\/\/www.oaxaca.gob.mx\/cco\/facturas-2017-2\/\">Facturas 2017<\/a><\/li>\n<li class=\"page_item page-item-171\"><a href=\"https:\/\/www.oaxaca.gob.mx\/cco\/formacion-artistica\/\">Formaci\u00f3n Art\u00edstica<\/a><\/li>\n<li class=\"page_item page-item-3525\"><a href=\"https:\/\/www.oaxaca.gob.mx\/cco\/formatos-ldf-nombre-del-ente-publico\/\">FORMATOS LEY DE DISCIPLINA FINANCIERA &#8211; 2018<\/a><\/li>\n<li class=\"page_item page-item-4724\"><a href=\"https:\/\/www.oaxaca.gob.mx\/cco\/formatos-ley-de-disciplina-financiera-2019\/\">FORMATOS LEY DE DISCIPLINA FINANCIERA &#8211; 2019<\/a><\/li>\n<li class=\"page_item page-item-5259\"><a href=\"https:\/\/www.oaxaca.gob.mx\/cco\/formatos-ley-de-disciplina-financiera-2020\/\">FORMATOS LEY DE DISCIPLINA FINANCIERA &#8211; 2020<\/a><\/li>\n<li class=\"page_item page-item-6795\"><a href=\"https:\/\/www.oaxaca.gob.mx\/cco\/formatos-ley-de-disciplina-financiera-2021\/\">FORMATOS LEY DE DISCIPLINA FINANCIERA &#8211; 2021<\/a><\/li>\n<li class=\"page_item page-item-7984\"><a href=\"https:\/\/www.oaxaca.gob.mx\/cco\/formatos-ley-de-disciplina-financiera-2022\/\">FORMATOS LEY DE DISCIPLINA FINANCIERA \u2013 2022<\/a><\/li>\n<li class=\"page_item page-item-9363\"><a href=\"https:\/\/www.oaxaca.gob.mx\/cco\/formatos-ley-de-disciplina-financiera-2024\/\">FORMATOS LEY DE DISCIPLINA FINANCIERA \u2013 2024<\/a><\/li>\n<li class=\"page_item page-item-9872\"><a href=\"https:\/\/www.oaxaca.gob.mx\/cco\/formatos-ley-de-disciplina-financiera-2025\/\">FORMATOS LEY DE DISCIPLINA FINANCIERA \u2013 2025<\/a><\/li>\n<li class=\"page_item page-item-10210\"><a href=\"https:\/\/www.oaxaca.gob.mx\/cco\/formatos-ley-de-disciplina-financiera-2026\/\">FORMATOS LEY DE DISCIPLINA FINANCIERA \u2013 2026<\/a><\/li>\n<li class=\"page_item page-item-8831\"><a href=\"https:\/\/www.oaxaca.gob.mx\/cco\/formatos-ley-de-disciplina-financiera-2023\/\">formatos-ley-de-disciplina-financiera-2023<\/a><\/li>\n<li class=\"page_item page-item-4301\"><a href=\"https:\/\/www.oaxaca.gob.mx\/cco\/funciones\/\">Funciones<\/a><\/li>\n<li class=\"page_item page-item-202\"><a href=\"https:\/\/www.oaxaca.gob.mx\/cco\/galeria\/\">Galer\u00eda<\/a><\/li>\n<li class=\"page_item page-item-153\"><a href=\"https:\/\/www.oaxaca.gob.mx\/cco\/historia\/\">Historia<\/a><\/li>\n<li class=\"page_item page-item-9085\"><a href=\"https:\/\/www.oaxaca.gob.mx\/cco\/horarios-de-atencion-para-la-biblioteca-jose-antonio-gay-castaneda-de-la-cco\/\">Horario de atenci\u00f3n de la Biblioteca \u201cJos\u00e9 Antonio Gay Casta\u00f1eda\u201d de la CCO<\/a><\/li>\n<li class=\"page_item page-item-9063\"><a href=\"https:\/\/www.oaxaca.gob.mx\/cco\/horario-visitas-guiadas\/\">Horarios para recorridos de visitas guiadas de la Casa de la Cultura Oaxaque\u00f1a<\/a><\/li>\n<li class=\"page_item page-item-710\"><a href=\"https:\/\/www.oaxaca.gob.mx\/cco\/indelebles\/\">Indelebles<\/a><\/li>\n<li class=\"page_item page-item-9260\"><a href=\"https:\/\/www.oaxaca.gob.mx\/cco\/informacion-tramite\/\">Informaci\u00f3n del Tr\u00e1mite<\/a><\/li>\n<li class=\"page_item page-item-228\"><a href=\"https:\/\/www.oaxaca.gob.mx\/cco\/informacion-financiera\/\">Informaci\u00f3n Financiera<\/a><\/li>\n<li class=\"page_item page-item-2423\"><a href=\"https:\/\/www.oaxaca.gob.mx\/cco\/informes-de-avances-cuenta-publica\/\">Informes de avances cuenta p\u00fablica<\/a><\/li>\n<li class=\"page_item page-item-3086\"><a href=\"https:\/\/www.oaxaca.gob.mx\/cco\/informes-de-avances-cuenta-publica-2018\/\">Informes de avances cuenta p\u00fablica 2018<\/a><\/li>\n<li class=\"page_item page-item-4217 page_item_has_children\"><a href=\"https:\/\/www.oaxaca.gob.mx\/cco\/\">Inicio<\/a>\n<ul class='children'>\n\t<li class=\"page_item page-item-689\"><a href=\"https:\/\/www.oaxaca.gob.mx\/cco\/inicio\/alacenas\/\">Alacenas<\/a><\/li>\n\t<li class=\"page_item page-item-672\"><a href=\"https:\/\/www.oaxaca.gob.mx\/cco\/inicio\/biblioteca-digital\/\">Biblioteca digital<\/a><\/li>\n<\/ul>\n<\/li>\n<li class=\"page_item page-item-9795\"><a href=\"https:\/\/www.oaxaca.gob.mx\/cco\/inscripciones-tfa-cco\/\">Inscripciones a los Talleres de Formaci\u00f3n Art\u00edstica de la CCO<\/a><\/li>\n<li class=\"page_item page-item-9919\"><a href=\"https:\/\/www.oaxaca.gob.mx\/cco\/inscripciones-ti-cco\/\">Inscripciones a los Talleres Itinerantes de la CCO<\/a><\/li>\n<li class=\"page_item page-item-9927\"><a href=\"https:\/\/www.oaxaca.gob.mx\/cco\/inscripciones-curso-verano-cco\/\">Inscripciones al Curso de Verano de la CCO<\/a><\/li>\n<li class=\"page_item page-item-10169\"><a href=\"https:\/\/www.oaxaca.gob.mx\/cco\/inventario-tic\/\">Inventario Institucional de TIC<\/a><\/li>\n<li class=\"page_item page-item-3514\"><a href=\"https:\/\/www.oaxaca.gob.mx\/cco\/ley-de-disciplina-financiera\/\">Ley de Disciplina Financiera<\/a><\/li>\n<li class=\"page_item page-item-923\"><a href=\"https:\/\/www.oaxaca.gob.mx\/cco\/libros-digitales\/\">Libros Digitales<\/a><\/li>\n<li class=\"page_item page-item-4418\"><a href=\"https:\/\/www.oaxaca.gob.mx\/cco\/loginpress\/\">LoginPress<\/a><\/li>\n<li class=\"page_item page-item-4307\"><a href=\"https:\/\/www.oaxaca.gob.mx\/cco\/manual-de-organizacion\/\">Manual de Organizaci\u00f3n<\/a><\/li>\n<li class=\"page_item page-item-9247\"><a href=\"https:\/\/www.oaxaca.gob.mx\/cco\/mapa-del-sitio\/\">Mapa del Sitio<\/a><\/li>\n<li class=\"page_item page-item-4309\"><a href=\"https:\/\/www.oaxaca.gob.mx\/cco\/marco-juridico-2\/\">Marco Jur\u00eddico<\/a><\/li>\n<li class=\"page_item page-item-2026\"><a href=\"https:\/\/www.oaxaca.gob.mx\/cco\/marco-juridico\/\">Marco Jur\u00eddico de la fracci\u00f3n II- Estructura Org\u00e1nica<\/a><\/li>\n<li class=\"page_item page-item-8892\"><a href=\"https:\/\/www.oaxaca.gob.mx\/cco\/mesa-trabajo\/\">MESA TRABAJO<\/a><\/li>\n<li class=\"page_item page-item-4609\"><a href=\"https:\/\/www.oaxaca.gob.mx\/cco\/mir\/\">MIR (Matriz de Indicadores para Resultados)<\/a><\/li>\n<li class=\"page_item page-item-158\"><a href=\"https:\/\/www.oaxaca.gob.mx\/cco\/mision-y-vision\/\">Misi\u00f3n, Visi\u00f3n y Objetivos<\/a><\/li>\n<li class=\"page_item page-item-191\"><a href=\"https:\/\/www.oaxaca.gob.mx\/cco\/noticias\">Noticias<\/a><\/li>\n<li class=\"page_item page-item-206\"><a href=\"https:\/\/www.oaxaca.gob.mx\/cco\/transparencia\/\">Obligaciones de Transparencia 2019<\/a><\/li>\n<li class=\"page_item page-item-8908\"><a href=\"https:\/\/www.oaxaca.gob.mx\/cco\/page-2\/\">PAGE 2<\/a><\/li>\n<li class=\"page_item page-item-8924\"><a href=\"https:\/\/www.oaxaca.gob.mx\/cco\/page10-2\/\">PAGE10<\/a><\/li>\n<li class=\"page_item page-item-8926\"><a href=\"https:\/\/www.oaxaca.gob.mx\/cco\/page11-2\/\">PAGE11<\/a><\/li>\n<li class=\"page_item page-item-8928\"><a href=\"https:\/\/www.oaxaca.gob.mx\/cco\/page12-2\/\">PAGE12<\/a><\/li>\n<li class=\"page_item page-item-8930\"><a href=\"https:\/\/www.oaxaca.gob.mx\/cco\/page13-2\/\">PAGE13<\/a><\/li>\n<li class=\"page_item page-item-8910\"><a href=\"https:\/\/www.oaxaca.gob.mx\/cco\/page3-2\/\">PAGE3<\/a><\/li>\n<li class=\"page_item page-item-8912\"><a href=\"https:\/\/www.oaxaca.gob.mx\/cco\/page4-2\/\">PAGE4<\/a><\/li>\n<li class=\"page_item page-item-8914\"><a href=\"https:\/\/www.oaxaca.gob.mx\/cco\/page5-2\/\">PAGE5<\/a><\/li>\n<li class=\"page_item page-item-8916\"><a href=\"https:\/\/www.oaxaca.gob.mx\/cco\/page6-2\/\">PAGE6<\/a><\/li>\n<li class=\"page_item page-item-8918\"><a href=\"https:\/\/www.oaxaca.gob.mx\/cco\/page7-2\/\">PAGE7<\/a><\/li>\n<li class=\"page_item page-item-8920\"><a href=\"https:\/\/www.oaxaca.gob.mx\/cco\/page8-2\/\">PAGE8<\/a><\/li>\n<li class=\"page_item page-item-8922\"><a href=\"https:\/\/www.oaxaca.gob.mx\/cco\/page9-2\/\">PAGE9<\/a><\/li>\n<li class=\"page_item page-item-2\"><a href=\"https:\/\/www.oaxaca.gob.mx\/cco\/pagina-ejemplo\/\">P\u00e1gina de ejemplo<\/a><\/li>\n<li class=\"page_item page-item-8351\"><a href=\"https:\/\/www.oaxaca.gob.mx\/cco\/pei\/\">PEI<\/a><\/li>\n<li class=\"page_item page-item-9308\"><a href=\"https:\/\/www.oaxaca.gob.mx\/cco\/pecco-2\/\">Plan Estrat\u00e9gico de la Casa de la Cultura Oaxaque\u00f1a 2024<\/a><\/li>\n<li class=\"page_item page-item-9126\"><a href=\"https:\/\/www.oaxaca.gob.mx\/cco\/pecco\/\">Plan Estrat\u00e9gico de la Casa de la Cultura Oaxaque\u00f1a 2025<\/a><\/li>\n<li class=\"page_item page-item-9902\"><a href=\"https:\/\/www.oaxaca.gob.mx\/cco\/pitic\/\">PLAN INSTITUCIONAL DE TECNOLOG\u00cdAS DE LA INFORMACI\u00d3N Y COMUNICACI\u00d3N DE LA CASA DE LA CULTURA OAXAQUE\u00d1A<\/a><\/li>\n<li class=\"page_item page-item-8543\"><a href=\"https:\/\/www.oaxaca.gob.mx\/cco\/poa\/\">POA<\/a><\/li>\n<li class=\"page_item page-item-4578\"><a href=\"https:\/\/www.oaxaca.gob.mx\/cco\/procedimiento-de-denuncia\/\">Procedimiento de denuncia<\/a><\/li>\n<li class=\"page_item page-item-2146\"><a href=\"https:\/\/www.oaxaca.gob.mx\/cco\/programas\/\">Programas<\/a><\/li>\n<li class=\"page_item page-item-2064\"><a href=\"https:\/\/www.oaxaca.gob.mx\/cco\/reporte-de-avance-de-gestion\/\">Reportes de Avance de Gesti\u00f3n<\/a><\/li>\n<li class=\"page_item page-item-187\"><a href=\"https:\/\/www.oaxaca.gob.mx\/cco\/sala-de-prensa\/\">Sala de prensa<\/a><\/li>\n<li class=\"page_item page-item-4706\"><a href=\"https:\/\/www.oaxaca.gob.mx\/cco\/segundo-informe-trimestral\/\">Segundo Informe Trimestral<\/a><\/li>\n<li class=\"page_item page-item-2126\"><a href=\"https:\/\/www.oaxaca.gob.mx\/cco\/pabic2016\/\">Servicios de Vigilancia 2016<\/a><\/li>\n<li class=\"page_item page-item-2343\"><a href=\"https:\/\/www.oaxaca.gob.mx\/cco\/servicios-de-vigilancia-2017\/\">Servicios de vigilancia 2017<\/a><\/li>\n<li class=\"page_item page-item-4818\"><a href=\"https:\/\/www.oaxaca.gob.mx\/cco\/sistema-institucional-de-archivos-2019\/\">Sistema Institucional de archivos &#8211; 2019<\/a><\/li>\n<li class=\"page_item page-item-9551\"><a href=\"https:\/\/www.oaxaca.gob.mx\/cco\/subcomite-de-adquisiciones-arrendamientos-y-servicios\/\">Subcomit\u00e9 de adquisiciones, arrendamientos y servicios<\/a><\/li>\n<li class=\"page_item page-item-4303\"><a href=\"https:\/\/www.oaxaca.gob.mx\/cco\/titular-de-la-dependencia\/\">Titular de la Dependencia<\/a><\/li>\n<li class=\"page_item page-item-2142\"><a href=\"https:\/\/www.oaxaca.gob.mx\/cco\/tramites\/\">Tr\u00e1mites y Servicios<\/a><\/li>\n<li class=\"page_item page-item-179\"><a href=\"https:\/\/www.oaxaca.gob.mx\/cco\/unidades-de-iniciacion-artistica\/\">Unidades de iniciaci\u00f3n Art\u00edstica<\/a><\/li>\n<li class=\"page_item page-item-2580\"><a href=\"https:\/\/www.oaxaca.gob.mx\/cco\/485417-2\/\">XLVIIIB<\/a><\/li>\n<li class=\"page_item page-item-6761\"><a href=\"https:\/\/www.oaxaca.gob.mx\/cco\/slide-anything-popup-preview\/\">Slide Anything Popup Preview<\/a><\/li>\n<\/ul>\n<\/div>\n","protected":false},"excerpt":{"rendered":"","protected":false},"author":1,"featured_media":0,"parent":0,"menu_order":0,"comment_status":"closed","ping_status":"closed","template":"","meta":{"episode_type":"","audio_file":"","podmotor_file_id":"","podmotor_episode_id":"","cover_image":"","cover_image_id":"","duration":"","filesize":"","filesize_raw":"","date_recorded":"","explicit":"","block":"","itunes_episode_number":"","itunes_title":"","itunes_season_number":"","itunes_episode_type":"","footnotes":""},"categories":[],"tags":[],"class_list":["post-9247","page","type-page","status-publish","hentry"],"acf":[],"publishpress_future_action":{"enabled":false,"date":"2026-05-06 23:46:24","action":"change-status","newStatus":"draft","terms":[],"taxonomy":"category","extraData":[]},"publishpress_future_workflow_manual_trigger":{"enabledWorkflows":[]},"_links":{"self":[{"href":"https:\/\/www.oaxaca.gob.mx\/cco\/wp-json\/wp\/v2\/pages\/9247","targetHints":{"allow":["GET"]}}],"collection":[{"href":"https:\/\/www.oaxaca.gob.mx\/cco\/wp-json\/wp\/v2\/pages"}],"about":[{"href":"https:\/\/www.oaxaca.gob.mx\/cco\/wp-json\/wp\/v2\/types\/page"}],"author":[{"embeddable":true,"href":"https:\/\/www.oaxaca.gob.mx\/cco\/wp-json\/wp\/v2\/users\/1"}],"replies":[{"embeddable":true,"href":"https:\/\/www.oaxaca.gob.mx\/cco\/wp-json\/wp\/v2\/comments?post=9247"}],"version-history":[{"count":1,"href":"https:\/\/www.oaxaca.gob.mx\/cco\/wp-json\/wp\/v2\/pages\/9247\/revisions"}],"predecessor-version":[{"id":9248,"href":"https:\/\/www.oaxaca.gob.mx\/cco\/wp-json\/wp\/v2\/pages\/9247\/revisions\/9248"}],"wp:attachment":[{"href":"https:\/\/www.oaxaca.gob.mx\/cco\/wp-json\/wp\/v2\/media?parent=9247"}],"wp:term":[{"taxonomy":"category","embeddable":true,"href":"https:\/\/www.oaxaca.gob.mx\/cco\/wp-json\/wp\/v2\/categories?post=9247"},{"taxonomy":"post_tag","embeddable":true,"href":"https:\/\/www.oaxaca.gob.mx\/cco\/wp-json\/wp\/v2\/tags?post=9247"}],"curies":[{"name":"wp","href":"https:\/\/api.w.org\/{rel}","templated":true}]}}