{"id":4309,"date":"2019-04-22T20:35:39","date_gmt":"2019-04-22T18:35:39","guid":{"rendered":"https:\/\/www.oaxaca.gob.mx\/cco\/?page_id=4309"},"modified":"2025-01-30T19:31:24","modified_gmt":"2025-01-31T01:31:24","slug":"marco-juridico-2","status":"publish","type":"page","link":"https:\/\/www.oaxaca.gob.mx\/cco\/marco-juridico-2\/","title":{"rendered":"Marco Jur\u00eddico"},"content":{"rendered":"<p>&nbsp;<\/p>\n<table class=\"table table-striped\" style=\"height: 911px\" width=\"926\">\n<tbody>\n<tr>\n<th scope=\"col\">\n<h5>Descripci\u00f3n<\/h5>\n<\/th>\n<th scope=\"col\">\n<h5>Documento<\/h5>\n<\/th>\n<\/tr>\n<tr>\n<td>\n<h5>Ley General de Transparencia y Acceso a la Informaci\u00f3n P\u00fablica<\/h5>\n<\/td>\n<td>\n<h5><a href=\"https:\/\/www.oaxaca.gob.mx\/cco\/wp-content\/uploads\/sites\/31\/2023\/06\/Ley-General-de-Transparencia-y-Acceso-a-la-Informacion-Publica.pdf\"><img loading=\"lazy\" decoding=\"async\" class=\"aligncenter size-full wp-image-3554\" src=\"\/cco\/wp-content\/uploads\/sites\/31\/2023\/10\/pdf-1.png\" alt=\"pdf-icono\" width=\"30\" height=\"30\" \/><\/a><\/h5>\n<h5><\/h5>\n<h5><\/h5>\n<\/td>\n<td><\/td>\n<\/tr>\n<tr>\n<td>\n<h5>Lineamientos T\u00e9cnicos Generales para la Publicaci\u00f3n, Homologaci\u00f3n y Estandarizaci\u00f3n de la Informaci\u00f3n de Transparencia<\/h5>\n<\/td>\n<td>\n<h5><a href=\"\/wp-content\/uploads\/sites\/31\/2025\/01\/LINEAMIENTOS-TECNICOS-GENERALES-PARA-LA-PUBLICACION-HOMOLOGACION-Y-ESTANDARIZACION-DE-LA-INFORMACION-DE-TRANSPARENCIA.pdf\"><img loading=\"lazy\" decoding=\"async\" class=\"aligncenter size-full wp-image-3554\" src=\"\/cco\/wp-content\/uploads\/sites\/31\/2023\/10\/pdf-1.png\" alt=\"pdf-icono\" width=\"30\" height=\"30\" \/><\/a><\/h5>\n<h5><\/h5>\n<h5><\/h5>\n<\/td>\n<td><\/td>\n<\/tr>\n<tr>\n<td>\n<h5>Ley General de Protecci\u00f3n de Datos Personales en Posesion de Sujetos Obligados<\/h5>\n<\/td>\n<td>\n<h5><a href=\"https:\/\/www.oaxaca.gob.mx\/cco\/wp-content\/uploads\/sites\/31\/2023\/06\/Ley-General-de-Proteccion-de-Datos-Personales-en-Posesion-de-Sujetos-Obligados.pdf\"><img loading=\"lazy\" decoding=\"async\" class=\"aligncenter size-full wp-image-3554\" src=\"\/cco\/wp-content\/uploads\/sites\/31\/2023\/10\/pdf-1.png\" alt=\"pdf-icono\" width=\"30\" height=\"30\" \/><\/a><\/h5>\n<\/td>\n<td>\n<h5><\/h5>\n<\/td>\n<\/tr>\n<tr>\n<td>\n<h5>Ley General de Archivos<\/h5>\n<\/td>\n<td>\n<h5><a href=\"https:\/\/www.oaxaca.gob.mx\/cco\/wp-content\/uploads\/sites\/31\/2023\/06\/Ley-General-de-Archivos.pdf\"><img loading=\"lazy\" decoding=\"async\" class=\"aligncenter size-full wp-image-3554\" src=\"\/cco\/wp-content\/uploads\/sites\/31\/2023\/10\/pdf-1.png\" alt=\"pdf-icono\" width=\"30\" height=\"30\" \/><\/a><\/h5>\n<\/td>\n<\/tr>\n<tr>\n<td>Ley Federal del Trabajo<\/td>\n<td>\n<h5><a href=\"https:\/\/www.oaxaca.gob.mx\/cco\/wp-content\/uploads\/sites\/31\/2023\/06\/Ley-Federal-del-Trabajo.pdf\"><img loading=\"lazy\" decoding=\"async\" class=\"aligncenter size-full wp-image-3554\" src=\"\/cco\/wp-content\/uploads\/sites\/31\/2023\/10\/pdf-1.png\" alt=\"pdf-icono\" width=\"30\" height=\"30\" \/><\/a><\/h5>\n<\/td>\n<\/tr>\n<tr>\n<td>\n<h5>C\u00f3digo de \u00c9tica para las Personas Servidoras P\u00fablicas de la APE<\/h5>\n<\/td>\n<td>\n<h5><a href=\"\/wp-content\/uploads\/sites\/31\/2024\/09\/CODIGO-DE-ETICA-APE.pdf\"><img loading=\"lazy\" decoding=\"async\" class=\"aligncenter size-full wp-image-3554\" src=\"\/cco\/wp-content\/uploads\/sites\/31\/2023\/10\/pdf-1.png\" alt=\"pdf-icono\" width=\"30\" height=\"30\" \/><\/a><\/h5>\n<\/td>\n<\/tr>\n<tr>\n<td>\n<h5>Ley Estatal de Presupuesto y Responsabilidad Hacendaria<\/h5>\n<\/td>\n<td>\n<h5><a href=\"\/wp-content\/uploads\/sites\/31\/2025\/01\/LEY-ESTATAL-DE-PRESUPUESTO-Y-RESPONSABILIDAD-HACENDARIA.pdf\"><img loading=\"lazy\" decoding=\"async\" class=\"aligncenter size-full wp-image-3554\" src=\"\/cco\/wp-content\/uploads\/sites\/31\/2023\/10\/pdf-1.png\" alt=\"pdf-icono\" width=\"30\" height=\"30\" \/><\/a><\/h5>\n<\/td>\n<td>\n<h5><\/h5>\n<\/td>\n<\/tr>\n<tr>\n<td>\n<h5>Ley Estatal de Derechos del Estado de Oaxaca.<\/h5>\n<\/td>\n<td>\n<h5><a href=\"\/wp-content\/uploads\/sites\/31\/2025\/01\/LEY-ESTATAL-DERECHOS-OAXACA.pdf\"><img loading=\"lazy\" decoding=\"async\" class=\"aligncenter size-full wp-image-3554\" src=\"\/cco\/wp-content\/uploads\/sites\/31\/2023\/10\/pdf-1.png\" alt=\"pdf-icono\" width=\"30\" height=\"30\" \/><\/a><\/h5>\n<\/td>\n<td>\n<h5><\/h5>\n<\/td>\n<\/tr>\n<tr>\n<td>\n<h5>Ley Estatal de Austeridad Republicana<\/h5>\n<\/td>\n<td>\n<h5><a href=\"\/wp-content\/uploads\/sites\/31\/2025\/01\/LEY-ESTATAL-DE-AUSTERIDAD-REPUBLICANA.pdf\"><img loading=\"lazy\" decoding=\"async\" class=\"aligncenter size-full wp-image-3554\" src=\"\/cco\/wp-content\/uploads\/sites\/31\/2023\/10\/pdf-1.png\" alt=\"pdf-icono\" width=\"30\" height=\"30\" \/><\/a><\/h5>\n<\/td>\n<td>\n<h5><\/h5>\n<\/td>\n<\/tr>\n<tr>\n<td>\n<h5>Ley del Sistema Estatal de Combate a la Corrupci\u00f3n<\/h5>\n<\/td>\n<td>\n<h5><a href=\"https:\/\/www.oaxaca.gob.mx\/cco\/wp-content\/uploads\/sites\/31\/2023\/06\/Ley-del-Sistema-Estatal-de-Combate-a-la-Corrupcion.pdf\"><img loading=\"lazy\" decoding=\"async\" class=\"aligncenter size-full wp-image-3554\" src=\"\/cco\/wp-content\/uploads\/sites\/31\/2023\/10\/pdf-1.png\" alt=\"pdf-icono\" width=\"30\" height=\"30\" \/><\/a><\/h5>\n<\/td>\n<td>\n<h5><\/h5>\n<\/td>\n<\/tr>\n<tr>\n<td>\n<h5>Ley de Transparencia y Acceso a la Informaci\u00f3n P\u00fablica y Buen Gobierno para el Estado de Oaxaca.<\/h5>\n<\/td>\n<td>\n<h5><a href=\"\/wp-content\/uploads\/sites\/31\/2025\/01\/LEY-DE-TRANSPARENCIA-ACCESO-A-LA-INFORMACION-PUBLICA-Y-BUEN-GOBIERNO-DEL-ESTDO-DE-OAXACA.pdf\"><img loading=\"lazy\" decoding=\"async\" class=\"aligncenter size-full wp-image-3554\" src=\"\/cco\/wp-content\/uploads\/sites\/31\/2023\/10\/pdf-1.png\" alt=\"pdf-icono\" width=\"30\" height=\"30\" \/><\/a><\/h5>\n<\/td>\n<td>\n<h5><\/h5>\n<\/td>\n<\/tr>\n<tr>\n<td>\n<h5>Ley de Servicio Civil para los empleados de Gobierno del Estado<\/h5>\n<\/td>\n<td>\n<h5><a href=\"https:\/\/www.oaxaca.gob.mx\/cco\/wp-content\/uploads\/sites\/31\/2023\/06\/Ley-de-Servicio-Civil-para-los-empleados-de-Gobierno-del-Estado.pdf\"><img loading=\"lazy\" decoding=\"async\" class=\"aligncenter size-full wp-image-3554\" src=\"\/cco\/wp-content\/uploads\/sites\/31\/2023\/10\/pdf-1.png\" alt=\"pdf-icono\" width=\"30\" height=\"30\" \/><\/a><\/h5>\n<\/td>\n<td>\n<h5><\/h5>\n<\/td>\n<\/tr>\n<tr>\n<td>\n<h5>Ley de Responsabilidades Administrativas del Estado y Municipios de Oaxaca.<\/h5>\n<\/td>\n<td>\n<h5><a href=\"https:\/\/www.oaxaca.gob.mx\/cco\/wp-content\/uploads\/sites\/31\/2023\/06\/Ley-de-Responsabilidades-Administrativas-del-Estado-y-Municipios-de-Oaxaca..pdf\"><img loading=\"lazy\" decoding=\"async\" class=\"aligncenter size-full wp-image-3554\" src=\"\/cco\/wp-content\/uploads\/sites\/31\/2023\/10\/pdf-1.png\" alt=\"pdf-icono\" width=\"30\" height=\"30\" \/><\/a><\/h5>\n<\/td>\n<td>\n<h5><\/h5>\n<\/td>\n<\/tr>\n<tr>\n<td>\n<h5>Ley de Protecci\u00f3n de Datos Personales en Posesi\u00f3n de los Sujetos Obligados del Estado de Oaxaca<\/h5>\n<\/td>\n<td>\n<h5><a href=\"\/wp-content\/uploads\/sites\/31\/2025\/01\/LEY-DE-PROTECCION-DE-DATOS-PERSONALES-EN-POSESION-DE-SUJETOS-OBLIGADOS-DEL-ESTADO-DE-OAXACA.pdf\"><img loading=\"lazy\" decoding=\"async\" class=\"aligncenter size-full wp-image-3554\" src=\"\/cco\/wp-content\/uploads\/sites\/31\/2023\/10\/pdf-1.png\" alt=\"pdf-icono\" width=\"30\" height=\"30\" \/><\/a><\/h5>\n<\/td>\n<td>\n<h5><\/h5>\n<\/td>\n<\/tr>\n<tr>\n<td>\n<h5>Ley de Procedimiento y Justicia Administrativa para el Estado de Oaxaca<\/h5>\n<\/td>\n<td>\n<h5><a href=\"https:\/\/www.oaxaca.gob.mx\/cco\/wp-content\/uploads\/sites\/31\/2023\/06\/Ley-de-Procedimiento-y-Justicia-Administrativa-para-el-Estado-de-Oaxaca.pdf\"><img loading=\"lazy\" decoding=\"async\" class=\"aligncenter size-full wp-image-3554\" src=\"\/cco\/wp-content\/uploads\/sites\/31\/2023\/10\/pdf-1.png\" alt=\"pdf-icono\" width=\"30\" height=\"30\" \/><\/a><\/h5>\n<\/td>\n<td>\n<h5><\/h5>\n<\/td>\n<\/tr>\n<tr>\n<td>\n<h5>Ley de la Casa de la Cultura Oaxaquena<\/h5>\n<\/td>\n<td>\n<h5><a href=\"https:\/\/www.oaxaca.gob.mx\/cco\/wp-content\/uploads\/sites\/31\/2026\/04\/Ley-de-la-Casa-de-la-Cultura-Oaxaquena_2025.pdf\"><img loading=\"lazy\" decoding=\"async\" class=\"aligncenter size-full wp-image-3554\" src=\"\/cco\/wp-content\/uploads\/sites\/31\/2023\/10\/pdf-1.png\" width=\"30\" height=\"30\" \/><\/a><\/h5>\n<\/td>\n<td>\n<h5><\/h5>\n<\/td>\n<\/tr>\n<tr>\n<td>\n<h5>Ley de Ingresos del Estado de Oaxaca para el Ejercicio Fiscal 2024<\/h5>\n<\/td>\n<td>\n<h5><a href=\"\/wp-content\/uploads\/sites\/31\/2025\/01\/LEY-DE-INGRESOS-DEL-ESTADO-DE-OAXACA-PARA-EL-EJERCICIO-FISCAL-2024.pdf\"><img loading=\"lazy\" decoding=\"async\" class=\"aligncenter size-full wp-image-3554\" src=\"\/cco\/wp-content\/uploads\/sites\/31\/2023\/10\/pdf-1.png\" width=\"30\" height=\"30\" \/><\/a><\/h5>\n<\/td>\n<td>\n<h5><\/h5>\n<\/td>\n<\/tr>\n<tr>\n<td>\n<h5>Ley de Entidades Paraestatales del Estado de Oaxaca<\/h5>\n<\/td>\n<td>\n<h5><a href=\"https:\/\/www.oaxaca.gob.mx\/cco\/wp-content\/uploads\/sites\/31\/2023\/06\/Ley-de-Entidades-Paraestatales-del-Estado-de-Oaxaca.pdf\"><img loading=\"lazy\" decoding=\"async\" class=\"aligncenter size-full wp-image-3554\" src=\"\/cco\/wp-content\/uploads\/sites\/31\/2023\/10\/pdf-1.png\" alt=\"pdf-icono\" width=\"30\" height=\"30\" \/><\/a><\/h5>\n<\/td>\n<td>\n<h5><\/h5>\n<\/td>\n<\/tr>\n<tr>\n<td>\n<h5>Ley de Desarrollo Cultural para el Estado de Oaxaca.<\/h5>\n<\/td>\n<td>\n<h5><a href=\"https:\/\/www.oaxaca.gob.mx\/cco\/wp-content\/uploads\/sites\/31\/2023\/06\/Ley-de-Desarrollo-Cultural-para-el-Estado-de-Oaxaca..pdf\"><img loading=\"lazy\" decoding=\"async\" class=\"aligncenter size-full wp-image-3554\" src=\"\/cco\/wp-content\/uploads\/sites\/31\/2023\/10\/pdf-1.png\" alt=\"pdf-icono\" width=\"30\" height=\"30\" \/><\/a><\/h5>\n<\/td>\n<td>\n<h5><\/h5>\n<\/td>\n<\/tr>\n<tr>\n<td>\n<h5>Ley de Archivos del Estado de Oaxaca<\/h5>\n<\/td>\n<td>\n<h5><a href=\"https:\/\/www.oaxaca.gob.mx\/cco\/wp-content\/uploads\/sites\/31\/2023\/06\/Ley-de-Archivos-del-Estado-de-Oaxaca.pdf\"><img loading=\"lazy\" decoding=\"async\" class=\"aligncenter size-full wp-image-3554\" src=\"\/cco\/wp-content\/uploads\/sites\/31\/2023\/10\/pdf-1.png\" alt=\"pdf-icono\" width=\"30\" height=\"30\" \/><\/a><\/h5>\n<\/td>\n<td>\n<h5><\/h5>\n<\/td>\n<\/tr>\n<tr>\n<td>\n<h5>Ley de Adquisiciones, Enajenaciones, Arrendamientos, Prestaci\u00f3n de Servicios y Administraci\u00f3n de Bienes Muebles e Inmuebles del Estado de Oaxaca<\/h5>\n<\/td>\n<td>\n<h5><a href=\"https:\/\/www.oaxaca.gob.mx\/cco\/wp-content\/uploads\/sites\/31\/2023\/06\/Ley-de-Adquisiciones-Enajenaciones-Arrendamientos-Prestacion-de-Servicios-y-Administracion-de-Bienes-Muebles-e-Inmuebles-del-Estado-de-Oaxaca.pdf\"><img loading=\"lazy\" decoding=\"async\" class=\"aligncenter size-full wp-image-3554\" src=\"\/cco\/wp-content\/uploads\/sites\/31\/2023\/10\/pdf-1.png\" alt=\"pdf-icono\" width=\"30\" height=\"30\" \/><\/a><\/h5>\n<\/td>\n<td>\n<h5><\/h5>\n<\/td>\n<\/tr>\n<tr>\n<td>\n<h5>Decreto de Creaci\u00f3n de la Casa de la Cultura Oaxaque\u00f1a y sus Reformas<\/h5>\n<\/td>\n<td>\n<h5><a href=\"https:\/\/www.oaxaca.gob.mx\/cco\/wp-content\/uploads\/sites\/31\/2023\/06\/Decreto-de-Creacion-de-la-Casa-de-la-Cultura-Oaxaquena-y-sus-Reformas.pdf\"><img loading=\"lazy\" decoding=\"async\" class=\"aligncenter size-full wp-image-3554\" src=\"\/cco\/wp-content\/uploads\/sites\/31\/2023\/10\/pdf-1.png\" alt=\"pdf-icono\" width=\"30\" height=\"30\" \/><\/a><\/h5>\n<\/td>\n<td>\n<h5><\/h5>\n<\/td>\n<\/tr>\n<tr>\n<td>\n<h5>CRITER~1<\/h5>\n<\/td>\n<td>\n<h5><a href=\"https:\/\/www.oaxaca.gob.mx\/cco\/wp-content\/uploads\/sites\/31\/2023\/06\/CRITER1.pdf\"><img loading=\"lazy\" decoding=\"async\" class=\"aligncenter size-full wp-image-3554\" src=\"\/cco\/wp-content\/uploads\/sites\/31\/2023\/10\/pdf-1.png\" alt=\"pdf-icono\" width=\"30\" height=\"30\" \/><\/a><\/h5>\n<\/td>\n<td>\n<h5><\/h5>\n<\/td>\n<\/tr>\n<tr>\n<td>\n<h5>Convenci\u00f3n para la Protecci\u00f3n del Patrimonio Mundial, Cultural y Natural<\/h5>\n<\/td>\n<td>\n<h5><a href=\"https:\/\/www.oaxaca.gob.mx\/cco\/wp-content\/uploads\/sites\/31\/2023\/06\/Convencion-para-la-Proteccion-del-Patrimonio-Mundial-Cultural-y-Natural.pdf\"><img loading=\"lazy\" decoding=\"async\" class=\"aligncenter size-full wp-image-3554\" src=\"\/cco\/wp-content\/uploads\/sites\/31\/2023\/10\/pdf-1.png\" alt=\"pdf-icono\" width=\"30\" height=\"30\" \/><\/a><\/h5>\n<\/td>\n<td>\n<h5><\/h5>\n<\/td>\n<\/tr>\n<tr>\n<td>\n<h5>Constituci\u00f3n Pol\u00edtica del Estado Libre y Soberano de Oaxaca<\/h5>\n<\/td>\n<td>\n<h5><a href=\"\/wp-content\/uploads\/sites\/31\/2025\/01\/CONSTITUCION-POLITICA-DEL-ESTADO-LIBRE-Y-SOBERANO-DE-OAXACA.pdf\"><img loading=\"lazy\" decoding=\"async\" class=\"aligncenter size-full wp-image-3554\" src=\"\/cco\/wp-content\/uploads\/sites\/31\/2023\/10\/pdf-1.png\" alt=\"pdf-icono\" width=\"30\" height=\"30\" \/><\/a><\/h5>\n<\/td>\n<td>\n<h5><\/h5>\n<\/td>\n<\/tr>\n<tr>\n<td>\n<h5>Constituci\u00f3n Pol\u00edtica de los Estados Unidos Mexicanos<\/h5>\n<\/td>\n<td>\n<h5><a href=\"\/wp-content\/uploads\/sites\/31\/2025\/01\/COSTITUCION-POLITICA-DE-LOS-ESTADOS-UNIDOS-MEXICANOS.pdf\"><img loading=\"lazy\" decoding=\"async\" class=\"aligncenter size-full wp-image-3554\" src=\"\/cco\/wp-content\/uploads\/sites\/31\/2023\/10\/pdf-1.png\" alt=\"pdf-icono\" width=\"30\" height=\"30\" \/><\/a><\/h5>\n<\/td>\n<td>\n<h5><\/h5>\n<\/td>\n<\/tr>\n<tr>\n<td>\n<h5>C\u00f3digo Fiscal para el Estado de Oaxaca<\/h5>\n<\/td>\n<td>\n<h5><a href=\"\/wp-content\/uploads\/sites\/31\/2025\/01\/CODIGO-FISCAL-PARA-EL-ESTADO-DE-OAXACA.pdf\"><img loading=\"lazy\" decoding=\"async\" class=\"aligncenter size-full wp-image-3554\" src=\"\/cco\/wp-content\/uploads\/sites\/31\/2023\/10\/pdf-1.png\" alt=\"pdf-icono\" width=\"30\" height=\"30\" \/><\/a><\/h5>\n<\/td>\n<td>\n<h5><\/h5>\n<\/td>\n<\/tr>\n<tr>\n<td>\n<h5>C\u00f3digo de Procedimientos Civiles para el Estado de Oaxaca<\/h5>\n<\/td>\n<td>\n<h5><a href=\"https:\/\/www.oaxaca.gob.mx\/cco\/wp-content\/uploads\/sites\/31\/2023\/06\/Codigo-de-Procedimientos-Civiles-para-el-Estado-de-Oaxaca.pdf\"><img loading=\"lazy\" decoding=\"async\" class=\"aligncenter size-full wp-image-3554\" src=\"\/cco\/wp-content\/uploads\/sites\/31\/2023\/10\/pdf-1.png\" alt=\"pdf-icono\" width=\"30\" height=\"30\" \/><\/a><\/h5>\n<\/td>\n<td>\n<h5><\/h5>\n<\/td>\n<\/tr>\n<tr>\n<td>\n<h5>C\u00f3digo Civil para el Estado de Oaxaca<\/h5>\n<\/td>\n<td>\n<h5><a href=\"https:\/\/www.oaxaca.gob.mx\/cco\/wp-content\/uploads\/sites\/31\/2023\/06\/Codigo-Civil-para-el-Estado-de-Oaxaca.pdf\"><img loading=\"lazy\" decoding=\"async\" class=\"aligncenter size-full wp-image-3554\" src=\"\/cco\/wp-content\/uploads\/sites\/31\/2023\/10\/pdf-1.png\" alt=\"pdf-icono\" width=\"30\" height=\"30\" \/><\/a><\/h5>\n<\/td>\n<td>\n<h5><\/h5>\n<\/td>\n<\/tr>\n<tr>\n<td>\n<h5>Reglamento Interno de la Casa de la Cultura Oaxaque\u00f1a<\/h5>\n<\/td>\n<td>\n<h5><a href=\"https:\/\/www.oaxaca.gob.mx\/cco\/wp-content\/uploads\/sites\/31\/2023\/06\/Reglamento-Interno-de-la-Casa-de-la-Cultura-Oaxaquena.pdf\"><img loading=\"lazy\" decoding=\"async\" class=\"aligncenter size-full wp-image-3554\" src=\"\/cco\/wp-content\/uploads\/sites\/31\/2023\/10\/pdf-1.png\" alt=\"pdf-icono\" width=\"30\" height=\"30\" \/><\/a><\/h5>\n<\/td>\n<td>\n<h5><\/h5>\n<\/td>\n<\/tr>\n<tr>\n<td>\n<h5>Pacto San jose Costa Rica, Convenci\u00f3n Interamericana de los Derechos Humanos<\/h5>\n<\/td>\n<td>\n<h5><a href=\"https:\/\/www.oaxaca.gob.mx\/cco\/wp-content\/uploads\/sites\/31\/2023\/06\/Pacto-San-jose-Costa-Rica-Convencion-Interamericana-de-los-Derechos-Humanos.pdf\"><img loading=\"lazy\" decoding=\"async\" class=\"aligncenter size-full wp-image-3554\" src=\"\/cco\/wp-content\/uploads\/sites\/31\/2023\/10\/pdf-1.png\" alt=\"pdf-icono\" width=\"30\" height=\"30\" \/><\/a><\/h5>\n<\/td>\n<td>\n<h5><\/h5>\n<\/td>\n<\/tr>\n<tr>\n<td>\n<h5>Pacto internacional de los derechos economicos, sociales y culturales<\/h5>\n<\/td>\n<td>\n<h5><a href=\"https:\/\/www.oaxaca.gob.mx\/cco\/wp-content\/uploads\/sites\/31\/2023\/06\/Pacto-internacional-de-los-derechos-economicos-sociales-y-culturales.pdf\"><img loading=\"lazy\" decoding=\"async\" class=\"aligncenter size-full wp-image-3554\" src=\"\/cco\/wp-content\/uploads\/sites\/31\/2023\/10\/pdf-1.png\" alt=\"pdf-icono\" width=\"30\" height=\"30\" \/><\/a><\/h5>\n<\/td>\n<td>\n<h5><\/h5>\n<\/td>\n<\/tr>\n<tr>\n<td>\n<h5>Pacto internacional de los derechos civiles y pol\u00edticos<\/h5>\n<\/td>\n<td>\n<h5><a href=\"https:\/\/www.oaxaca.gob.mx\/cco\/wp-content\/uploads\/sites\/31\/2023\/06\/Pacto-internacional-de-los-derechos-civiles-y-politicos.pdf\"><img loading=\"lazy\" decoding=\"async\" class=\"aligncenter size-full wp-image-3554\" src=\"\/cco\/wp-content\/uploads\/sites\/31\/2023\/10\/pdf-1.png\" alt=\"pdf-icono\" width=\"30\" height=\"30\" \/><\/a><\/h5>\n<\/td>\n<td>\n<h5><\/h5>\n<\/td>\n<\/tr>\n<tr>\n<td>\n<h5>Normatividad en Materia de Recursos Humanos para las Dependencias y Entidades de la Administracion Publica<\/h5>\n<\/td>\n<td>\n<h5><a href=\"https:\/\/www.oaxaca.gob.mx\/cco\/wp-content\/uploads\/sites\/31\/2023\/06\/Normatividad-en-Materia-de-Recursos-Humanos-para-las-Dependencias-y-Entidades-de-la-Administracion-Publica.pdf\"><img loading=\"lazy\" decoding=\"async\" class=\"aligncenter size-full wp-image-3554\" src=\"\/cco\/wp-content\/uploads\/sites\/31\/2023\/10\/pdf-1.png\" alt=\"pdf-icono\" width=\"30\" height=\"30\" \/><\/a><\/h5>\n<\/td>\n<td>\n<h5><\/h5>\n<\/td>\n<\/tr>\n<tr>\n<td>\n<h5>Manual de Procedimientos de la Casa de la Cultura Oaxaque\u00f1a<\/h5>\n<\/td>\n<td>\n<h5><a href=\"\/cco\/wp-content\/uploads\/sites\/31\/2023\/11\/26.-MANUAL-DE-PROCEDIMIENTOS_CCO.pdf\"><img loading=\"lazy\" decoding=\"async\" class=\"aligncenter size-full wp-image-3554\" src=\"\/cco\/wp-content\/uploads\/sites\/31\/2023\/10\/pdf-1.png\" alt=\"pdf-icono\" width=\"30\" height=\"30\" \/><\/a><\/h5>\n<\/td>\n<td>\n<h5><\/h5>\n<\/td>\n<\/tr>\n<tr>\n<td>\n<h5>Manual de Organizaci\u00f3n de la Casa de la Cultura Oaxaque\u00f1a<\/h5>\n<\/td>\n<td>\n<h5><a href=\"https:\/\/www.oaxaca.gob.mx\/cco\/wp-content\/uploads\/sites\/31\/2023\/06\/Manual-de-Organizacion-de-la-Casa-de-la-Cultura-Oaxaquena.pdf\"><img loading=\"lazy\" decoding=\"async\" class=\"aligncenter size-full wp-image-3554\" src=\"\/cco\/wp-content\/uploads\/sites\/31\/2023\/10\/pdf-1.png\" alt=\"pdf-icono\" width=\"30\" height=\"30\" \/><\/a><\/h5>\n<\/td>\n<td>\n<h5><\/h5>\n<\/td>\n<\/tr>\n<tr>\n<td>\n<h5>Manual de Contabilidad de la Casa de la Cultura Oaxaque\u00f1a<\/h5>\n<\/td>\n<td>\n<h5><a href=\"\/cco\/wp-content\/uploads\/sites\/31\/2024\/04\/MANUAL-DE-CONTABILIDAD-CCO.pdf\"><img loading=\"lazy\" decoding=\"async\" class=\"aligncenter size-full wp-image-3554\" src=\"\/cco\/wp-content\/uploads\/sites\/31\/2023\/10\/pdf-1.png\" alt=\"pdf-icono\" width=\"30\" height=\"30\" \/><\/a><\/h5>\n<\/td>\n<td>\n<h5><\/h5>\n<\/td>\n<\/tr>\n<tr>\n<td>\n<h5>LINEAM~3<\/h5>\n<\/td>\n<td>\n<h5><a href=\"https:\/\/www.oaxaca.gob.mx\/cco\/wp-content\/uploads\/sites\/31\/2023\/06\/LINEAM3.pdf\"><img loading=\"lazy\" decoding=\"async\" class=\"aligncenter size-full wp-image-3554\" src=\"\/cco\/wp-content\/uploads\/sites\/31\/2023\/10\/pdf-1.png\" alt=\"pdf-icono\" width=\"30\" height=\"30\" \/><\/a><\/h5>\n<\/td>\n<td>\n<h5><\/h5>\n<\/td>\n<\/tr>\n<tr>\n<td>\n<h5>Lineamientos para la organizaci\u00f3n, conservaci\u00f3n y custodia de los Archivos de la Administracion Publica del Estado de Oaxaca<\/h5>\n<\/td>\n<td>\n<h5><a href=\"https:\/\/www.oaxaca.gob.mx\/cco\/wp-content\/uploads\/sites\/31\/2023\/06\/Lineamientos-para-la-organizacion-conservacion-y-custodia-de-los-Archivos-de-la-Administracion-Publica-del-Estado-de-Oaxaca.pdf\"><img loading=\"lazy\" decoding=\"async\" class=\"aligncenter size-full wp-image-3554\" src=\"\/cco\/wp-content\/uploads\/sites\/31\/2023\/10\/pdf-1.png\" alt=\"pdf-icono\" width=\"30\" height=\"30\" \/><\/a><\/h5>\n<\/td>\n<td>\n<h5><\/h5>\n<\/td>\n<\/tr>\n<tr>\n<td>\n<h5>Lineamientos Generales de Operaci\u00f3n, \u00c9tica y Conducta de la Casa de la Cultura Oaxaque\u00f1a<\/h5>\n<\/td>\n<td>\n<h5><a href=\"https:\/\/www.oaxaca.gob.mx\/cco\/wp-content\/uploads\/sites\/31\/2023\/06\/Lineamientos-Generales-de-Operacion-Etica-y-Conducta-de-la-Casa-de-la-Cultura-Oaxaquena.pdf\"><img loading=\"lazy\" decoding=\"async\" class=\"aligncenter size-full wp-image-3554\" src=\"\/cco\/wp-content\/uploads\/sites\/31\/2023\/10\/pdf-1.png\" alt=\"pdf-icono\" width=\"30\" height=\"30\" \/><\/a><\/h5>\n<\/td>\n<td>\n<h5><\/h5>\n<\/td>\n<\/tr>\n<tr>\n<td>\n<h5>Ley Org\u00e1nica del Poder Ejecutivo del Estado de Oaxaca<\/h5>\n<\/td>\n<td>\n<h5><a href=\"\/wp-content\/uploads\/sites\/31\/2025\/01\/LEY-ORGANICA-DEL-PODER-EJECUTIVO-DEL-ESTADO-DE-OAXACA.pdf\"><img loading=\"lazy\" decoding=\"async\" class=\"aligncenter size-full wp-image-3554\" src=\"\/cco\/wp-content\/uploads\/sites\/31\/2023\/10\/pdf-1.png\" alt=\"pdf-icono\" width=\"30\" height=\"30\" \/><\/a><\/h5>\n<\/td>\n<td>\n<h5><\/h5>\n<\/td>\n<\/tr>\n<\/tbody>\n<\/table>\n<p><span style=\"color: #ffffff\">Instrumentos Normativos<\/span><\/p>\n","protected":false},"excerpt":{"rendered":"<p>&nbsp; Descripci\u00f3n Documento Ley General de Transparencia y Acceso a la Informaci\u00f3n P\u00fablica Lineamientos T\u00e9cnicos Generales para la Publicaci\u00f3n, Homologaci\u00f3n y Estandarizaci\u00f3n de la Informaci\u00f3n de Transparencia Ley General de Protecci\u00f3n de Datos Personales en Posesion de Sujetos Obligados Ley General de Archivos Ley Federal del Trabajo C\u00f3digo de \u00c9tica para las Personas Servidoras P\u00fablicas [&hellip;]<\/p>\n","protected":false},"author":1,"featured_media":0,"parent":0,"menu_order":0,"comment_status":"closed","ping_status":"closed","template":"","meta":{"episode_type":"","audio_file":"","podmotor_file_id":"","podmotor_episode_id":"","cover_image":"","cover_image_id":"","duration":"","filesize":"","filesize_raw":"","date_recorded":"","explicit":"","block":"","itunes_episode_number":"","itunes_title":"","itunes_season_number":"","itunes_episode_type":"","footnotes":""},"categories":[],"tags":[],"class_list":["post-4309","page","type-page","status-publish","hentry"],"acf":[],"publishpress_future_action":{"enabled":false,"date":"2026-05-16 12:10:09","action":"change-status","newStatus":"draft","terms":[],"taxonomy":"category","extraData":[]},"publishpress_future_workflow_manual_trigger":{"enabledWorkflows":[]},"_links":{"self":[{"href":"https:\/\/www.oaxaca.gob.mx\/cco\/wp-json\/wp\/v2\/pages\/4309","targetHints":{"allow":["GET"]}}],"collection":[{"href":"https:\/\/www.oaxaca.gob.mx\/cco\/wp-json\/wp\/v2\/pages"}],"about":[{"href":"https:\/\/www.oaxaca.gob.mx\/cco\/wp-json\/wp\/v2\/types\/page"}],"author":[{"embeddable":true,"href":"https:\/\/www.oaxaca.gob.mx\/cco\/wp-json\/wp\/v2\/users\/1"}],"replies":[{"embeddable":true,"href":"https:\/\/www.oaxaca.gob.mx\/cco\/wp-json\/wp\/v2\/comments?post=4309"}],"version-history":[{"count":3,"href":"https:\/\/www.oaxaca.gob.mx\/cco\/wp-json\/wp\/v2\/pages\/4309\/revisions"}],"predecessor-version":[{"id":9784,"href":"https:\/\/www.oaxaca.gob.mx\/cco\/wp-json\/wp\/v2\/pages\/4309\/revisions\/9784"}],"wp:attachment":[{"href":"https:\/\/www.oaxaca.gob.mx\/cco\/wp-json\/wp\/v2\/media?parent=4309"}],"wp:term":[{"taxonomy":"category","embeddable":true,"href":"https:\/\/www.oaxaca.gob.mx\/cco\/wp-json\/wp\/v2\/categories?post=4309"},{"taxonomy":"post_tag","embeddable":true,"href":"https:\/\/www.oaxaca.gob.mx\/cco\/wp-json\/wp\/v2\/tags?post=4309"}],"curies":[{"name":"wp","href":"https:\/\/api.w.org\/{rel}","templated":true}]}}