{"id":4301,"date":"2019-04-22T20:32:09","date_gmt":"2019-04-22T18:32:09","guid":{"rendered":"https:\/\/www.oaxaca.gob.mx\/cco\/?page_id=4301"},"modified":"2019-04-22T20:32:09","modified_gmt":"2019-04-22T18:32:09","slug":"funciones","status":"publish","type":"page","link":"https:\/\/www.oaxaca.gob.mx\/cco\/funciones\/","title":{"rendered":"Funciones"},"content":{"rendered":"<p>\t\t\t\t\u2022 Promover y fomentar la ense\u00f1anza art\u00edstica a trav\u00e9s de talleres en la ciudad de Oaxaca de Ju\u00e1rez y sus municipios conurbados.<br \/>\n\u2022 Promover la libre manifestaci\u00f3n de la cultura con el fin de lograr su difusi\u00f3n\u00a0a trav\u00e9s de la difusi\u00f3n y fomento de la ense\u00f1anza y actividades que impulsen la libre expresi\u00f3n cultural, estimulando los trabajos de creaci\u00f3n, investigaci\u00f3n cient\u00edficos literarios y art\u00edsticos.\t\t<\/p>\n","protected":false},"excerpt":{"rendered":"<p>\u2022 Promover y fomentar la ense\u00f1anza art\u00edstica a trav\u00e9s de talleres en la ciudad de Oaxaca de Ju\u00e1rez y sus municipios conurbados. \u2022 Promover la libre manifestaci\u00f3n de la cultura con el fin de lograr su difusi\u00f3n\u00a0a trav\u00e9s de la difusi\u00f3n y fomento de la ense\u00f1anza y actividades que impulsen la libre expresi\u00f3n cultural, estimulando [&hellip;]<\/p>\n","protected":false},"author":1,"featured_media":0,"parent":0,"menu_order":0,"comment_status":"closed","ping_status":"closed","template":"","meta":{"episode_type":"","audio_file":"","podmotor_file_id":"","podmotor_episode_id":"","cover_image":"","cover_image_id":"","duration":"","filesize":"","filesize_raw":"","date_recorded":"","explicit":"","block":"","itunes_episode_number":"","itunes_title":"","itunes_season_number":"","itunes_episode_type":"","footnotes":""},"categories":[],"tags":[],"class_list":["post-4301","page","type-page","status-publish","hentry"],"acf":[],"publishpress_future_action":{"enabled":false,"date":"2026-05-16 12:10:09","action":"change-status","newStatus":"draft","terms":[],"taxonomy":"category","extraData":[]},"publishpress_future_workflow_manual_trigger":{"enabledWorkflows":[]},"_links":{"self":[{"href":"https:\/\/www.oaxaca.gob.mx\/cco\/wp-json\/wp\/v2\/pages\/4301","targetHints":{"allow":["GET"]}}],"collection":[{"href":"https:\/\/www.oaxaca.gob.mx\/cco\/wp-json\/wp\/v2\/pages"}],"about":[{"href":"https:\/\/www.oaxaca.gob.mx\/cco\/wp-json\/wp\/v2\/types\/page"}],"author":[{"embeddable":true,"href":"https:\/\/www.oaxaca.gob.mx\/cco\/wp-json\/wp\/v2\/users\/1"}],"replies":[{"embeddable":true,"href":"https:\/\/www.oaxaca.gob.mx\/cco\/wp-json\/wp\/v2\/comments?post=4301"}],"version-history":[{"count":0,"href":"https:\/\/www.oaxaca.gob.mx\/cco\/wp-json\/wp\/v2\/pages\/4301\/revisions"}],"wp:attachment":[{"href":"https:\/\/www.oaxaca.gob.mx\/cco\/wp-json\/wp\/v2\/media?parent=4301"}],"wp:term":[{"taxonomy":"category","embeddable":true,"href":"https:\/\/www.oaxaca.gob.mx\/cco\/wp-json\/wp\/v2\/categories?post=4301"},{"taxonomy":"post_tag","embeddable":true,"href":"https:\/\/www.oaxaca.gob.mx\/cco\/wp-json\/wp\/v2\/tags?post=4301"}],"curies":[{"name":"wp","href":"https:\/\/api.w.org\/{rel}","templated":true}]}}