{"id":2142,"date":"2017-05-02T12:37:29","date_gmt":"2017-05-02T17:37:29","guid":{"rendered":"https:\/\/www.oaxaca.gob.mx\/cco\/?page_id=2142"},"modified":"2025-08-14T13:54:02","modified_gmt":"2025-08-14T19:54:02","slug":"tramites","status":"publish","type":"page","link":"https:\/\/www.oaxaca.gob.mx\/cco\/tramites\/","title":{"rendered":"Tr\u00e1mites y Servicios"},"content":{"rendered":"<p>&nbsp;<\/p>\n<nav>\n<div class=\"nav nav-tabs\" id=\"nav-tab\" role=\"tablist\">\n    <button class=\"nav-link active\" id=\"nav-home-tab\" data-bs-toggle=\"tab\" data-bs-target=\"#nav-home\" type=\"button\" role=\"tab\" aria-controls=\"nav-home\" aria-selected=\"true\">Tr\u00e1mites<\/button><br \/>\n    <button class=\"nav-link\" id=\"nav-profile-tab\" data-bs-toggle=\"tab\" data-bs-target=\"#nav-profile\" type=\"button\" role=\"tab\" aria-controls=\"nav-profile\" aria-selected=\"false\">Servicios<\/button>\n  <\/div>\n<\/nav>\n<div class=\"tab-content\" id=\"nav-tabContent\">\n<div class=\"tab-pane fade show active\" id=\"nav-home\" role=\"tabpanel\" aria-labelledby=\"nav-home-tab\" tabindex=\"0\">\n<h4>Tr\u00e1mites<\/h4>\n<ul>\n<li>a) Inscripci\u00f3n de nuevo ingreso<\/li>\n<li>b) <a href=\"https:\/\/www.oaxaca.gob.mx\/cco\/expedicion-de-constancias\/\">Expedici\u00f3n de constancias<\/a><\/li>\n<li>c) Impartici\u00f3n de taller cuatrimestral<\/li>\n<\/ul><\/div>\n<div class=\"tab-pane fade\" id=\"nav-profile\" role=\"tabpanel\" aria-labelledby=\"nav-profile-tab\" tabindex=\"0\">\n<h4>Servicios<\/h4>\n<ul>\n<li><a\n                href=\"https:\/\/www.oaxaca.gob.mx\/cco\/wp-content\/uploads\/sites\/31\/2023\/02\/Formato-de-solicitud-para-el-uso-2.docx\">Formato<br \/>\n                de solicitud para el uso, goce o aprovechamiento de los espacios destinados a la realizaci\u00f3n de<br \/>\n                actividades culturales.<\/a><\/li>\n<\/ul>\n<p>    &nbsp;<br \/>\n    Cualquier duda sobre el formato de solicitud de espacios de la CCO, comun\u00edquese al 951 51 611 54 extensi\u00f3n 104.\n  <\/p><\/div>\n<\/div>\n","protected":false},"excerpt":{"rendered":"<p>&nbsp; Tr\u00e1mites Servicios Tr\u00e1mites a) Inscripci\u00f3n de nuevo ingreso b) Expedici\u00f3n de constancias c) Impartici\u00f3n de taller cuatrimestral Servicios Formato de solicitud para el uso, goce o aprovechamiento de los espacios destinados a la realizaci\u00f3n de actividades culturales. &nbsp; Cualquier duda sobre el formato de solicitud de espacios de la CCO, comun\u00edquese al 951 51 [&hellip;]<\/p>\n","protected":false},"author":1,"featured_media":0,"parent":0,"menu_order":0,"comment_status":"closed","ping_status":"closed","template":"","meta":{"episode_type":"","audio_file":"","podmotor_file_id":"","podmotor_episode_id":"","cover_image":"","cover_image_id":"","duration":"","filesize":"","filesize_raw":"","date_recorded":"","explicit":"","block":"","itunes_episode_number":"","itunes_title":"","itunes_season_number":"","itunes_episode_type":"","footnotes":""},"categories":[],"tags":[],"class_list":["post-2142","page","type-page","status-publish","hentry"],"acf":[],"publishpress_future_action":{"enabled":false,"date":"2026-05-14 11:11:20","action":"change-status","newStatus":"draft","terms":[],"taxonomy":"category","extraData":[]},"publishpress_future_workflow_manual_trigger":{"enabledWorkflows":[]},"_links":{"self":[{"href":"https:\/\/www.oaxaca.gob.mx\/cco\/wp-json\/wp\/v2\/pages\/2142","targetHints":{"allow":["GET"]}}],"collection":[{"href":"https:\/\/www.oaxaca.gob.mx\/cco\/wp-json\/wp\/v2\/pages"}],"about":[{"href":"https:\/\/www.oaxaca.gob.mx\/cco\/wp-json\/wp\/v2\/types\/page"}],"author":[{"embeddable":true,"href":"https:\/\/www.oaxaca.gob.mx\/cco\/wp-json\/wp\/v2\/users\/1"}],"replies":[{"embeddable":true,"href":"https:\/\/www.oaxaca.gob.mx\/cco\/wp-json\/wp\/v2\/comments?post=2142"}],"version-history":[{"count":3,"href":"https:\/\/www.oaxaca.gob.mx\/cco\/wp-json\/wp\/v2\/pages\/2142\/revisions"}],"predecessor-version":[{"id":9993,"href":"https:\/\/www.oaxaca.gob.mx\/cco\/wp-json\/wp\/v2\/pages\/2142\/revisions\/9993"}],"wp:attachment":[{"href":"https:\/\/www.oaxaca.gob.mx\/cco\/wp-json\/wp\/v2\/media?parent=2142"}],"wp:term":[{"taxonomy":"category","embeddable":true,"href":"https:\/\/www.oaxaca.gob.mx\/cco\/wp-json\/wp\/v2\/categories?post=2142"},{"taxonomy":"post_tag","embeddable":true,"href":"https:\/\/www.oaxaca.gob.mx\/cco\/wp-json\/wp\/v2\/tags?post=2142"}],"curies":[{"name":"wp","href":"https:\/\/api.w.org\/{rel}","templated":true}]}}