{"id":2137,"date":"2017-05-02T11:52:18","date_gmt":"2017-05-02T16:52:18","guid":{"rendered":"https:\/\/www.oaxaca.gob.mx\/cco\/?page_id=2137"},"modified":"2017-05-02T11:52:18","modified_gmt":"2017-05-02T16:52:18","slug":"estadisticas","status":"publish","type":"page","link":"https:\/\/www.oaxaca.gob.mx\/cco\/estadisticas\/","title":{"rendered":"Estad\u00edsticas"},"content":{"rendered":"<p style=\"text-align: left\"><a href=\"\/cco\/site\/FomArt\/rep_est_consulta_bibli_enero_marzo2017.pdf\"> Reporte estad\u00edstico de consulta bibliogr\u00e1fica enero-marzo 2017.<br \/>\n <\/a><\/p>\n<p><a href=\"\/cco\/site\/FomArt\/rep_est_cv_enero_marzo2017.pdf\"> Reporte estad\u00edstico de centros de vinculaci\u00f3n enero-marzo 2017.<br \/>\n <\/a><\/p>\n<p><a href=\"\/cco\/site\/FomArt\/rep_est_talleres_art_enero_marzo2017.pdf\"> Reporte estad\u00edstico talleres art\u00edsticos enero-marzo 2017.<br \/>\n <\/a><\/p>\n<p><a href=\"\/cco\/site\/FomArt\/rep_visitas_guiadas_enero_marzo_2017.pdf\"> Reporte estad\u00edstico de visitas guiadas enero marzo 2017.<br \/>\n <\/a>\t\t<\/p>\n","protected":false},"excerpt":{"rendered":"<p>Reporte estad\u00edstico de consulta bibliogr\u00e1fica enero-marzo 2017. Reporte estad\u00edstico de centros de vinculaci\u00f3n enero-marzo 2017. Reporte estad\u00edstico talleres art\u00edsticos enero-marzo 2017. Reporte estad\u00edstico de visitas guiadas enero marzo 2017.<\/p>\n","protected":false},"author":1,"featured_media":0,"parent":0,"menu_order":0,"comment_status":"closed","ping_status":"closed","template":"","meta":{"episode_type":"","audio_file":"","podmotor_file_id":"","podmotor_episode_id":"","cover_image":"","cover_image_id":"","duration":"","filesize":"","filesize_raw":"","date_recorded":"","explicit":"","block":"","itunes_episode_number":"","itunes_title":"","itunes_season_number":"","itunes_episode_type":"","footnotes":""},"categories":[],"tags":[],"class_list":["post-2137","page","type-page","status-publish","hentry"],"acf":[],"publishpress_future_action":{"enabled":false,"date":"2026-05-09 02:42:23","action":"change-status","newStatus":"draft","terms":[],"taxonomy":"category","extraData":[]},"publishpress_future_workflow_manual_trigger":{"enabledWorkflows":[]},"_links":{"self":[{"href":"https:\/\/www.oaxaca.gob.mx\/cco\/wp-json\/wp\/v2\/pages\/2137","targetHints":{"allow":["GET"]}}],"collection":[{"href":"https:\/\/www.oaxaca.gob.mx\/cco\/wp-json\/wp\/v2\/pages"}],"about":[{"href":"https:\/\/www.oaxaca.gob.mx\/cco\/wp-json\/wp\/v2\/types\/page"}],"author":[{"embeddable":true,"href":"https:\/\/www.oaxaca.gob.mx\/cco\/wp-json\/wp\/v2\/users\/1"}],"replies":[{"embeddable":true,"href":"https:\/\/www.oaxaca.gob.mx\/cco\/wp-json\/wp\/v2\/comments?post=2137"}],"version-history":[{"count":0,"href":"https:\/\/www.oaxaca.gob.mx\/cco\/wp-json\/wp\/v2\/pages\/2137\/revisions"}],"wp:attachment":[{"href":"https:\/\/www.oaxaca.gob.mx\/cco\/wp-json\/wp\/v2\/media?parent=2137"}],"wp:term":[{"taxonomy":"category","embeddable":true,"href":"https:\/\/www.oaxaca.gob.mx\/cco\/wp-json\/wp\/v2\/categories?post=2137"},{"taxonomy":"post_tag","embeddable":true,"href":"https:\/\/www.oaxaca.gob.mx\/cco\/wp-json\/wp\/v2\/tags?post=2137"}],"curies":[{"name":"wp","href":"https:\/\/api.w.org\/{rel}","templated":true}]}}