{"id":2064,"date":"2017-04-21T19:13:08","date_gmt":"2017-04-22T00:13:08","guid":{"rendered":"https:\/\/www.oaxaca.gob.mx\/cco\/?page_id=2064"},"modified":"2020-10-22T14:12:42","modified_gmt":"2020-10-22T19:12:42","slug":"reporte-de-avance-de-gestion","status":"publish","type":"page","link":"https:\/\/www.oaxaca.gob.mx\/cco\/reporte-de-avance-de-gestion\/","title":{"rendered":"Reportes de Avance de Gesti\u00f3n"},"content":{"rendered":"<p style=\"text-align: left\"><b><strong>Reporte de Avance de Gesti\u00f3n 2015.<\/strong><\/b><br \/>\n<a href=\"\/cco\/trans\/rep_av_ges15\/1ER_TRIMESTRE_2015.pdf\">Primer Trimestre.<\/a><br \/>\n<a href=\"\/cco\/trans\/rep_av_ges15\/2DO_TRIMESTRE_2015.pdf\">Segundo Trimestre.<\/a><br \/>\n<a href=\"\/cco\/trans\/rep_av_ges15\/3ER_TRIMESTRE_2015.pdf\">Tercer Trimestre.<\/a><br \/>\n<a href=\"\/cco\/trans\/rep_av_ges15\/4TO_TRIMESTRE_2015.pdf\">Cuarto Trimestre.<\/a><\/p>\n<p style=\"text-align: left\"><b><strong>Reporte de Avance de Gesti\u00f3n 2016.<\/strong><\/b><br \/>\n<a href=\"\/cco\/trans\/rep_av_ges16\/1ER_TRIMESTRE_2016.pdf\"> Primer Trimestre.<\/a><br \/>\n<a href=\"\/cco\/trans\/rep_av_ges16\/2DOTRIMESTRE2016.pdf\">Segundo Trimestre.<\/a><br \/>\n<a href=\"\/cco\/trans\/rep_av_ges16\/3ERTRIMESTRE2016.pdf\">Tercer Trimestre.<\/a><br \/>\n<a href=\"\/cco\/trans\/rep_av_ges16\/4TO_TRIMESTRE_2016.pdf\">Cuarto Trimestre.<\/a><\/p>\n<p style=\"text-align: left\"><b><strong>Reporte de Avance de Gesti\u00f3n 2017.<\/strong><\/b><br \/>\n<a href=\"\/cco\/trans\/rep_av_ges17\/1ER_TRIMESTRE_2017.pdf\">Primer Trimestre.<\/a><br \/>\n<a href=\"\/cco\/trans\/rep_av_ges17\/2do_trimestre_2017.pdf\">Segundo Trimestre.<\/a><br \/>\n<a href=\"\/cco\/trans\/rep_av_ges17\/3er_trimestre_2017.pdf\">Tercer Trimestre.<\/a><\/p>\n<p style=\"text-align: left\"><b><strong>Reporte de Avance de Gesti\u00f3n 2019.<\/strong><\/b><br \/>\n<a href=\"\/cco\/wp-content\/uploads\/sites\/31\/2020\/10\/1-trimestre-2019.pdf\">Primer Trimestre.<\/a><br \/>\n<a href=\"\/cco\/wp-content\/uploads\/sites\/31\/2020\/10\/2-trimestre-2019.pdf\">Segundo Trimestre.<\/a><br \/>\n<a href=\"\/cco\/wp-content\/uploads\/sites\/31\/2020\/10\/3-trimestre-2019.pdf\">Tercer Trimestre.<\/a><br \/>\n<a href=\"\/cco\/wp-content\/uploads\/sites\/31\/2020\/10\/4-trimestre-2019.pdf\">Cuarto Trimestre.<\/a><\/p>\n<p style=\"text-align: left\"><b><strong>Reporte de Avance de Gesti\u00f3n 2020.<\/strong><\/b><br \/>\n<a href=\"\/cco\/wp-content\/uploads\/sites\/31\/2020\/10\/2-trimestre-2020.pdf\">Segundo Trimestre.<\/a><\/p>\n","protected":false},"excerpt":{"rendered":"<p>Reporte de Avance de Gesti\u00f3n 2015. Primer Trimestre. Segundo Trimestre. Tercer Trimestre. Cuarto Trimestre. Reporte de Avance de Gesti\u00f3n 2016. Primer Trimestre. Segundo Trimestre. Tercer Trimestre. Cuarto Trimestre. Reporte de Avance de Gesti\u00f3n 2017. Primer Trimestre. Segundo Trimestre. Tercer Trimestre. Reporte de Avance de Gesti\u00f3n 2019. Primer Trimestre. Segundo Trimestre. Tercer Trimestre. Cuarto Trimestre. Reporte [&hellip;]<\/p>\n","protected":false},"author":1,"featured_media":0,"parent":0,"menu_order":0,"comment_status":"closed","ping_status":"closed","template":"","meta":{"episode_type":"","audio_file":"","podmotor_file_id":"","podmotor_episode_id":"","cover_image":"","cover_image_id":"","duration":"","filesize":"","filesize_raw":"","date_recorded":"","explicit":"","block":"","itunes_episode_number":"","itunes_title":"","itunes_season_number":"","itunes_episode_type":"","footnotes":""},"categories":[],"tags":[],"class_list":["post-2064","page","type-page","status-publish","hentry"],"acf":[],"publishpress_future_action":{"enabled":false,"date":"2026-05-11 03:13:48","action":"change-status","newStatus":"draft","terms":[],"taxonomy":"category","extraData":[]},"publishpress_future_workflow_manual_trigger":{"enabledWorkflows":[]},"_links":{"self":[{"href":"https:\/\/www.oaxaca.gob.mx\/cco\/wp-json\/wp\/v2\/pages\/2064","targetHints":{"allow":["GET"]}}],"collection":[{"href":"https:\/\/www.oaxaca.gob.mx\/cco\/wp-json\/wp\/v2\/pages"}],"about":[{"href":"https:\/\/www.oaxaca.gob.mx\/cco\/wp-json\/wp\/v2\/types\/page"}],"author":[{"embeddable":true,"href":"https:\/\/www.oaxaca.gob.mx\/cco\/wp-json\/wp\/v2\/users\/1"}],"replies":[{"embeddable":true,"href":"https:\/\/www.oaxaca.gob.mx\/cco\/wp-json\/wp\/v2\/comments?post=2064"}],"version-history":[{"count":5,"href":"https:\/\/www.oaxaca.gob.mx\/cco\/wp-json\/wp\/v2\/pages\/2064\/revisions"}],"predecessor-version":[{"id":6266,"href":"https:\/\/www.oaxaca.gob.mx\/cco\/wp-json\/wp\/v2\/pages\/2064\/revisions\/6266"}],"wp:attachment":[{"href":"https:\/\/www.oaxaca.gob.mx\/cco\/wp-json\/wp\/v2\/media?parent=2064"}],"wp:term":[{"taxonomy":"category","embeddable":true,"href":"https:\/\/www.oaxaca.gob.mx\/cco\/wp-json\/wp\/v2\/categories?post=2064"},{"taxonomy":"post_tag","embeddable":true,"href":"https:\/\/www.oaxaca.gob.mx\/cco\/wp-json\/wp\/v2\/tags?post=2064"}],"curies":[{"name":"wp","href":"https:\/\/api.w.org\/{rel}","templated":true}]}}