{"id":2026,"date":"2017-04-06T12:39:35","date_gmt":"2017-04-06T17:39:35","guid":{"rendered":"https:\/\/www.oaxaca.gob.mx\/cco\/?page_id=2026"},"modified":"2017-04-06T12:39:35","modified_gmt":"2017-04-06T17:39:35","slug":"marco-juridico","status":"publish","type":"page","link":"https:\/\/www.oaxaca.gob.mx\/cco\/marco-juridico\/","title":{"rendered":"Marco Jur\u00eddico de la fracci\u00f3n II- Estructura Org\u00e1nica"},"content":{"rendered":"<p style=\"text-align: left\"><a href=\"\/cco\/MJ\/LEY%20DE%20ENTIDADES%20PARAESTATALES%20DEL%20ESTADO%20DE%20OAXACA.pdf\"> LEY DE ENTIDADES PARAESTATALES DEL ESTADO DE OAXACA <\/a><\/p>\n<p><a href=\"\/cco\/MJ\/LEY DE LA CASA DE LA CULTURA OAXAQUENA.pdf\">LEY DE LA \u201cCASA DE LA CULTURA OAXAQUE\u00d1A\u201d <\/a><\/p>\n<p><a href=\"\/cco\/MJ\/REGLAMENTO INTERNO CCO\">REGLAMENTO INTERNO CCO <\/a>\t\t<\/p>\n","protected":false},"excerpt":{"rendered":"<p>LEY DE ENTIDADES PARAESTATALES DEL ESTADO DE OAXACA LEY DE LA \u201cCASA DE LA CULTURA OAXAQUE\u00d1A\u201d REGLAMENTO INTERNO CCO<\/p>\n","protected":false},"author":1,"featured_media":0,"parent":0,"menu_order":0,"comment_status":"closed","ping_status":"closed","template":"","meta":{"episode_type":"","audio_file":"","podmotor_file_id":"","podmotor_episode_id":"","cover_image":"","cover_image_id":"","duration":"","filesize":"","filesize_raw":"","date_recorded":"","explicit":"","block":"","itunes_episode_number":"","itunes_title":"","itunes_season_number":"","itunes_episode_type":"","footnotes":""},"categories":[],"tags":[],"class_list":["post-2026","page","type-page","status-publish","hentry"],"acf":[],"publishpress_future_action":{"enabled":false,"date":"2026-05-09 03:02:33","action":"change-status","newStatus":"draft","terms":[],"taxonomy":"category","extraData":[]},"publishpress_future_workflow_manual_trigger":{"enabledWorkflows":[]},"_links":{"self":[{"href":"https:\/\/www.oaxaca.gob.mx\/cco\/wp-json\/wp\/v2\/pages\/2026","targetHints":{"allow":["GET"]}}],"collection":[{"href":"https:\/\/www.oaxaca.gob.mx\/cco\/wp-json\/wp\/v2\/pages"}],"about":[{"href":"https:\/\/www.oaxaca.gob.mx\/cco\/wp-json\/wp\/v2\/types\/page"}],"author":[{"embeddable":true,"href":"https:\/\/www.oaxaca.gob.mx\/cco\/wp-json\/wp\/v2\/users\/1"}],"replies":[{"embeddable":true,"href":"https:\/\/www.oaxaca.gob.mx\/cco\/wp-json\/wp\/v2\/comments?post=2026"}],"version-history":[{"count":0,"href":"https:\/\/www.oaxaca.gob.mx\/cco\/wp-json\/wp\/v2\/pages\/2026\/revisions"}],"wp:attachment":[{"href":"https:\/\/www.oaxaca.gob.mx\/cco\/wp-json\/wp\/v2\/media?parent=2026"}],"wp:term":[{"taxonomy":"category","embeddable":true,"href":"https:\/\/www.oaxaca.gob.mx\/cco\/wp-json\/wp\/v2\/categories?post=2026"},{"taxonomy":"post_tag","embeddable":true,"href":"https:\/\/www.oaxaca.gob.mx\/cco\/wp-json\/wp\/v2\/tags?post=2026"}],"curies":[{"name":"wp","href":"https:\/\/api.w.org\/{rel}","templated":true}]}}