{"id":175,"date":"2016-03-01T18:14:56","date_gmt":"2016-03-02T00:14:56","guid":{"rendered":"https:\/\/www.oaxaca.gob.mx\/cco\/?page_id=175"},"modified":"2016-03-01T18:14:56","modified_gmt":"2016-03-02T00:14:56","slug":"que-es-la-formacion-artistica","status":"publish","type":"page","link":"https:\/\/www.oaxaca.gob.mx\/cco\/que-es-la-formacion-artistica\/","title":{"rendered":"\u00bfQue es la Formaci\u00f3n Art\u00edstica?"},"content":{"rendered":"<p>\t\t\t\tLas actividades de aprendizaje en la Casa de la Cultura Oaxaque\u00f1a tienen como prop\u00f3sito principal contribuir en la formaci\u00f3n integral de ni\u00f1os, ni\u00f1as, j\u00f3venes, adultos y adultos mayores, a trav\u00e9s de actividades art\u00edsticas y culturales que promuevan la libertad de expresi\u00f3n, la disciplina en el aprendizaje y el desarrollo de habilidades f\u00edsicas y cognitivas que les permita construirse nuevos intereses haciendo uso de lenguajes distintos en un ambiente de respeto.<\/p>\n<p>&nbsp;<\/p>\n<p align=\"center\"><img loading=\"lazy\" decoding=\"async\" src=\"\/cco\/wp-content\/uploads\/sites\/31\/2016\/03\/fomart-199x300.jpg\" alt=\"fomart\" width=\"199\" height=\"300\" \/><\/p>\n","protected":false},"excerpt":{"rendered":"<p>Las actividades de aprendizaje en la Casa de la Cultura Oaxaque\u00f1a tienen como prop\u00f3sito principal contribuir en la formaci\u00f3n integral de ni\u00f1os, ni\u00f1as, j\u00f3venes, adultos y adultos mayores, a trav\u00e9s de actividades art\u00edsticas y culturales que promuevan la libertad de expresi\u00f3n, la disciplina en el aprendizaje y el desarrollo de habilidades f\u00edsicas y cognitivas que [&hellip;]<\/p>\n","protected":false},"author":1,"featured_media":345,"parent":0,"menu_order":0,"comment_status":"closed","ping_status":"closed","template":"","meta":{"episode_type":"","audio_file":"","podmotor_file_id":"","podmotor_episode_id":"","cover_image":"","cover_image_id":"","duration":"","filesize":"","filesize_raw":"","date_recorded":"","explicit":"","block":"","itunes_episode_number":"","itunes_title":"","itunes_season_number":"","itunes_episode_type":"","footnotes":""},"categories":[],"tags":[],"class_list":["post-175","page","type-page","status-publish","has-post-thumbnail","hentry"],"acf":[],"publishpress_future_action":{"enabled":false,"date":"2026-05-09 02:41:15","action":"change-status","newStatus":"draft","terms":[],"taxonomy":"category","extraData":[]},"publishpress_future_workflow_manual_trigger":{"enabledWorkflows":[]},"_links":{"self":[{"href":"https:\/\/www.oaxaca.gob.mx\/cco\/wp-json\/wp\/v2\/pages\/175","targetHints":{"allow":["GET"]}}],"collection":[{"href":"https:\/\/www.oaxaca.gob.mx\/cco\/wp-json\/wp\/v2\/pages"}],"about":[{"href":"https:\/\/www.oaxaca.gob.mx\/cco\/wp-json\/wp\/v2\/types\/page"}],"author":[{"embeddable":true,"href":"https:\/\/www.oaxaca.gob.mx\/cco\/wp-json\/wp\/v2\/users\/1"}],"replies":[{"embeddable":true,"href":"https:\/\/www.oaxaca.gob.mx\/cco\/wp-json\/wp\/v2\/comments?post=175"}],"version-history":[{"count":0,"href":"https:\/\/www.oaxaca.gob.mx\/cco\/wp-json\/wp\/v2\/pages\/175\/revisions"}],"wp:featuredmedia":[{"embeddable":true,"href":"https:\/\/www.oaxaca.gob.mx\/cco\/wp-json\/wp\/v2\/media\/345"}],"wp:attachment":[{"href":"https:\/\/www.oaxaca.gob.mx\/cco\/wp-json\/wp\/v2\/media?parent=175"}],"wp:term":[{"taxonomy":"category","embeddable":true,"href":"https:\/\/www.oaxaca.gob.mx\/cco\/wp-json\/wp\/v2\/categories?post=175"},{"taxonomy":"post_tag","embeddable":true,"href":"https:\/\/www.oaxaca.gob.mx\/cco\/wp-json\/wp\/v2\/tags?post=175"}],"curies":[{"name":"wp","href":"https:\/\/api.w.org\/{rel}","templated":true}]}}