{"id":163,"date":"2016-03-01T15:08:35","date_gmt":"2016-03-01T21:08:35","guid":{"rendered":"https:\/\/www.oaxaca.gob.mx\/cco\/?page_id=163"},"modified":"2025-07-10T13:15:26","modified_gmt":"2025-07-10T19:15:26","slug":"directorio","status":"publish","type":"page","link":"https:\/\/www.oaxaca.gob.mx\/cco\/directorio\/","title":{"rendered":"Directorio"},"content":{"rendered":"<div class=\"art-PostContent\">\n<h2 style=\"text-align: center\"><strong>Casa de la Cultura Oaxaque\u00f1a<\/strong><\/h2>\n<h4 style=\"text-align: center\">Gonz\u00e1lez Ortega No. 403, Centro, Oaxaca.<\/h4>\n<h4 style=\"text-align: center\">Tel\u00e9fonos: 951 51 61154, 51 62483, 50 10357<\/h4>\n<p>&nbsp;<\/p>\n<h4 style=\"text-align: center\"><span style=\"color: #3366ff\"><strong>Lic. Sara Carolina Orozco Mart\u00ednez<\/strong><\/span><\/h4>\n<p style=\"text-align: center\">Directora General<\/p>\n<p style=\"text-align: center\">Ext. 102.<\/p>\n<p style=\"text-align: center\">Correo electr\u00f3nico: casaculturaoaxaquena@gmail.com<\/p>\n<h4 style=\"text-align: center\"><span style=\"color: #3366ff\">Lic. Jos\u00e9 Manuel Cortes L\u00f3pez<br \/>\n<\/span><\/h4>\n<p style=\"text-align: center\">Jefe del Departamento Administrativo<\/p>\n<p style=\"text-align: center\">Ext. 105.<\/p>\n<p style=\"text-align: center\">Correo electr\u00f3nico: administrativocco@oaxaca.gob.mx<\/p>\n<h4 style=\"text-align: center\"><span style=\"color: #3366ff\">Mtra. Asela Soledad P\u00e9rez Garc\u00eda<br \/>\n<\/span><\/h4>\n<p style=\"text-align: center\">Jefa del Departamento de Promoci\u00f3n y Difusi\u00f3n<\/p>\n<p style=\"text-align: center\">Ext. 104.<\/p>\n<p style=\"text-align: center\">Correo electr\u00f3nico: promocioncco@oaxaca.gob.mx<\/p>\n<h4 style=\"text-align: center\"><span style=\"color: #3366ff\">Lic. Itzel Areli Santiago Hern\u00e1ndez<\/span><\/h4>\n<p style=\"text-align: center\">Jefa del Departamento de Fomento Art\u00edstico<\/p>\n<p style=\"text-align: center\">Ext. 114.<\/p>\n<p>&nbsp;<\/p>\n<p>&nbsp;<\/p>\n<p>&nbsp;<\/p>\n<\/div>\n","protected":false},"excerpt":{"rendered":"<p>Casa de la Cultura Oaxaque\u00f1a Gonz\u00e1lez Ortega No. 403, Centro, Oaxaca. Tel\u00e9fonos: 951 51 61154, 51 62483, 50 10357 &nbsp; Lic. Sara Carolina Orozco Mart\u00ednez Directora General Ext. 102. Correo electr\u00f3nico: casaculturaoaxaquena@gmail.com Lic. Jos\u00e9 Manuel Cortes L\u00f3pez Jefe del Departamento Administrativo Ext. 105. Correo electr\u00f3nico: administrativocco@oaxaca.gob.mx Mtra. Asela Soledad P\u00e9rez Garc\u00eda Jefa del Departamento de [&hellip;]<\/p>\n","protected":false},"author":1,"featured_media":0,"parent":0,"menu_order":0,"comment_status":"closed","ping_status":"closed","template":"plantillas\/template-pagina-directorio.php","meta":{"episode_type":"","audio_file":"","podmotor_file_id":"","podmotor_episode_id":"","cover_image":"","cover_image_id":"","duration":"","filesize":"","filesize_raw":"","date_recorded":"","explicit":"","block":"","itunes_episode_number":"","itunes_title":"","itunes_season_number":"","itunes_episode_type":"","footnotes":""},"categories":[],"tags":[],"class_list":["post-163","page","type-page","status-publish","hentry"],"acf":[],"publishpress_future_action":{"enabled":false,"date":"2026-05-10 03:48:12","action":"change-status","newStatus":"draft","terms":[],"taxonomy":"category","extraData":[]},"publishpress_future_workflow_manual_trigger":{"enabledWorkflows":[]},"_links":{"self":[{"href":"https:\/\/www.oaxaca.gob.mx\/cco\/wp-json\/wp\/v2\/pages\/163","targetHints":{"allow":["GET"]}}],"collection":[{"href":"https:\/\/www.oaxaca.gob.mx\/cco\/wp-json\/wp\/v2\/pages"}],"about":[{"href":"https:\/\/www.oaxaca.gob.mx\/cco\/wp-json\/wp\/v2\/types\/page"}],"author":[{"embeddable":true,"href":"https:\/\/www.oaxaca.gob.mx\/cco\/wp-json\/wp\/v2\/users\/1"}],"replies":[{"embeddable":true,"href":"https:\/\/www.oaxaca.gob.mx\/cco\/wp-json\/wp\/v2\/comments?post=163"}],"version-history":[{"count":1,"href":"https:\/\/www.oaxaca.gob.mx\/cco\/wp-json\/wp\/v2\/pages\/163\/revisions"}],"predecessor-version":[{"id":9891,"href":"https:\/\/www.oaxaca.gob.mx\/cco\/wp-json\/wp\/v2\/pages\/163\/revisions\/9891"}],"wp:attachment":[{"href":"https:\/\/www.oaxaca.gob.mx\/cco\/wp-json\/wp\/v2\/media?parent=163"}],"wp:term":[{"taxonomy":"category","embeddable":true,"href":"https:\/\/www.oaxaca.gob.mx\/cco\/wp-json\/wp\/v2\/categories?post=163"},{"taxonomy":"post_tag","embeddable":true,"href":"https:\/\/www.oaxaca.gob.mx\/cco\/wp-json\/wp\/v2\/tags?post=163"}],"curies":[{"name":"wp","href":"https:\/\/api.w.org\/{rel}","templated":true}]}}