{"id":158,"date":"2016-03-01T15:08:13","date_gmt":"2016-03-01T21:08:13","guid":{"rendered":"https:\/\/www.oaxaca.gob.mx\/cco\/?page_id=158"},"modified":"2023-03-28T19:52:44","modified_gmt":"2023-03-29T01:52:44","slug":"mision-y-vision","status":"publish","type":"page","link":"https:\/\/www.oaxaca.gob.mx\/cco\/mision-y-vision\/","title":{"rendered":"Misi\u00f3n, Visi\u00f3n y Objetivos"},"content":{"rendered":"<h2><b><strong>Misi\u00f3n.<\/strong><\/b><\/h2>\n<p>Promover el conocimiento y la divulgaci\u00f3n de las expresiones y manifestaciones art\u00edsticas y culturales de toda \u00edndole, a trav\u00e9s de la investigaci\u00f3n, ense\u00f1anza y preservaci\u00f3n de la identidad cultural de nuestro estado con perspectiva intercultural y respeto a los derechos humanos de manera transversal, para reforzar las expresiones art\u00edsticas para el bienestar en el estado de Oaxaca.<\/p>\n<h2><b><strong>Visi\u00f3n.<\/strong><\/b><\/h2>\n<p>Democratizar el arte y la cultura en todos los sectores sociales, privilegiando la inclusi\u00f3n y la libre manifestaci\u00f3n de las ideas reflejadas en el arte y la cultura, alcanzando a posicionar a la Casa de la Cultura Oaxaque\u00f1a como un reservorio de expresiones en el \u00e1mbito cultural de las comunidades ind\u00edgenas y afromexicanos consolidando el proyecto para transformaci\u00f3n en el estado de Oaxaca.<\/p>\n<h2><b><strong>Objetivos.<\/strong><\/b><\/h2>\n<h3><b><strong>Objetivo General.<\/strong><\/b><\/h3>\n<p>Promover y difundir las expresiones art\u00edsticas y culturales entre la sociedad oaxaque\u00f1a, priorizando acercar los servicios culturales a grupos en situaci\u00f3n de vulnerabilidad y a atendiendo de forma especial a las y los infantes, adolescentes y j\u00f3venes como una forma de construir un sentido de pertenencia a la herencia cultural de nuestro estado en cualquiera de sus manifestaciones, respetando la identidad cultural a trav\u00e9s del nuevo pacto social para vivir en paz, revitalizar el patriotismo cultural de nuestros pueblos originarios y mostrar la grandeza de\u00a0nuestro\u00a0estado.<\/p>\n<h3><b><strong>Objetivos estrat\u00e9gicos:<\/strong><\/b><\/h3>\n<dl class=\"row\">\n<dt class=\"col-sm-2\" style=\"text-align: right\">I.<\/dt>\n<dd class=\"col-sm-10\">Promover la libre manifestaci\u00f3n de la cultura con el fin de lograr su difusi\u00f3n y elevar el nivel cultural de la Ciudad de Oaxaca y sus municipios conurbados.<\/dd>\n<dt class=\"col-sm-2\" style=\"text-align: right\">II.<\/dt>\n<dd class=\"col-sm-10\">Estimular los trabajos de creaci\u00f3n, investigaci\u00f3n y difusi\u00f3n cient\u00edficos, literarios y art\u00edsticos.<\/dd>\n<dt class=\"col-sm-2\" style=\"text-align: right\">III.<\/dt>\n<dd class=\"col-sm-10\">Establecer intercambios culturales con instituciones similares, tanto del pa\u00eds como del extranjero.<\/dd>\n<dt class=\"col-sm-2\" style=\"text-align: right\">IV.<\/dt>\n<dd class=\"col-sm-10\">Promover y fomentar la ense\u00f1anza art\u00edstica a trav\u00e9s de talleres, actividades y eventos de toda \u00edndole.<\/dd>\n<dt class=\"col-sm-2\" style=\"text-align: right\">V.<\/dt>\n<dd class=\"col-sm-10\">Aplicar en todo momento las pol\u00edticas, lineamientos y directrices que le asigne la Secretar\u00eda de Cultura.<\/dd>\n<dt class=\"col-sm-2\" style=\"text-align: right\">VI.<\/dt>\n<dd class=\"col-sm-10\">Realizar los estudios, investigaciones y proyectos que considere pertinentes para la realizaci\u00f3n de su objeto.<\/dd>\n<dt class=\"col-sm-2\" style=\"text-align: right\">VII.<\/dt>\n<dd class=\"col-sm-10\">En general, celebrar los actos jur\u00eddicos encaminados de manera directa o indirecta al cumplimiento de sus fines y realizar todas las actividades que la Ley de Entidades Paraestatales, el presente Decreto y dem\u00e1s ordenamientos legales aplicables le impongan.<\/dd>\n<dt class=\"col-sm-2\" style=\"text-align: right\">VIII.<\/dt>\n<dd class=\"col-sm-10\">Cumplir, organizar y ejecutar sus actividades administrativas, contables y financieras de acuerdo con la Ley de Entidades Paraestatales, y siguiendo en todo lo se\u00f1alado en los planes y programas de gobierno del Poder Ejecutivo y dem\u00e1s ordenamientos legales aplicables.<\/dd>\n<dt class=\"col-sm-2\" style=\"text-align: right\">IX.<\/dt>\n<dd class=\"col-sm-10\">Ejercer todas las dem\u00e1s actividades inherentes a las anteriores y tendientes al eficaz cumplimiento de las mismas.<\/dd>\n<\/dl>\n","protected":false},"excerpt":{"rendered":"<p>Misi\u00f3n. Promover el conocimiento y la divulgaci\u00f3n de las expresiones y manifestaciones art\u00edsticas y culturales de toda \u00edndole, a trav\u00e9s de la investigaci\u00f3n, ense\u00f1anza y preservaci\u00f3n de la identidad cultural de nuestro estado con perspectiva intercultural y respeto a los derechos humanos de manera transversal, para reforzar las expresiones art\u00edsticas para el bienestar en el [&hellip;]<\/p>\n","protected":false},"author":1,"featured_media":0,"parent":0,"menu_order":0,"comment_status":"closed","ping_status":"closed","template":"","meta":{"episode_type":"","audio_file":"","podmotor_file_id":"","podmotor_episode_id":"","cover_image":"","cover_image_id":"","duration":"","filesize":"","filesize_raw":"","date_recorded":"","explicit":"","block":"","itunes_episode_number":"","itunes_title":"","itunes_season_number":"","itunes_episode_type":"","footnotes":""},"categories":[],"tags":[],"class_list":["post-158","page","type-page","status-publish","hentry"],"acf":[],"publishpress_future_action":{"enabled":false,"date":"2026-05-16 12:10:00","action":"change-status","newStatus":"draft","terms":[],"taxonomy":"category","extraData":[]},"publishpress_future_workflow_manual_trigger":{"enabledWorkflows":[]},"_links":{"self":[{"href":"https:\/\/www.oaxaca.gob.mx\/cco\/wp-json\/wp\/v2\/pages\/158","targetHints":{"allow":["GET"]}}],"collection":[{"href":"https:\/\/www.oaxaca.gob.mx\/cco\/wp-json\/wp\/v2\/pages"}],"about":[{"href":"https:\/\/www.oaxaca.gob.mx\/cco\/wp-json\/wp\/v2\/types\/page"}],"author":[{"embeddable":true,"href":"https:\/\/www.oaxaca.gob.mx\/cco\/wp-json\/wp\/v2\/users\/1"}],"replies":[{"embeddable":true,"href":"https:\/\/www.oaxaca.gob.mx\/cco\/wp-json\/wp\/v2\/comments?post=158"}],"version-history":[{"count":10,"href":"https:\/\/www.oaxaca.gob.mx\/cco\/wp-json\/wp\/v2\/pages\/158\/revisions"}],"predecessor-version":[{"id":8800,"href":"https:\/\/www.oaxaca.gob.mx\/cco\/wp-json\/wp\/v2\/pages\/158\/revisions\/8800"}],"wp:attachment":[{"href":"https:\/\/www.oaxaca.gob.mx\/cco\/wp-json\/wp\/v2\/media?parent=158"}],"wp:term":[{"taxonomy":"category","embeddable":true,"href":"https:\/\/www.oaxaca.gob.mx\/cco\/wp-json\/wp\/v2\/categories?post=158"},{"taxonomy":"post_tag","embeddable":true,"href":"https:\/\/www.oaxaca.gob.mx\/cco\/wp-json\/wp\/v2\/tags?post=158"}],"curies":[{"name":"wp","href":"https:\/\/api.w.org\/{rel}","templated":true}]}}