{"id":153,"date":"2016-03-01T15:07:27","date_gmt":"2016-03-01T21:07:27","guid":{"rendered":"https:\/\/www.oaxaca.gob.mx\/cco\/?page_id=153"},"modified":"2025-05-15T13:36:44","modified_gmt":"2025-05-15T19:36:44","slug":"historia","status":"publish","type":"page","link":"https:\/\/www.oaxaca.gob.mx\/cco\/historia\/","title":{"rendered":"Historia"},"content":{"rendered":"<p>&nbsp;<\/p>\n<p style=\"text-align: justify\">La fundaci\u00f3n de esta instituci\u00f3n nos remonta a 1954, a\u00f1o en el que, comenzando por la de Guadalajara, se inicia el proyecto nacional para las Casas de la Cultura, entonces a cargo del Licenciado Miguel \u00c1lvarez Acosta, en el Instituto Nacional de Bellas Artes.<\/p>\n<p style=\"text-align: justify\">En cuanto al edifico que da albergue a la Casa de la Cultura Oaxaque\u00f1a, la historia es a\u00fan m\u00e1s antigua, pues esta hermosa edificaci\u00f3n del siglo XVIII, originalmente fue construida como el Convento de Santa Mar\u00eda de los \u00c1ngeles para dar albergue a las monjas Capuchinas Descalzas, tambi\u00e9n llamadas Cacicas, quienes a partir de 1732, recibieron en su claustro a las monjas hijas de caciques oaxaque\u00f1os, quedando establecidas junto al Templo de Santa Mar\u00eda de los Siete Pr\u00edncipes, de donde toma tambi\u00e9n su nombre el popular barrio que le da cobijo y que se caracteriza por su tranquilidad, la alegr\u00eda de su gente y el entusiasmo con el que viven sus tradiciones.<\/p>\n<p style=\"text-align: justify\">En 1867, despu\u00e9s de la promulgaci\u00f3n de las Leyes de Reforma, al decretarse la expropiaci\u00f3n de los bienes de la iglesia, este convento fue desalojado; las religiosas se refugiaron en casas de particulares y la orden de las capuchinas de los Siete Pr\u00edncipes sobrevivi\u00f3 hasta el fallecimiento de la \u00faltima superiora de la orden en 1908, quedando con ello el convento vac\u00edo.<\/p>\n<p style=\"text-align: justify\">El inmueble fue adquirido por particulares y luego fue recuperado bajo la orden del Arzobispo Gillow, mismo que intent\u00f3 crear un instituto de artes y oficios para personas humildes; sin embargo, la Revoluci\u00f3n en 1910 lo impidi\u00f3 y a\u00f1os despu\u00e9s, temiendo que el inmueble fuera expropiado de nuevo, el ex convento fue vendido nuevamente a particulares.<\/p>\n<p style=\"text-align: justify\">En 1963 el gobierno adquiere el edificio y el terreno correspondiente a la huerta y se emprende su restauraci\u00f3n, pues estaba sumamente da\u00f1ado por los sismos que afectan nuestra regi\u00f3n, quedando estos trabajos bajo la responsabilidad del arquitecto Armando Nicolau. Pasaron dos a\u00f1os hasta que este espacio qued\u00f3 listo para entrar nuevamente en funciones, encontrando otra vez su vocaci\u00f3n de servicio a la comunidad, ahora como \u201cEscuela de Trabajadoras Rurales\u201d y luego como \u201cEscuela de Artes y Oficios\u201d donde recib\u00edan alojamiento j\u00f3venes estudiantes de comunidades lejanas que ven\u00edan a la capital a aprender diversos oficios, como la fabricaci\u00f3n de cer\u00e1mica, textiles y orfebrer\u00eda, entre otros.<\/p>\n<p style=\"text-align: justify\">A partir de 1971 la Casa de la Cultura Oaxaque\u00f1a nace en este espacio y pronto se arraiga en el \u00e1nimo popular, consolidando una larga relaci\u00f3n de \u201cbuenos vecinos\u201d al tiempo que se privilegia la antigua vocaci\u00f3n del edificio de las Capuchinas Descalzas, que desde su origen dio albergue al quehacer espiritual, s\u00f3lo que esta vez el instrumento para enaltecer la condici\u00f3n humana, ser\u00eda precisamente la cultura.<\/p>\n<p style=\"text-align: justify\">Durante m\u00e1s de cinco d\u00e9cadas de trabajo ininterrumpido, la Casa de la Cultura Oaxaque\u00f1a se ha consolidado como una magn\u00edfica opci\u00f3n de acercamiento al arte y la cultura, en este espacio se ofertan 60 talleres disponibles en 141 horarios que operan todos los d\u00edas de la semana en horarios matutinos y vespertinos, registrando en cada per\u00edodo un promedio de 1,100 personas inscritas a partir de los cuatro a\u00f1os de edad. En cuanto a sus escenarios, el ex convento de las Capuchinas descalzas, cuenta con la sala Arcelia Ya\u00f1iz y la Sala Andr\u00e9s Henestrosa, adem\u00e1s del Foro Margarita Maza, donde cada semana se desarrolla un atractivo programa de actividades art\u00edsticas a cargo tanto de los alumnos de la instituci\u00f3n, como de artistas invitados de talla nacional e internacional. El Claustro de la Casa de la Cultura Oaxaque\u00f1a alberga tambi\u00e9n importantes galer\u00edas en donde temporalmente se dispone obra de j\u00f3venes y consagrados artistas de la pl\u00e1stica.<\/p>\n","protected":false},"excerpt":{"rendered":"<p>&nbsp; La fundaci\u00f3n de esta instituci\u00f3n nos remonta a 1954, a\u00f1o en el que, comenzando por la de Guadalajara, se inicia el proyecto nacional para las Casas de la Cultura, entonces a cargo del Licenciado Miguel \u00c1lvarez Acosta, en el Instituto Nacional de Bellas Artes. En cuanto al edifico que da albergue a la Casa [&hellip;]<\/p>\n","protected":false},"author":1,"featured_media":0,"parent":0,"menu_order":0,"comment_status":"closed","ping_status":"closed","template":"","meta":{"episode_type":"","audio_file":"","podmotor_file_id":"","podmotor_episode_id":"","cover_image":"","cover_image_id":"","duration":"","filesize":"","filesize_raw":"","date_recorded":"","explicit":"","block":"","itunes_episode_number":"","itunes_title":"","itunes_season_number":"","itunes_episode_type":"","footnotes":""},"categories":[],"tags":[],"class_list":["post-153","page","type-page","status-publish","hentry"],"acf":[],"publishpress_future_action":{"enabled":false,"date":"2026-05-14 11:11:21","action":"change-status","newStatus":"draft","terms":[],"taxonomy":"category","extraData":[]},"publishpress_future_workflow_manual_trigger":{"enabledWorkflows":[]},"_links":{"self":[{"href":"https:\/\/www.oaxaca.gob.mx\/cco\/wp-json\/wp\/v2\/pages\/153","targetHints":{"allow":["GET"]}}],"collection":[{"href":"https:\/\/www.oaxaca.gob.mx\/cco\/wp-json\/wp\/v2\/pages"}],"about":[{"href":"https:\/\/www.oaxaca.gob.mx\/cco\/wp-json\/wp\/v2\/types\/page"}],"author":[{"embeddable":true,"href":"https:\/\/www.oaxaca.gob.mx\/cco\/wp-json\/wp\/v2\/users\/1"}],"replies":[{"embeddable":true,"href":"https:\/\/www.oaxaca.gob.mx\/cco\/wp-json\/wp\/v2\/comments?post=153"}],"version-history":[{"count":2,"href":"https:\/\/www.oaxaca.gob.mx\/cco\/wp-json\/wp\/v2\/pages\/153\/revisions"}],"predecessor-version":[{"id":9897,"href":"https:\/\/www.oaxaca.gob.mx\/cco\/wp-json\/wp\/v2\/pages\/153\/revisions\/9897"}],"wp:attachment":[{"href":"https:\/\/www.oaxaca.gob.mx\/cco\/wp-json\/wp\/v2\/media?parent=153"}],"wp:term":[{"taxonomy":"category","embeddable":true,"href":"https:\/\/www.oaxaca.gob.mx\/cco\/wp-json\/wp\/v2\/categories?post=153"},{"taxonomy":"post_tag","embeddable":true,"href":"https:\/\/www.oaxaca.gob.mx\/cco\/wp-json\/wp\/v2\/tags?post=153"}],"curies":[{"name":"wp","href":"https:\/\/api.w.org\/{rel}","templated":true}]}}