{"id":1095,"date":"2016-06-02T11:56:28","date_gmt":"2016-06-02T16:56:28","guid":{"rendered":"https:\/\/www.oaxaca.gob.mx\/cco\/?page_id=1095"},"modified":"2016-06-02T11:56:28","modified_gmt":"2016-06-02T16:56:28","slug":"conoce-la-cco","status":"publish","type":"page","link":"https:\/\/www.oaxaca.gob.mx\/cco\/conoce-la-cco\/","title":{"rendered":"Conoce la CCO"},"content":{"rendered":"<p>El ex conjunto conventual de los Siete Pr\u00edncipes actualmente presenta dos usos: el templo y el claustro anexo a su costado norte son administrados por el clero. Mientras que las otras \u00e1reas del ex convento corresponden a la Casa de la Cultura.<\/p>\n<p>La hoy Casa de la Cultura de Oaxaca presenta el estilo barroco austero, posee dos niveles y est\u00e1 edificada en cantera verde, la actual entrada principal de la Casa de la Cultura Oaxaque\u00f1a mira al este, se localiza entre las calles Gonz\u00e1lez Ortega y Col\u00f3n.<\/p>\n<p>En su interior el conjunto arquitect\u00f3nico presenta dos patios, el principal de planta cuadricular exhibe un patio con jardinera con una peque\u00f1a fuente central circular. El patio secundario de mayores dimensiones de planta rectangular posee una explanada donde se exhiben las diferentes actividades culturales que ah\u00ed se realizan. El inmueble posee entre sus escaleras, una escalera de cantera de dos rampas con b\u00f3vedas de crucer\u00eda, en sus muros se exhiben diversas galer\u00edas realizadas por estudiantes de dicha instituci\u00f3n.\t\t<\/p>\n","protected":false},"excerpt":{"rendered":"<p>El ex conjunto conventual de los Siete Pr\u00edncipes actualmente presenta dos usos: el templo y el claustro anexo a su costado norte son administrados por el clero. Mientras que las otras \u00e1reas del ex convento corresponden a la Casa de la Cultura. La hoy Casa de la Cultura de Oaxaca presenta el estilo barroco austero, [&hellip;]<\/p>\n","protected":false},"author":1,"featured_media":0,"parent":0,"menu_order":0,"comment_status":"closed","ping_status":"closed","template":"","meta":{"episode_type":"","audio_file":"","podmotor_file_id":"","podmotor_episode_id":"","cover_image":"","cover_image_id":"","duration":"","filesize":"","filesize_raw":"","date_recorded":"","explicit":"","block":"","itunes_episode_number":"","itunes_title":"","itunes_season_number":"","itunes_episode_type":"","footnotes":""},"categories":[],"tags":[],"class_list":["post-1095","page","type-page","status-publish","hentry"],"acf":[],"publishpress_future_action":{"enabled":false,"date":"2026-05-09 02:43:52","action":"change-status","newStatus":"draft","terms":[],"taxonomy":"category","extraData":[]},"publishpress_future_workflow_manual_trigger":{"enabledWorkflows":[]},"_links":{"self":[{"href":"https:\/\/www.oaxaca.gob.mx\/cco\/wp-json\/wp\/v2\/pages\/1095","targetHints":{"allow":["GET"]}}],"collection":[{"href":"https:\/\/www.oaxaca.gob.mx\/cco\/wp-json\/wp\/v2\/pages"}],"about":[{"href":"https:\/\/www.oaxaca.gob.mx\/cco\/wp-json\/wp\/v2\/types\/page"}],"author":[{"embeddable":true,"href":"https:\/\/www.oaxaca.gob.mx\/cco\/wp-json\/wp\/v2\/users\/1"}],"replies":[{"embeddable":true,"href":"https:\/\/www.oaxaca.gob.mx\/cco\/wp-json\/wp\/v2\/comments?post=1095"}],"version-history":[{"count":0,"href":"https:\/\/www.oaxaca.gob.mx\/cco\/wp-json\/wp\/v2\/pages\/1095\/revisions"}],"wp:attachment":[{"href":"https:\/\/www.oaxaca.gob.mx\/cco\/wp-json\/wp\/v2\/media?parent=1095"}],"wp:term":[{"taxonomy":"category","embeddable":true,"href":"https:\/\/www.oaxaca.gob.mx\/cco\/wp-json\/wp\/v2\/categories?post=1095"},{"taxonomy":"post_tag","embeddable":true,"href":"https:\/\/www.oaxaca.gob.mx\/cco\/wp-json\/wp\/v2\/tags?post=1095"}],"curies":[{"name":"wp","href":"https:\/\/api.w.org\/{rel}","templated":true}]}}