{"id":10082,"date":"2025-10-22T15:00:19","date_gmt":"2025-10-22T21:00:19","guid":{"rendered":"https:\/\/www.oaxaca.gob.mx\/cco\/?page_id=10082"},"modified":"2025-12-27T18:14:34","modified_gmt":"2025-12-28T00:14:34","slug":"catalogo-de-espacios-cco","status":"publish","type":"page","link":"https:\/\/www.oaxaca.gob.mx\/cco\/catalogo-de-espacios-cco\/","title":{"rendered":"Cat\u00e1logo de Espacios de la Casa de la Cultura Oaxaque\u00f1a"},"content":{"rendered":"<a href=\"\/cco\/wp-content\/uploads\/sites\/31\/2025\/10\/Espacios-de-Casa-de-la-Cultura-Oaxaquena.pdf\" class=\"pdfemb-viewer\" style=\"\" data-width=\"max\" data-height=\"max\" data-toolbar=\"top\" data-toolbar-fixed=\"on\">Uso, goce o aprovechamiento 2025<\/a>\n<p>Los importes mostrados en el presente documento son de car\u00e1cter informativo y corresponden al ejercicio fiscal 2025. Estos est\u00e1n sujetos a actualizaci\u00f3n sin previo aviso. Con el fin de confirmar el costo vigente al momento de realizar su tr\u00e1mite para solicitar el servicio, le recomendamos ponerse en contacto con nuestra instituci\u00f3n o acudir directamente a nuestras oficinas.<\/p>\n","protected":false},"excerpt":{"rendered":"<p>Los importes mostrados en el presente documento son de car\u00e1cter informativo y corresponden al ejercicio fiscal 2025. Estos est\u00e1n sujetos a actualizaci\u00f3n sin previo aviso. Con el fin de confirmar el costo vigente al momento de realizar su tr\u00e1mite para solicitar el servicio, le recomendamos ponerse en contacto con nuestra instituci\u00f3n o acudir directamente a [&hellip;]<\/p>\n","protected":false},"author":39,"featured_media":10080,"parent":0,"menu_order":0,"comment_status":"closed","ping_status":"closed","template":"","meta":{"episode_type":"","audio_file":"","podmotor_file_id":"","podmotor_episode_id":"","cover_image":"","cover_image_id":"","duration":"","filesize":"","filesize_raw":"","date_recorded":"","explicit":"","block":"","itunes_episode_number":"","itunes_title":"","itunes_season_number":"","itunes_episode_type":"","footnotes":""},"categories":[35],"tags":[],"class_list":["post-10082","page","type-page","status-publish","has-post-thumbnail","hentry","category-cco-sliders-2023"],"acf":[],"publishpress_future_action":{"enabled":false,"date":"2026-04-21 17:42:40","action":"change-status","newStatus":"draft","terms":[],"taxonomy":"category","extraData":[]},"publishpress_future_workflow_manual_trigger":{"enabledWorkflows":[]},"_links":{"self":[{"href":"https:\/\/www.oaxaca.gob.mx\/cco\/wp-json\/wp\/v2\/pages\/10082","targetHints":{"allow":["GET"]}}],"collection":[{"href":"https:\/\/www.oaxaca.gob.mx\/cco\/wp-json\/wp\/v2\/pages"}],"about":[{"href":"https:\/\/www.oaxaca.gob.mx\/cco\/wp-json\/wp\/v2\/types\/page"}],"author":[{"embeddable":true,"href":"https:\/\/www.oaxaca.gob.mx\/cco\/wp-json\/wp\/v2\/users\/39"}],"replies":[{"embeddable":true,"href":"https:\/\/www.oaxaca.gob.mx\/cco\/wp-json\/wp\/v2\/comments?post=10082"}],"version-history":[{"count":2,"href":"https:\/\/www.oaxaca.gob.mx\/cco\/wp-json\/wp\/v2\/pages\/10082\/revisions"}],"predecessor-version":[{"id":10100,"href":"https:\/\/www.oaxaca.gob.mx\/cco\/wp-json\/wp\/v2\/pages\/10082\/revisions\/10100"}],"wp:featuredmedia":[{"embeddable":true,"href":"https:\/\/www.oaxaca.gob.mx\/cco\/wp-json\/wp\/v2\/media\/10080"}],"wp:attachment":[{"href":"https:\/\/www.oaxaca.gob.mx\/cco\/wp-json\/wp\/v2\/media?parent=10082"}],"wp:term":[{"taxonomy":"category","embeddable":true,"href":"https:\/\/www.oaxaca.gob.mx\/cco\/wp-json\/wp\/v2\/categories?post=10082"},{"taxonomy":"post_tag","embeddable":true,"href":"https:\/\/www.oaxaca.gob.mx\/cco\/wp-json\/wp\/v2\/tags?post=10082"}],"curies":[{"name":"wp","href":"https:\/\/api.w.org\/{rel}","templated":true}]}}