{"id":757,"date":"2016-07-15T12:00:10","date_gmt":"2016-07-15T18:00:10","guid":{"rendered":"https:\/\/www.oaxaca.gob.mx\/cao\/?page_id=757"},"modified":"2016-07-15T12:00:10","modified_gmt":"2016-07-15T18:00:10","slug":"757-2","status":"publish","type":"page","link":"https:\/\/www.oaxaca.gob.mx\/cao\/757-2\/","title":{"rendered":"PROGRAMA FISE"},"content":{"rendered":"\n<div id=\"contenedor\" style=\"width:1150px;background-color:#FFF\">\n<table width=\"1150px;\" bgcolor=\"FFCECB\" align=\"center\">\n<tr>\n<h3 align=\"center\">EVALUACI\u00d3N DE RESULTADOS DEL PROGRAMA FISE<\/h3>\n<div class=\"col-sm-15 col-lg-15\">\n<p class=\"lead text-muted\">\n<div class=\"tabbable tabs-left\">\n<ul class=\"nav nav-tabs\">\n<li><img decoding=\"async\" src=\"\/cao\/wp-content\/uploads\/sites\/5\/2016\/01\/bar.jpg\" width=\"100%\"><\/li>\n<li>\n<\/li>\n<li class=\"\"><a href=\"#fdrfise\">Formato para la Difusi\u00f3n de los Resultados de las Evaluaciones<\/a><\/li>\n<li class=\"active\"><a href=\"#tdr\">SELECCIONE UNA OPCI\u00d3N Y SE ABRIR\u00c1 EN FORMATO PDF<\/a><\/li>\n<li class=\"\"><a href=\"#iffise\">Evaluaci\u00f3n estrat\u00e9gica de consistencia y resultados<\/a><\/li>\n<li class=\"\"><a href=\"#maasm\">Mecanismo de atenci\u00f3n a los aspectos susceptibles de mejora 2015<\/a><\/li>\n<li class=\"\"><a href=\"#selec\">T\u00e9rminos de referencia para la evaluaci\u00f3n<\/a><\/li>\n<li class=\"\"><a href=\"#pae\">Programa anual de evaluaci\u00f3n 2015<\/a><\/li>\n<li><img decoding=\"async\" src=\"\/cao\/wp-content\/uploads\/sites\/5\/2016\/01\/bar.jpg\" width=\"100%\"><\/li>\n<\/ul>\n<div class=\"col-sm-6 col-lg-6\">\n<div class=\"tab-content\">\n<div class=\"tab-pane\" id=\"pae\">\n<p style=\"text-align: center\">\n<p><\/p>\n<p>                   <\/a>\n                    <\/p>\n<\/p>\n<\/div>\n<div class=\"tab-pane\" id=\"fdrfise\">\n<p style=\"text-align: center\">\n<p><\/p>\n<p>                  <\/a>\n                   <\/p>\n<\/p>\n<\/div>\n<div class=\"tab-pane\" id=\"iffise\">\n<p style=\"text-align: center\">\n<p>  <\/p>\n<p>                   <\/a>\n                   <\/p>\n<\/p>\n<\/div>\n<div class=\"tab-pane\" id=\"maasm\">\n<p style=\"text-align: center\">\n<p><\/p>\n<p>                   <\/a>\n                   <\/p>\n<\/p>\n<\/div>\n<div class=\"tab-pane active\" id=\"tdr\">\n<p style=\"text-align: center\">\n<p>                   <img loading=\"lazy\" decoding=\"async\" src=\"\/wp-content\/uploads\/2016\/02\/ejecobrasfise.jpg\" width=\"1150\" height=\"700\" style=\"float: justify\" \/>  <\/p>\n<p>                   <\/a>\n                   <\/p>\n<p><P><\/P><\/div>\n<div class=\"tab-pane\" id=\"selec\">\n<p style=\"text-align: center\">\n<p><\/p>\n<p>                  <\/a>\n                   <\/p>\n<\/p>\n<\/div>\n<\/div>\n<\/div>\n<\/div>\n<\/tr>\n<\/table>\n","protected":false},"excerpt":{"rendered":"<p>EVALUACI\u00d3N DE RESULTADOS DEL PROGRAMA FISE Formato para la Difusi\u00f3n de los Resultados de las Evaluaciones SELECCIONE UNA OPCI\u00d3N Y SE ABRIR\u00c1 EN FORMATO PDF Evaluaci\u00f3n estrat\u00e9gica de consistencia y resultados Mecanismo de atenci\u00f3n a los aspectos susceptibles de mejora 2015 T\u00e9rminos de referencia para la evaluaci\u00f3n Programa anual de evaluaci\u00f3n 2015<\/p>\n","protected":false},"author":1,"featured_media":0,"parent":0,"menu_order":0,"comment_status":"closed","ping_status":"closed","template":"","meta":{"episode_type":"","audio_file":"","podmotor_file_id":"","podmotor_episode_id":"","cover_image":"","cover_image_id":"","duration":"","filesize":"","filesize_raw":"","date_recorded":"","explicit":"","block":"","itunes_episode_number":"","itunes_title":"","itunes_season_number":"","itunes_episode_type":"","footnotes":""},"categories":[],"tags":[],"class_list":["post-757","page","type-page","status-publish","hentry"],"publishpress_future_action":{"enabled":false,"date":"2026-04-25 06:05:49","action":"change-status","newStatus":"draft","terms":[],"taxonomy":"category","extraData":[]},"publishpress_future_workflow_manual_trigger":{"enabledWorkflows":[]},"_links":{"self":[{"href":"https:\/\/www.oaxaca.gob.mx\/cao\/wp-json\/wp\/v2\/pages\/757","targetHints":{"allow":["GET"]}}],"collection":[{"href":"https:\/\/www.oaxaca.gob.mx\/cao\/wp-json\/wp\/v2\/pages"}],"about":[{"href":"https:\/\/www.oaxaca.gob.mx\/cao\/wp-json\/wp\/v2\/types\/page"}],"author":[{"embeddable":true,"href":"https:\/\/www.oaxaca.gob.mx\/cao\/wp-json\/wp\/v2\/users\/1"}],"replies":[{"embeddable":true,"href":"https:\/\/www.oaxaca.gob.mx\/cao\/wp-json\/wp\/v2\/comments?post=757"}],"version-history":[{"count":1,"href":"https:\/\/www.oaxaca.gob.mx\/cao\/wp-json\/wp\/v2\/pages\/757\/revisions"}],"predecessor-version":[{"id":11761,"href":"https:\/\/www.oaxaca.gob.mx\/cao\/wp-json\/wp\/v2\/pages\/757\/revisions\/11761"}],"wp:attachment":[{"href":"https:\/\/www.oaxaca.gob.mx\/cao\/wp-json\/wp\/v2\/media?parent=757"}],"wp:term":[{"taxonomy":"category","embeddable":true,"href":"https:\/\/www.oaxaca.gob.mx\/cao\/wp-json\/wp\/v2\/categories?post=757"},{"taxonomy":"post_tag","embeddable":true,"href":"https:\/\/www.oaxaca.gob.mx\/cao\/wp-json\/wp\/v2\/tags?post=757"}],"curies":[{"name":"wp","href":"https:\/\/api.w.org\/{rel}","templated":true}]}}