{"id":5667,"date":"2019-03-26T20:10:03","date_gmt":"2019-03-26T20:10:03","guid":{"rendered":"https:\/\/www.oaxaca.gob.mx\/cao\/?page_id=5667"},"modified":"2023-09-27T19:38:58","modified_gmt":"2023-09-28T01:38:58","slug":"integridad-publica","status":"publish","type":"page","link":"https:\/\/www.oaxaca.gob.mx\/cao\/integridad-publica\/","title":{"rendered":"Integridad P\u00fablica"},"content":{"rendered":"<p style=\"text-align: center\"><img decoding=\"async\" style=\"max-width: 100%;max-height: 300px\" src=\"\/cao\/wp-content\/uploads\/sites\/5\/2019\/03\/Reputacion-de-marca.png\" alt=\"etica\" \/><\/p>\n<p>\t&nbsp;<\/p>\n<p style=\"text-align: justify\">ES FACULTAD DE LA SECRETAR\u00cdA DE LA CONTRALOR\u00cdA Y TRANSPARENCIA GUBERNAMENTAL EN T\u00c9RMINOS DEL ART\u00cdCULO 16 DE LA LEY GENERAL DE RESPONSABILIDADES ADMINISTRATIVAS, ART\u00cdCULO 14 DE LA LEY DE RESPONSABILIDADES ADMINISTRATIVAS DEL ESTADO Y MUNICIPIOS DE OAXACA, ART\u00cdCULO 47 FRACCI\u00d3N XXXIII Y XXXIV DE LA LEY ORG\u00c1NICA DEL PODER EJECUTIVO DEL ESTADO DE OAXACA EMITIR  <span style=\"font-weight: bold\">EL C\u00d3DIGO DE \u00c9TICA, REGLAS DE INTEGRIDAD Y LINEAMIENTOS GENERALES PARA SERVIDORAS Y SERVIDORES P\u00daBLICOS DEL PODER EJECUTIVO DEL ESTADO DE OAXACA <\/span>publicado el 24 de Abril del a\u00f1o 2019 en el Peri\u00f3dico Oficial del Estado de Oaxaca.<\/p>\n<p style=\"text-align: justify\">Caminos y Aeropistas de Oaxaca, publica los siguientes documentos de su Comit\u00e9 de \u00c9tica y de Prevenci\u00f3n de Conflictos de Inter\u00e9s (CEPCI):<\/p>\n<div class=\"su-tabs su-tabs-style-default su-tabs-mobile-stack su-tabs-vertical\" data-active=\"1\" data-scroll-offset=\"0\" data-anchor-in-url=\"no\"><div class=\"su-tabs-nav\"><span class=\"\" data-url=\"\" data-target=\"blank\" tabindex=\"0\" role=\"button\">C\u00d3DIGO DE \u00c9TICA, REGLAS DE INTEGRIDAD Y LINEAMIENTOS GENERALES<\/span><span class=\"\" data-url=\"\" data-target=\"blank\" tabindex=\"0\" role=\"button\">C\u00d3DIGO DE CONDUCTA DE CAMINOS Y AEROPISTAS DE OAXACA<\/span><span class=\"\" data-url=\"\" data-target=\"blank\" tabindex=\"0\" role=\"button\">PROCEDIMIENTO PARA SOMETER QUEJAS Y\/O DENUNCIAS ANTE EL COMIT\u00c9 POR INCUMPLIMIENTO AL C\u00d3DIGO DE \u00c9TICA<\/span><span class=\"\" data-url=\"\" data-target=\"blank\" tabindex=\"0\" role=\"button\">BASES PARA LA INTEGRACI\u00d3N, ORGANIZACI\u00d3N Y FUNCIONAMIENTO DEL COMIT\u00c9 DE \u00c9TICA Y DE PREVENCI\u00d3N DE CONFLICTOS DE INTER\u00c9S DE CAMINOS Y AEROPISTAS DE OAXACA<\/span><span class=\"\" data-url=\"\" data-target=\"blank\" tabindex=\"0\" role=\"button\">BUZ\u00d3N DE DENUNCIAS DEL COMIT\u00c9 DE \u00c9TICA<\/span><span class=\"\" data-url=\"\" data-target=\"blank\" tabindex=\"0\" role=\"button\">CONVOCATORIA DEL COMIT\u00c9 DE \u00c9TICA<\/span><span class=\"\" data-url=\"\" data-target=\"blank\" tabindex=\"0\" role=\"button\">RESULTADOS DE LA CONVOCATORIA DEL COMIT\u00c9 DE \u00c9TICA<\/span><span class=\"\" data-url=\"\" data-target=\"blank\" tabindex=\"0\" role=\"button\">ACTA DE INSTALACI\u00d3N DEL COMIT\u00c9 DE \u00c9TICA<\/span><\/div><div class=\"su-tabs-panes\"><div class=\"su-tabs-pane su-u-clearfix su-u-trim\" data-title=\"C\u00d3DIGO DE \u00c9TICA, REGLAS DE INTEGRIDAD Y LINEAMIENTOS GENERALES\">\n<h5 style=\"text-align: center\">C\u00d3DIGO DE \u00c9TICA, REGLAS DE INTEGRIDAD Y LINEAMIENTOS GENERALES<\/h5>\n<div><div class=\"su-document su-u-responsive-media-yes\"><iframe loading=\"lazy\" src=\"\/\/docs.google.com\/viewer?embedded=true&url=https:\/\/www.oaxaca.gob.mx\/cao\/wp-content\/uploads\/sites\/5\/2020\/01\/CODIGO-DE-ETICA-24-ABR-2019.pdf\" width=\"600\" height=\"400\" class=\"su-document\" title=\"\"><\/iframe><\/div><\/div>\n<p>\t<\/div>\n<div class=\"su-tabs-pane su-u-clearfix su-u-trim\" data-title=\"C\u00d3DIGO DE CONDUCTA DE CAMINOS Y AEROPISTAS DE OAXACA\">\n<h5 style=\"text-align: center\">C\u00d3DIGO DE CONDUCTA DE CAMINOS Y AEROPISTAS DE OAXACA<\/h5>\n<div><div class=\"su-document su-u-responsive-media-yes\"><iframe loading=\"lazy\" src=\"\/\/docs.google.com\/viewer?embedded=true&url=https:\/\/www.oaxaca.gob.mx\/cao\/wp-content\/uploads\/sites\/5\/2022\/09\/CODIGO-DE-CONDUCTA-CAO-APROBADO-SCTG.pdf\" width=\"600\" height=\"400\" class=\"su-document\" title=\"\"><\/iframe><\/div><\/div>\n<p>\t<\/div>\n<div class=\"su-tabs-pane su-u-clearfix su-u-trim\" data-title=\"PROCEDIMIENTO PARA SOMETER QUEJAS Y\/O DENUNCIAS ANTE EL COMIT\u00c9 POR INCUMPLIMIENTO AL C\u00d3DIGO DE \u00c9TICA\">\n<h5 style=\"text-align: center\">CEPCICAO<\/h5>\n<div><div class=\"su-document su-u-responsive-media-yes\"><iframe loading=\"lazy\" src=\"\/\/docs.google.com\/viewer?embedded=true&url=https:\/\/www.oaxaca.gob.mx\/cao\/wp-content\/uploads\/sites\/5\/2022\/09\/PROTOCOLO-PARA-SOMETER-QUEJAS-ANTE-EL-CEPCI-CIRCULAR.pdf\" width=\"600\" height=\"400\" class=\"su-document\" title=\"\"><\/iframe><\/div><\/div>\n<p>\t<\/div>\n<div class=\"su-tabs-pane su-u-clearfix su-u-trim\" data-title=\"BASES PARA LA INTEGRACI\u00d3N, ORGANIZACI\u00d3N Y FUNCIONAMIENTO DEL COMIT\u00c9 DE \u00c9TICA Y DE PREVENCI\u00d3N DE CONFLICTOS DE INTER\u00c9S DE CAMINOS Y AEROPISTAS DE OAXACA\">\n<h5 style=\"text-align: center\">BASES PARA LA INTEGRACI\u00d3N, ORGANIZACI\u00d3N Y FUNCIONAMIENTO DEL COMIT\u00c9 DE \u00c9TICA Y DE PREVENCI\u00d3N DE CONFLICTOS DE INTER\u00c9S DE CAMINOS Y AEROPISTAS DE OAXACA<\/h5>\n<div><div class=\"su-document su-u-responsive-media-yes\"><iframe loading=\"lazy\" src=\"\/\/docs.google.com\/viewer?embedded=true&url=https:\/\/www.oaxaca.gob.mx\/cao\/wp-content\/uploads\/sites\/5\/2022\/09\/BASE-PARA-LA-INTEGRACION-ORGANIZACION-Y-FUNCIONAMEINTO-DEL-CEPCI-CAO.pdf\" width=\"600\" height=\"400\" class=\"su-document\" title=\"\"><\/iframe><\/div><\/div>\n<p>\t<\/div>\n<div class=\"su-tabs-pane su-u-clearfix su-u-trim\" data-title=\"BUZ\u00d3N DE DENUNCIAS DEL COMIT\u00c9 DE \u00c9TICA\">\n<h5 style=\"text-align: center\">BUZ\u00d3N DE DENUNCIAS DEL COMIT\u00c9 DE \u00c9TICA<\/h5>\n<div>\n<p style=\"text-align: center\"><img decoding=\"async\" class=\"size-medium wp-image-109 aligncenter\" style=\"max-width: 100%;max-height: 200px\" src=\"\/cao\/wp-content\/uploads\/sites\/5\/2019\/07\/buzon-etica.png\" alt=\"etica\" \/><\/p>\n<p>\t\t\t\t&nbsp;<\/p>\n<h6>Con fundamento en el numeral 1 relativo a acuerdo de contar con un apartado para recibir denuncias que ser\u00e1n atendidas por el COMIT\u00c9 DE \u00c9TICA Y DE PREVENCI\u00d3N DE CONFLICTOS DE INTER\u00c9S,<\/h6>\n<p>\t\t\t\t&nbsp;<br \/>\n\t\t\t\t  <script src=\"https:\/\/www.google.com\/recaptcha\/api.js\" async defer><\/script>\r\n  <script>\r\n    function submitUserForm() {\r\n        var response = grecaptcha.getResponse();\r\n        if(response.length == 0) {\r\n            document.getElementById('g-recaptcha-error').innerHTML = '<span style=\"color:red;\">Este campo es requerido, favor de seleccionar.<\/span>';\r\n            return false;\r\n        }\r\n        return true;\r\n    }\r\n     \r\n    function verifyCaptcha() {\r\n        document.getElementById('g-recaptcha-error').innerHTML = '';\r\n    }\r\n<\/script>\r\n  <form action=\"\/custom-post\/contactform.php\" method=\"post\" onsubmit=\"return submitUserForm();\">\r\n    <div class=\"row\">\r\n      <div class=\"col-md-6\">\r\n        <div class=\"form-group\">\r\n          <label class=\"control-label requiredField\" for=\"fldname\">\r\n            Nombre\r\n            <span class=\"asteriskField\">*<\/span>\r\n          <\/label>\r\n          <input class=\"form-control\" id=\"fldname\" name=\"fldname\" value=\"\" placeholder=\"Nombre\" type=\"text\" required \/>\r\n                  <\/div>\r\n      <\/div>\r\n      <div class=\"col-md-6\">\r\n        <div class=\"form-group\">\r\n          <label class=\"control-label requiredField\" for=\"fldlastname\">\r\n            Apellidos\r\n            <span class=\"asteriskField\">*<\/span>\r\n          <\/label>\r\n          <input class=\"form-control\" id=\"fldlastname\" name=\"fldlastname\" value=\"\" placeholder=\"Apellidos\" type=\"text\" required \/>\r\n                  <\/div>\r\n      <\/div>\r\n      <div class=\"col-md-12\">\r\n        <div class=\"form-group \">\r\n          <label class=\"control-label requiredField\" for=\"fldemail\">\r\n            Correo\r\n            <span class=\"asteriskField\">*<\/span>\r\n          <\/label>\r\n          <input type=\"email\" class=\"form-control\" id=\"fldemail\" name=\"fldemail\" value=\"\" placeholder=\"Correo electr&oacute;nico\" required \/>\r\n                  <\/div>\r\n      <\/div>\r\n      <div class=\"col-md-12\">\r\n      <div class=\"form-group\">\r\n          <label class=\"control-label requiredField\" for=\"fldmessage\">\r\n            Mensaje\r\n            <span class=\"asteriskField\">*<\/span>\r\n          <\/label>\r\n          <textarea class=\"form-control\" placeholder=\"Escribe tus comentarios y sugerencias\" cols=\"40\" id=\"fldmessage\" name=\"fldmessage\" rows=\"5\" required ><\/textarea>\r\n                  <\/div>\r\n      <\/div>\r\n      <div class=\"col-md-12\">\r\n        <div class=\"g-recaptcha\" id=\"rcaptcha\" name=\"rcaptcha\" data-sitekey=\"6LdvRLUZAAAAAJsW1K6xMBqRNIgI3Pg2ox6R8xwJ\" data-callback=\"verifyCaptcha\"><\/div>\r\n        <div id=\"g-recaptcha-error\"><\/div>\r\n        <br>\r\n      <\/div>\r\n      <div class=\"col-md-12\">\r\n        <input type=\"hidden\" name=\"site\" id=\"site\" value=\"\/\/\">\r\n        <input type=\"hidden\" name=\"site_type\" id=\"site_type\" value=\"\">\r\n        <input type=\"hidden\" id=\"nonceprocess_form\" name=\"nonceprocess_form\" value=\"486caac88c\" \/><input type=\"hidden\" name=\"_wp_http_referer\" value=\"\/cao\/wp-json\/wp\/v2\/pages\/5667\" \/><input type=\"hidden\" id=\"nonceprocess_form\" name=\"nonceprocess_form\" value=\"486caac88c\" \/><input type=\"hidden\" name=\"_wp_http_referer\" value=\"\/cao\/wp-json\/wp\/v2\/pages\/5667\" \/>\r\n            <div class=\"form-group\">\r\n          <div>\r\n            <button class=\"btn btn-morado btn-lg btn-block\" id=\"btnsubmit\" name=\"btnsubmit\" type=\"submit\">Enviar<\/button>\r\n          <\/div>\r\n        <\/div>\r\n \r\n      <\/div>\r\n      <hr>\r\n    <\/div>\r\n  <\/form>\r\n<\/div>\n<p>\t<\/div>\n<div class=\"su-tabs-pane su-u-clearfix su-u-trim\" data-title=\"CONVOCATORIA DEL COMIT\u00c9 DE \u00c9TICA\">\n<h5 style=\"text-align: center\">CONVOCATORIA DEL COMIT\u00c9 DE \u00c9TICA<\/h5>\n<div><div class=\"su-document su-u-responsive-media-yes\"><iframe loading=\"lazy\" src=\"\/\/docs.google.com\/viewer?embedded=true&url=https:\/\/www.oaxaca.gob.mx\/cao\/wp-content\/uploads\/sites\/5\/2019\/04\/CONVOCATORIA-COMITE-ETICA.pdf\" width=\"600\" height=\"400\" class=\"su-document\" title=\"\"><\/iframe><\/div><\/div>\n<p>\t<\/div>\n<div class=\"su-tabs-pane su-u-clearfix su-u-trim\" data-title=\"RESULTADOS DE LA CONVOCATORIA DEL COMIT\u00c9 DE \u00c9TICA\">\n<h5 style=\"text-align: center\">RESULTADOS DE LA CONVOCATORIA DEL COMIT\u00c9 DE \u00c9TICA<\/h5>\n<div>\n<p style=\"text-align: center\"><img decoding=\"async\" style=\"max-width: 100%;max-height: 100%\" src=\"\/cao\/wp-content\/uploads\/sites\/5\/2019\/03\/ETICA-Y-PREV-CONFLICTOS-DE-INTERES.png\" alt=\"etica\" \/><\/p>\n<\/p><\/div>\n<p>\t<\/div>\n<div class=\"su-tabs-pane su-u-clearfix su-u-trim\" data-title=\"ACTA DE INSTALACI\u00d3N DEL COMIT\u00c9 DE \u00c9TICA\">\n<h5 style=\"text-align: center\">ACTA DE INSTALACI\u00d3N DEL COMIT\u00c9 DE \u00c9TICA<\/h5>\n<div>\n<p>\t\t\t\t<div class=\"su-document su-u-responsive-media-yes\"><iframe loading=\"lazy\" src=\"\/\/docs.google.com\/viewer?embedded=true&url=https:\/\/www.oaxaca.gob.mx\/cao\/wp-content\/uploads\/sites\/5\/web\/2018\/etica\/ACTA-INSTALACION-COMITE-DE-ETICA.pdf\" width=\"600\" height=\"400\" class=\"su-document\" title=\"\"><\/iframe><\/div><\/div>\n<p>\t<\/div><\/div><\/div>\n","protected":false},"excerpt":{"rendered":"<p>&nbsp; ES FACULTAD DE LA SECRETAR\u00cdA DE LA CONTRALOR\u00cdA Y TRANSPARENCIA GUBERNAMENTAL EN T\u00c9RMINOS DEL ART\u00cdCULO 16 DE LA LEY GENERAL DE RESPONSABILIDADES ADMINISTRATIVAS, ART\u00cdCULO 14 DE LA LEY DE RESPONSABILIDADES ADMINISTRATIVAS DEL ESTADO Y MUNICIPIOS DE OAXACA, ART\u00cdCULO 47 FRACCI\u00d3N XXXIII Y XXXIV DE LA LEY ORG\u00c1NICA DEL PODER EJECUTIVO DEL ESTADO DE OAXACA [&hellip;]<\/p>\n","protected":false},"author":2,"featured_media":0,"parent":0,"menu_order":0,"comment_status":"closed","ping_status":"closed","template":"","meta":{"episode_type":"","audio_file":"","podmotor_file_id":"","podmotor_episode_id":"","cover_image":"","cover_image_id":"","duration":"","filesize":"","filesize_raw":"","date_recorded":"","explicit":"","block":"","itunes_episode_number":"","itunes_title":"","itunes_season_number":"","itunes_episode_type":"","footnotes":""},"categories":[],"tags":[],"class_list":["post-5667","page","type-page","status-publish","hentry"],"publishpress_future_action":{"enabled":false,"date":"2026-05-24 04:09:24","action":"change-status","newStatus":"draft","terms":[],"taxonomy":"category","extraData":[]},"publishpress_future_workflow_manual_trigger":{"enabledWorkflows":[]},"_links":{"self":[{"href":"https:\/\/www.oaxaca.gob.mx\/cao\/wp-json\/wp\/v2\/pages\/5667","targetHints":{"allow":["GET"]}}],"collection":[{"href":"https:\/\/www.oaxaca.gob.mx\/cao\/wp-json\/wp\/v2\/pages"}],"about":[{"href":"https:\/\/www.oaxaca.gob.mx\/cao\/wp-json\/wp\/v2\/types\/page"}],"author":[{"embeddable":true,"href":"https:\/\/www.oaxaca.gob.mx\/cao\/wp-json\/wp\/v2\/users\/2"}],"replies":[{"embeddable":true,"href":"https:\/\/www.oaxaca.gob.mx\/cao\/wp-json\/wp\/v2\/comments?post=5667"}],"version-history":[{"count":2,"href":"https:\/\/www.oaxaca.gob.mx\/cao\/wp-json\/wp\/v2\/pages\/5667\/revisions"}],"predecessor-version":[{"id":16202,"href":"https:\/\/www.oaxaca.gob.mx\/cao\/wp-json\/wp\/v2\/pages\/5667\/revisions\/16202"}],"wp:attachment":[{"href":"https:\/\/www.oaxaca.gob.mx\/cao\/wp-json\/wp\/v2\/media?parent=5667"}],"wp:term":[{"taxonomy":"category","embeddable":true,"href":"https:\/\/www.oaxaca.gob.mx\/cao\/wp-json\/wp\/v2\/categories?post=5667"},{"taxonomy":"post_tag","embeddable":true,"href":"https:\/\/www.oaxaca.gob.mx\/cao\/wp-json\/wp\/v2\/tags?post=5667"}],"curies":[{"name":"wp","href":"https:\/\/api.w.org\/{rel}","templated":true}]}}