{"id":4137,"date":"2018-11-26T15:18:18","date_gmt":"2018-11-26T20:18:18","guid":{"rendered":"https:\/\/www.oaxaca.gob.mx\/cao\/?page_id=4137"},"modified":"2019-03-07T18:22:05","modified_gmt":"2019-03-07T18:22:05","slug":"4137-2","status":"publish","type":"page","link":"https:\/\/www.oaxaca.gob.mx\/cao\/4137-2\/","title":{"rendered":"MARCO NORMATIVO JUR\u00cdDICO"},"content":{"rendered":"<br \/>\n<table border>\n<tr style=\"background: #c6c6c6\">\n<th style=\"text-align:center;padding: 20px\">\n<h6>ARCHIVOS DEL MARCO NORMATIVO JUR\u00cdDICO<\/p>\n<h6><\/th>\n<th style=\"text-align:center\">\n<h6>VER<\/h6>\n<\/th>\n<\/tr>\n<tr>\n<td style=\"padding: 10px\">CONSTITUCI\u00d3N POL\u00cdTICA DE LOS ESTADOS UNIDOS MEXICANOS<\/td>\n<td style=\"text-align:center\"><a title=\"CONSTITUCI\u00d3N POL\u00cdTICA DE LOS ESTADOS UNIDOS MEXICANOS\" target=\"_blank\" href=\"\/cao\/wp-content\/uploads\/sites\/5\/web\/2018\/juridico\/CPEUM.pdf\"><img decoding=\"async\" src=\"\/cao\/wp-content\/uploads\/sites\/5\/web\/img\/iconpdf.png\" style=\"max-width: 30px;max-height: 30px\"><\/a><\/td>\n<\/tr>\n<tr style=\"background: #eee\">\n<td style=\"padding: 10px\">CONSTITUCI\u00d3N POL\u00cdTICA DEL ESTADO LIBRE Y SOBERANO DE OAXACA<\/td>\n<td style=\"text-align:center\"><a title=\"CONSTITUCION POLITICA DEL ESTADO LIBRE Y SOBERANO DE OAXACA\" target=\"_blank\" href=\"\/cao\/wp-content\/uploads\/sites\/5\/web\/2018\/juridico\/CPELSO.pdf\"><img decoding=\"async\" src=\"\/cao\/wp-content\/uploads\/sites\/5\/web\/img\/iconpdf.png\" style=\"max-width: 30px;max-height: 30px\"><\/a><\/td>\n<\/tr>\n<tr>\n<td style=\"padding: 10px\">CONVENCI\u00d3N AMERICANA SOBRE DERECHOS HUMANOS<\/td>\n<td style=\"text-align:center\"><a title=\"CONVENCI\u00d3N AMERICANA SOBRE DERECHOS HUMANOS\" target=\"_blank\" href=\"\/cao\/wp-content\/uploads\/sites\/5\/web\/2018\/juridico\/CASDH.pdf\"><img decoding=\"async\" src=\"\/cao\/wp-content\/uploads\/sites\/5\/web\/img\/iconpdf.png\" style=\"max-width: 30px;max-height: 30px\"><\/a><\/td>\n<\/tr>\n<tr style=\"background: #eee\">\n<td style=\"padding: 10px\">DECRETO EN MATERIA DE TRANSPARENCIA<\/td>\n<td style=\"text-align:center\"><a title=\"DECRETO EN MATERIA DE TRANSPARENCIA\" target=\"_blank\" href=\"\/cao\/wp-content\/uploads\/sites\/5\/web\/2018\/juridico\/DMT.pdf\"><img decoding=\"async\" src=\"\/cao\/wp-content\/uploads\/sites\/5\/web\/img\/iconpdf.png\" style=\"max-width: 30px;max-height: 30px\"><\/a><\/td>\n<\/tr>\n<tr>\n<td style=\"padding: 10px\">LEY DE ADQUISICIONES ARRENDAMIENTOS Y SERVICIOS DEL SECTOR P\u00daBLICO<\/td>\n<td style=\"text-align:center\"><a title=\"LEY DE ADQUISICIONES ARRENDAMIENTOS Y SERVICIOS DEL SECTOR PUBLICO\" target=\"_blank\" href=\"\/cao\/wp-content\/uploads\/sites\/5\/web\/2018\/juridico\/LAASSP.pdf\"><img decoding=\"async\" src=\"\/cao\/wp-content\/uploads\/sites\/5\/web\/img\/iconpdf.png\" style=\"max-width: 30px;max-height: 30px\"><\/a><\/td>\n<\/tr>\n<tr style=\"background: #eee\">\n<td style=\"padding: 10px\">LEY DE AMPARO REGLAMENTARIA DE LOS ART\u00cdCULOS 103 Y 107<\/td>\n<td style=\"text-align:center\"><a title=\"LEY DE AMPARO REGLAMENTARIA DE LOS ART\u00cdCULOS 103 Y 107\" target=\"_blank\" href=\"\/cao\/wp-content\/uploads\/sites\/5\/web\/2018\/juridico\/LARA-103-107-150618.pdf\"><img decoding=\"async\" src=\"\/cao\/wp-content\/uploads\/sites\/5\/web\/img\/iconpdf.png\" style=\"max-width: 30px;max-height: 30px\"><\/a><\/td>\n<\/tr>\n<tr>\n<td style=\"padding: 10px\">LEY DE ARCHIVOS DEL ESTADO DE OAXACA<\/td>\n<td style=\"text-align:center\"><a title=\"LEY DE ARCHIVOS DEL ESTADO DE OAXACA\" target=\"_blank\" href=\"\/cao\/wp-content\/uploads\/sites\/5\/web\/2018\/juridico\/LAEO.pdf\"><img decoding=\"async\" src=\"\/cao\/wp-content\/uploads\/sites\/5\/web\/img\/iconpdf.png\" style=\"max-width: 30px;max-height: 30px\"><\/a><\/td>\n<\/tr>\n<tr style=\"background: #eee\">\n<td style=\"padding: 10px\">LEY DE CAMINOS Y AEROPISTAS DE OAXACA<\/td>\n<td style=\"text-align:center\"><a title=\"LEY DE CAMINOS Y AEROPISTAS DE OAXACA\" target=\"_blank\" href=\"\/cao\/wp-content\/uploads\/sites\/5\/web\/2018\/juridico\/LEYCAO.pdf\"><img decoding=\"async\" src=\"\/cao\/wp-content\/uploads\/sites\/5\/web\/img\/iconpdf.png\" style=\"max-width: 30px;max-height: 30px\"><\/a><\/td>\n<\/tr>\n<tr>\n<td style=\"padding: 10px\">LEY DE CAMINOS, CARRETERAS Y PUENTES PARA EL ESTADO DE OAXACA<\/td>\n<td style=\"text-align:center\"><a title=\"LEY DE CAMINOS, CARRETERAS Y PUENTES PARA EL ESTADO DE OAXACA\" target=\"_blank\" href=\"\/cao\/wp-content\/uploads\/sites\/5\/web\/2018\/juridico\/LCCPEO.pdf\"><img decoding=\"async\" src=\"\/cao\/wp-content\/uploads\/sites\/5\/web\/img\/iconpdf.png\" style=\"max-width: 30px;max-height: 30px\"><\/a><\/td>\n<\/tr>\n<tr style=\"background: #eee\">\n<td style=\"padding: 10px\">LEY DE ENTIDADES PARAESTATALES DEL ESTADO DE OAXACA<\/td>\n<td style=\"text-align:center\"><a title=\"LEY DE ENTIDADES PARAESTATALES DEL ESTADO DE OAXACA\" target=\"_blank\" href=\"\/cao\/wp-content\/uploads\/sites\/5\/web\/2018\/juridico\/LEPEO.pdf\"><img decoding=\"async\" src=\"\/cao\/wp-content\/uploads\/sites\/5\/web\/img\/iconpdf.png\" style=\"max-width: 30px;max-height: 30px\"><\/a><\/td>\n<\/tr>\n<tr>\n<td style=\"padding: 10px\">LEY DE INSTITUCIONES DE SEGUROS Y DE FIANZAS<\/td>\n<td style=\"text-align:center\"><a title=\"LEY DE INSTITUCIONES DE SEGUROS Y DE FIANZAS\" target=\"_blank\" href=\"\/cao\/wp-content\/uploads\/sites\/5\/web\/2018\/juridico\/LISF.pdf\"><img decoding=\"async\" src=\"\/cao\/wp-content\/uploads\/sites\/5\/web\/img\/iconpdf.png\" style=\"max-width: 30px;max-height: 30px\"><\/a><\/td>\n<\/tr>\n<tr style=\"background: #eee\">\n<td style=\"padding: 10px\">LEY DE JUSTICIA ADMINISTRATIVA PARA EL ESTADO DE OAXACA<\/td>\n<td style=\"text-align:center\"><a title=\"LEY DE JUSTICIA ADMINISTRATIVA PARA EL ESTADO DE OAXACA\" target=\"_blank\" href=\"\/cao\/wp-content\/uploads\/sites\/5\/web\/2018\/juridico\/LJAEO.pdf\"><img decoding=\"async\" src=\"\/cao\/wp-content\/uploads\/sites\/5\/web\/img\/iconpdf.png\" style=\"max-width: 30px;max-height: 30px\"><\/a><\/td>\n<\/tr>\n<tr>\n<td style=\"padding: 10px\">LEY DE OBRAS P\u00daBLICAS Y SERVICIOS RELACIONADOS CON LAS MISMAS<\/td>\n<td style=\"text-align:center\"><a title=\"LEY DE OBRAS P\u00daBLICAS Y SERVICIOS RELACIONADOS CON LAS MISMAS\" target=\"_blank\" href=\"\/cao\/wp-content\/uploads\/sites\/5\/web\/2018\/juridico\/LOPSRM.pdf\"><img decoding=\"async\" src=\"\/cao\/wp-content\/uploads\/sites\/5\/web\/img\/iconpdf.png\" style=\"max-width: 30px;max-height: 30px\"><\/a><\/td>\n<\/tr>\n<tr style=\"background: #eee\">\n<td style=\"padding: 10px\">LEY DE OBRAS P\u00daBLICAS Y SERVICIOS RELACIONADOS DEL ESTADO DE OAXACA<\/td>\n<td style=\"text-align:center\"><a title=\"LEY DE OBRAS P\u00daBLICAS Y SERVICIOS RELACIONADOS DEL ESTADO DE OAXACA\" target=\"_blank\" href=\"\/cao\/wp-content\/uploads\/sites\/5\/web\/2018\/juridico\/LOPSREO.pdf\"><img decoding=\"async\" src=\"\/cao\/wp-content\/uploads\/sites\/5\/web\/img\/iconpdf.png\" style=\"max-width: 30px;max-height: 30px\"><\/a><\/td>\n<\/tr>\n<tr>\n<td style=\"padding: 10px\">LEY DE PROTECCI\u00d3N DE DATOS PERSONALES DEL ESTADO DE OAXACA<\/td>\n<td style=\"text-align:center\"><a title=\"LEY DE PROTECCI\u00d3N DE DATOS PERSONALES DEL ESTADO DE OAXACA\" target=\"_blank\" href=\"\/cao\/wp-content\/uploads\/sites\/5\/web\/2018\/juridico\/LPDPEO.pdf\"><img decoding=\"async\" src=\"\/cao\/wp-content\/uploads\/sites\/5\/web\/img\/iconpdf.png\" style=\"max-width: 30px;max-height: 30px\"><\/a><\/td>\n<\/tr>\n<tr style=\"background: #eee\">\n<td style=\"padding: 10px\">LEY DE RESPONSABILIDADES DE LOS SERVIDORES P\u00daBLICOS DEL ESTADO Y MUNICIPIOS DE OAXACA<\/td>\n<td style=\"text-align:center\"><a title=\"LEY DE RESPONSABILIDADES DE LOS SERVIDORES P\u00daBLICOS DEL ESTADO Y MUNICIPIOS DE OAXACA\" target=\"_blank\" href=\"\/cao\/wp-content\/uploads\/sites\/5\/web\/2018\/juridico\/LRSPEMO.pdf\"><img decoding=\"async\" src=\"\/cao\/wp-content\/uploads\/sites\/5\/web\/img\/iconpdf.png\" style=\"max-width: 30px;max-height: 30px\"><\/a><\/td>\n<\/tr>\n<tr>\n<td style=\"padding: 10px\">LEY DE TRANSPARENCIA Y ACCESO A LA INFORMACI\u00d3N P\u00daBLICA PARA EL ESTADO DE OAXACA (LTAIPO)<\/td>\n<td style=\"text-align:center\"><a title=\"LEY DE TRANSPARENCIA Y ACCESO A LA INFORMACI\u00d3N P\u00daBLICA PARA EL ESTADO DE OAXACA (LTAIPO)\" target=\"_blank\" href=\"\/cao\/wp-content\/uploads\/sites\/5\/web\/2018\/juridico\/LTAIPO.pdf\"><img decoding=\"async\" src=\"\/cao\/wp-content\/uploads\/sites\/5\/web\/img\/iconpdf.png\" style=\"max-width: 30px;max-height: 30px\"><\/a><\/td>\n<\/tr>\n<tr style=\"background: #eee\">\n<td style=\"padding: 10px\">LEY DEL EQUILIBRIO ECOL\u00d3GICO DEL ESTADO DE OAXACA<\/td>\n<td style=\"text-align:center\"><a title=\"LEY DEL EQUILIBRIO ECOL\u00d3GICO DEL ESTADO DE OAXACA\" target=\"_blank\" href=\"\/cao\/wp-content\/uploads\/sites\/5\/web\/2018\/juridico\/LEEEO.pdf\"><img decoding=\"async\" src=\"\/cao\/wp-content\/uploads\/sites\/5\/web\/img\/iconpdf.png\" style=\"max-width: 30px;max-height: 30px\"><\/a><\/td>\n<\/tr>\n<tr>\n<td style=\"padding: 10px\">LEY FEDERAL DE ARCHIVOS<\/td>\n<td style=\"text-align:center\"><a title=\"LEY FEDERAL DE ARCHIVOS\" target=\"_blank\" href=\"\/cao\/wp-content\/uploads\/sites\/5\/web\/2018\/juridico\/LFA-2012.pdf\"><img decoding=\"async\" src=\"\/cao\/wp-content\/uploads\/sites\/5\/web\/img\/iconpdf.png\" style=\"max-width: 30px;max-height: 30px\"><\/a><\/td>\n<\/tr>\n<tr style=\"background: #eee\">\n<td style=\"padding: 10px\">LEY FEDERAL DE PROCEDIMIENTO ADMINISTRATIVO<\/td>\n<td style=\"text-align:center\"><a title=\"LEY FEDERAL DE PROCEDIMIENTO ADMINISTRATIVO\" target=\"_blank\" href=\"\/cao\/wp-content\/uploads\/sites\/5\/web\/2018\/juridico\/LFPA.pdf\"><img decoding=\"async\" src=\"\/cao\/wp-content\/uploads\/sites\/5\/web\/img\/iconpdf.png\" style=\"max-width: 30px;max-height: 30px\"><\/a><\/td>\n<\/tr>\n<tr>\n<td style=\"padding: 10px\">LEY GENERAL DE TRANSPARENCIA Y ACCESO A LA INFORMACI\u00d3N P\u00daBLICA (LGTAIP)<\/td>\n<td style=\"text-align:center\"><a title=\"LEY GENERAL DE TRANSPARENCIA Y ACCESO A LA INFORMACI\u00d3N P\u00daBLICA (LGTAIP)\" target=\"_blank\" href=\"\/cao\/wp-content\/uploads\/sites\/5\/web\/2018\/juridico\/LGTAIP.pdf\"><img decoding=\"async\" src=\"\/cao\/wp-content\/uploads\/sites\/5\/web\/img\/iconpdf.png\" style=\"max-width: 30px;max-height: 30px\"><\/a><\/td>\n<\/tr>\n<tr style=\"background: #eee\">\n<td style=\"padding: 10px\">LEY FEDERAL DE PROCEDIMIENTO CONTENCIOSO ADMINISTRATIVO<\/td>\n<td style=\"text-align:center\"><a title=\"LEY FEDERAL DE PROCEDIMIENTO CONTENCIOSO ADMINISTRATIVO\" target=\"_blank\" href=\"\/cao\/wp-content\/uploads\/sites\/5\/web\/2018\/juridico\/LFPCA-270117.pdf\"><img decoding=\"async\" src=\"\/cao\/wp-content\/uploads\/sites\/5\/web\/img\/iconpdf.png\" style=\"max-width: 30px;max-height: 30px\"><\/a><\/td>\n<\/tr>\n<tr>\n<td style=\"padding: 10px\">MANUAL DE ORGANIZACI\u00d3N DE CAO<\/td>\n<td style=\"text-align:center\"><a title=\"MANUAL DE ORGANIZACI\u00d3N DE CAO\" target=\"_blank\" href=\"\/cao\/wp-content\/uploads\/sites\/5\/web\/2018\/juridico\/MOCAO-2015.pdf\"><img decoding=\"async\" src=\"\/cao\/wp-content\/uploads\/sites\/5\/web\/img\/iconpdf.png\" style=\"max-width: 30px;max-height: 30px\"><\/a><\/td>\n<\/tr>\n<tr style=\"background: #eee\">\n<td style=\"padding: 10px\">PACTO INTERNACIONAL DE DERECHOS C\u00cdVILES Y POL\u00cdTICOS<\/td>\n<td style=\"text-align:center\"><a title=\"PACTO INTERNACIONAL DE DERECHOS C\u00cdVILES Y POL\u00cdTICOS\" target=\"_blank\" href=\"\/cao\/wp-content\/uploads\/sites\/5\/web\/2018\/juridico\/PIDCP.pdf\"><img decoding=\"async\" src=\"\/cao\/wp-content\/uploads\/sites\/5\/web\/img\/iconpdf.png\" style=\"max-width: 30px;max-height: 30px\"><\/a><\/td>\n<\/tr>\n<tr>\n<td style=\"padding: 10px\">PACTO INTERNACIONAL DE DERECHOS ECON\u00d3MICOS, SOCIALES Y CULTURALES<\/td>\n<td style=\"text-align:center\"><a title=\"PACTO INTERNACIONAL DE DERECHOS ECON\u00d3MICOS. SOCIALES Y CULTURALES\" target=\"_blank\" href=\"\/cao\/wp-content\/uploads\/sites\/5\/web\/2018\/juridico\/PIDESC.pdf\"><img decoding=\"async\" src=\"\/cao\/wp-content\/uploads\/sites\/5\/web\/img\/iconpdf.png\" style=\"max-width: 30px;max-height: 30px\"><\/a><\/td>\n<\/tr>\n<tr style=\"background: #eee\">\n<td style=\"padding: 10px\">REGLAMENTO DE LA LEY DE OBRAS P\u00daBLICAS Y SERVICIOS RELACIONADOS CON LAS MISMAS<\/td>\n<td style=\"text-align:center\"><a title=\"REGLAMENTO DE LA LEY DE OBRAS P\u00daBLICAS Y SERVICIOS RELACIONADOS CON LAS MISMAS\" target=\"_blank\" href=\"\/cao\/wp-content\/uploads\/sites\/5\/web\/2018\/juridico\/RLOPSRM.pdf\"><img decoding=\"async\" src=\"\/cao\/wp-content\/uploads\/sites\/5\/web\/img\/iconpdf.png\" style=\"max-width: 30px;max-height: 30px\"><\/a><\/td>\n<\/tr>\n<tr>\n<td style=\"padding: 10px\">REGLAMENTO INTERNO DE CAO<\/td>\n<td style=\"text-align:center\"><a title=\"REGLAMENTO INTERNO DE CAO\" target=\"_blank\" href=\"\/cao\/wp-content\/uploads\/sites\/5\/web\/2018\/juridico\/RICAO.pdf\"><img decoding=\"async\" src=\"\/cao\/wp-content\/uploads\/sites\/5\/web\/img\/iconpdf.png\" style=\"max-width: 30px;max-height: 30px\"><\/a><\/td>\n<\/tr>\n<\/table>\n","protected":false},"excerpt":{"rendered":"<p>ARCHIVOS DEL MARCO NORMATIVO JUR\u00cdDICO VER CONSTITUCI\u00d3N POL\u00cdTICA DE LOS ESTADOS UNIDOS MEXICANOS CONSTITUCI\u00d3N POL\u00cdTICA DEL ESTADO LIBRE Y SOBERANO DE OAXACA CONVENCI\u00d3N AMERICANA SOBRE DERECHOS HUMANOS DECRETO EN MATERIA DE TRANSPARENCIA LEY DE ADQUISICIONES ARRENDAMIENTOS Y SERVICIOS DEL SECTOR P\u00daBLICO LEY DE AMPARO REGLAMENTARIA DE LOS ART\u00cdCULOS 103 Y 107 LEY DE ARCHIVOS DEL [&hellip;]<\/p>\n","protected":false},"author":1,"featured_media":0,"parent":0,"menu_order":0,"comment_status":"closed","ping_status":"closed","template":"","meta":{"episode_type":"","audio_file":"","podmotor_file_id":"","podmotor_episode_id":"","cover_image":"","cover_image_id":"","duration":"","filesize":"","filesize_raw":"","date_recorded":"","explicit":"","block":"","itunes_episode_number":"","itunes_title":"","itunes_season_number":"","itunes_episode_type":"","footnotes":""},"categories":[],"tags":[],"class_list":["post-4137","page","type-page","status-publish","hentry"],"publishpress_future_action":{"enabled":false,"date":"2026-04-10 18:56:20","action":"change-status","newStatus":"draft","terms":[],"taxonomy":"category","extraData":[]},"publishpress_future_workflow_manual_trigger":{"enabledWorkflows":[]},"_links":{"self":[{"href":"https:\/\/www.oaxaca.gob.mx\/cao\/wp-json\/wp\/v2\/pages\/4137","targetHints":{"allow":["GET"]}}],"collection":[{"href":"https:\/\/www.oaxaca.gob.mx\/cao\/wp-json\/wp\/v2\/pages"}],"about":[{"href":"https:\/\/www.oaxaca.gob.mx\/cao\/wp-json\/wp\/v2\/types\/page"}],"author":[{"embeddable":true,"href":"https:\/\/www.oaxaca.gob.mx\/cao\/wp-json\/wp\/v2\/users\/1"}],"replies":[{"embeddable":true,"href":"https:\/\/www.oaxaca.gob.mx\/cao\/wp-json\/wp\/v2\/comments?post=4137"}],"version-history":[{"count":2,"href":"https:\/\/www.oaxaca.gob.mx\/cao\/wp-json\/wp\/v2\/pages\/4137\/revisions"}],"predecessor-version":[{"id":5370,"href":"https:\/\/www.oaxaca.gob.mx\/cao\/wp-json\/wp\/v2\/pages\/4137\/revisions\/5370"}],"wp:attachment":[{"href":"https:\/\/www.oaxaca.gob.mx\/cao\/wp-json\/wp\/v2\/media?parent=4137"}],"wp:term":[{"taxonomy":"category","embeddable":true,"href":"https:\/\/www.oaxaca.gob.mx\/cao\/wp-json\/wp\/v2\/categories?post=4137"},{"taxonomy":"post_tag","embeddable":true,"href":"https:\/\/www.oaxaca.gob.mx\/cao\/wp-json\/wp\/v2\/tags?post=4137"}],"curies":[{"name":"wp","href":"https:\/\/api.w.org\/{rel}","templated":true}]}}