{"id":3066,"date":"2018-05-16T13:14:12","date_gmt":"2018-05-16T18:14:12","guid":{"rendered":"https:\/\/www.oaxaca.gob.mx\/cao\/?page_id=3066"},"modified":"2022-09-26T12:29:29","modified_gmt":"2022-09-26T17:29:29","slug":"contacto","status":"publish","type":"page","link":"https:\/\/www.oaxaca.gob.mx\/cao\/contacto\/","title":{"rendered":"Buz\u00f3n de Contacto"},"content":{"rendered":"<p><img decoding=\"async\" class=\"size-medium wp-image-109 aligncenter\" src=\"\/cao\/wp-content\/uploads\/sites\/5\/web\/img\/buzonport.png\" \/><\/a><br \/>\n&nbsp;<br \/>\nSi requiere informaci\u00f3n de obra p\u00fablica, procesos de licitaci\u00f3n y contrataci\u00f3n o dem\u00e1s relacionada con el organismo puede ingresar a la <a target=\"_blank\" href=\"https:\/\/www.plataformadetransparencia.org.mx\/web\/guest\/inicio\" rel=\"noopener noreferrer\">Plataforma Nacional de Transparencia PNT<\/a> o ingresando al <a target=\"_blank\" href=\"http:\/\/oaxaca.infomex.org.mx\/\" rel=\"noopener noreferrer\">Sistema de Solicitudes Infomex<\/a> para que a trav\u00e9s de la Unidad de Transparencia correspondiente le orienten.<\/p>\n  <script src=\"https:\/\/www.google.com\/recaptcha\/api.js\" async defer><\/script>\r\n  <script>\r\n    function submitUserForm() {\r\n        var response = grecaptcha.getResponse();\r\n        if(response.length == 0) {\r\n            document.getElementById('g-recaptcha-error').innerHTML = '<span style=\"color:red;\">Este campo es requerido, favor de seleccionar.<\/span>';\r\n            return false;\r\n        }\r\n        return true;\r\n    }\r\n     \r\n    function verifyCaptcha() {\r\n        document.getElementById('g-recaptcha-error').innerHTML = '';\r\n    }\r\n<\/script>\r\n  <form action=\"\/custom-post\/contactform.php\" method=\"post\" onsubmit=\"return submitUserForm();\">\r\n    <div class=\"row\">\r\n      <div class=\"col-md-6\">\r\n        <div class=\"form-group\">\r\n          <label class=\"control-label requiredField\" for=\"fldname\">\r\n            Nombre\r\n            <span class=\"asteriskField\">*<\/span>\r\n          <\/label>\r\n          <input class=\"form-control\" id=\"fldname\" name=\"fldname\" value=\"\" placeholder=\"Nombre\" type=\"text\" required \/>\r\n                  <\/div>\r\n      <\/div>\r\n      <div class=\"col-md-6\">\r\n        <div class=\"form-group\">\r\n          <label class=\"control-label requiredField\" for=\"fldlastname\">\r\n            Apellidos\r\n            <span class=\"asteriskField\">*<\/span>\r\n          <\/label>\r\n          <input class=\"form-control\" id=\"fldlastname\" name=\"fldlastname\" value=\"\" placeholder=\"Apellidos\" type=\"text\" required \/>\r\n                  <\/div>\r\n      <\/div>\r\n      <div class=\"col-md-12\">\r\n        <div class=\"form-group \">\r\n          <label class=\"control-label requiredField\" for=\"fldemail\">\r\n            Correo\r\n            <span class=\"asteriskField\">*<\/span>\r\n          <\/label>\r\n          <input type=\"email\" class=\"form-control\" id=\"fldemail\" name=\"fldemail\" value=\"\" placeholder=\"Correo electr&oacute;nico\" required \/>\r\n                  <\/div>\r\n      <\/div>\r\n      <div class=\"col-md-12\">\r\n      <div class=\"form-group\">\r\n          <label class=\"control-label requiredField\" for=\"fldmessage\">\r\n            Mensaje\r\n            <span class=\"asteriskField\">*<\/span>\r\n          <\/label>\r\n          <textarea class=\"form-control\" placeholder=\"Escribe tus comentarios y sugerencias\" cols=\"40\" id=\"fldmessage\" name=\"fldmessage\" rows=\"5\" required ><\/textarea>\r\n                  <\/div>\r\n      <\/div>\r\n      <div class=\"col-md-12\">\r\n        <div class=\"g-recaptcha\" id=\"rcaptcha\" name=\"rcaptcha\" data-sitekey=\"6LdvRLUZAAAAAJsW1K6xMBqRNIgI3Pg2ox6R8xwJ\" data-callback=\"verifyCaptcha\"><\/div>\r\n        <div id=\"g-recaptcha-error\"><\/div>\r\n        <br>\r\n      <\/div>\r\n      <div class=\"col-md-12\">\r\n        <input type=\"hidden\" name=\"site\" id=\"site\" value=\"\/\/\">\r\n        <input type=\"hidden\" name=\"site_type\" id=\"site_type\" value=\"\">\r\n        <input type=\"hidden\" id=\"nonceprocess_form\" name=\"nonceprocess_form\" value=\"486caac88c\" \/><input type=\"hidden\" name=\"_wp_http_referer\" value=\"\/cao\/wp-json\/wp\/v2\/pages\/3066\" \/><input type=\"hidden\" id=\"nonceprocess_form\" name=\"nonceprocess_form\" value=\"486caac88c\" \/><input type=\"hidden\" name=\"_wp_http_referer\" value=\"\/cao\/wp-json\/wp\/v2\/pages\/3066\" \/>\r\n            <div class=\"form-group\">\r\n          <div>\r\n            <button class=\"btn btn-morado btn-lg btn-block\" id=\"btnsubmit\" name=\"btnsubmit\" type=\"submit\">Enviar<\/button>\r\n          <\/div>\r\n        <\/div>\r\n \r\n      <\/div>\r\n      <hr>\r\n    <\/div>\r\n  <\/form>\r\n\n","protected":false},"excerpt":{"rendered":"<p>&nbsp; Si requiere informaci\u00f3n de obra p\u00fablica, procesos de licitaci\u00f3n y contrataci\u00f3n o dem\u00e1s relacionada con el organismo puede ingresar a la Plataforma Nacional de Transparencia PNT o ingresando al Sistema de Solicitudes Infomex para que a trav\u00e9s de la Unidad de Transparencia correspondiente le orienten.<\/p>\n","protected":false},"author":1,"featured_media":0,"parent":0,"menu_order":0,"comment_status":"closed","ping_status":"closed","template":"plantillas\/template-quejas.php","meta":{"episode_type":"","audio_file":"","podmotor_file_id":"","podmotor_episode_id":"","cover_image":"","cover_image_id":"","duration":"","filesize":"","filesize_raw":"","date_recorded":"","explicit":"","block":"","itunes_episode_number":"","itunes_title":"","itunes_season_number":"","itunes_episode_type":"","footnotes":""},"categories":[],"tags":[],"class_list":["post-3066","page","type-page","status-publish","hentry"],"publishpress_future_action":{"enabled":false,"date":"2026-05-24 04:08:29","action":"change-status","newStatus":"draft","terms":[],"taxonomy":"category","extraData":[]},"publishpress_future_workflow_manual_trigger":{"enabledWorkflows":[]},"_links":{"self":[{"href":"https:\/\/www.oaxaca.gob.mx\/cao\/wp-json\/wp\/v2\/pages\/3066","targetHints":{"allow":["GET"]}}],"collection":[{"href":"https:\/\/www.oaxaca.gob.mx\/cao\/wp-json\/wp\/v2\/pages"}],"about":[{"href":"https:\/\/www.oaxaca.gob.mx\/cao\/wp-json\/wp\/v2\/types\/page"}],"author":[{"embeddable":true,"href":"https:\/\/www.oaxaca.gob.mx\/cao\/wp-json\/wp\/v2\/users\/1"}],"replies":[{"embeddable":true,"href":"https:\/\/www.oaxaca.gob.mx\/cao\/wp-json\/wp\/v2\/comments?post=3066"}],"version-history":[{"count":13,"href":"https:\/\/www.oaxaca.gob.mx\/cao\/wp-json\/wp\/v2\/pages\/3066\/revisions"}],"predecessor-version":[{"id":14976,"href":"https:\/\/www.oaxaca.gob.mx\/cao\/wp-json\/wp\/v2\/pages\/3066\/revisions\/14976"}],"wp:attachment":[{"href":"https:\/\/www.oaxaca.gob.mx\/cao\/wp-json\/wp\/v2\/media?parent=3066"}],"wp:term":[{"taxonomy":"category","embeddable":true,"href":"https:\/\/www.oaxaca.gob.mx\/cao\/wp-json\/wp\/v2\/categories?post=3066"},{"taxonomy":"post_tag","embeddable":true,"href":"https:\/\/www.oaxaca.gob.mx\/cao\/wp-json\/wp\/v2\/tags?post=3066"}],"curies":[{"name":"wp","href":"https:\/\/api.w.org\/{rel}","templated":true}]}}