{"id":2746,"date":"2018-04-13T12:27:54","date_gmt":"2018-04-13T17:27:54","guid":{"rendered":"https:\/\/www.oaxaca.gob.mx\/cao\/?page_id=2746"},"modified":"2020-04-03T02:10:42","modified_gmt":"2020-04-03T08:10:42","slug":"simplificado","status":"publish","type":"page","link":"https:\/\/www.oaxaca.gob.mx\/cao\/simplificado\/","title":{"rendered":"Simplificado"},"content":{"rendered":"<p><img decoding=\"async\" class=\"size-medium wp-image-109 aligncenter\" src=\"\/cao\/\/wp-content\/uploads\/sites\/5\/web\/img\/Banaviso.png\" alt=\"Aviso de Privacidad CAO\" width=\"100%\" height=\"100%\" \/><\/a><br \/>\n&nbsp;<\/p>\n<p style=\"text-align: center\">\n<h4><strong>Aviso de Privacidad Simplificado<\/strong><\/h4>\n<\/p>\n<p><\/p>\n<p style=\"text-align: justify\">Caminos y Aeropistas de Oaxaca del Gobierno del Estado de Oaxaca, es el Sujeto Obligado responsable del tratamiento de los datos personales que nos proporcione.<\/p>\n<p><\/p>\n<p style=\"text-align: justify\">Sus datos personales ser\u00e1n utilizados para las siguientes finalidades: tr\u00e1mites y servicios, solicitudes de informaci\u00f3n y sustanciaci\u00f3n de cualquier medio de impugnaci\u00f3n del que sea parte, as\u00ed como para realizar el registro de los ciudadanos en las asesor\u00edas y generar el informe estad\u00edstico del \u00e1rea.<\/p>\n<p><\/p>\n<p style=\"text-align: justify\">Usted podr\u00e1 ejercer su Derecho de Acceso, Rectificaci\u00f3n, Cancelaci\u00f3n y Oposici\u00f3n a trav\u00e9s de la Unidad de Transparencia, de Caminos y Aeropistas de Oaxaca del Gobierno del Estado, ubicado en Centro Administrativo del Poder Ejecutivo y Judicial \u00abGeneral Porfirio D\u00edaz Mori, Soldado de la Patria\u00bb Edificio: Ricardo Flores Magon, Av. Gerardo Pandal Graff, No. 01, Reyes Mantec\u00f3n, San Bartolo Coyotepec, Centro, Oax. C.P. 71257. Tel. Conmutador 01 (951) 501 6900 Ext. 24395, al correo electr\u00f3nico: juridico.cao@outlook.com, y p\u00e1gina web, https:\/\/www.oaxaca.gob.mx\/cao\/ de lunes a viernes de 09:00 a 15:00 horas, en d\u00edas h\u00e1biles.<\/p>\n<p><\/p>\n<p style=\"text-align: justify\">Usted puede consultar sus derechos de Acceso, Rectificaci\u00f3n, Cancelaci\u00f3n y Oposici\u00f3n (ARCO) en nuestro portal de internet, juridico.cao@outlook.com y p\u00e1gina web: https:\/\/www.oaxaca.gob.mx\/cao\/<\/p>\n","protected":false},"excerpt":{"rendered":"<p>&nbsp; Aviso de Privacidad Simplificado Caminos y Aeropistas de Oaxaca del Gobierno del Estado de Oaxaca, es el Sujeto Obligado responsable del tratamiento de los datos personales que nos proporcione. Sus datos personales ser\u00e1n utilizados para las siguientes finalidades: tr\u00e1mites y servicios, solicitudes de informaci\u00f3n y sustanciaci\u00f3n de cualquier medio de impugnaci\u00f3n del que sea [&hellip;]<\/p>\n","protected":false},"author":1,"featured_media":0,"parent":0,"menu_order":0,"comment_status":"closed","ping_status":"closed","template":"","meta":{"episode_type":"","audio_file":"","podmotor_file_id":"","podmotor_episode_id":"","cover_image":"","cover_image_id":"","duration":"","filesize":"","filesize_raw":"","date_recorded":"","explicit":"","block":"","itunes_episode_number":"","itunes_title":"","itunes_season_number":"","itunes_episode_type":"","footnotes":""},"categories":[],"tags":[],"class_list":["post-2746","page","type-page","status-publish","hentry"],"publishpress_future_action":{"enabled":false,"date":"2026-04-11 01:11:18","action":"change-status","newStatus":"draft","terms":[],"taxonomy":"category","extraData":[]},"publishpress_future_workflow_manual_trigger":{"enabledWorkflows":[]},"_links":{"self":[{"href":"https:\/\/www.oaxaca.gob.mx\/cao\/wp-json\/wp\/v2\/pages\/2746","targetHints":{"allow":["GET"]}}],"collection":[{"href":"https:\/\/www.oaxaca.gob.mx\/cao\/wp-json\/wp\/v2\/pages"}],"about":[{"href":"https:\/\/www.oaxaca.gob.mx\/cao\/wp-json\/wp\/v2\/types\/page"}],"author":[{"embeddable":true,"href":"https:\/\/www.oaxaca.gob.mx\/cao\/wp-json\/wp\/v2\/users\/1"}],"replies":[{"embeddable":true,"href":"https:\/\/www.oaxaca.gob.mx\/cao\/wp-json\/wp\/v2\/comments?post=2746"}],"version-history":[{"count":7,"href":"https:\/\/www.oaxaca.gob.mx\/cao\/wp-json\/wp\/v2\/pages\/2746\/revisions"}],"predecessor-version":[{"id":8808,"href":"https:\/\/www.oaxaca.gob.mx\/cao\/wp-json\/wp\/v2\/pages\/2746\/revisions\/8808"}],"wp:attachment":[{"href":"https:\/\/www.oaxaca.gob.mx\/cao\/wp-json\/wp\/v2\/media?parent=2746"}],"wp:term":[{"taxonomy":"category","embeddable":true,"href":"https:\/\/www.oaxaca.gob.mx\/cao\/wp-json\/wp\/v2\/categories?post=2746"},{"taxonomy":"post_tag","embeddable":true,"href":"https:\/\/www.oaxaca.gob.mx\/cao\/wp-json\/wp\/v2\/tags?post=2746"}],"curies":[{"name":"wp","href":"https:\/\/api.w.org\/{rel}","templated":true}]}}