{"id":260,"date":"2016-02-19T12:27:50","date_gmt":"2016-02-19T18:27:50","guid":{"rendered":"https:\/\/www.oaxaca.gob.mx\/cao\/?page_id=260"},"modified":"2019-03-11T19:25:40","modified_gmt":"2019-03-11T19:25:40","slug":"informe-de-obras","status":"publish","type":"page","link":"https:\/\/www.oaxaca.gob.mx\/cao\/informe-de-obras\/","title":{"rendered":"Informe de Obras"},"content":{"rendered":"<h5><strong>INFORMACION SOBRE OBRAS Y PASH<\/strong><\/h5>\n<table border>\n<tr>\n<td style=\"text-align: center;background: #c6c6c6;padding:10px\" colspan=\"2\"><strong><font size=\"3\">INFORMES VARIOS<\/font><\/strong><\/td>\n<\/tr>\n<tr style=\"background: #c6c6c6\">\n<th style=\"text-align: center;padding:10px\">CONCEPTO<\/th>\n<th style=\"text-align:center\">VER<\/th>\n<\/tr>\n<tr>\n<td style=\"padding: 10px\">Cuadro resumen de las Obras contratadas del a\u00f1o 2013<\/td>\n<td style=\"text-align:center\"><a title=\"Cuadro resumen de las Obras contratadas del a\u00f1o 2013\" href=\"\/cao\/wp-content\/uploads\/sites\/5\/2016\/obras\/RESUMEN OBRAS 2013.pdf\" target=\"_blank\" rel=\"noopener\"><img decoding=\"async\" style=\"max-width: 30px;max-height: 30px\" src=\"\/cao\/wp-content\/uploads\/sites\/5\/web\/img\/iconpdf.png\" \/><\/a><\/td>\n<\/tr>\n<tr style=\"background: #eee\">\n<td style=\"padding: 10px\">Informe del detalle de Obras autorizadas del a\u00f1o 2013<\/td>\n<td style=\"text-align:center\"><a title=\"Informe del detalle de Obras autorizadas del a\u00f1o 2013\" href=\"\/cao\/wp-content\/uploads\/sites\/5\/2016\/obras\/DETALLE OBRAS AUTORIZADAS 2013.pdf\" target=\"_blank\" rel=\"noopener\"><img decoding=\"async\" style=\"max-width: 30px;max-height: 30px\" src=\"\/cao\/wp-content\/uploads\/sites\/5\/web\/img\/iconpdf.png\" \/><\/a><\/td>\n<\/tr>\n<tr>\n<td style=\"padding: 10px\">Cuadro resumen de las obras contratadas del a\u00f1o 2014<\/td>\n<td style=\"text-align:center\"><a title=\"Cuadro resumen de las obras contratadas del a\u00f1o 2014\" href=\"\/cao\/wp-content\/uploads\/sites\/5\/2016\/obras\/CUADRO RESUMEN OBRAS 2014.pdf\" target=\"_blank\" rel=\"noopener\"><img decoding=\"async\" style=\"max-width: 30px;max-height: 30px\" src=\"\/cao\/wp-content\/uploads\/sites\/5\/web\/img\/iconpdf.png\" \/><\/a><\/td>\n<\/tr>\n<tr style=\"background: #eee\">\n<td style=\"padding: 10px\">Informe del detalle de Obras autorizadas del a\u00f1o 2014<\/td>\n<td style=\"text-align:center\"><a title=\"Informe del detalle de Obras autorizadas del a\u00f1o 2014\" href=\"\/cao\/wp-content\/uploads\/sites\/5\/2016\/obras\/DETALLE OBRAS AUTORIZADAS 2014.pdf\" target=\"_blank\" rel=\"noopener\"><img decoding=\"async\" style=\"max-width: 30px;max-height: 30px\" src=\"\/cao\/wp-content\/uploads\/sites\/5\/web\/img\/iconpdf.png\" \/><\/a><\/td>\n<\/tr>\n<tr>\n<td style=\"padding: 10px\">Cuadro resumen de las Obras contratadas al 30 de Septiembre del 2015<\/td>\n<td style=\"text-align:center\"><a title=\"Cuadro resumen de las Obras contratadas al 30 de Septiembre del 2015\" href=\"\/cao\/wp-content\/uploads\/sites\/5\/2016\/obras\/CUADRO RESUMEN OBRAS AL 30 SEPT 2015.pdf\" target=\"_blank\" rel=\"noopener\"><img decoding=\"async\" style=\"max-width: 30px;max-height: 30px\" src=\"\/cao\/wp-content\/uploads\/sites\/5\/web\/img\/iconpdf.png\" \/><\/a><\/td>\n<\/tr>\n<tr>\n<td style=\"text-align: center;background: #c6c6c6;padding:10px\" colspan=\"2\"><strong><font size=\"3\">INFORMACI\u00d3N PUBLICADA EN PASH DEL A\u00d1O 2014<\/font><\/strong><\/td>\n<\/tr>\n<tr style=\"background: #c6c6c6\">\n<th style=\"text-align: center;padding:10px\">CONCEPTO<\/th>\n<th style=\"text-align:center\">VER<\/th>\n<\/tr>\n<tr>\n<td style=\"padding: 10px\">Informaci\u00f3n del PASH del primer trimestre del a\u00f1o 2014<\/td>\n<td style=\"text-align:center\"><a title=\"Informaci\u00f3n del PASH del primer trimestre del a\u00f1o 2014\" href=\"\/cao\/wp-content\/uploads\/sites\/5\/2016\/pash\/PASH PRIMER TRIM 2014.pdf\" target=\"_blank\" rel=\"noopener\"><img decoding=\"async\" style=\"max-width: 30px;max-height: 30px\" src=\"\/cao\/wp-content\/uploads\/sites\/5\/web\/img\/iconpdf.png\" \/><\/a><\/td>\n<\/tr>\n<tr style=\"background: #eee\">\n<td style=\"padding: 10px\">Informaci\u00f3n del PASH del segundo trimestre del a\u00f1o 2014<\/td>\n<td style=\"text-align:center\"><a title=\"Informaci\u00f3n del PASH del segundo trimestre del a\u00f1o 2014\" href=\"\/cao\/wp-content\/uploads\/sites\/5\/2016\/pash\/PASH SEGUNDO TRIM 2014.pdf\" target=\"_blank\" rel=\"noopener\"><img decoding=\"async\" style=\"max-width: 30px;max-height: 30px\" src=\"\/cao\/wp-content\/uploads\/sites\/5\/web\/img\/iconpdf.png\" \/><\/a><\/td>\n<\/tr>\n<tr>\n<td style=\"padding: 10px\">Informaci\u00f3n del pash del tercer trimestre del a\u00f1o 2014<\/td>\n<td style=\"text-align:center\"><a title=\"Informaci\u00f3n del pash del tercer trimestre del a\u00f1o 2014\" href=\"\/cao\/wp-content\/uploads\/sites\/5\/2016\/pash\/PASH TERCER TRIM 2014.pdf\" target=\"_blank\" rel=\"noopener\"><img decoding=\"async\" style=\"max-width: 30px;max-height: 30px\" src=\"\/cao\/wp-content\/uploads\/sites\/5\/web\/img\/iconpdf.png\" \/><\/a><\/td>\n<\/tr>\n<tr style=\"background: #eee\">\n<td style=\"padding: 10px\">Informaci\u00f3n del PASH del cuarto trimestre del a\u00f1o 2014<\/td>\n<td style=\"text-align:center\"><a title=\"Informaci\u00f3n del PASH del cuarto trimestre del a\u00f1o 2014\" href=\"\/cao\/wp-content\/uploads\/sites\/5\/2016\/pash\/PASH CUARTO TRIM 2014.pdf\" target=\"_blank\" rel=\"noopener\"><img decoding=\"async\" style=\"max-width: 30px;max-height: 30px\" src=\"\/cao\/wp-content\/uploads\/sites\/5\/web\/img\/iconpdf.png\" \/><\/a><\/td>\n<\/tr>\n<\/table>\n","protected":false},"excerpt":{"rendered":"<p>INFORMACION SOBRE OBRAS Y PASH INFORMES VARIOS CONCEPTO VER Cuadro resumen de las Obras contratadas del a\u00f1o 2013 Informe del detalle de Obras autorizadas del a\u00f1o 2013 Cuadro resumen de las obras contratadas del a\u00f1o 2014 Informe del detalle de Obras autorizadas del a\u00f1o 2014 Cuadro resumen de las Obras contratadas al 30 de Septiembre [&hellip;]<\/p>\n","protected":false},"author":1,"featured_media":0,"parent":0,"menu_order":0,"comment_status":"closed","ping_status":"closed","template":"","meta":{"episode_type":"","audio_file":"","podmotor_file_id":"","podmotor_episode_id":"","cover_image":"","cover_image_id":"","duration":"","filesize":"","filesize_raw":"","date_recorded":"","explicit":"","block":"","itunes_episode_number":"","itunes_title":"","itunes_season_number":"","itunes_episode_type":"","footnotes":""},"categories":[],"tags":[],"class_list":["post-260","page","type-page","status-publish","hentry"],"publishpress_future_action":{"enabled":false,"date":"2026-05-10 13:11:20","action":"change-status","newStatus":"draft","terms":[],"taxonomy":"category","extraData":[]},"publishpress_future_workflow_manual_trigger":{"enabledWorkflows":[]},"_links":{"self":[{"href":"https:\/\/www.oaxaca.gob.mx\/cao\/wp-json\/wp\/v2\/pages\/260","targetHints":{"allow":["GET"]}}],"collection":[{"href":"https:\/\/www.oaxaca.gob.mx\/cao\/wp-json\/wp\/v2\/pages"}],"about":[{"href":"https:\/\/www.oaxaca.gob.mx\/cao\/wp-json\/wp\/v2\/types\/page"}],"author":[{"embeddable":true,"href":"https:\/\/www.oaxaca.gob.mx\/cao\/wp-json\/wp\/v2\/users\/1"}],"replies":[{"embeddable":true,"href":"https:\/\/www.oaxaca.gob.mx\/cao\/wp-json\/wp\/v2\/comments?post=260"}],"version-history":[{"count":3,"href":"https:\/\/www.oaxaca.gob.mx\/cao\/wp-json\/wp\/v2\/pages\/260\/revisions"}],"predecessor-version":[{"id":5479,"href":"https:\/\/www.oaxaca.gob.mx\/cao\/wp-json\/wp\/v2\/pages\/260\/revisions\/5479"}],"wp:attachment":[{"href":"https:\/\/www.oaxaca.gob.mx\/cao\/wp-json\/wp\/v2\/media?parent=260"}],"wp:term":[{"taxonomy":"category","embeddable":true,"href":"https:\/\/www.oaxaca.gob.mx\/cao\/wp-json\/wp\/v2\/categories?post=260"},{"taxonomy":"post_tag","embeddable":true,"href":"https:\/\/www.oaxaca.gob.mx\/cao\/wp-json\/wp\/v2\/tags?post=260"}],"curies":[{"name":"wp","href":"https:\/\/api.w.org\/{rel}","templated":true}]}}