{"id":1819,"date":"2017-06-30T12:23:18","date_gmt":"2017-06-30T18:23:18","guid":{"rendered":"https:\/\/www.oaxaca.gob.mx\/cao\/?page_id=1819"},"modified":"2021-08-27T21:15:52","modified_gmt":"2021-08-28T02:15:52","slug":"evaluaciones-indetec","status":"publish","type":"page","link":"https:\/\/www.oaxaca.gob.mx\/cao\/evaluaciones-indetec\/","title":{"rendered":"Evaluaciones al Desempe\u00f1o"},"content":{"rendered":"<div class=\"list-group-item active\" style=\"color: white;text-align: center\">\n<h6>INSTITUTO PARA EL DESARROLLO T\u00c9CNICO DE LAS HACIENDAS P\u00daBLICAS<\/h6>\n<\/div>\n<div class=\"list-group-item active\" style=\"color: white;text-align: center\">\n<h6>EVALUACIONES AL DESEMPE\u00d1O DEL EJERCICIO<\/h6>\n<\/div>\n<div class=\"su-tabs su-tabs-style-default su-tabs-mobile-stack\" data-active=\"1\" data-scroll-offset=\"0\" data-anchor-in-url=\"no\"><div class=\"su-tabs-nav\"><span class=\"\" data-url=\"\" data-target=\"blank\" tabindex=\"0\" role=\"button\">Evaluaci\u00f3n A\u00f1o 2018<\/span><span class=\"\" data-url=\"\" data-target=\"blank\" tabindex=\"0\" role=\"button\">Evaluaci\u00f3n A\u00f1o 2017<\/span><span class=\"\" data-url=\"\" data-target=\"blank\" tabindex=\"0\" role=\"button\">Evaluaci\u00f3n A\u00f1o 2016<\/span><span class=\"\" data-url=\"\" data-target=\"blank\" tabindex=\"0\" role=\"button\">Evaluaci\u00f3n A\u00f1o 2015<\/span><span class=\"\" data-url=\"\" data-target=\"blank\" tabindex=\"0\" role=\"button\">Evaluaci\u00f3n A\u00f1o 2014<\/span><\/div><div class=\"su-tabs-panes\"><div class=\"su-tabs-pane su-u-clearfix su-u-trim\" data-title=\"Evaluaci\u00f3n A\u00f1o 2018\">\n<table border>\n<tr style=\"background: #c6c6c6\">\n<th style=\"text-align: center;padding: 10px\"><font size=\"3\">CONCEPTO<\/font><\/th>\n<th style=\"text-align: center\"><font size=\"3\">VER<\/font><\/th>\n<\/tr>\n<tr>\n<td style=\"padding: 10px\">Informe de Evaluaci\u00f3n Di\u00e1gnostica Programa 108 \u00abInfraestructura vial en el Estado de Oaxaca\u00bb<\/td>\n<td style=\"text-align:center\"><a title=\"Informe de Evaluaci\u00f3n Di\u00e1gnostica Programa 108 -Infraestructura vial en el Estado de Oaxaca-\" href=\"\/cao\/wp-content\/uploads\/sites\/5\/2019\/07\/Evaluaci\u00f3n-Diagn\u00f3stica-al-Programa-108-PAE-2018.pdf\" target=\"_blank\" rel=\"noopener noreferrer\"><img decoding=\"async\" style=\"max-width: 30px;max-height: 30px\" src=\"\/cao\/wp-content\/uploads\/sites\/5\/2019\/04\/descarga-pdf.png\" \/><\/a><\/td>\n<\/tr>\n<\/table>\n<p>    <\/div>\n<div class=\"su-tabs-pane su-u-clearfix su-u-trim\" data-title=\"Evaluaci\u00f3n A\u00f1o 2017\">\n<table border>\n<tr style=\"background: #c6c6c6\">\n<th style=\"text-align: center;padding: 10px\"><font size=\"3\">CONCEPTO<\/font><\/th>\n<th style=\"text-align: center\"><font size=\"3\">VER<\/font><\/th>\n<\/tr>\n<tr>\n<td style=\"padding: 10px\">Informe Final de Evaluaci\u00f3n al Programa 108 \u00abAmpliaci\u00f3n y mejora de caminos rurales\u00bb<\/td>\n<td style=\"text-align:center\"><a title=\"Informe Final de Evaluaci\u00f3n al Programa 108 -Ampliaci\u00f3n y mejora de caminos rurales-\" href=\"\/cao\/wp-content\/uploads\/sites\/5\/2017\/eva2017\/Reporte 108.pdf\" target=\"_blank\" rel=\"noopener noreferrer\"><img decoding=\"async\" style=\"max-width: 30px;max-height: 30px\" src=\"\/cao\/wp-content\/uploads\/sites\/5\/web\/img\/iconpdf.png\" \/><\/a><\/td>\n<\/tr>\n<tr style=\"background: #eee\">\n<td style=\"padding: 10px\">Informe Final de Evaluaci\u00f3n al Programa 116 \u00abAmpliaci\u00f3n y mejora de carreteras alimentadoras\u00bb<\/td>\n<td style=\"text-align:center\"><a title=\"Informe Final de Evaluaci\u00f3n al Programa 116 -Ampliaci\u00f3n y mejora de carreteras alimentadoras-\" href=\"\/cao\/wp-content\/uploads\/sites\/5\/2017\/eva2017\/Reporte 116.pdf\" target=\"_blank\" rel=\"noopener noreferrer\"><img decoding=\"async\" style=\"max-width: 30px;max-height: 30px\" src=\"\/cao\/wp-content\/uploads\/sites\/5\/web\/img\/iconpdf.png\" \/><\/a><\/td>\n<\/tr>\n<tr>\n<td style=\"padding: 10px\">Informe Final de Evaluaci\u00f3n al Programa 199 \u00abConstrucci\u00f3n y mejora de aeropistas\u00bb<\/td>\n<td style=\"text-align:center\"><a title=\"Informe Final de Evaluaci\u00f3n al Programa 199 -Construcci\u00f3n y mejora de aeropistas-\" href=\"\/cao\/wp-content\/uploads\/sites\/5\/2017\/eva2017\/Reporte 199.pdf\" target=\"_blank\" rel=\"noopener noreferrer\"><img decoding=\"async\" style=\"max-width: 30px;max-height: 30px\" src=\"\/cao\/wp-content\/uploads\/sites\/5\/web\/img\/iconpdf.png\" \/><\/a><\/td>\n<\/tr>\n<\/table>\n<p>    <\/div>\n<div class=\"su-tabs-pane su-u-clearfix su-u-trim\" data-title=\"Evaluaci\u00f3n A\u00f1o 2016\">\n<table border>\n<tr style=\"background: #c6c6c6\">\n<th style=\"text-align: center;padding: 10px\"><font size=\"3\">CONCEPTO<\/font><\/th>\n<th style=\"text-align: center\"><font size=\"3\">VER<\/font><\/th>\n<\/tr>\n<tr>\n<td style=\"padding: 10px\">Informe Final de Evaluaci\u00f3n FAFEF<\/td>\n<td style=\"text-align:center\"><a title=\"Informe Final de Evaluaci\u00f3n FAFEF\" href=\"\/cao\/wp-content\/uploads\/sites\/5\/indetec\/InformeFinalEvaluacionFAFEF-2015.pdf\" target=\"_blank\" rel=\"noopener noreferrer\"><img decoding=\"async\" style=\"max-width: 30px;max-height: 30px\" src=\"\/cao\/wp-content\/uploads\/sites\/5\/web\/img\/iconpdf.png\" \/><\/a><\/td>\n<\/tr>\n<tr style=\"background: #eee\">\n<td style=\"padding: 10px\">Informe Final de Evaluaci\u00f3n FISE<\/td>\n<td style=\"text-align:center\"><a title=\"Informe Final de Evaluaci\u00f3n FISE\" href=\"\/cao\/wp-content\/uploads\/sites\/5\/indetec\/InformeFinalEvaluacionFISE-2015.pdf\" target=\"_blank\" rel=\"noopener noreferrer\"><img decoding=\"async\" style=\"max-width: 30px;max-height: 30px\" src=\"\/cao\/wp-content\/uploads\/sites\/5\/web\/img\/iconpdf.png\" \/><\/a><\/td>\n<\/tr>\n<tr>\n<td style=\"padding: 10px\">Informe Final de Evaluaci\u00f3n FONREGION<\/td>\n<td style=\"text-align:center\"><a title=\"Informe Final de Evaluaci\u00f3n FONREGION\" href=\"\/cao\/wp-content\/uploads\/sites\/5\/indetec\/InformeFinalEvaluacionFONREGION-2015.pdf\" target=\"_blank\" rel=\"noopener noreferrer\"><img decoding=\"async\" style=\"max-width: 30px;max-height: 30px\" src=\"\/cao\/wp-content\/uploads\/sites\/5\/web\/img\/iconpdf.png\" \/><\/a><\/td>\n<\/tr>\n<\/table>\n<p>  <\/div>\n<div class=\"su-tabs-pane su-u-clearfix su-u-trim\" data-title=\"Evaluaci\u00f3n A\u00f1o 2015\">\n<table border>\n<tr style=\"background: #c6c6c6\">\n<th style=\"text-align: center;padding: 10px\"><font size=\"3\">CONCEPTO<\/font><\/th>\n<th style=\"text-align: center\"><font size=\"3\">VER<\/font><\/th>\n<\/tr>\n<tr>\n<td style=\"padding: 10px\">Informe Final de Evaluaci\u00f3n FAFEF<\/td>\n<td style=\"text-align:center\"><a title=\"Informe Final de Evaluaci\u00f3n FAFEF\" href=\"\/cao\/wp-content\/uploads\/sites\/5\/indetec\/InformeFinalEvaluacionFAFEF-2014.pdf\" target=\"_blank\" rel=\"noopener noreferrer\"><img decoding=\"async\" style=\"max-width: 30px;max-height: 30px\" src=\"\/cao\/wp-content\/uploads\/sites\/5\/web\/img\/iconpdf.png\" \/><\/a><\/td>\n<\/tr>\n<tr style=\"background: #eee\">\n<td style=\"padding: 10px\">Informe Final de Evaluaci\u00f3n FISE<\/td>\n<td style=\"text-align:center\"><a title=\"Informe Final de Evaluaci\u00f3n FISE\" href=\"\/cao\/wp-content\/uploads\/sites\/5\/indetec\/InformeFinalEvaluacionFISE-2014.pdf\" target=\"_blank\" rel=\"noopener noreferrer\"><img decoding=\"async\" style=\"max-width: 30px;max-height: 30px\" src=\"\/cao\/wp-content\/uploads\/sites\/5\/web\/img\/iconpdf.png\" \/><\/a><\/td>\n<\/tr>\n<tr>\n<td style=\"padding: 10px\">Informe Final de Evaluaci\u00f3n FONREGION<\/td>\n<td style=\"text-align:center\"><a title=\"Informe Final de Evaluaci\u00f3n FONREGION\" href=\"\/cao\/wp-content\/uploads\/sites\/5\/indetec\/InformeFinalEvaluacionFONREGION-2014.pdf\" target=\"_blank\" rel=\"noopener noreferrer\"><img decoding=\"async\" style=\"max-width: 30px;max-height: 30px\" src=\"\/cao\/wp-content\/uploads\/sites\/5\/web\/img\/iconpdf.png\" \/><\/a><\/td>\n<\/tr>\n<\/table>\n<p>  <\/div>\n<div class=\"su-tabs-pane su-u-clearfix su-u-trim\" data-title=\"Evaluaci\u00f3n A\u00f1o 2014\">\n<table border>\n<tr style=\"background: #c6c6c6\">\n<th style=\"text-align: center;padding: 10px\"><font size=\"3\">CONCEPTO<\/font><\/th>\n<th style=\"text-align: center\"><font size=\"3\">VER<\/font><\/th>\n<\/tr>\n<tr>\n<td style=\"padding: 10px\">Informe Final de Evaluaci\u00f3n FAFEF<\/td>\n<td style=\"text-align:center\"><a title=\"Informe Final de Evaluaci\u00f3n FAFEF\" href=\"\/cao\/wp-content\/uploads\/sites\/5\/indetec\/InformeFinalEvaluacionFAFEF-2013.pdf\" target=\"_blank\" rel=\"noopener noreferrer\"><img decoding=\"async\" style=\"max-width: 30px;max-height: 30px\" src=\"\/cao\/wp-content\/uploads\/sites\/5\/web\/img\/iconpdf.png\" \/><\/a><\/td>\n<\/tr>\n<tr style=\"background: #eee\">\n<td style=\"padding: 10px\">Informe Final de Evaluaci\u00f3n FISE<\/td>\n<td style=\"text-align:center\"><a title=\"Informe Final de Evaluaci\u00f3n FISE\" href=\"\/cao\/wp-content\/uploads\/sites\/5\/indetec\/InformeFinalEvaluacionFISE-2013.pdf\" target=\"_blank\" rel=\"noopener noreferrer\"><img decoding=\"async\" style=\"max-width: 30px;max-height: 30px\" src=\"\/cao\/wp-content\/uploads\/sites\/5\/web\/img\/iconpdf.png\" \/><\/a><\/td>\n<\/tr>\n<tr>\n<td style=\"padding: 10px\">Informe Final de Evaluaci\u00f3n FONREGION<\/td>\n<td style=\"text-align:center\"><a title=\"Informe Final de Evaluaci\u00f3n FONREGION\" href=\"\/cao\/wp-content\/uploads\/sites\/5\/indetec\/InformeFinalEvaluacionFONREGION-2013.pdf\" target=\"_blank\" rel=\"noopener noreferrer\"><img decoding=\"async\" style=\"max-width: 30px;max-height: 30px\" src=\"\/cao\/wp-content\/uploads\/sites\/5\/web\/img\/iconpdf.png\" \/><\/a><\/td>\n<\/tr>\n<\/table>\n<p>  <\/div><\/div><\/div>\n","protected":false},"excerpt":{"rendered":"<p>INSTITUTO PARA EL DESARROLLO T\u00c9CNICO DE LAS HACIENDAS P\u00daBLICAS EVALUACIONES AL DESEMPE\u00d1O DEL EJERCICIO<\/p>\n","protected":false},"author":1,"featured_media":0,"parent":0,"menu_order":0,"comment_status":"closed","ping_status":"closed","template":"","meta":{"episode_type":"","audio_file":"","podmotor_file_id":"","podmotor_episode_id":"","cover_image":"","cover_image_id":"","duration":"","filesize":"","filesize_raw":"","date_recorded":"","explicit":"","block":"","itunes_episode_number":"","itunes_title":"","itunes_season_number":"","itunes_episode_type":"","footnotes":""},"categories":[],"tags":[],"class_list":["post-1819","page","type-page","status-publish","hentry"],"publishpress_future_action":{"enabled":false,"date":"2026-05-10 13:28:23","action":"change-status","newStatus":"draft","terms":[],"taxonomy":"category","extraData":[]},"publishpress_future_workflow_manual_trigger":{"enabledWorkflows":[]},"_links":{"self":[{"href":"https:\/\/www.oaxaca.gob.mx\/cao\/wp-json\/wp\/v2\/pages\/1819","targetHints":{"allow":["GET"]}}],"collection":[{"href":"https:\/\/www.oaxaca.gob.mx\/cao\/wp-json\/wp\/v2\/pages"}],"about":[{"href":"https:\/\/www.oaxaca.gob.mx\/cao\/wp-json\/wp\/v2\/types\/page"}],"author":[{"embeddable":true,"href":"https:\/\/www.oaxaca.gob.mx\/cao\/wp-json\/wp\/v2\/users\/1"}],"replies":[{"embeddable":true,"href":"https:\/\/www.oaxaca.gob.mx\/cao\/wp-json\/wp\/v2\/comments?post=1819"}],"version-history":[{"count":6,"href":"https:\/\/www.oaxaca.gob.mx\/cao\/wp-json\/wp\/v2\/pages\/1819\/revisions"}],"predecessor-version":[{"id":16220,"href":"https:\/\/www.oaxaca.gob.mx\/cao\/wp-json\/wp\/v2\/pages\/1819\/revisions\/16220"}],"wp:attachment":[{"href":"https:\/\/www.oaxaca.gob.mx\/cao\/wp-json\/wp\/v2\/media?parent=1819"}],"wp:term":[{"taxonomy":"category","embeddable":true,"href":"https:\/\/www.oaxaca.gob.mx\/cao\/wp-json\/wp\/v2\/categories?post=1819"},{"taxonomy":"post_tag","embeddable":true,"href":"https:\/\/www.oaxaca.gob.mx\/cao\/wp-json\/wp\/v2\/tags?post=1819"}],"curies":[{"name":"wp","href":"https:\/\/api.w.org\/{rel}","templated":true}]}}