{"id":13670,"date":"2022-05-30T20:48:29","date_gmt":"2022-05-31T01:48:29","guid":{"rendered":"https:\/\/www.oaxaca.gob.mx\/cao\/?page_id=13670"},"modified":"2022-06-22T04:02:52","modified_gmt":"2022-06-22T09:02:52","slug":"boletines-ano-2022","status":"publish","type":"page","link":"https:\/\/www.oaxaca.gob.mx\/cao\/boletines-ano-2022\/","title":{"rendered":"Boletines A\u00f1o 2022"},"content":{"rendered":"\n\n<div class=\"su-posts su-posts-default-loop \">\n\n\t\n\t\t\t\t\t\n\t\t\t\n\t\t\t<div id=\"su-post-13663\" class=\"su-post \">\n\n\t\t\t\t\t\t\t\t\t<a class=\"su-post-thumbnail\" href=\"https:\/\/www.oaxaca.gob.mx\/cao\/cao-en-estado-de-alerta-por-huracan-agatha\/\"><img loading=\"lazy\" decoding=\"async\" width=\"952\" height=\"400\" src=\"https:\/\/www.oaxaca.gob.mx\/cao\/wp-content\/uploads\/sites\/5\/2022\/05\/huracan-aghata-1.png\" class=\"attachment-post-thumbnail size-post-thumbnail wp-post-image\" alt=\"CAO en estado de alerta por Hurac\u00e1n Agatha.\" srcset=\"https:\/\/www.oaxaca.gob.mx\/cao\/wp-content\/uploads\/sites\/5\/2022\/05\/huracan-aghata-1.png 952w, https:\/\/www.oaxaca.gob.mx\/cao\/wp-content\/uploads\/sites\/5\/2022\/05\/huracan-aghata-1-300x126.png 300w, https:\/\/www.oaxaca.gob.mx\/cao\/wp-content\/uploads\/sites\/5\/2022\/05\/huracan-aghata-1-768x323.png 768w\" sizes=\"auto, (max-width: 952px) 100vw, 952px\" title=\"CAO en estado de alerta por Hurac\u00e1n Agatha.\" \/><\/a>\n\t\t\t\t\n\t\t\t\t<h2 class=\"su-post-title\"><a href=\"https:\/\/www.oaxaca.gob.mx\/cao\/cao-en-estado-de-alerta-por-huracan-agatha\/\">CAO en estado de alerta por Hurac\u00e1n Agatha.<\/a><\/h2>\n\n\t\t\t\t<div class=\"su-post-meta\">\n\t\t\t\t\tPublicado: 30 mayo, 2022\t\t\t\t<\/div>\n\n\t\t\t\t<div class=\"su-post-excerpt\">\n\t\t\t\t\t<p>Reyes Mantec\u00f3n, Oax. a 30 de Mayo del 2022.-&nbsp;Ante la presencia de lluvias por el impacto del hurac\u00e1n Agatha categor\u00eda 1 en las costas oaxaque\u00f1as, el titular de Caminos y Aeropistas de Oaxaca (CAO), inform\u00f3 que este organismo se mantiene en estado de alerta a trav\u00e9s de sus 11 residencias regionales, para recibir los reportes [&hellip;]<\/p>\n\t\t\t\t<\/div>\n\n\t\t\t\t\t\t\t\t\t<a href=\"https:\/\/www.oaxaca.gob.mx\/cao\/cao-en-estado-de-alerta-por-huracan-agatha\/#respond\" class=\"su-post-comments-link\">0 comentarios<\/a>\n\t\t\t\t\n\t\t\t<\/div>\n\n\t\t\n\t\n<\/div>\n\n","protected":false},"excerpt":{"rendered":"","protected":false},"author":2,"featured_media":0,"parent":0,"menu_order":0,"comment_status":"closed","ping_status":"closed","template":"","meta":{"episode_type":"","audio_file":"","podmotor_file_id":"","podmotor_episode_id":"","cover_image":"","cover_image_id":"","duration":"","filesize":"","filesize_raw":"","date_recorded":"","explicit":"","block":"","itunes_episode_number":"","itunes_title":"","itunes_season_number":"","itunes_episode_type":"","footnotes":""},"categories":[],"tags":[],"class_list":["post-13670","page","type-page","status-publish","hentry"],"publishpress_future_action":{"enabled":false,"date":"2026-05-06 13:36:32","action":"change-status","newStatus":"draft","terms":[],"taxonomy":"category","extraData":[]},"publishpress_future_workflow_manual_trigger":{"enabledWorkflows":[]},"_links":{"self":[{"href":"https:\/\/www.oaxaca.gob.mx\/cao\/wp-json\/wp\/v2\/pages\/13670","targetHints":{"allow":["GET"]}}],"collection":[{"href":"https:\/\/www.oaxaca.gob.mx\/cao\/wp-json\/wp\/v2\/pages"}],"about":[{"href":"https:\/\/www.oaxaca.gob.mx\/cao\/wp-json\/wp\/v2\/types\/page"}],"author":[{"embeddable":true,"href":"https:\/\/www.oaxaca.gob.mx\/cao\/wp-json\/wp\/v2\/users\/2"}],"replies":[{"embeddable":true,"href":"https:\/\/www.oaxaca.gob.mx\/cao\/wp-json\/wp\/v2\/comments?post=13670"}],"version-history":[{"count":5,"href":"https:\/\/www.oaxaca.gob.mx\/cao\/wp-json\/wp\/v2\/pages\/13670\/revisions"}],"predecessor-version":[{"id":16146,"href":"https:\/\/www.oaxaca.gob.mx\/cao\/wp-json\/wp\/v2\/pages\/13670\/revisions\/16146"}],"wp:attachment":[{"href":"https:\/\/www.oaxaca.gob.mx\/cao\/wp-json\/wp\/v2\/media?parent=13670"}],"wp:term":[{"taxonomy":"category","embeddable":true,"href":"https:\/\/www.oaxaca.gob.mx\/cao\/wp-json\/wp\/v2\/categories?post=13670"},{"taxonomy":"post_tag","embeddable":true,"href":"https:\/\/www.oaxaca.gob.mx\/cao\/wp-json\/wp\/v2\/tags?post=13670"}],"curies":[{"name":"wp","href":"https:\/\/api.w.org\/{rel}","templated":true}]}}