{"id":12884,"date":"2022-01-12T18:11:30","date_gmt":"2022-01-13T00:11:30","guid":{"rendered":"https:\/\/www.oaxaca.gob.mx\/cao\/?page_id=12884"},"modified":"2022-01-12T18:13:20","modified_gmt":"2022-01-13T00:13:20","slug":"registro-digital-024","status":"publish","type":"page","link":"https:\/\/www.oaxaca.gob.mx\/cao\/registro-digital-024\/","title":{"rendered":"REGISTRO DIGITAL 024"},"content":{"rendered":"<p><!-- Registro Digital 024 --><\/p>\n<p style=\"text-align: right\"><a href=\"https:\/\/www.oaxaca.gob.mx\/cao\/registro-digital-023\/\" class=\"su-button su-button-style-default\" style=\"color:#000000;background-color:#acacac;border-color:#8a8a8a;border-radius:5px\" target=\"_self\"><span style=\"color:#000000;padding:6px 16px;font-size:13px;line-height:20px;border-color:#c5c5c5;border-radius:5px;text-shadow:1px 0px 2px #000000\"><i class=\"sui sui-arrow-down\" style=\"font-size:13px;color:#FFFFFF\"><\/i> <b>Anterior<\/b><\/span><\/a><a href=\"\" class=\"su-button su-button-style-default\" style=\"color:#ffffff;background-color:#ffffff;border-color:#cccccc;border-radius:5px\" target=\"_self\"><span style=\"color:#ffffff;padding:6px 16px;font-size:13px;line-height:20px;border-color:#ffffff;border-radius:5px;text-shadow:1px 0px 2px #000000\"><i class=\"sui sui-arrow-up\" style=\"font-size:13px;color:#FFFFFF\"><\/i> <b>Siguiente<\/b><\/span><\/a>\n<p><h2><span style=\"text-align: justify;font-weight: bold\">Acuerdos tomados en la doceava sesi\u00f3n ordinaria del Comit\u00e9 de Obras P\u00fablicas y Servicios Relacionados con las mismas de Caminos y Aeropistas de Oaxaca, celebrada el d\u00eda 21 de diciembre del 2021.<\/span><\/h2>\n<\/p>\n<p>&nbsp;<\/p>\n<p><span style=\"font-weight: bold\">Acuerdo CAASP-CAO-01-2020.-<\/span>&nbsp;En observancia al art\u00edculo 21 del Reglamento de la Ley de Adquisiciones, Arrendamientos y Servicios del Sector Publico, este Comit\u00e9 considera la propuesta del Presidente Suplente y aprueba el Calendario de sesiones Ordinarias presentado para el ejercicio 2022 del Comit\u00e9 de Adquisiciones, Arrendamientos y Servicios para Operaciones con Recursos Federales de Caminos y Aeropistas de Oaxaca y exhorta a los miembros, asistir en forma puntual a las convocatorias que de dicho calendario deriven. Lugar de la sesi\u00f3n: Sala de Juntas de la Direcci\u00f3n General de Caminos y Aeropistas de Oaxaca.<\/p>\n<p><\/p>\n<p style=\"text-align: center\"><img decoding=\"async\" style=\"max-width: 600px;max-height: 400px\" src=\"\/cao\/wp-content\/uploads\/sites\/5\/2022\/01\/calendario02.png\" alt=\"calendario02\" \/><\/p>\n<p>&nbsp;<\/p>\n<p style=\"text-align: left\"><a href=\"https:\/\/www.oaxaca.gob.mx\/cao\/acuerdos\/\" class=\"su-button su-button-style-default\" style=\"color:#000000;background-color:#acacac;border-color:#8a8a8a;border-radius:5px\" target=\"_self\"><span style=\"color:#000000;padding:6px 16px;font-size:13px;line-height:20px;border-color:#c5c5c5;border-radius:5px;text-shadow:1px 0px 2px #000000\"><i class=\"sui sui-undo\" style=\"font-size:13px;color:#FFFFFF\"><\/i> <b>Regresar&#8230;<\/b><\/span><\/a>\n","protected":false},"excerpt":{"rendered":"<p>Acuerdos tomados en la doceava sesi\u00f3n ordinaria del Comit\u00e9 de Obras P\u00fablicas y Servicios Relacionados con las mismas de Caminos y Aeropistas de Oaxaca, celebrada el d\u00eda 21 de diciembre del 2021. &nbsp; Acuerdo CAASP-CAO-01-2020.-&nbsp;En observancia al art\u00edculo 21 del Reglamento de la Ley de Adquisiciones, Arrendamientos y Servicios del Sector Publico, este Comit\u00e9 considera [&hellip;]<\/p>\n","protected":false},"author":2,"featured_media":0,"parent":0,"menu_order":0,"comment_status":"closed","ping_status":"closed","template":"","meta":{"episode_type":"","audio_file":"","podmotor_file_id":"","podmotor_episode_id":"","cover_image":"","cover_image_id":"","duration":"","filesize":"","filesize_raw":"","date_recorded":"","explicit":"","block":"","itunes_episode_number":"","itunes_title":"","itunes_season_number":"","itunes_episode_type":"","footnotes":""},"categories":[],"tags":[],"class_list":["post-12884","page","type-page","status-publish","hentry"],"publishpress_future_action":{"enabled":false,"date":"2026-05-16 05:34:36","action":"change-status","newStatus":"draft","terms":[],"taxonomy":"category","extraData":[]},"publishpress_future_workflow_manual_trigger":{"enabledWorkflows":[]},"_links":{"self":[{"href":"https:\/\/www.oaxaca.gob.mx\/cao\/wp-json\/wp\/v2\/pages\/12884","targetHints":{"allow":["GET"]}}],"collection":[{"href":"https:\/\/www.oaxaca.gob.mx\/cao\/wp-json\/wp\/v2\/pages"}],"about":[{"href":"https:\/\/www.oaxaca.gob.mx\/cao\/wp-json\/wp\/v2\/types\/page"}],"author":[{"embeddable":true,"href":"https:\/\/www.oaxaca.gob.mx\/cao\/wp-json\/wp\/v2\/users\/2"}],"replies":[{"embeddable":true,"href":"https:\/\/www.oaxaca.gob.mx\/cao\/wp-json\/wp\/v2\/comments?post=12884"}],"version-history":[{"count":2,"href":"https:\/\/www.oaxaca.gob.mx\/cao\/wp-json\/wp\/v2\/pages\/12884\/revisions"}],"predecessor-version":[{"id":12886,"href":"https:\/\/www.oaxaca.gob.mx\/cao\/wp-json\/wp\/v2\/pages\/12884\/revisions\/12886"}],"wp:attachment":[{"href":"https:\/\/www.oaxaca.gob.mx\/cao\/wp-json\/wp\/v2\/media?parent=12884"}],"wp:term":[{"taxonomy":"category","embeddable":true,"href":"https:\/\/www.oaxaca.gob.mx\/cao\/wp-json\/wp\/v2\/categories?post=12884"},{"taxonomy":"post_tag","embeddable":true,"href":"https:\/\/www.oaxaca.gob.mx\/cao\/wp-json\/wp\/v2\/tags?post=12884"}],"curies":[{"name":"wp","href":"https:\/\/api.w.org\/{rel}","templated":true}]}}