{"id":12877,"date":"2022-01-12T18:01:42","date_gmt":"2022-01-13T00:01:42","guid":{"rendered":"https:\/\/www.oaxaca.gob.mx\/cao\/?page_id=12877"},"modified":"2022-01-12T18:06:51","modified_gmt":"2022-01-13T00:06:51","slug":"registro-digital-022","status":"publish","type":"page","link":"https:\/\/www.oaxaca.gob.mx\/cao\/registro-digital-022\/","title":{"rendered":"REGISTRO DIGITAL 022"},"content":{"rendered":"<p><!-- Registro Digital 022 --><\/p>\n<p style=\"text-align: right\"><a href=\"https:\/\/www.oaxaca.gob.mx\/cao\/registro-digital-021\/\" class=\"su-button su-button-style-default\" style=\"color:#000000;background-color:#acacac;border-color:#8a8a8a;border-radius:5px\" target=\"_self\"><span style=\"color:#000000;padding:6px 16px;font-size:13px;line-height:20px;border-color:#c5c5c5;border-radius:5px;text-shadow:1px 0px 2px #000000\"><i class=\"sui sui-arrow-down\" style=\"font-size:13px;color:#FFFFFF\"><\/i> <b>Anterior<\/b><\/span><\/a><a href=\"https:\/\/www.oaxaca.gob.mx\/cao\/registro-digital-023\/\" class=\"su-button su-button-style-default\" style=\"color:#000000;background-color:#acacac;border-color:#8a8a8a;border-radius:5px\" target=\"_self\"><span style=\"color:#000000;padding:6px 16px;font-size:13px;line-height:20px;border-color:#c5c5c5;border-radius:5px;text-shadow:1px 0px 2px #000000\"><i class=\"sui sui-arrow-up\" style=\"font-size:13px;color:#FFFFFF\"><\/i> <b>Siguiente<\/b><\/span><\/a>\n<p><h2><span style=\"text-align: justify;font-weight: bold\">Acuerdos tomados en la quinta sesi\u00f3n ordinaria del Comit\u00e9 de Transparencia del organismo p\u00fablico descentralizado Caminos y Aeropistas de Oaxaca, celebrada en d\u00eda 29 de octubre del 2021.<\/span><\/h2>\n<\/p>\n<p>&nbsp;<\/p>\n<p style=\"text-align: justify\">Con fecha 13 de septiembre del a\u00f1o en curso, inicio operaciones del SISAI 2.0 y  la Unidad De Transparencia de este sujeto obligado interactuar\u00e1 con dos sistemas: INFOMEX OAXACA Y SISAI 2.0. As\u00ed mismo se hace del conocimiento de los integrantes de este \u00f3rgano colegiado que con fecha 04 de septiembre de 2021, mediante decreto 2582, en el Peri\u00f3dico Oficial Del Estado De Oaxaca, fue publicada la ley de transparencia, acceso a la informaci\u00f3n publica y buen gobierno del Estado De Oaxaca, derivado de lo anterior con fecha 27 de octubre de 2021 mediante la primera sesi\u00f3n solemne fue instalado e inici\u00f3 sus funciones el Organo Garante De Transparencia, Acceso A La Informaci\u00f3n Publica Y Buen Gobierno Del Estado De Oaxaca.<\/p>\n<p><\/p>\n<p style=\"text-align: justify\">Derivando el siguiente acuerdo: <span style=\"text-align: justify;font-weight: bold\">SE ORDENA A LA UNIDAD DE TRANSPARENCIA A TRAV\u00c9S DE SUS HABILITADOS ESTAR AL PENDIENTE DE LAS PLATAFORMAS DE SOLICITUDES DE INFORMACI\u00d3N AS\u00cd COMO A DISPOSICIONES QUE EMITA EL NUEVO \u00d3RGANO GARANTE DE TRANSPARENCIA, ACCESO A LA INFORMACI\u00d3N PUBLICA Y BUEN GOBIERNO DEL ESTADO DE OAXACA.<\/span><\/p>\n<p>&nbsp;<\/p>\n<p style=\"text-align: justify\"><a href=\"https:\/\/www.oaxaca.gob.mx\/cao\/acuerdos\/\" class=\"su-button su-button-style-default\" style=\"color:#000000;background-color:#acacac;border-color:#8a8a8a;border-radius:5px\" target=\"_self\"><span style=\"color:#000000;padding:6px 16px;font-size:13px;line-height:20px;border-color:#c5c5c5;border-radius:5px;text-shadow:1px 0px 2px #000000\"><i class=\"sui sui-undo\" style=\"font-size:13px;color:#FFFFFF\"><\/i> <b>Regresar&#8230;<\/b><\/span><\/a>\n","protected":false},"excerpt":{"rendered":"<p>Acuerdos tomados en la quinta sesi\u00f3n ordinaria del Comit\u00e9 de Transparencia del organismo p\u00fablico descentralizado Caminos y Aeropistas de Oaxaca, celebrada en d\u00eda 29 de octubre del 2021. &nbsp; Con fecha 13 de septiembre del a\u00f1o en curso, inicio operaciones del SISAI 2.0 y la Unidad De Transparencia de este sujeto obligado interactuar\u00e1 con dos [&hellip;]<\/p>\n","protected":false},"author":2,"featured_media":0,"parent":0,"menu_order":0,"comment_status":"closed","ping_status":"closed","template":"","meta":{"episode_type":"","audio_file":"","podmotor_file_id":"","podmotor_episode_id":"","cover_image":"","cover_image_id":"","duration":"","filesize":"","filesize_raw":"","date_recorded":"","explicit":"","block":"","itunes_episode_number":"","itunes_title":"","itunes_season_number":"","itunes_episode_type":"","footnotes":""},"categories":[],"tags":[],"class_list":["post-12877","page","type-page","status-publish","hentry"],"publishpress_future_action":{"enabled":false,"date":"2026-05-16 05:51:18","action":"change-status","newStatus":"draft","terms":[],"taxonomy":"category","extraData":[]},"publishpress_future_workflow_manual_trigger":{"enabledWorkflows":[]},"_links":{"self":[{"href":"https:\/\/www.oaxaca.gob.mx\/cao\/wp-json\/wp\/v2\/pages\/12877","targetHints":{"allow":["GET"]}}],"collection":[{"href":"https:\/\/www.oaxaca.gob.mx\/cao\/wp-json\/wp\/v2\/pages"}],"about":[{"href":"https:\/\/www.oaxaca.gob.mx\/cao\/wp-json\/wp\/v2\/types\/page"}],"author":[{"embeddable":true,"href":"https:\/\/www.oaxaca.gob.mx\/cao\/wp-json\/wp\/v2\/users\/2"}],"replies":[{"embeddable":true,"href":"https:\/\/www.oaxaca.gob.mx\/cao\/wp-json\/wp\/v2\/comments?post=12877"}],"version-history":[{"count":3,"href":"https:\/\/www.oaxaca.gob.mx\/cao\/wp-json\/wp\/v2\/pages\/12877\/revisions"}],"predecessor-version":[{"id":12883,"href":"https:\/\/www.oaxaca.gob.mx\/cao\/wp-json\/wp\/v2\/pages\/12877\/revisions\/12883"}],"wp:attachment":[{"href":"https:\/\/www.oaxaca.gob.mx\/cao\/wp-json\/wp\/v2\/media?parent=12877"}],"wp:term":[{"taxonomy":"category","embeddable":true,"href":"https:\/\/www.oaxaca.gob.mx\/cao\/wp-json\/wp\/v2\/categories?post=12877"},{"taxonomy":"post_tag","embeddable":true,"href":"https:\/\/www.oaxaca.gob.mx\/cao\/wp-json\/wp\/v2\/tags?post=12877"}],"curies":[{"name":"wp","href":"https:\/\/api.w.org\/{rel}","templated":true}]}}