{"id":12844,"date":"2022-01-12T17:15:38","date_gmt":"2022-01-12T23:15:38","guid":{"rendered":"https:\/\/www.oaxaca.gob.mx\/cao\/?page_id=12844"},"modified":"2022-01-12T17:23:34","modified_gmt":"2022-01-12T23:23:34","slug":"registro-digital-015","status":"publish","type":"page","link":"https:\/\/www.oaxaca.gob.mx\/cao\/registro-digital-015\/","title":{"rendered":"REGISTRO DIGITAL 015"},"content":{"rendered":"<p><!-- Registro Digital 015 --><\/p>\n<p style=\"text-align: right\"><a href=\"https:\/\/www.oaxaca.gob.mx\/cao\/registro-digital-014\/\" class=\"su-button su-button-style-default\" style=\"color:#000000;background-color:#acacac;border-color:#8a8a8a;border-radius:5px\" target=\"_self\"><span style=\"color:#000000;padding:6px 16px;font-size:13px;line-height:20px;border-color:#c5c5c5;border-radius:5px;text-shadow:1px 0px 2px #000000\"><i class=\"sui sui-arrow-down\" style=\"font-size:13px;color:#FFFFFF\"><\/i> <b>Anterior<\/b><\/span><\/a><a href=\"https:\/\/www.oaxaca.gob.mx\/cao\/registro-digital-016\/\" class=\"su-button su-button-style-default\" style=\"color:#000000;background-color:#acacac;border-color:#8a8a8a;border-radius:5px\" target=\"_self\"><span style=\"color:#000000;padding:6px 16px;font-size:13px;line-height:20px;border-color:#c5c5c5;border-radius:5px;text-shadow:1px 0px 2px #000000\"><i class=\"sui sui-arrow-up\" style=\"font-size:13px;color:#FFFFFF\"><\/i> <b>Siguiente<\/b><\/span><\/a>\n<p><h2><span style=\"text-align: justify;font-weight: bold\">Acuerdos tomados en la segunda sesi\u00f3n ordnaria del Comit\u00e9 de Control Interno de Caminos y Aeropistas de Oaxaca, celebrada el d\u00eda 15 de junio del 2021.<\/span><\/h2>\n<\/p>\n<p>&nbsp;<\/p>\n<p><span style=\"font-weight: bold\">ACUERDO COCOI-CAO-2DAORD-001-2021.<\/span> Este Comit\u00e9 avala el acuerdo tomado por el GTAR en su 2a. Sesi\u00f3n, que a la letra dice:<\/p>\n<p style=\"padding-left:100px\">ACUERDO-COCOI-GTAR-2DAREUNI\u00d3N-001-2021.- Los integrantes del GTAR, acuerdan que bajo la coordinaci\u00f3n la de EAR y los enlaces de las unidades administrativas con maquinaria adscrita a su inventario, realizaran ajuste al proceso denominado \u201cACTUALIZACI\u00d3N DE LA INFORMACI\u00d3N DE LA PLANTILLA DE MAQUINARIA EN EL SICIPO\u201d, ajustando las acciones de mejora y actividades de control, estableciendo nuevas fechas de inicio y termino para la ejecuci\u00f3n de las acciones, considerando las condiciones actuales de trabajo, a m\u00e1s tardar el 16 de junio del presente, para que por conducto de la Coordinadora de Control Interno sea presentado para visto bueno a la Direcci\u00f3n Administrativa e informado al COCOI.<\/p>\n<p><span style=\"font-weight: bold\">ACUERDO COCOI-CAO-2DAORD-002-2021.-<\/span>&nbsp;Este Comit\u00e9 acuerda que por conducto de la Coordinadora de Control Interno informar\u00e1 antes del 30 de junio del actual, a la DCIGP de la nueva propuesta del proceso denominado \u201cACTUALIZACI\u00d3N DE LA INFORMACI\u00d3N DE LA PLANTILLA DE MAQUINARIA EN EL SICIPO\u201d para modificaci\u00f3n del PTAR 2021 original.\n<\/p>\n<p>&nbsp;<\/p>\n<p style=\"text-align: justify\"><a href=\"https:\/\/www.oaxaca.gob.mx\/cao\/acuerdos\/\" class=\"su-button su-button-style-default\" style=\"color:#000000;background-color:#acacac;border-color:#8a8a8a;border-radius:5px\" target=\"_self\"><span style=\"color:#000000;padding:6px 16px;font-size:13px;line-height:20px;border-color:#c5c5c5;border-radius:5px;text-shadow:1px 0px 2px #000000\"><i class=\"sui sui-undo\" style=\"font-size:13px;color:#FFFFFF\"><\/i> <b>Regresar&#8230;<\/b><\/span><\/a>\n","protected":false},"excerpt":{"rendered":"<p>Acuerdos tomados en la segunda sesi\u00f3n ordnaria del Comit\u00e9 de Control Interno de Caminos y Aeropistas de Oaxaca, celebrada el d\u00eda 15 de junio del 2021. &nbsp; ACUERDO COCOI-CAO-2DAORD-001-2021. Este Comit\u00e9 avala el acuerdo tomado por el GTAR en su 2a. Sesi\u00f3n, que a la letra dice: ACUERDO-COCOI-GTAR-2DAREUNI\u00d3N-001-2021.- Los integrantes del GTAR, acuerdan que bajo [&hellip;]<\/p>\n","protected":false},"author":2,"featured_media":0,"parent":0,"menu_order":0,"comment_status":"closed","ping_status":"closed","template":"","meta":{"episode_type":"","audio_file":"","podmotor_file_id":"","podmotor_episode_id":"","cover_image":"","cover_image_id":"","duration":"","filesize":"","filesize_raw":"","date_recorded":"","explicit":"","block":"","itunes_episode_number":"","itunes_title":"","itunes_season_number":"","itunes_episode_type":"","footnotes":""},"categories":[],"tags":[],"class_list":["post-12844","page","type-page","status-publish","hentry"],"publishpress_future_action":{"enabled":false,"date":"2026-05-16 05:33:45","action":"change-status","newStatus":"draft","terms":[],"taxonomy":"category","extraData":[]},"publishpress_future_workflow_manual_trigger":{"enabledWorkflows":[]},"_links":{"self":[{"href":"https:\/\/www.oaxaca.gob.mx\/cao\/wp-json\/wp\/v2\/pages\/12844","targetHints":{"allow":["GET"]}}],"collection":[{"href":"https:\/\/www.oaxaca.gob.mx\/cao\/wp-json\/wp\/v2\/pages"}],"about":[{"href":"https:\/\/www.oaxaca.gob.mx\/cao\/wp-json\/wp\/v2\/types\/page"}],"author":[{"embeddable":true,"href":"https:\/\/www.oaxaca.gob.mx\/cao\/wp-json\/wp\/v2\/users\/2"}],"replies":[{"embeddable":true,"href":"https:\/\/www.oaxaca.gob.mx\/cao\/wp-json\/wp\/v2\/comments?post=12844"}],"version-history":[{"count":5,"href":"https:\/\/www.oaxaca.gob.mx\/cao\/wp-json\/wp\/v2\/pages\/12844\/revisions"}],"predecessor-version":[{"id":12855,"href":"https:\/\/www.oaxaca.gob.mx\/cao\/wp-json\/wp\/v2\/pages\/12844\/revisions\/12855"}],"wp:attachment":[{"href":"https:\/\/www.oaxaca.gob.mx\/cao\/wp-json\/wp\/v2\/media?parent=12844"}],"wp:term":[{"taxonomy":"category","embeddable":true,"href":"https:\/\/www.oaxaca.gob.mx\/cao\/wp-json\/wp\/v2\/categories?post=12844"},{"taxonomy":"post_tag","embeddable":true,"href":"https:\/\/www.oaxaca.gob.mx\/cao\/wp-json\/wp\/v2\/tags?post=12844"}],"curies":[{"name":"wp","href":"https:\/\/api.w.org\/{rel}","templated":true}]}}