{"id":11262,"date":"2021-05-22T00:28:36","date_gmt":"2021-05-22T05:28:36","guid":{"rendered":"https:\/\/www.oaxaca.gob.mx\/cao\/?page_id=11262"},"modified":"2021-08-27T20:07:40","modified_gmt":"2021-08-28T01:07:40","slug":"registro-digital-010","status":"publish","type":"page","link":"https:\/\/www.oaxaca.gob.mx\/cao\/registro-digital-010\/","title":{"rendered":"REGISTRO DIGITAL 010"},"content":{"rendered":"<p><!-- Registro Digital 010 --><\/p>\n<p style=\"text-align: right\"><a href=\"https:\/\/www.oaxaca.gob.mx\/cao\/registro-digital-009\/\" class=\"su-button su-button-style-default\" style=\"color:#000000;background-color:#acacac;border-color:#8a8a8a;border-radius:5px\" target=\"_self\"><span style=\"color:#000000;padding:6px 16px;font-size:13px;line-height:20px;border-color:#c5c5c5;border-radius:5px;text-shadow:1px 0px 2px #000000\"><i class=\"sui sui-arrow-down\" style=\"font-size:13px;color:#FFFFFF\"><\/i> <b>Anterior<\/b><\/span><\/a><a href=\"https:\/\/www.oaxaca.gob.mx\/cao\/registro-digital-011\/\" class=\"su-button su-button-style-default\" style=\"color:#000000;background-color:#acacac;border-color:#8a8a8a;border-radius:5px\" target=\"_self\"><span style=\"color:#000000;padding:6px 16px;font-size:13px;line-height:20px;border-color:#c5c5c5;border-radius:5px;text-shadow:1px 0px 2px #000000\"><i class=\"sui sui-arrow-up\" style=\"font-size:13px;color:#FFFFFF\"><\/i> <b>Siguiente<\/b><\/span><\/a>\n<p><h2><span style=\"text-align: justify;font-weight: bold\">Acuerdos tomados en la primera sesi\u00f3n ordinaria del Comit\u00e9 de Transparencia del Organismo P\u00fablico Descentralizado Caminos y Aeropistas de Oaxaca, celebrada el d\u00eda 26 de  febrero de 2021.<\/span><\/h2>\n<\/p>\n<p>&nbsp;<\/p>\n<p style=\"text-align: justify\">Acuerdo de complimiento ACDO\/CG\/IAIP\/009\/2021  que emite la Direcci\u00f3n de comunicaci\u00f3n, capacitaci\u00f3n, evaluaci\u00f3n, archivos y datos personales del IAIP, sobre el procedimiento de la segunda verificaci\u00f3n virtual 2019 del cumplimiento de  las  obligaciones de  transparencia  que  debe  publicar  el  sujeto obligado Caminos y Aeropistas de Oaxaca en su portal institucional de transparencia y en la plataforma nacional de transparencia.<\/p>\n<p style=\"text-align: justify\">Se hace del conocimiento de este comit\u00e9 que el \u00edndice global de cumplimiento en los portales de transparencia (IGCPT) de Caminos y Aeropistas de Oaxaca   fue el siguiente:<\/p>\n<table border width=\"400\" align=\"center\">\n<tr>\n<td style=\"text-align: center;padding: 10px\" colspan=\"2\">\n<p><h6>SEGUNDA   VERIFICACION   VIRTUAL<\/h6>\n<\/p>\n<p><h6>2019<\/h6>\n<\/p>\n<p><h6>Periodo evaluado:  julio-diciembre<\/h6>\n<\/p>\n<p><h6>2019<\/h6>\n<\/p>\n<\/td>\n<\/tr>\n<tr>\n<th style=\"text-align: center;padding: 10px\" colspan=\"2\">\n<h6>IG  CPT= 100%<\/h6>\n<\/th>\n<\/tr>\n<tr>\n<th style=\"text-align: right;padding: 10px\">\n<h6>IG SIPOT:  100%<\/h6>\n<\/th>\n<th style=\"text-align: left;padding: 10px\">\n<h6>IG CPW:  100%<\/h6>\n<\/th>\n<\/tr>\n<\/table>\n<p><\/p>\n<p style=\"text-align: justify\">Derivando el siguiente acuerdo: Se ordena   a la unidad de transparencia monitorear  y  exhortar  a    las     diversas  \u00e1reas administrativas,  responsables de generar, resguardar y difundir la informaci\u00f3n,  para  que contin\u00faen  con la actualizaci\u00f3n y conservaci\u00f3n de la  informaci\u00f3n de  las obligaciones   comunes y  especificas   en  materia de transparencia,  adem\u00e1s de  tomar en  cuenta los  criterio y lineamientos aplicados por el personal  de la direcci\u00f3n  de comunicaci\u00f3n, capacitaci\u00f3n. Evaluaci\u00f3n, archivos y   datos  personales del  IAIP,   para  las  futuras verificaciones   y as\u00ed continuar con un buen \u00edndice  global de cumplimiento en los portales de transparencia   (IGCPT)  de este sujeto  obligado.<\/p>\n<p><span style=\"text-align: justify;font-weight: bold\">Se notifica suspensi\u00f3n la quinta sesi\u00f3n ordinaria del Comit\u00e9 de Transparencia del Organismo P\u00fablico Descentralizado denominado Caminos y Aeropistas de Oaxaca, programada para el   d\u00eda 30 de  Octubre de 2020.<\/span><\/p>\n<p style=\"text-align: justify\">En  cumplimiento  a  lo dispuesto por  la  cl\u00e1usula   DECIMO TERCERA fracci\u00f3n  Ill,  de  los Lineamientos para el Establecimiento y Funcionamiento  de los Comit\u00e9s y Unidades de Transparencia de los Sujetos Obligados por las Leyes de Transparencia, se informa que la QUINTA SESl6N  ORDINARIA  DEL COMITE DE TRANSPARENCIA programada para el d\u00eda 30 de octubre del 2020 no se llevara a cabo con motivo de la emergencia sanitaria por causa de fuerza mayor generada por el virus SARS-CoV2(COVID-19).<\/p>\n<p style=\"text-align: justify\">Haciendo de su  conocimiento que el Consejo General del  Instituto  de  Acceso a  la !informaci\u00f3n Publica y Protecci6n de Datos Personales, mediante acuerdo de fecha 15 de octubre de 2020, tuvo a bien acordar que los procedimientos para la tramitaci\u00f3n de solicitudes de acceso a la informaci\u00f3n y\/o protecci\u00f3n de datos personales, y recursos de revisi\u00f3n, que no est\u00e9n relacionados con informaci\u00f3n de la emergencia sanitaria generada por el virus SARS-CoV2 (COVID-19), el sismo registrado el 23 de junio del 2020, los programas sociales derivados de la emergencia sanitaria,  y la  informaci\u00f3n  relacionada con los procesos de licitaci\u00f3n, se rnantendr\u00e1n suspendidos hasta el tres de noviembre del a\u00f1o 2020.<\/p>\n<p>&nbsp;<\/p>\n<p style=\"text-align: justify\"><a href=\"https:\/\/www.oaxaca.gob.mx\/cao\/acuerdos\/\" class=\"su-button su-button-style-default\" style=\"color:#000000;background-color:#acacac;border-color:#8a8a8a;border-radius:5px\" target=\"_self\"><span style=\"color:#000000;padding:6px 16px;font-size:13px;line-height:20px;border-color:#c5c5c5;border-radius:5px;text-shadow:1px 0px 2px #000000\"><i class=\"sui sui-undo\" style=\"font-size:13px;color:#FFFFFF\"><\/i> <b>Regresar&#8230;<\/b><\/span><\/a>\n","protected":false},"excerpt":{"rendered":"<p>Acuerdos tomados en la primera sesi\u00f3n ordinaria del Comit\u00e9 de Transparencia del Organismo P\u00fablico Descentralizado Caminos y Aeropistas de Oaxaca, celebrada el d\u00eda 26 de febrero de 2021. &nbsp; Acuerdo de complimiento ACDO\/CG\/IAIP\/009\/2021 que emite la Direcci\u00f3n de comunicaci\u00f3n, capacitaci\u00f3n, evaluaci\u00f3n, archivos y datos personales del IAIP, sobre el procedimiento de la segunda verificaci\u00f3n virtual [&hellip;]<\/p>\n","protected":false},"author":2,"featured_media":0,"parent":0,"menu_order":0,"comment_status":"closed","ping_status":"closed","template":"","meta":{"episode_type":"","audio_file":"","podmotor_file_id":"","podmotor_episode_id":"","cover_image":"","cover_image_id":"","duration":"","filesize":"","filesize_raw":"","date_recorded":"","explicit":"","block":"","itunes_episode_number":"","itunes_title":"","itunes_season_number":"","itunes_episode_type":"","footnotes":""},"categories":[],"tags":[],"class_list":["post-11262","page","type-page","status-publish","hentry"],"publishpress_future_action":{"enabled":false,"date":"2026-05-16 05:51:18","action":"change-status","newStatus":"draft","terms":[],"taxonomy":"category","extraData":[]},"publishpress_future_workflow_manual_trigger":{"enabledWorkflows":[]},"_links":{"self":[{"href":"https:\/\/www.oaxaca.gob.mx\/cao\/wp-json\/wp\/v2\/pages\/11262","targetHints":{"allow":["GET"]}}],"collection":[{"href":"https:\/\/www.oaxaca.gob.mx\/cao\/wp-json\/wp\/v2\/pages"}],"about":[{"href":"https:\/\/www.oaxaca.gob.mx\/cao\/wp-json\/wp\/v2\/types\/page"}],"author":[{"embeddable":true,"href":"https:\/\/www.oaxaca.gob.mx\/cao\/wp-json\/wp\/v2\/users\/2"}],"replies":[{"embeddable":true,"href":"https:\/\/www.oaxaca.gob.mx\/cao\/wp-json\/wp\/v2\/comments?post=11262"}],"version-history":[{"count":6,"href":"https:\/\/www.oaxaca.gob.mx\/cao\/wp-json\/wp\/v2\/pages\/11262\/revisions"}],"predecessor-version":[{"id":12833,"href":"https:\/\/www.oaxaca.gob.mx\/cao\/wp-json\/wp\/v2\/pages\/11262\/revisions\/12833"}],"wp:attachment":[{"href":"https:\/\/www.oaxaca.gob.mx\/cao\/wp-json\/wp\/v2\/media?parent=11262"}],"wp:term":[{"taxonomy":"category","embeddable":true,"href":"https:\/\/www.oaxaca.gob.mx\/cao\/wp-json\/wp\/v2\/categories?post=11262"},{"taxonomy":"post_tag","embeddable":true,"href":"https:\/\/www.oaxaca.gob.mx\/cao\/wp-json\/wp\/v2\/tags?post=11262"}],"curies":[{"name":"wp","href":"https:\/\/api.w.org\/{rel}","templated":true}]}}