{"id":11252,"date":"2021-05-22T00:24:31","date_gmt":"2021-05-22T05:24:31","guid":{"rendered":"https:\/\/www.oaxaca.gob.mx\/cao\/?page_id=11252"},"modified":"2021-08-27T20:09:25","modified_gmt":"2021-08-28T01:09:25","slug":"registro-digital-009","status":"publish","type":"page","link":"https:\/\/www.oaxaca.gob.mx\/cao\/registro-digital-009\/","title":{"rendered":"REGISTRO DIGITAL 009"},"content":{"rendered":"<p><!-- Registro Digital 009 --><\/p>\n<p style=\"text-align: right\"><a href=\"https:\/\/www.oaxaca.gob.mx\/cao\/registro-digital-008\/\" class=\"su-button su-button-style-default\" style=\"color:#000000;background-color:#acacac;border-color:#8a8a8a;border-radius:5px\" target=\"_self\"><span style=\"color:#000000;padding:6px 16px;font-size:13px;line-height:20px;border-color:#c5c5c5;border-radius:5px;text-shadow:1px 0px 2px #000000\"><i class=\"sui sui-arrow-down\" style=\"font-size:13px;color:#FFFFFF\"><\/i> <b>Anterior<\/b><\/span><\/a><a href=\"https:\/\/www.oaxaca.gob.mx\/cao\/registro-digital-010\/\" class=\"su-button su-button-style-default\" style=\"color:#000000;background-color:#acacac;border-color:#8a8a8a;border-radius:5px\" target=\"_self\"><span style=\"color:#000000;padding:6px 16px;font-size:13px;line-height:20px;border-color:#c5c5c5;border-radius:5px;text-shadow:1px 0px 2px #000000\"><i class=\"sui sui-arrow-up\" style=\"font-size:13px;color:#FFFFFF\"><\/i> <b>Siguiente<\/b><\/span><\/a>\n<p><h2><span style=\"text-align: justify;font-weight: bold\">Acuerdos tomados en la primera sesi\u00f3n ordinaria del Comit\u00e9 de Adquisiciones, Arrendamientos y Servicios para Operaciones con Recursos Federales  de Caminos y Aeropistas de Oaxaca, celebrada el d\u00eda 26 de enero de 2021.<\/span><\/h2>\n<\/p>\n<p>&nbsp;<\/p>\n<p><span style=\"font-weight: bold\">ACUERDO CAASP-CAO-01-2021.-<\/span>&nbsp;En cumplimiento a lo dispuesto por el art\u00edculo 21 fracci\u00f3n III del Reglamento de la Ley de Adquisiciones, Arrendamientos  y Servicios del Sector P\u00fablico, y derivado de que el Programa Anual de Obras Publicas y Servicios Relacionados con las mismas de Caminos y Aeropistas de Oaxaca para el ejercicio presupuestal 2021 no contempla la ejecuci\u00f3n de obras bajo la modalidad de Administraci\u00f3n Directa, consecuentemente no se podr\u00e1 establecer el Programa Anual de Adquisiciones, Arrendamientos y Servicios para el ejercicio fiscal 2021, por lo que el organismo de Caminos y Aeropistas de Oaxaca se sujetara a los montos del primer rango de montos m\u00e1ximos de Adjudicaci\u00f3n de Adjudicaci\u00f3n mediante procedimiento de Adjudicaci\u00f3n Directa y de Invitaci\u00f3n a Cuando Menos Tres Personas, establecidos en el anexo 9 del Presupuesto de Egresos de la Federaci\u00f3n para el ejercicio fiscal 2021, para la celebraci\u00f3n de procedimientos de contrataci\u00f3n fundamentados en el art\u00edculo 42 de la ley de Adquisiciones, Arrendamientos y Servicios del Sector P\u00fablico en caso preciso de existir autorizaci\u00f3n alguna, hasta por los montos siguientes:<\/p>\n<p style=\"text-align: justify\">MONTOS CON LOS QUE EL ORGANISMO DE CAMINOS Y AEROPISTAS DE OAXACA PODR\u00c1 CELEBRAR PROCEDIMIENTOS DE CONTRATACI\u00d3N FUNDAMENTADOS EN EL ART\u00cdCULO 42 DE LA LEY DE ADQUISICIONES, ARRENDAMIENTOS Y SERVICIOS DEL SECTOR P\u00daBLICO DE ACUERDO A LOS MONTOS M\u00c1XIMOS DE ADJUDICACI\u00d3N MEDIANTE PROCEDIMIENTO DE ADJUDICACI\u00d3N DIRECTA Y DE INVITACI\u00d3N A CUANDO MENOS TRES PERSONAS, ESTABLECIDOS EN EL ANEXO 9 DEL PRESUPUESTO DE EGRESOS DE LA FEDERACI\u00d3N PARA EL EJERCICIO FISCAL 2021.<\/p>\n<table border width=\"700\" align=\"center\">\n<tr>\n<th style=\"text-align: center;padding: 10px;background: #e5dfec\">\n<h6>MODALIDAD<\/h6>\n<\/th>\n<th style=\"text-align: center;padding: 10px;background: #e5dfec\">\n<h6>MONTO M\u00c1XIMO TOTAL DE CADA OPERACI\u00d3N ANTES DE IVA<\/h6>\n<\/th>\n<th style=\"text-align: center;padding: 10px;background: #e5dfec\">\n<h6>MONTO M\u00c1XIMO TOTAL DE CADA OPERACI\u00d3N DESPU\u00c9S DE IVA<\/h6>\n<\/th>\n<\/tr>\n<tr>\n<th style=\"text-align: center;padding: 10px;background: #dbe5f1\">\n<h6>ADJUDICACI\u00d3N DIRECTA<\/h6>\n<\/th>\n<th style=\"text-align: center;padding: 10px\">\n<h6>215<\/h6>\n<\/th>\n<th style=\"text-align: center;padding: 10px\">\n<h6>249.4<\/h6>\n<\/th>\n<\/tr>\n<tr>\n<th style=\"text-align: center;padding: 10px;background: #dbe5f1\">\n<h6>INVITACI\u00d3N A CUANDO MENOS TRES PERSONAS<\/h6>\n<\/th>\n<th style=\"text-align: center;padding: 10px\">\n<h6>737<\/h6>\n<\/th>\n<th style=\"text-align: center;padding: 10px\">\n<h6>854.92<\/h6>\n<\/th>\n<\/tr>\n<\/table>\n<p>&nbsp;<\/p>\n<p style=\"text-align: left\"><a href=\"https:\/\/www.oaxaca.gob.mx\/cao\/acuerdos\/\" class=\"su-button su-button-style-default\" style=\"color:#000000;background-color:#acacac;border-color:#8a8a8a;border-radius:5px\" target=\"_self\"><span style=\"color:#000000;padding:6px 16px;font-size:13px;line-height:20px;border-color:#c5c5c5;border-radius:5px;text-shadow:1px 0px 2px #000000\"><i class=\"sui sui-undo\" style=\"font-size:13px;color:#FFFFFF\"><\/i> <b>Regresar&#8230;<\/b><\/span><\/a>\n","protected":false},"excerpt":{"rendered":"<p>Acuerdos tomados en la primera sesi\u00f3n ordinaria del Comit\u00e9 de Adquisiciones, Arrendamientos y Servicios para Operaciones con Recursos Federales de Caminos y Aeropistas de Oaxaca, celebrada el d\u00eda 26 de enero de 2021. &nbsp; ACUERDO CAASP-CAO-01-2021.-&nbsp;En cumplimiento a lo dispuesto por el art\u00edculo 21 fracci\u00f3n III del Reglamento de la Ley de Adquisiciones, Arrendamientos y [&hellip;]<\/p>\n","protected":false},"author":2,"featured_media":0,"parent":0,"menu_order":0,"comment_status":"closed","ping_status":"closed","template":"","meta":{"episode_type":"","audio_file":"","podmotor_file_id":"","podmotor_episode_id":"","cover_image":"","cover_image_id":"","duration":"","filesize":"","filesize_raw":"","date_recorded":"","explicit":"","block":"","itunes_episode_number":"","itunes_title":"","itunes_season_number":"","itunes_episode_type":"","footnotes":""},"categories":[],"tags":[],"class_list":["post-11252","page","type-page","status-publish","hentry"],"publishpress_future_action":{"enabled":false,"date":"2026-05-24 04:05:53","action":"change-status","newStatus":"draft","terms":[],"taxonomy":"category","extraData":[]},"publishpress_future_workflow_manual_trigger":{"enabledWorkflows":[]},"_links":{"self":[{"href":"https:\/\/www.oaxaca.gob.mx\/cao\/wp-json\/wp\/v2\/pages\/11252","targetHints":{"allow":["GET"]}}],"collection":[{"href":"https:\/\/www.oaxaca.gob.mx\/cao\/wp-json\/wp\/v2\/pages"}],"about":[{"href":"https:\/\/www.oaxaca.gob.mx\/cao\/wp-json\/wp\/v2\/types\/page"}],"author":[{"embeddable":true,"href":"https:\/\/www.oaxaca.gob.mx\/cao\/wp-json\/wp\/v2\/users\/2"}],"replies":[{"embeddable":true,"href":"https:\/\/www.oaxaca.gob.mx\/cao\/wp-json\/wp\/v2\/comments?post=11252"}],"version-history":[{"count":13,"href":"https:\/\/www.oaxaca.gob.mx\/cao\/wp-json\/wp\/v2\/pages\/11252\/revisions"}],"predecessor-version":[{"id":12832,"href":"https:\/\/www.oaxaca.gob.mx\/cao\/wp-json\/wp\/v2\/pages\/11252\/revisions\/12832"}],"wp:attachment":[{"href":"https:\/\/www.oaxaca.gob.mx\/cao\/wp-json\/wp\/v2\/media?parent=11252"}],"wp:term":[{"taxonomy":"category","embeddable":true,"href":"https:\/\/www.oaxaca.gob.mx\/cao\/wp-json\/wp\/v2\/categories?post=11252"},{"taxonomy":"post_tag","embeddable":true,"href":"https:\/\/www.oaxaca.gob.mx\/cao\/wp-json\/wp\/v2\/tags?post=11252"}],"curies":[{"name":"wp","href":"https:\/\/api.w.org\/{rel}","templated":true}]}}