{"id":11250,"date":"2021-05-21T23:53:19","date_gmt":"2021-05-22T04:53:19","guid":{"rendered":"https:\/\/www.oaxaca.gob.mx\/cao\/?page_id=11250"},"modified":"2021-08-27T20:13:08","modified_gmt":"2021-08-28T01:13:08","slug":"registro-digital-008","status":"publish","type":"page","link":"https:\/\/www.oaxaca.gob.mx\/cao\/registro-digital-008\/","title":{"rendered":"REGISTRO DIGITAL 008"},"content":{"rendered":"<p><!-- Registro Digital 008 --><\/p>\n<p style=\"text-align: right\"><a href=\"https:\/\/www.oaxaca.gob.mx\/cao\/registro-digital-007\/\" class=\"su-button su-button-style-default\" style=\"color:#000000;background-color:#acacac;border-color:#8a8a8a;border-radius:5px\" target=\"_self\"><span style=\"color:#000000;padding:6px 16px;font-size:13px;line-height:20px;border-color:#c5c5c5;border-radius:5px;text-shadow:1px 0px 2px #000000\"><i class=\"sui sui-arrow-down\" style=\"font-size:13px;color:#FFFFFF\"><\/i> <b>Anterior<\/b><\/span><\/a><a href=\"https:\/\/www.oaxaca.gob.mx\/cao\/registro-digital-009\/\" class=\"su-button su-button-style-default\" style=\"color:#000000;background-color:#acacac;border-color:#8a8a8a;border-radius:5px\" target=\"_self\"><span style=\"color:#000000;padding:6px 16px;font-size:13px;line-height:20px;border-color:#c5c5c5;border-radius:5px;text-shadow:1px 0px 2px #000000\"><i class=\"sui sui-arrow-up\" style=\"font-size:13px;color:#FFFFFF\"><\/i> <b>Siguiente<\/b><\/span><\/a>\n<p><h2><span style=\"text-align: justify;font-weight: bold\">Acuerdos tomados en la primera sesi\u00f3n ordinaria del Comit\u00e9 de Obras P\u00fablicas y Servicios Relacionados con las Mismas de Caminos y Aeropistas de Oaxaca, celebrada el d\u00eda 26 de enero de 2021.<\/span><\/h2>\n<\/p>\n<p>&nbsp;<\/p>\n<p><span style=\"font-weight: bold\">ACUERDO COPSRM-CAO-01-2021.-<\/span>&nbsp;Con fundamento a lo que establece el art\u00edculo 27 fracci\u00f3n IV y 28 fracci\u00f3n IX segundo p\u00e1rrafo del Reglamento de la Ley de Obras Publicas y Servicios Relacionados con las Mismas, se dan por enterados del Programa Anual de Obras P\u00fablicas y Servicios Relacionados con las Mismas de Caminos y Aeropistas de Oaxaca para el ejercicio 2021 y aprueban por unanimidad su contenido, cuyo importe asciende a un total $ 1,148,511,501.85 (IVA incluido),de conformidad con el cuadro antes se\u00f1alado denominado PROGRAMA ANUAL DE OBRAS P\u00daBLICAS Y SERVICIOS RELACIONADOS CON LAS MISMAS, EJERCICIO 2021.<\/p>\n<p><span style=\"font-weight: bold\">ACUERDO COPSRM-CAO-02-2021.-<\/span>&nbsp;Con fundamento en lo dispuesto por el art\u00edculo 27 fracci\u00f3n III del Reglamento de la Ley de Obras Publicas y Servicios Relacionados con las Mismas y conocido el importe total de la propuesta del Programa anual de Obras P\u00fablicas y servicios Relacionados con las mismas a ejercer por parte del organismo p\u00fablico descentralizado denominado Caminos y Aeropistas de Oaxaca, en materia de obras p\u00fablicas y servicios relacionados con las mismas para el ejercicio 2021, el cual asciende a un importe de $990,096,122.28 antes de IVA, este organismo se ubica en el \u00faltimo rango del anexo 9 del Presupuesto de Egresos de la Federaci\u00f3n para el Ejercicio Fiscal 2021 por lo que podr\u00e1 celebrar procedimientos de contrataci\u00f3n fundamentados en el art\u00edculo 43 de la multicitada ley, hasta por los montos siguientes.<\/p>\n<table border width=\"800\" align=\"center\">\n<tr>\n<th style=\"text-align: center;padding: 10px;background: #dbe5f1\">\n<h6>MODALIDAD<\/h6>\n<\/th>\n<th style=\"text-align: center;padding: 10px\">\n<h6>MONTO M\u00c1XIMO TOTAL DE CADA OBRA PUBLICA ANTES DE IVA<\/h6>\n<\/th>\n<th style=\"text-align: center;padding: 10px\">\n<h6>MONTO M\u00c1XIMO TOTAL DE CADA OBRA PUBLICA DESPU\u00c9S DE IVA<\/h6>\n<\/th>\n<th style=\"text-align: center;padding: 10px\">\n<h6>MONTO M\u00c1XIMO TOTAL DE CADA SERVICIO RELACIONADO CON OBRA P\u00daBLICA ANTES DE IVA<\/h6>\n<\/th>\n<th style=\"text-align: center;padding: 10px\">\n<h6>MONTO M\u00c1XIMO TOTAL DE CADA SERVICIO RELACIONADO CON OBRA P\u00daBLICA DESPU\u00c9S DE IVA<\/h6>\n<\/th>\n<\/tr>\n<tr>\n<th style=\"text-align: center;padding: 10px;background: #dbe5f1\">\n<h6>ADJUDICACI\u00d3N DIRECTA<\/h6>\n<\/th>\n<th style=\"text-align: center;padding: 10px\">\n<h6>1,518<\/h6>\n<\/th>\n<th style=\"text-align: center;padding: 10px\">\n<h6>1,760.88<\/h6>\n<\/th>\n<th style=\"text-align: center;padding: 10px\">\n<h6>765<\/h6>\n<\/th>\n<th style=\"text-align: center;padding: 10px\">\n<h6>887.04<\/h6>\n<\/th>\n<\/tr>\n<tr>\n<th style=\"text-align: center;padding: 10px;background: #dbe5f1\">\n<h6>INVITACI\u00d3N A CUANDO MENOS TRES PERSONAS<\/h6>\n<\/th>\n<th style=\"text-align: center;padding: 10px\">\n<h6>12,355<\/h6>\n<\/th>\n<th style=\"text-align: center;padding: 10px\">\n<h6>14,331.80<\/h6>\n<\/th>\n<th style=\"text-align: center;padding: 10px\">\n<h6>9,307<\/h6>\n<\/th>\n<th style=\"text-align: center;padding: 10px\">\n<h6>10,796.12<\/h6>\n<\/th>\n<\/tr>\n<\/table>\n<p>&nbsp;<\/p>\n<p style=\"text-align: left\"><a href=\"https:\/\/www.oaxaca.gob.mx\/cao\/acuerdos\/\" class=\"su-button su-button-style-default\" style=\"color:#000000;background-color:#acacac;border-color:#8a8a8a;border-radius:5px\" target=\"_self\"><span style=\"color:#000000;padding:6px 16px;font-size:13px;line-height:20px;border-color:#c5c5c5;border-radius:5px;text-shadow:1px 0px 2px #000000\"><i class=\"sui sui-undo\" style=\"font-size:13px;color:#FFFFFF\"><\/i> <b>Regresar&#8230;<\/b><\/span><\/a>\n","protected":false},"excerpt":{"rendered":"<p>Acuerdos tomados en la primera sesi\u00f3n ordinaria del Comit\u00e9 de Obras P\u00fablicas y Servicios Relacionados con las Mismas de Caminos y Aeropistas de Oaxaca, celebrada el d\u00eda 26 de enero de 2021. &nbsp; ACUERDO COPSRM-CAO-01-2021.-&nbsp;Con fundamento a lo que establece el art\u00edculo 27 fracci\u00f3n IV y 28 fracci\u00f3n IX segundo p\u00e1rrafo del Reglamento de la [&hellip;]<\/p>\n","protected":false},"author":2,"featured_media":0,"parent":0,"menu_order":0,"comment_status":"closed","ping_status":"closed","template":"","meta":{"episode_type":"","audio_file":"","podmotor_file_id":"","podmotor_episode_id":"","cover_image":"","cover_image_id":"","duration":"","filesize":"","filesize_raw":"","date_recorded":"","explicit":"","block":"","itunes_episode_number":"","itunes_title":"","itunes_season_number":"","itunes_episode_type":"","footnotes":""},"categories":[],"tags":[],"class_list":["post-11250","page","type-page","status-publish","hentry"],"publishpress_future_action":{"enabled":false,"date":"2026-05-16 05:33:45","action":"change-status","newStatus":"draft","terms":[],"taxonomy":"category","extraData":[]},"publishpress_future_workflow_manual_trigger":{"enabledWorkflows":[]},"_links":{"self":[{"href":"https:\/\/www.oaxaca.gob.mx\/cao\/wp-json\/wp\/v2\/pages\/11250","targetHints":{"allow":["GET"]}}],"collection":[{"href":"https:\/\/www.oaxaca.gob.mx\/cao\/wp-json\/wp\/v2\/pages"}],"about":[{"href":"https:\/\/www.oaxaca.gob.mx\/cao\/wp-json\/wp\/v2\/types\/page"}],"author":[{"embeddable":true,"href":"https:\/\/www.oaxaca.gob.mx\/cao\/wp-json\/wp\/v2\/users\/2"}],"replies":[{"embeddable":true,"href":"https:\/\/www.oaxaca.gob.mx\/cao\/wp-json\/wp\/v2\/comments?post=11250"}],"version-history":[{"count":5,"href":"https:\/\/www.oaxaca.gob.mx\/cao\/wp-json\/wp\/v2\/pages\/11250\/revisions"}],"predecessor-version":[{"id":11286,"href":"https:\/\/www.oaxaca.gob.mx\/cao\/wp-json\/wp\/v2\/pages\/11250\/revisions\/11286"}],"wp:attachment":[{"href":"https:\/\/www.oaxaca.gob.mx\/cao\/wp-json\/wp\/v2\/media?parent=11250"}],"wp:term":[{"taxonomy":"category","embeddable":true,"href":"https:\/\/www.oaxaca.gob.mx\/cao\/wp-json\/wp\/v2\/categories?post=11250"},{"taxonomy":"post_tag","embeddable":true,"href":"https:\/\/www.oaxaca.gob.mx\/cao\/wp-json\/wp\/v2\/tags?post=11250"}],"curies":[{"name":"wp","href":"https:\/\/api.w.org\/{rel}","templated":true}]}}