{"id":11226,"date":"2021-05-21T22:37:00","date_gmt":"2021-05-22T03:37:00","guid":{"rendered":"https:\/\/www.oaxaca.gob.mx\/cao\/?page_id=11226"},"modified":"2021-08-27T20:15:37","modified_gmt":"2021-08-28T01:15:37","slug":"registro-digital-006","status":"publish","type":"page","link":"https:\/\/www.oaxaca.gob.mx\/cao\/registro-digital-006\/","title":{"rendered":"REGISTRO DIGITAL 006"},"content":{"rendered":"<p><!-- Registro Digital 006 --><\/p>\n<p style=\"text-align: right\"><a href=\"https:\/\/www.oaxaca.gob.mx\/cao\/registro-digital-005\/\" class=\"su-button su-button-style-default\" style=\"color:#000000;background-color:#acacac;border-color:#8a8a8a;border-radius:5px\" target=\"_self\"><span style=\"color:#000000;padding:6px 16px;font-size:13px;line-height:20px;border-color:#c5c5c5;border-radius:5px;text-shadow:1px 0px 2px #000000\"><i class=\"sui sui-arrow-down\" style=\"font-size:13px;color:#FFFFFF\"><\/i> <b>Anterior<\/b><\/span><\/a><a href=\"https:\/\/www.oaxaca.gob.mx\/cao\/registro-digital-007\/\" class=\"su-button su-button-style-default\" style=\"color:#000000;background-color:#acacac;border-color:#8a8a8a;border-radius:5px\" target=\"_self\"><span style=\"color:#000000;padding:6px 16px;font-size:13px;line-height:20px;border-color:#c5c5c5;border-radius:5px;text-shadow:1px 0px 2px #000000\"><i class=\"sui sui-arrow-up\" style=\"font-size:13px;color:#FFFFFF\"><\/i> <b>Siguiente<\/b><\/span><\/a>\n<p><h2><span style=\"text-align: justify;font-weight: bold\">Acuerdo determinado por el Comit\u00e9 de Obras P\u00fablicas y Servicios Relacionados con las Mismas de Caminos y Aeropistas de Oaxaca en la Doceava sesi\u00f3n ordinaria celebrada el d\u00eda 22 de diciembre de 2020, mismo que se refiere a la aprobaci\u00f3n del calendario de Sesiones Ordinarias para el ejercicio 2021, el cual tendr\u00e1 un status de seguimiento permanente de acuerdo a lo establecido en el art\u00edculo 27 Fracci\u00f3n II del Reglamento de la Ley de Obras P\u00fablicas y Servicios Relacionados con las Mismas.<\/span><\/h2>\n<\/p>\n<p>&nbsp;<\/p>\n<p><span style=\"font-weight: bold\">Acuerdo COPSRM-CAO-03-2020.-<\/span>&nbsp;En observancia al art\u00edculo 27 Fracci\u00f3n II del Reglamento de la Ley de Obras P\u00fablicas y Servicios Relacionados con las Mismas, este Comit\u00e9 considera la propuesta y aprueba el Calendario de Sesiones Ordinarias presentado y exhorta a los miembros, asistir en forma puntual a las convocatorias que de dicho calendario deriven.<\/p>\n<p style=\"text-align: center\"><img decoding=\"async\" style=\"max-width: 600px;max-height: 400px\" src=\"\/cao\/wp-content\/uploads\/sites\/5\/2021\/05\/calendario0.png\" alt=\"cuestionario\" \/><\/p>\n<p>&nbsp;<\/p>\n<p style=\"text-align: left\"><a href=\"https:\/\/www.oaxaca.gob.mx\/cao\/acuerdos\/\" class=\"su-button su-button-style-default\" style=\"color:#000000;background-color:#acacac;border-color:#8a8a8a;border-radius:5px\" target=\"_self\"><span style=\"color:#000000;padding:6px 16px;font-size:13px;line-height:20px;border-color:#c5c5c5;border-radius:5px;text-shadow:1px 0px 2px #000000\"><i class=\"sui sui-undo\" style=\"font-size:13px;color:#FFFFFF\"><\/i> <b>Regresar&#8230;<\/b><\/span><\/a>\n","protected":false},"excerpt":{"rendered":"<p>Acuerdo determinado por el Comit\u00e9 de Obras P\u00fablicas y Servicios Relacionados con las Mismas de Caminos y Aeropistas de Oaxaca en la Doceava sesi\u00f3n ordinaria celebrada el d\u00eda 22 de diciembre de 2020, mismo que se refiere a la aprobaci\u00f3n del calendario de Sesiones Ordinarias para el ejercicio 2021, el cual tendr\u00e1 un status de [&hellip;]<\/p>\n","protected":false},"author":2,"featured_media":0,"parent":0,"menu_order":0,"comment_status":"closed","ping_status":"closed","template":"","meta":{"episode_type":"","audio_file":"","podmotor_file_id":"","podmotor_episode_id":"","cover_image":"","cover_image_id":"","duration":"","filesize":"","filesize_raw":"","date_recorded":"","explicit":"","block":"","itunes_episode_number":"","itunes_title":"","itunes_season_number":"","itunes_episode_type":"","footnotes":""},"categories":[],"tags":[],"class_list":["post-11226","page","type-page","status-publish","hentry"],"publishpress_future_action":{"enabled":false,"date":"2026-05-09 12:55:58","action":"change-status","newStatus":"draft","terms":[],"taxonomy":"category","extraData":[]},"publishpress_future_workflow_manual_trigger":{"enabledWorkflows":[]},"_links":{"self":[{"href":"https:\/\/www.oaxaca.gob.mx\/cao\/wp-json\/wp\/v2\/pages\/11226","targetHints":{"allow":["GET"]}}],"collection":[{"href":"https:\/\/www.oaxaca.gob.mx\/cao\/wp-json\/wp\/v2\/pages"}],"about":[{"href":"https:\/\/www.oaxaca.gob.mx\/cao\/wp-json\/wp\/v2\/types\/page"}],"author":[{"embeddable":true,"href":"https:\/\/www.oaxaca.gob.mx\/cao\/wp-json\/wp\/v2\/users\/2"}],"replies":[{"embeddable":true,"href":"https:\/\/www.oaxaca.gob.mx\/cao\/wp-json\/wp\/v2\/comments?post=11226"}],"version-history":[{"count":5,"href":"https:\/\/www.oaxaca.gob.mx\/cao\/wp-json\/wp\/v2\/pages\/11226\/revisions"}],"predecessor-version":[{"id":11289,"href":"https:\/\/www.oaxaca.gob.mx\/cao\/wp-json\/wp\/v2\/pages\/11226\/revisions\/11289"}],"wp:attachment":[{"href":"https:\/\/www.oaxaca.gob.mx\/cao\/wp-json\/wp\/v2\/media?parent=11226"}],"wp:term":[{"taxonomy":"category","embeddable":true,"href":"https:\/\/www.oaxaca.gob.mx\/cao\/wp-json\/wp\/v2\/categories?post=11226"},{"taxonomy":"post_tag","embeddable":true,"href":"https:\/\/www.oaxaca.gob.mx\/cao\/wp-json\/wp\/v2\/tags?post=11226"}],"curies":[{"name":"wp","href":"https:\/\/api.w.org\/{rel}","templated":true}]}}