{"id":11157,"date":"2021-05-21T17:02:17","date_gmt":"2021-05-21T22:02:17","guid":{"rendered":"https:\/\/www.oaxaca.gob.mx\/cao\/?page_id=11157"},"modified":"2021-08-27T20:22:18","modified_gmt":"2021-08-28T01:22:18","slug":"registro-digital-001","status":"publish","type":"page","link":"https:\/\/www.oaxaca.gob.mx\/cao\/registro-digital-001\/","title":{"rendered":"REGISTRO DIGITAL 001"},"content":{"rendered":"<p><!-- Registro Digital 001 --><\/p>\n<p style=\"text-align: right\"><a href=\"\" class=\"su-button su-button-style-default\" style=\"color:#ffffff;background-color:#ffffff;border-color:#cccccc;border-radius:5px\" target=\"_self\"><span style=\"color:#ffffff;padding:6px 16px;font-size:13px;line-height:20px;border-color:#ffffff;border-radius:5px;text-shadow:1px 0px 2px #000000\"><i class=\"sui sui-arrow-down\" style=\"font-size:13px;color:#FFFFFF\"><\/i> <b>Anterior<\/b><\/span><\/a><a href=\"https:\/\/www.oaxaca.gob.mx\/cao\/registro-digital-002\/\" class=\"su-button su-button-style-default\" style=\"color:#000000;background-color:#acacac;border-color:#8a8a8a;border-radius:5px\" target=\"_self\"><span style=\"color:#000000;padding:6px 16px;font-size:13px;line-height:20px;border-color:#c5c5c5;border-radius:5px;text-shadow:1px 0px 2px #000000\"><i class=\"sui sui-arrow-up\" style=\"font-size:13px;color:#FFFFFF\"><\/i> <b>Siguiente<\/b><\/span><\/a>\n<p><h2><span style=\"text-align: justify;font-weight: bold\">A fin de que los integrantes guarden el protocolo de reserva, discrecionalidad y confidencialidad de todos los asuntos emanados del \u00f3rgano plural, con fundamento en los p\u00e1rrafos tercero, cuarto y quinto del numeral 36 de los Lineamientos Generales del C\u00f3digo de \u00c9tica para servidoras y servidores p\u00fablicos del poder ejecutivo del Estado de Oaxaca, presenta el convenio de confidencialidad, del cual emana el siguiente acuerdo:<\/span><\/h2>\n<\/p>\n<p>&nbsp;<\/p>\n<p><span style=\"font-weight: bold\">FIRMA DE CONVENIO CONFIDENCIALIDAD ACUERDO\/CEPCI\/02\/2020.-<\/span>&nbsp;Le\u00eddo el convenio de confidencialidad suscrito por cada uno de los miembros del Comit\u00e9 de \u00e9tica, manifiestan estar de acuerdo con su alcance legal y reiteran el compromiso de cumplir con sus disposiciones a cabalidad y en cumplimiento de la normatividad en materia de \u00e9tica. De igual forma se dan por enterados de las dem\u00e1s acciones que se han acotado respecto al informe de avance y seguimiento de PAT 2020.<\/p>\n<p><span style=\"font-weight: bold\">APROBACI\u00d3N DE PROCEDIMIENTOS  ACUERDO\/CEPCI\/03\/2020.-<\/span>&nbsp;Se aprueba por unanimidad de votos, los procedimientos presentados para la investigaci\u00f3n de actos contrarios a la \u00e9tica y conducta Institucional, as\u00ed como el procedimiento por el cual se eval\u00faa el apego de los servidores p\u00fablicos a los C\u00f3digos de \u00c9tica y Conducta de Caminos y Aeropistas de Oaxaca, por lo que se le solicita a la Secretar\u00eda Ejecutiva para realizar lo conducente.<\/p>\n<p>&nbsp;<\/p>\n<p style=\"text-align: justify\"><a href=\"https:\/\/www.oaxaca.gob.mx\/cao\/acuerdos\/\" class=\"su-button su-button-style-default\" style=\"color:#000000;background-color:#acacac;border-color:#8a8a8a;border-radius:5px\" target=\"_self\"><span style=\"color:#000000;padding:6px 16px;font-size:13px;line-height:20px;border-color:#c5c5c5;border-radius:5px;text-shadow:1px 0px 2px #000000\"><i class=\"sui sui-undo\" style=\"font-size:13px;color:#FFFFFF\"><\/i> <b>Regresar&#8230;<\/b><\/span><\/a>\n","protected":false},"excerpt":{"rendered":"<p>A fin de que los integrantes guarden el protocolo de reserva, discrecionalidad y confidencialidad de todos los asuntos emanados del \u00f3rgano plural, con fundamento en los p\u00e1rrafos tercero, cuarto y quinto del numeral 36 de los Lineamientos Generales del C\u00f3digo de \u00c9tica para servidoras y servidores p\u00fablicos del poder ejecutivo del Estado de Oaxaca, presenta [&hellip;]<\/p>\n","protected":false},"author":2,"featured_media":0,"parent":0,"menu_order":0,"comment_status":"closed","ping_status":"closed","template":"","meta":{"episode_type":"","audio_file":"","podmotor_file_id":"","podmotor_episode_id":"","cover_image":"","cover_image_id":"","duration":"","filesize":"","filesize_raw":"","date_recorded":"","explicit":"","block":"","itunes_episode_number":"","itunes_title":"","itunes_season_number":"","itunes_episode_type":"","footnotes":""},"categories":[],"tags":[],"class_list":["post-11157","page","type-page","status-publish","hentry"],"publishpress_future_action":{"enabled":false,"date":"2026-05-16 06:36:26","action":"change-status","newStatus":"draft","terms":[],"taxonomy":"category","extraData":[]},"publishpress_future_workflow_manual_trigger":{"enabledWorkflows":[]},"_links":{"self":[{"href":"https:\/\/www.oaxaca.gob.mx\/cao\/wp-json\/wp\/v2\/pages\/11157","targetHints":{"allow":["GET"]}}],"collection":[{"href":"https:\/\/www.oaxaca.gob.mx\/cao\/wp-json\/wp\/v2\/pages"}],"about":[{"href":"https:\/\/www.oaxaca.gob.mx\/cao\/wp-json\/wp\/v2\/types\/page"}],"author":[{"embeddable":true,"href":"https:\/\/www.oaxaca.gob.mx\/cao\/wp-json\/wp\/v2\/users\/2"}],"replies":[{"embeddable":true,"href":"https:\/\/www.oaxaca.gob.mx\/cao\/wp-json\/wp\/v2\/comments?post=11157"}],"version-history":[{"count":12,"href":"https:\/\/www.oaxaca.gob.mx\/cao\/wp-json\/wp\/v2\/pages\/11157\/revisions"}],"predecessor-version":[{"id":11758,"href":"https:\/\/www.oaxaca.gob.mx\/cao\/wp-json\/wp\/v2\/pages\/11157\/revisions\/11758"}],"wp:attachment":[{"href":"https:\/\/www.oaxaca.gob.mx\/cao\/wp-json\/wp\/v2\/media?parent=11157"}],"wp:term":[{"taxonomy":"category","embeddable":true,"href":"https:\/\/www.oaxaca.gob.mx\/cao\/wp-json\/wp\/v2\/categories?post=11157"},{"taxonomy":"post_tag","embeddable":true,"href":"https:\/\/www.oaxaca.gob.mx\/cao\/wp-json\/wp\/v2\/tags?post=11157"}],"curies":[{"name":"wp","href":"https:\/\/api.w.org\/{rel}","templated":true}]}}