{"id":11149,"date":"2021-05-21T16:40:32","date_gmt":"2021-05-21T21:40:32","guid":{"rendered":"https:\/\/www.oaxaca.gob.mx\/cao\/?page_id=11149"},"modified":"2022-01-12T17:00:15","modified_gmt":"2022-01-12T23:00:15","slug":"11149-2","status":"publish","type":"page","link":"https:\/\/www.oaxaca.gob.mx\/cao\/acuerdos\/","title":{"rendered":"REGISTRO DIGITAL DE ACUERDOS"},"content":{"rendered":"<p style=\"text-align: center\"><img decoding=\"async\" style=\"max-width: 100%;max-height: 300px\" src=\"\/cao\/wp-content\/uploads\/sites\/5\/2021\/05\/cabecera-acuerdos.png\" alt=\"cocoi\" \/><\/p>\n<p>&nbsp;<\/p>\n<h3 style=\"text-align: justify\">En el marco del  Plan de Trabajo de Control Interno, PTCI 2021, atendiendo el componente  IV: Informaci\u00f3n y Comunicaci\u00f3n, se implement\u00f3 el <span style=\"text-align: justify;font-weight: bold\">Registro Digital de Acuerdos y Compromisos<\/span> correspondientes a los procesos aprobados en las reuniones de \u00f3rgano de gobierno, comit\u00e9s institucionales o grupos de trabajo.<\/h3>\n<p><\/p>\n<h3 style=\"text-align: justify\">El Registro Digital de Acuerdos y Compromisos  es una compilaci\u00f3n y difusi\u00f3n de  las acciones y actividades que se determinan en los diversos comit\u00e9s con que cuenta organismo p\u00fablico descentralizado, disponiendo de estrategias de comunicaci\u00f3n digital en observancia al fortalecimiento y mejora de la gesti\u00f3n interna.<\/p>\n<p>&nbsp;<\/p>\n<div class=\"su-tabs su-tabs-style-default su-tabs-mobile-stack su-tabs-vertical\" data-active=\"1\" data-scroll-offset=\"0\" data-anchor-in-url=\"no\"><div class=\"su-tabs-nav\"><span class=\"\" data-url=\"\" data-target=\"blank\" tabindex=\"0\" role=\"button\">A\u00d1O 2021<\/span><span class=\"\" data-url=\"\" data-target=\"blank\" tabindex=\"0\" role=\"button\">A\u00d1O 2020<\/span><\/div><div class=\"su-tabs-panes\"><div class=\"su-tabs-pane su-u-clearfix su-u-trim\" data-title=\"A\u00d1O 2021\">\n<h5 style=\"text-align: center\">A\u00d1O 2021<\/p>\n<h5>\n        &nbsp;<br \/>\n        \n<table id=\"tablepress-acuerdos2021\" class=\"tablepress tablepress-id-acuerdos2021\">\n<thead>\n<tr class=\"row-1\">\n\t<td class=\"column-1\"><\/td><td class=\"column-2\"><\/td>\n<\/tr>\n<\/thead>\n<tbody class=\"row-striping row-hover\">\n<tr class=\"row-2\">\n\t<td class=\"column-1\"><a href=\"https:\/\/www.oaxaca.gob.mx\/cao\/registro-digital-024\/\"><h4>Registro Digital 024<\/h4><\/a><\/td><td class=\"column-2\"><a href=\"https:\/\/www.oaxaca.gob.mx\/cao\/registro-digital-024\/\"><h4>Acuerdos tomados en la doceava sesi\u00f3n ordinaria del Comit\u00e9 de Obras P\u00fablicas y Servicios Relacionados con las mismas de Caminos y Aeropistas de Oaxaca, celebrada el d\u00eda 21 de diciembre del 2021.<\/h4><\/a><\/td>\n<\/tr>\n<tr class=\"row-3\">\n\t<td class=\"column-1\"><a href=\"https:\/\/www.oaxaca.gob.mx\/cao\/registro-digital-023\/\"><h4>Registro Digital 023<\/h4><\/a><\/td><td class=\"column-2\"><a href=\"https:\/\/www.oaxaca.gob.mx\/cao\/registro-digital-023\/\"><h4>Acuerdos tomados en la doceava sesi\u00f3n ordinaria del Comit\u00e9 de Obras P\u00fablicas y Servicios Relacionados con las mismas de Caminos y Aeropistas de Oaxaca, celebrada el d\u00eda 21 de diciembre del 2021.<\/h4><\/a><\/td>\n<\/tr>\n<tr class=\"row-4\">\n\t<td class=\"column-1\"><a href=\"https:\/\/www.oaxaca.gob.mx\/cao\/registro-digital-022\/\"><h4>Registro Digital 022<\/h4><\/a><\/td><td class=\"column-2\"><a href=\"https:\/\/www.oaxaca.gob.mx\/cao\/registro-digital-022\/\"><h4>Acuerdos tomados en la quinta sesi\u00f3n ordinaria del Comit\u00e9 de Transparencia del organismo p\u00fablico descentralizado Caminos y Aeropistas de Oaxaca, celebrada en d\u00eda 29 de octubre del 2021.<\/h4><\/a><\/td>\n<\/tr>\n<tr class=\"row-5\">\n\t<td class=\"column-1\"><a href=\"https:\/\/www.oaxaca.gob.mx\/cao\/registro-digital-021\/\"><h4>Registro Digital 021<\/h4><\/a><\/td><td class=\"column-2\"><a href=\"https:\/\/www.oaxaca.gob.mx\/cao\/registro-digital-021\/\"><h4>Acuerdos tomados en la cuarta sesi\u00f3n ordinaria del Comit\u00e9 de Transparencia del organismo p\u00fablico descentralizado Caminos y Aeropistas de Oaxaca, celebrada en d\u00eda 27 de agosto del 2021.<\/h4><\/a><\/td>\n<\/tr>\n<tr class=\"row-6\">\n\t<td class=\"column-1\"><a href=\"https:\/\/www.oaxaca.gob.mx\/cao\/registro-digital-020\/\"><h4>Registro Digital 020<\/h4><\/a><\/td><td class=\"column-2\"><a href=\"https:\/\/www.oaxaca.gob.mx\/cao\/registro-digital-020\/\"><h4>Acuerdos tomados en la cuarta sesi\u00f3n ordinaria del Comit\u00e9 de Control Interno de Caminos y Aeropistas  de Oaxaca, celebrada el d\u00eda 16 de diciembre del 2021.<\/h4><\/a><\/td>\n<\/tr>\n<tr class=\"row-7\">\n\t<td class=\"column-1\"><a href=\"https:\/\/www.oaxaca.gob.mx\/cao\/registro-digital-019\/\"><h4>Registro Digital 019<\/h4><\/a><\/td><td class=\"column-2\"><a href=\"https:\/\/www.oaxaca.gob.mx\/cao\/registro-digital-019\/\"><h4>Acuerdos tomados en la cuarta reuni\u00f3n del Grupo de Trabajo en Administraci\u00f3n de Riesgos de Caminos y Aeropistas de Oaxaca, celebrada el d\u00eda 07 de septiembre del 2021.<\/h4><\/a><\/td>\n<\/tr>\n<tr class=\"row-8\">\n\t<td class=\"column-1\"><a href=\"https:\/\/www.oaxaca.gob.mx\/cao\/registro-digital-018\/\"><h4>Registro Digital 018<\/h4><\/a><\/td><td class=\"column-2\"><a href=\"https:\/\/www.oaxaca.gob.mx\/cao\/registro-digital-018\/\"><h4>Acuerdos tomados en la tercera sesi\u00f3n ordinaria del Comit\u00e9 de Transparencia del organismo p\u00fablico descentralizado Caminos y Aeropistas de Oaxaca, celebrada en d\u00eda 25 de junio del 2021.<\/h4><\/a><\/td>\n<\/tr>\n<tr class=\"row-9\">\n\t<td class=\"column-1\"><a href=\"https:\/\/www.oaxaca.gob.mx\/cao\/registro-digital-017\/\"><h4>Registro Digital 017<\/h4><\/a><\/td><td class=\"column-2\"><a href=\"https:\/\/www.oaxaca.gob.mx\/cao\/registro-digital-017\/\"><h4>Acuerdos tomados en la tercera sesi\u00f3n ordinaria del Comit\u00e9 de Control Interno de Caminos y Aeropistas de Oaxaca, celebrada el d\u00eda 14 de septiembre del 2021.<\/h4><\/a><\/td>\n<\/tr>\n<tr class=\"row-10\">\n\t<td class=\"column-1\"><a href=\"https:\/\/www.oaxaca.gob.mx\/cao\/registro-digital-016\/\"><h4>Registro Digital 016<\/h4><\/a><\/td><td class=\"column-2\"><a href=\"https:\/\/www.oaxaca.gob.mx\/cao\/registro-digital-016\/\"><h4>Acuerdos tomados en la tercera reuni\u00f3n del Grupo de Trabajo en Administraci\u00f3n de Riesgos de Caminos y Aeropistas de Oaxaca, celebrada el d\u00eda 07 de septiembre del 2021.<\/h4><\/a><\/td>\n<\/tr>\n<tr class=\"row-11\">\n\t<td class=\"column-1\"><a href=\"https:\/\/www.oaxaca.gob.mx\/cao\/registro-digital-015\/\"><h4>Registro Digital 015<\/h4><\/a><\/td><td class=\"column-2\"><a href=\"https:\/\/www.oaxaca.gob.mx\/cao\/registro-digital-015\/\"><h4>Acuerdos tomados en la segunda sesi\u00f3n ordnaria del Comit\u00e9 de Control Interno de Caminos y Aeropistas de Oaxaca, celebrada el d\u00eda 15 de junio del 2021.<\/h4><\/a><\/td>\n<\/tr>\n<tr class=\"row-12\">\n\t<td class=\"column-1\"><a href=\"https:\/\/www.oaxaca.gob.mx\/cao\/registro-digital-014\/\"><h4>Registro Digital 014<\/h4><\/a><\/td><td class=\"column-2\"><a href=\"https:\/\/www.oaxaca.gob.mx\/cao\/registro-digital-014\/\"><h4>Acuerdos tomados en la segunda sesi\u00f3n ordinaria del Comit\u00e9 de Transparencia del organismo p\u00fablico descentralizado Caminos y Aeropistas de Oaxaca, celebrada el d\u00eda 30 de abril del 2021.<\/h4><\/a><\/td>\n<\/tr>\n<tr class=\"row-13\">\n\t<td class=\"column-1\"><a href=\"https:\/\/www.oaxaca.gob.mx\/cao\/registro-digital-013\/\"><h4>Registro Digital 013<\/h4><\/a><\/td><td class=\"column-2\"><a href=\"https:\/\/www.oaxaca.gob.mx\/cao\/registro-digital-013\/\"><h4>Acuerdos tomados en la segunda reuni\u00f3n del Grupo de Trabajo en Administraci\u00f3n de Riesgos de  Caminos y Aeropistas de Oaxaca, celebrada el d\u00eda 08 de Junio de 2021.<\/h4><\/a><\/td>\n<\/tr>\n<tr class=\"row-14\">\n\t<td class=\"column-1\"><a href=\"https:\/\/www.oaxaca.gob.mx\/cao\/registro-digital-012\/\"><h4>Registro Digital 012<\/h4><\/a><\/td><td class=\"column-2\"><a href=\"https:\/\/www.oaxaca.gob.mx\/cao\/registro-digital-012\/\"><h4>Acuerdos tomados en la Primera sesi\u00f3n ordinaria de Comit\u00e9 de Control Interno de Caminos y Aeropistas de Oaxaca, celebrada el d\u00eda 11 de marzo de 2021.<\/h4><\/a><\/td>\n<\/tr>\n<tr class=\"row-15\">\n\t<td class=\"column-1\"><a href=\"https:\/\/www.oaxaca.gob.mx\/cao\/registro-digital-011\/\"><h4>Registro Digital 011<\/h4><\/a><\/td><td class=\"column-2\"><a href=\"https:\/\/www.oaxaca.gob.mx\/cao\/registro-digital-011\/\"><h4>Acuerdos tomados en la segunda reuni\u00f3n del Grupo de Trabajo en Administraci\u00f3n de Riesgos de  Caminos y Aeropistas de Oaxaca, celebrada el d\u00eda 04 de marzo del 2021.<\/h4><\/a><\/td>\n<\/tr>\n<tr class=\"row-16\">\n\t<td class=\"column-1\"><a href=\"https:\/\/www.oaxaca.gob.mx\/cao\/registro-digital-010\/\"><h4>Registro Digital 010<\/a><\/td><td class=\"column-2\"><a href=\"https:\/\/www.oaxaca.gob.mx\/cao\/registro-digital-010\/\"><h4>Acuerdos tomados en la primera sesi\u00f3n ordinaria del Comit\u00e9 de Transparencia del Organismo P\u00fablico Descentralizado Caminos y Aeropistas de Oaxaca, celebrada el d\u00eda 26 de  febrero de 2021.<\/h4><\/a><\/td>\n<\/tr>\n<tr class=\"row-17\">\n\t<td class=\"column-1\"><a href=\"https:\/\/www.oaxaca.gob.mx\/cao\/registro-digital-009\/\"><h4>Registro Digital 009<\/h4><\/a><\/td><td class=\"column-2\"><a href=\"https:\/\/www.oaxaca.gob.mx\/cao\/registro-digital-009\/\"><h4>Acuerdos tomados en la primera sesi\u00f3n ordinaria del Comit\u00e9 de Adquisiciones, Arrendamientos y Servicios para Operaciones con Recursos Federales  de Caminos y Aeropistas de Oaxaca, celebrada el d\u00eda 26 de enero de 2021.<\/h4><\/a><\/td>\n<\/tr>\n<tr class=\"row-18\">\n\t<td class=\"column-1\"><a href=\"https:\/\/www.oaxaca.gob.mx\/cao\/registro-digital-008\/\"><h4>Registro Digital 008<\/h4><\/a><\/td><td class=\"column-2\"><a href=\"https:\/\/www.oaxaca.gob.mx\/cao\/registro-digital-008\/\"><h4>Acuerdos tomados en la primera sesi\u00f3n ordinaria del Comit\u00e9 de Obras P\u00fablicas y Servicios Relacionados con las Mismas de Caminos y Aeropistas de Oaxaca, celebrada el d\u00eda 26 de enero de 2021.<\/h4><\/a><\/td>\n<\/tr>\n<\/tbody>\n<\/table>\n\n<\/div>\n<div class=\"su-tabs-pane su-u-clearfix su-u-trim\" data-title=\"A\u00d1O 2020\">\n<h5 style=\"text-align: center\">A\u00d1O 2020<\/p>\n<h5>\n        &nbsp;<br \/>\n        \n<table id=\"tablepress-acuerdos2020\" class=\"tablepress tablepress-id-acuerdos2020\">\n<thead>\n<tr class=\"row-1\">\n\t<td class=\"column-1\"><\/td><td class=\"column-2\"><\/td>\n<\/tr>\n<\/thead>\n<tbody class=\"row-striping row-hover\">\n<tr class=\"row-2\">\n\t<td class=\"column-1\"><a href=\"https:\/\/www.oaxaca.gob.mx\/cao\/registro-digital-007\/\"><h4>Registro Digital 007<\/h4><\/a><\/td><td class=\"column-2\"><a href=\"https:\/\/www.oaxaca.gob.mx\/cao\/registro-digital-007\/\"><h4>Acuerdo determinado por el Comit\u00e9 de Adquisiciones, Arrendamientos y Servicios para Operaciones con Recursos Federales de Caminos y Aeropistas de Oaxaca en la Doceava sesi\u00f3n ordinaria celebrada el d\u00eda 22 de diciembre de 2020, mismo que se refiere a la aprobaci\u00f3n del calendario de Sesiones Ordinarias para el ejercicio 2021, el cual tendr\u00e1 un status de seguimiento permanente de acuerdo a lo establecido en el art\u00edculo 21 Fracci\u00f3n II del Reglamento de la Ley de Adquisiciones, Arrendamientos y Servicios del Sector Publico.<\/h4><\/a><\/td>\n<\/tr>\n<tr class=\"row-3\">\n\t<td class=\"column-1\"><a href=\"https:\/\/www.oaxaca.gob.mx\/cao\/registro-digital-006\/\"><h4>Registro Digital 006<\/h4><\/a><\/td><td class=\"column-2\"><a href=\"https:\/\/www.oaxaca.gob.mx\/cao\/registro-digital-006\/\"><h4>Acuerdo determinado por el Comit\u00e9 de Obras P\u00fablicas y Servicios Relacionados con las Mismas de Caminos y Aeropistas de Oaxaca en la Doceava sesi\u00f3n ordinaria celebrada el d\u00eda 22 de diciembre de 2020, mismo que se refiere a la aprobaci\u00f3n del calendario de Sesiones Ordinarias para el ejercicio 2021, el cual tendr\u00e1 un status de seguimiento permanente de acuerdo a lo establecido en el art\u00edculo 27 Fracci\u00f3n II del Reglamento de la Ley de Obras P\u00fablicas y Servicios Relacionados con las Mismas.<\/h4><\/a><\/td>\n<\/tr>\n<tr class=\"row-4\">\n\t<td class=\"column-1\"><a href=\"https:\/\/www.oaxaca.gob.mx\/cao\/registro-digital-005\/\"><h4>Registro Digital 005<\/h4><\/a><\/td><td class=\"column-2\"><a href=\"https:\/\/www.oaxaca.gob.mx\/cao\/registro-digital-005\/\"><h4>Acuerdos tomados en la segunda reuni\u00f3n del Grupo de Trabajo en Administraci\u00f3n de Riesgos de  Caminos y Aeropistas de Oaxaca, celebrada el d\u00eda 21 de diciembre de 2020.<\/h4><\/a><\/td>\n<\/tr>\n<tr class=\"row-5\">\n\t<td class=\"column-1\"><a href=\"https:\/\/www.oaxaca.gob.mx\/cao\/registro-digital-004\/\"><h4>Registro Digital 004<\/a><\/td><td class=\"column-2\"><a href=\"https:\/\/www.oaxaca.gob.mx\/cao\/registro-digital-004\/\"><h4>Acuerdos tomados en la sexta sesi\u00f3n ordinaria del Comit\u00e9 de Transparencia del Organismo P\u00fablico Descentralizado denominado Caminos y Aeropistas de Oaxaca, celebrada el d\u00eda 18 de  diciembre de 2020.<\/h4><\/a><\/td>\n<\/tr>\n<tr class=\"row-6\">\n\t<td class=\"column-1\"><a href=\"https:\/\/www.oaxaca.gob.mx\/cao\/registro-digital-003\/\"><h4>Registro Digital 003<\/h4><\/a><\/td><td class=\"column-2\"><a href=\"https:\/\/www.oaxaca.gob.mx\/cao\/registro-digital-003\/\"><h4>Acuerdos tomados en la cuarta sesi\u00f3n ordinaria de Comit\u00e9 de Control Interno de Caminos y Aeropistas de Oaxaca, celebrada el d\u00eda 18 de Diciembre de 2020.<\/h4><\/a><\/td>\n<\/tr>\n<tr class=\"row-7\">\n\t<td class=\"column-1\"><a href=\"https:\/\/www.oaxaca.gob.mx\/cao\/registro-digital-002\/\"><h4>Registro Digital 002<\/h4><\/a><\/td><td class=\"column-2\"><a href=\"https:\/\/www.oaxaca.gob.mx\/cao\/registro-digital-002\/\"><h4>Acuerdos tomados en la primera reuni\u00f3n del Grupo de Trabajo en Administraci\u00f3n de Riesgos de  Caminos y Aeropistas de Oaxaca, celebrada el d\u00eda 13 de octubre  de 2020.<\/h4><\/a><\/td>\n<\/tr>\n<tr class=\"row-8\">\n\t<td class=\"column-1\"><a href=\"https:\/\/www.oaxaca.gob.mx\/cao\/registro-digital-001\/\"><h4>Registro Digital 001<\/h4><\/a><\/td><td class=\"column-2\"><a href=\"https:\/\/www.oaxaca.gob.mx\/cao\/registro-digital-001\/\"><h4>A fin de que los integrantes guarden el protocolo de reserva, discrecionalidad y confidencialidad de todos los asuntos emanados del \u00f3rgano plural, con fundamento en los p\u00e1rrafos tercero, cuarto y quinto del numeral 36 de los Lineamientos Generales del C\u00f3digo de \u00c9tica para servidoras y servidores p\u00fablicos del poder ejecutivo del Estado de Oaxaca, presenta el convenio de confidencialidad, del cual emana el siguiente acuerdo.<\/h4><\/a><\/td>\n<\/tr>\n<\/tbody>\n<\/table>\n\n<\/div><\/div><\/div>\n","protected":false},"excerpt":{"rendered":"<p>&nbsp; En el marco del Plan de Trabajo de Control Interno, PTCI 2021, atendiendo el componente IV: Informaci\u00f3n y Comunicaci\u00f3n, se implement\u00f3 el Registro Digital de Acuerdos y Compromisos correspondientes a los procesos aprobados en las reuniones de \u00f3rgano de gobierno, comit\u00e9s institucionales o grupos de trabajo. El Registro Digital de Acuerdos y Compromisos es [&hellip;]<\/p>\n","protected":false},"author":2,"featured_media":0,"parent":0,"menu_order":0,"comment_status":"closed","ping_status":"closed","template":"","meta":{"episode_type":"","audio_file":"","podmotor_file_id":"","podmotor_episode_id":"","cover_image":"","cover_image_id":"","duration":"","filesize":"","filesize_raw":"","date_recorded":"","explicit":"","block":"","itunes_episode_number":"","itunes_title":"","itunes_season_number":"","itunes_episode_type":"","footnotes":""},"categories":[],"tags":[],"class_list":["post-11149","page","type-page","status-publish","hentry"],"publishpress_future_action":{"enabled":false,"date":"2026-05-16 04:14:08","action":"change-status","newStatus":"draft","terms":[],"taxonomy":"category","extraData":[]},"publishpress_future_workflow_manual_trigger":{"enabledWorkflows":[]},"_links":{"self":[{"href":"https:\/\/www.oaxaca.gob.mx\/cao\/wp-json\/wp\/v2\/pages\/11149","targetHints":{"allow":["GET"]}}],"collection":[{"href":"https:\/\/www.oaxaca.gob.mx\/cao\/wp-json\/wp\/v2\/pages"}],"about":[{"href":"https:\/\/www.oaxaca.gob.mx\/cao\/wp-json\/wp\/v2\/types\/page"}],"author":[{"embeddable":true,"href":"https:\/\/www.oaxaca.gob.mx\/cao\/wp-json\/wp\/v2\/users\/2"}],"replies":[{"embeddable":true,"href":"https:\/\/www.oaxaca.gob.mx\/cao\/wp-json\/wp\/v2\/comments?post=11149"}],"version-history":[{"count":20,"href":"https:\/\/www.oaxaca.gob.mx\/cao\/wp-json\/wp\/v2\/pages\/11149\/revisions"}],"predecessor-version":[{"id":12834,"href":"https:\/\/www.oaxaca.gob.mx\/cao\/wp-json\/wp\/v2\/pages\/11149\/revisions\/12834"}],"wp:attachment":[{"href":"https:\/\/www.oaxaca.gob.mx\/cao\/wp-json\/wp\/v2\/media?parent=11149"}],"wp:term":[{"taxonomy":"category","embeddable":true,"href":"https:\/\/www.oaxaca.gob.mx\/cao\/wp-json\/wp\/v2\/categories?post=11149"},{"taxonomy":"post_tag","embeddable":true,"href":"https:\/\/www.oaxaca.gob.mx\/cao\/wp-json\/wp\/v2\/tags?post=11149"}],"curies":[{"name":"wp","href":"https:\/\/api.w.org\/{rel}","templated":true}]}}