{"id":10797,"date":"2021-01-14T13:37:58","date_gmt":"2021-01-14T19:37:58","guid":{"rendered":"https:\/\/www.oaxaca.gob.mx\/cao\/?page_id=10797"},"modified":"2021-08-27T14:00:08","modified_gmt":"2021-08-27T19:00:08","slug":"boletines-ano-2021","status":"publish","type":"page","link":"https:\/\/www.oaxaca.gob.mx\/cao\/boletines-ano-2021\/","title":{"rendered":"Boletines A\u00f1o 2021"},"content":{"rendered":"\n\n<div class=\"su-posts su-posts-default-loop \">\n\n\t\n\t\t\t\t\t\n\t\t\t\n\t\t\t<div id=\"su-post-10882\" class=\"su-post \">\n\n\t\t\t\t\t\t\t\t\t<a class=\"su-post-thumbnail\" href=\"https:\/\/www.oaxaca.gob.mx\/cao\/puente-de-santa-cruz-amilpas-al-80-cao\/\"><img loading=\"lazy\" decoding=\"async\" width=\"952\" height=\"400\" src=\"https:\/\/www.oaxaca.gob.mx\/cao\/wp-content\/uploads\/sites\/5\/2021\/01\/puente-san-jacinto-amilpas.png\" class=\"attachment-post-thumbnail size-post-thumbnail wp-post-image\" alt=\"Puente de Santa Cruz Amilpas al 80%: CAO.\" srcset=\"https:\/\/www.oaxaca.gob.mx\/cao\/wp-content\/uploads\/sites\/5\/2021\/01\/puente-san-jacinto-amilpas.png 952w, https:\/\/www.oaxaca.gob.mx\/cao\/wp-content\/uploads\/sites\/5\/2021\/01\/puente-san-jacinto-amilpas-300x126.png 300w, https:\/\/www.oaxaca.gob.mx\/cao\/wp-content\/uploads\/sites\/5\/2021\/01\/puente-san-jacinto-amilpas-768x323.png 768w\" sizes=\"auto, (max-width: 952px) 100vw, 952px\" title=\"Puente de Santa Cruz Amilpas al 80%: CAO.\" \/><\/a>\n\t\t\t\t\n\t\t\t\t<h2 class=\"su-post-title\"><a href=\"https:\/\/www.oaxaca.gob.mx\/cao\/puente-de-santa-cruz-amilpas-al-80-cao\/\">Puente de Santa Cruz Amilpas al 80%: CAO.<\/a><\/h2>\n\n\t\t\t\t<div class=\"su-post-meta\">\n\t\t\t\t\tPublicado: 29 enero, 2021\t\t\t\t<\/div>\n\n\t\t\t\t<div class=\"su-post-excerpt\">\n\t\t\t\t\t<p>&nbsp; Santa Cruz Amilpas, Oax. 29 de Enero del 2021.-&nbsp;Para constatar los trabajos de la construcci\u00f3n del nuevo puente Vehicular sobre el R\u00edo Salado, integrantes de la LXIV Legislatura del Congreso Local y Autoridades Municipales de Santa Cruz Amilpas acompa\u00f1aron al titular de Caminos y Aeropistas de Oaxaca (CAO) en un recorrido de supervisi\u00f3n. El [&hellip;]<\/p>\n\t\t\t\t<\/div>\n\n\t\t\t\t\t\t\t\t\t<a href=\"https:\/\/www.oaxaca.gob.mx\/cao\/puente-de-santa-cruz-amilpas-al-80-cao\/#respond\" class=\"su-post-comments-link\">0 comentarios<\/a>\n\t\t\t\t\n\t\t\t<\/div>\n\n\t\t\t\t\t\n\t\t\t\n\t\t\t<div id=\"su-post-10909\" class=\"su-post \">\n\n\t\t\t\t\t\t\t\t\t<a class=\"su-post-thumbnail\" href=\"https:\/\/www.oaxaca.gob.mx\/cao\/gobierno-de-oaxaca-avanza-en-la-construccion-de-obras-de-infraestructura-carretera-cao\/\"><img loading=\"lazy\" decoding=\"async\" width=\"952\" height=\"400\" src=\"https:\/\/www.oaxaca.gob.mx\/cao\/wp-content\/uploads\/sites\/5\/2021\/02\/boletin-gobierno-oaxaca-avanza.png\" class=\"attachment-post-thumbnail size-post-thumbnail wp-post-image\" alt=\"Gobierno de Oaxaca avanza en la construcci\u00f3n de obras  de infraestructura carretera: CAO\" srcset=\"https:\/\/www.oaxaca.gob.mx\/cao\/wp-content\/uploads\/sites\/5\/2021\/02\/boletin-gobierno-oaxaca-avanza.png 952w, https:\/\/www.oaxaca.gob.mx\/cao\/wp-content\/uploads\/sites\/5\/2021\/02\/boletin-gobierno-oaxaca-avanza-300x126.png 300w, https:\/\/www.oaxaca.gob.mx\/cao\/wp-content\/uploads\/sites\/5\/2021\/02\/boletin-gobierno-oaxaca-avanza-768x323.png 768w\" sizes=\"auto, (max-width: 952px) 100vw, 952px\" title=\"Gobierno de Oaxaca avanza en la construcci\u00f3n de obras  de infraestructura carretera: CAO\" \/><\/a>\n\t\t\t\t\n\t\t\t\t<h2 class=\"su-post-title\"><a href=\"https:\/\/www.oaxaca.gob.mx\/cao\/gobierno-de-oaxaca-avanza-en-la-construccion-de-obras-de-infraestructura-carretera-cao\/\">Gobierno de Oaxaca avanza en la construcci\u00f3n de obras  de infraestructura carretera: CAO<\/a><\/h2>\n\n\t\t\t\t<div class=\"su-post-meta\">\n\t\t\t\t\tPublicado: 10 febrero, 2021\t\t\t\t<\/div>\n\n\t\t\t\t<div class=\"su-post-excerpt\">\n\t\t\t\t\t<p>&nbsp; San Raymundo Jalpan, Oax. 10 de Febrero del 2021.-&nbsp;Con el objetivo de rendir y transparentar los recursos destinados a la ejecuci\u00f3n de obras de infraestructura carretera, el titular de Caminos y Aeropistas de Oaxaca (CAO), David Mayr\u00e9n Carrasco, compareci\u00f3 ante las y los integrantes de la LXIV Legislatura del Congreso Local, como parte de [&hellip;]<\/p>\n\t\t\t\t<\/div>\n\n\t\t\t\t\t\t\t\t\t<a href=\"https:\/\/www.oaxaca.gob.mx\/cao\/gobierno-de-oaxaca-avanza-en-la-construccion-de-obras-de-infraestructura-carretera-cao\/#respond\" class=\"su-post-comments-link\">0 comentarios<\/a>\n\t\t\t\t\n\t\t\t<\/div>\n\n\t\t\t\t\t\n\t\t\t\n\t\t\t<div id=\"su-post-11376\" class=\"su-post \">\n\n\t\t\t\t\t\t\t\t\t<a class=\"su-post-thumbnail\" href=\"https:\/\/www.oaxaca.gob.mx\/cao\/atiende-cao-tramos-carreteros-afectados-por-lluvias\/\"><img loading=\"lazy\" decoding=\"async\" width=\"952\" height=\"400\" src=\"https:\/\/www.oaxaca.gob.mx\/cao\/wp-content\/uploads\/sites\/5\/2021\/06\/atiende-cao-tramos.png\" class=\"attachment-post-thumbnail size-post-thumbnail wp-post-image\" alt=\"Atiende CAO tramos carreteros afectados por lluvias.\" srcset=\"https:\/\/www.oaxaca.gob.mx\/cao\/wp-content\/uploads\/sites\/5\/2021\/06\/atiende-cao-tramos.png 952w, https:\/\/www.oaxaca.gob.mx\/cao\/wp-content\/uploads\/sites\/5\/2021\/06\/atiende-cao-tramos-300x126.png 300w, https:\/\/www.oaxaca.gob.mx\/cao\/wp-content\/uploads\/sites\/5\/2021\/06\/atiende-cao-tramos-768x323.png 768w\" sizes=\"auto, (max-width: 952px) 100vw, 952px\" title=\"Atiende CAO tramos carreteros afectados por lluvias.\" \/><\/a>\n\t\t\t\t\n\t\t\t\t<h2 class=\"su-post-title\"><a href=\"https:\/\/www.oaxaca.gob.mx\/cao\/atiende-cao-tramos-carreteros-afectados-por-lluvias\/\">Atiende CAO tramos carreteros afectados por lluvias.<\/a><\/h2>\n\n\t\t\t\t<div class=\"su-post-meta\">\n\t\t\t\t\tPublicado: 17 junio, 2021\t\t\t\t<\/div>\n\n\t\t\t\t<div class=\"su-post-excerpt\">\n\t\t\t\t\t<p>&nbsp; Reyes Mantec\u00f3n, Oax. 17 de Junio del 2021.-&nbsp;El Gobierno del Estado, a trav\u00e9s de Caminos y Aeropistas de Oaxaca (CAO), atiende y monitorea las afectaciones al sector carretero por la presencia de lluvias severas ocurridas por por la zona de baja presi\u00f3n con probabilidad de desarrollo cicl\u00f3nico ubicada al suroeste de las costas de [&hellip;]<\/p>\n\t\t\t\t<\/div>\n\n\t\t\t\t\t\t\t\t\t<a href=\"https:\/\/www.oaxaca.gob.mx\/cao\/atiende-cao-tramos-carreteros-afectados-por-lluvias\/#respond\" class=\"su-post-comments-link\">0 comentarios<\/a>\n\t\t\t\t\n\t\t\t<\/div>\n\n\t\t\t\t\t\n\t\t\t\n\t\t\t<div id=\"su-post-11844\" class=\"su-post \">\n\n\t\t\t\t\t\t\t\t\t<a class=\"su-post-thumbnail\" href=\"https:\/\/www.oaxaca.gob.mx\/cao\/se-atienden-danos-al-sector-carretero-por-el-paso-de-las-ondas-tropicales-22-23-24-25-y-la-tormenta-tropical-grace\/\"><img loading=\"lazy\" decoding=\"async\" width=\"952\" height=\"400\" src=\"https:\/\/www.oaxaca.gob.mx\/cao\/wp-content\/uploads\/sites\/5\/2021\/08\/tormenta-tropical-grace.png\" class=\"attachment-post-thumbnail size-post-thumbnail wp-post-image\" alt=\"Se atienden da\u00f1os al sector carretero por el paso de las ondas tropicales 22, 23, 24, 25 y la tormenta tropical Grace.\" srcset=\"https:\/\/www.oaxaca.gob.mx\/cao\/wp-content\/uploads\/sites\/5\/2021\/08\/tormenta-tropical-grace.png 952w, https:\/\/www.oaxaca.gob.mx\/cao\/wp-content\/uploads\/sites\/5\/2021\/08\/tormenta-tropical-grace-300x126.png 300w, https:\/\/www.oaxaca.gob.mx\/cao\/wp-content\/uploads\/sites\/5\/2021\/08\/tormenta-tropical-grace-768x323.png 768w\" sizes=\"auto, (max-width: 952px) 100vw, 952px\" title=\"Se atienden da\u00f1os al sector carretero por el paso de las ondas tropicales 22, 23, 24, 25 y la tormenta tropical Grace.\" \/><\/a>\n\t\t\t\t\n\t\t\t\t<h2 class=\"su-post-title\"><a href=\"https:\/\/www.oaxaca.gob.mx\/cao\/se-atienden-danos-al-sector-carretero-por-el-paso-de-las-ondas-tropicales-22-23-24-25-y-la-tormenta-tropical-grace\/\">Se atienden da\u00f1os al sector carretero por el paso de las ondas tropicales 22, 23, 24, 25 y la tormenta tropical Grace.<\/a><\/h2>\n\n\t\t\t\t<div class=\"su-post-meta\">\n\t\t\t\t\tPublicado: 30 agosto, 2021\t\t\t\t<\/div>\n\n\t\t\t\t<div class=\"su-post-excerpt\">\n\t\t\t\t\t<p>&nbsp; Reyes Mantec\u00f3n, Oax. 30 de Agosto del 2021.-&nbsp;Debido a la presencia de lluvias acaecidas del 17 al 26 de agosto en territorio estatal se han presentado afectaciones en el sector carretero en las regiones: Ca\u00f1ada, Costa, Papaloapan, Sierra Norte y Sierra Sur. El titular de CAO, David Mayr\u00e9n Carrasco inform\u00f3 que se trabaja de [&hellip;]<\/p>\n\t\t\t\t<\/div>\n\n\t\t\t\t\t\t\t\t\t<a href=\"https:\/\/www.oaxaca.gob.mx\/cao\/se-atienden-danos-al-sector-carretero-por-el-paso-de-las-ondas-tropicales-22-23-24-25-y-la-tormenta-tropical-grace\/#respond\" class=\"su-post-comments-link\">0 comentarios<\/a>\n\t\t\t\t\n\t\t\t<\/div>\n\n\t\t\t\t\t\n\t\t\t\n\t\t\t<div id=\"su-post-11877\" class=\"su-post \">\n\n\t\t\t\t\t\t\t\t\t<a class=\"su-post-thumbnail\" href=\"https:\/\/www.oaxaca.gob.mx\/cao\/continua-cao-atendiendo-derrumbes-carreteros-por-lluvias-en-la-entidad\/\"><img loading=\"lazy\" decoding=\"async\" width=\"952\" height=\"400\" src=\"https:\/\/www.oaxaca.gob.mx\/cao\/wp-content\/uploads\/sites\/5\/2021\/09\/boletin-1-sep.png\" class=\"attachment-post-thumbnail size-post-thumbnail wp-post-image\" alt=\"Contin\u00faa CAO atendiendo derrumbes carreteros por lluvias en la entidad.\" srcset=\"https:\/\/www.oaxaca.gob.mx\/cao\/wp-content\/uploads\/sites\/5\/2021\/09\/boletin-1-sep.png 952w, https:\/\/www.oaxaca.gob.mx\/cao\/wp-content\/uploads\/sites\/5\/2021\/09\/boletin-1-sep-300x126.png 300w, https:\/\/www.oaxaca.gob.mx\/cao\/wp-content\/uploads\/sites\/5\/2021\/09\/boletin-1-sep-768x323.png 768w\" sizes=\"auto, (max-width: 952px) 100vw, 952px\" title=\"Contin\u00faa CAO atendiendo derrumbes carreteros por lluvias en la entidad.\" \/><\/a>\n\t\t\t\t\n\t\t\t\t<h2 class=\"su-post-title\"><a href=\"https:\/\/www.oaxaca.gob.mx\/cao\/continua-cao-atendiendo-derrumbes-carreteros-por-lluvias-en-la-entidad\/\">Contin\u00faa CAO atendiendo derrumbes carreteros por lluvias en la entidad.<\/a><\/h2>\n\n\t\t\t\t<div class=\"su-post-meta\">\n\t\t\t\t\tPublicado: 1 septiembre, 2021\t\t\t\t<\/div>\n\n\t\t\t\t<div class=\"su-post-excerpt\">\n\t\t\t\t\t<p>&nbsp; Reyes Mantec\u00f3n, Oax. 31 de Agosto del 2021.-&nbsp;El Gobierno del Estado, a trav\u00e9s de Caminos y Aeropistas de Oaxaca (CAO), contin\u00faa dando atenci\u00f3n a los reportes de afectaciones a los caminos derivado de las lluvias provocadas por la Onda Tropical N\u00famero 22, 23, 24 y 25, as\u00ed como la tormenta tropical Grace y Nora. [&hellip;]<\/p>\n\t\t\t\t<\/div>\n\n\t\t\t\t\t\t\t\t\t<a href=\"https:\/\/www.oaxaca.gob.mx\/cao\/continua-cao-atendiendo-derrumbes-carreteros-por-lluvias-en-la-entidad\/#respond\" class=\"su-post-comments-link\">0 comentarios<\/a>\n\t\t\t\t\n\t\t\t<\/div>\n\n\t\t\n\t\n<\/div>\n\n","protected":false},"excerpt":{"rendered":"","protected":false},"author":2,"featured_media":0,"parent":0,"menu_order":0,"comment_status":"closed","ping_status":"closed","template":"","meta":{"episode_type":"","audio_file":"","podmotor_file_id":"","podmotor_episode_id":"","cover_image":"","cover_image_id":"","duration":"","filesize":"","filesize_raw":"","date_recorded":"","explicit":"","block":"","itunes_episode_number":"","itunes_title":"","itunes_season_number":"","itunes_episode_type":"","footnotes":""},"categories":[],"tags":[],"class_list":["post-10797","page","type-page","status-publish","hentry"],"publishpress_future_action":{"enabled":false,"date":"2026-05-15 21:39:49","action":"change-status","newStatus":"draft","terms":[],"taxonomy":"category","extraData":[]},"publishpress_future_workflow_manual_trigger":{"enabledWorkflows":[]},"_links":{"self":[{"href":"https:\/\/www.oaxaca.gob.mx\/cao\/wp-json\/wp\/v2\/pages\/10797","targetHints":{"allow":["GET"]}}],"collection":[{"href":"https:\/\/www.oaxaca.gob.mx\/cao\/wp-json\/wp\/v2\/pages"}],"about":[{"href":"https:\/\/www.oaxaca.gob.mx\/cao\/wp-json\/wp\/v2\/types\/page"}],"author":[{"embeddable":true,"href":"https:\/\/www.oaxaca.gob.mx\/cao\/wp-json\/wp\/v2\/users\/2"}],"replies":[{"embeddable":true,"href":"https:\/\/www.oaxaca.gob.mx\/cao\/wp-json\/wp\/v2\/comments?post=10797"}],"version-history":[{"count":4,"href":"https:\/\/www.oaxaca.gob.mx\/cao\/wp-json\/wp\/v2\/pages\/10797\/revisions"}],"predecessor-version":[{"id":11632,"href":"https:\/\/www.oaxaca.gob.mx\/cao\/wp-json\/wp\/v2\/pages\/10797\/revisions\/11632"}],"wp:attachment":[{"href":"https:\/\/www.oaxaca.gob.mx\/cao\/wp-json\/wp\/v2\/media?parent=10797"}],"wp:term":[{"taxonomy":"category","embeddable":true,"href":"https:\/\/www.oaxaca.gob.mx\/cao\/wp-json\/wp\/v2\/categories?post=10797"},{"taxonomy":"post_tag","embeddable":true,"href":"https:\/\/www.oaxaca.gob.mx\/cao\/wp-json\/wp\/v2\/tags?post=10797"}],"curies":[{"name":"wp","href":"https:\/\/api.w.org\/{rel}","templated":true}]}}