{"id":380,"date":"2017-06-30T14:20:59","date_gmt":"2017-06-30T20:20:59","guid":{"rendered":"http:\/\/www.cadh.oaxaca.gob.mx\/?page_id=380"},"modified":"2017-06-30T14:20:59","modified_gmt":"2017-06-30T20:20:59","slug":"tipos-de-violencia-hacia-las-mujeres","status":"publish","type":"page","link":"https:\/\/www.oaxaca.gob.mx\/cadh\/tipos-de-violencia-hacia-las-mujeres\/","title":{"rendered":"TIPOS DE VIOLENCIA HACIA LAS MUJERES:"},"content":{"rendered":"<p>\t\t\t\t1.- F\u00edsica<br \/>\n2.- Psicol\u00f3gica<br \/>\n3.- Patrimonial<br \/>\n4.- Econ\u00f3mica<br \/>\n5.- Sexual<br \/>\n6.- Feminicida<\/p>\n","protected":false},"excerpt":{"rendered":"<p>1.- F\u00edsica 2.- Psicol\u00f3gica 3.- Patrimonial 4.- Econ\u00f3mica 5.- Sexual 6.- Feminicida<\/p>\n","protected":false},"author":1,"featured_media":0,"parent":0,"menu_order":0,"comment_status":"closed","ping_status":"closed","template":"","meta":{"episode_type":"","audio_file":"","podmotor_file_id":"","podmotor_episode_id":"","cover_image":"","cover_image_id":"","duration":"","filesize":"","filesize_raw":"","date_recorded":"","explicit":"","block":"","itunes_episode_number":"","itunes_title":"","itunes_season_number":"","itunes_episode_type":"","footnotes":""},"categories":[],"tags":[],"class_list":["post-380","page","type-page","status-publish","hentry"],"acf":[],"publishpress_future_action":{"enabled":false,"date":"2026-04-26 07:22:44","action":"change-status","newStatus":"draft","terms":[],"taxonomy":"category","extraData":[]},"publishpress_future_workflow_manual_trigger":{"enabledWorkflows":[]},"_links":{"self":[{"href":"https:\/\/www.oaxaca.gob.mx\/cadh\/wp-json\/wp\/v2\/pages\/380","targetHints":{"allow":["GET"]}}],"collection":[{"href":"https:\/\/www.oaxaca.gob.mx\/cadh\/wp-json\/wp\/v2\/pages"}],"about":[{"href":"https:\/\/www.oaxaca.gob.mx\/cadh\/wp-json\/wp\/v2\/types\/page"}],"author":[{"embeddable":true,"href":"https:\/\/www.oaxaca.gob.mx\/cadh\/wp-json\/wp\/v2\/users\/1"}],"replies":[{"embeddable":true,"href":"https:\/\/www.oaxaca.gob.mx\/cadh\/wp-json\/wp\/v2\/comments?post=380"}],"version-history":[{"count":0,"href":"https:\/\/www.oaxaca.gob.mx\/cadh\/wp-json\/wp\/v2\/pages\/380\/revisions"}],"wp:attachment":[{"href":"https:\/\/www.oaxaca.gob.mx\/cadh\/wp-json\/wp\/v2\/media?parent=380"}],"wp:term":[{"taxonomy":"category","embeddable":true,"href":"https:\/\/www.oaxaca.gob.mx\/cadh\/wp-json\/wp\/v2\/categories?post=380"},{"taxonomy":"post_tag","embeddable":true,"href":"https:\/\/www.oaxaca.gob.mx\/cadh\/wp-json\/wp\/v2\/tags?post=380"}],"curies":[{"name":"wp","href":"https:\/\/api.w.org\/{rel}","templated":true}]}}