{"id":23630,"date":"2026-02-16T10:53:44","date_gmt":"2026-02-16T16:53:44","guid":{"rendered":"https:\/\/www.oaxaca.gob.mx\/cabien\/?page_id=23630"},"modified":"2026-02-16T10:53:44","modified_gmt":"2026-02-16T16:53:44","slug":"boletines-cabien-ano-2025","status":"publish","type":"page","link":"https:\/\/www.oaxaca.gob.mx\/cabien\/boletines-cabien-ano-2025\/","title":{"rendered":"Boletines Cabien A\u00f1o 2025"},"content":{"rendered":"\n\n<div class=\"su-posts su-posts-default-loop \">\n\n\t\n\t\t\t\t\t\n\t\t\t\n\t\t\t<div id=\"su-post-22948\" class=\"su-post \">\n\n\t\t\t\t\t\t\t\t\t<a class=\"su-post-thumbnail\" href=\"https:\/\/www.oaxaca.gob.mx\/cabien\/retira-cabien-derrumbes-en-caminos-de-la-sierra-de-juarez-y-costa\/\"><img loading=\"lazy\" decoding=\"async\" width=\"952\" height=\"400\" src=\"https:\/\/www.oaxaca.gob.mx\/cabien\/wp-content\/uploads\/sites\/90\/2025\/11\/BOLETIN-7.png\" class=\"attachment-post-thumbnail size-post-thumbnail wp-post-image\" alt=\"\" srcset=\"https:\/\/www.oaxaca.gob.mx\/cabien\/wp-content\/uploads\/sites\/90\/2025\/11\/BOLETIN-7.png 952w, https:\/\/www.oaxaca.gob.mx\/cabien\/wp-content\/uploads\/sites\/90\/2025\/11\/BOLETIN-7-300x126.png 300w, https:\/\/www.oaxaca.gob.mx\/cabien\/wp-content\/uploads\/sites\/90\/2025\/11\/BOLETIN-7-768x323.png 768w\" sizes=\"auto, (max-width: 952px) 100vw, 952px\" \/><\/a>\n\t\t\t\t\n\t\t\t\t<h2 class=\"su-post-title\"><a href=\"https:\/\/www.oaxaca.gob.mx\/cabien\/retira-cabien-derrumbes-en-caminos-de-la-sierra-de-juarez-y-costa\/\">Retira CABIEN derrumbes en caminos de la Sierra de Ju\u00e1rez y Costa<\/a><\/h2>\n\n\t\t\t\t<div class=\"su-post-meta\">\n\t\t\t\t\tPublicado: 6 de noviembre de 2025\t\t\t\t<\/div>\n\n\t\t\t\t<div class=\"su-post-excerpt\">\n\t\t\t\t\t<p>&nbsp; Ixtl\u00e1n de Ju\u00e1rez, Oax. 06 de noviembre de 2025.-&nbsp;El Gobierno del Estado de Oaxaca, a trav\u00e9s de Caminos Bienestar (CABIEN), contin\u00faa con los trabajos de retiro de derrumbes registrados en caminos de la Sierra de Ju\u00e1rez y la Costa, ocasionados por las intensas lluvias del mes de octubre. En la Sierra de Ju\u00e1rez, se [&hellip;]<\/p>\n\t\t\t\t<\/div>\n\n\t\t\t\t\t\t\t\t\t<a href=\"https:\/\/www.oaxaca.gob.mx\/cabien\/retira-cabien-derrumbes-en-caminos-de-la-sierra-de-juarez-y-costa\/#respond\" class=\"su-post-comments-link\">0 comentarios<\/a>\n\t\t\t\t\n\t\t\t<\/div>\n\n\t\t\t\t\t\n\t\t\t\n\t\t\t<div id=\"su-post-22845\" class=\"su-post \">\n\n\t\t\t\t\t\t\t\t\t<a class=\"su-post-thumbnail\" href=\"https:\/\/www.oaxaca.gob.mx\/cabien\/caminos-bienestar-reconoce-la-trayectoria-de-sus-trabajadores-en-el-marco-del-dia-del-caminero\/\"><img loading=\"lazy\" decoding=\"async\" width=\"952\" height=\"400\" src=\"https:\/\/www.oaxaca.gob.mx\/cabien\/wp-content\/uploads\/sites\/90\/2025\/10\/BOLETIN-6.png\" class=\"attachment-post-thumbnail size-post-thumbnail wp-post-image\" alt=\"\" srcset=\"https:\/\/www.oaxaca.gob.mx\/cabien\/wp-content\/uploads\/sites\/90\/2025\/10\/BOLETIN-6.png 952w, https:\/\/www.oaxaca.gob.mx\/cabien\/wp-content\/uploads\/sites\/90\/2025\/10\/BOLETIN-6-300x126.png 300w, https:\/\/www.oaxaca.gob.mx\/cabien\/wp-content\/uploads\/sites\/90\/2025\/10\/BOLETIN-6-768x323.png 768w\" sizes=\"auto, (max-width: 952px) 100vw, 952px\" \/><\/a>\n\t\t\t\t\n\t\t\t\t<h2 class=\"su-post-title\"><a href=\"https:\/\/www.oaxaca.gob.mx\/cabien\/caminos-bienestar-reconoce-la-trayectoria-de-sus-trabajadores-en-el-marco-del-dia-del-caminero\/\">Caminos Bienestar reconoce la trayectoria de sus trabajadores en el marco del D\u00eda del Caminero.<\/a><\/h2>\n\n\t\t\t\t<div class=\"su-post-meta\">\n\t\t\t\t\tPublicado: 17 de octubre de 2025\t\t\t\t<\/div>\n\n\t\t\t\t<div class=\"su-post-excerpt\">\n\t\t\t\t\t<p>&nbsp; Oaxaca de Ju\u00e1rez, Oax. 17 de octubre de 2025.-&nbsp;En el marco del D\u00eda del Caminero, que se conmemora el 17 de octubre, Caminos Bienestar realiz\u00f3 una ceremonia para reconocer la trayectoria laboral de las camineras y camineros, que han sido parte fundamental del desarrollo de la infraestructura carretera en Oaxaca. Durante el evento, el [&hellip;]<\/p>\n\t\t\t\t<\/div>\n\n\t\t\t\t\t\t\t\t\t<a href=\"https:\/\/www.oaxaca.gob.mx\/cabien\/caminos-bienestar-reconoce-la-trayectoria-de-sus-trabajadores-en-el-marco-del-dia-del-caminero\/#respond\" class=\"su-post-comments-link\">0 comentarios<\/a>\n\t\t\t\t\n\t\t\t<\/div>\n\n\t\t\t\t\t\n\t\t\t\n\t\t\t<div id=\"su-post-22435\" class=\"su-post \">\n\n\t\t\t\t\t\t\t\t\t<a class=\"su-post-thumbnail\" href=\"https:\/\/www.oaxaca.gob.mx\/cabien\/inaugura-salomon-jara-pavimentacion-de-camino-en-santa-maria-huatulco\/\"><img loading=\"lazy\" decoding=\"async\" width=\"952\" height=\"400\" src=\"https:\/\/www.oaxaca.gob.mx\/cabien\/wp-content\/uploads\/sites\/90\/2025\/08\/BOLETIN-5.png\" class=\"attachment-post-thumbnail size-post-thumbnail wp-post-image\" alt=\"\" srcset=\"https:\/\/www.oaxaca.gob.mx\/cabien\/wp-content\/uploads\/sites\/90\/2025\/08\/BOLETIN-5.png 952w, https:\/\/www.oaxaca.gob.mx\/cabien\/wp-content\/uploads\/sites\/90\/2025\/08\/BOLETIN-5-300x126.png 300w, https:\/\/www.oaxaca.gob.mx\/cabien\/wp-content\/uploads\/sites\/90\/2025\/08\/BOLETIN-5-768x323.png 768w\" sizes=\"auto, (max-width: 952px) 100vw, 952px\" \/><\/a>\n\t\t\t\t\n\t\t\t\t<h2 class=\"su-post-title\"><a href=\"https:\/\/www.oaxaca.gob.mx\/cabien\/inaugura-salomon-jara-pavimentacion-de-camino-en-santa-maria-huatulco\/\">Inaugura Salom\u00f3n Jara pavimentaci\u00f3n de camino en Santa Mar\u00eda Huatulco.<\/a><\/h2>\n\n\t\t\t\t<div class=\"su-post-meta\">\n\t\t\t\t\tPublicado: 22 de agosto de 2025\t\t\t\t<\/div>\n\n\t\t\t\t<div class=\"su-post-excerpt\">\n\t\t\t\t\t<p>&nbsp; Santa Mar\u00eda Huatulco, Oax. 22 de agosto de 2025.-&nbsp;El Gobernador Salom\u00f3n Jara Cruz cumple sus compromisos con Santa Mar\u00eda Huatulco, en donde inaugur\u00f3 la primera etapa de la pavimentaci\u00f3n del camino que conecta a la cabecera municipal con la comunidad de Todos Santos. Esta entrega, que comprende un tramo de 2.8 kil\u00f3metros de concreto [&hellip;]<\/p>\n\t\t\t\t<\/div>\n\n\t\t\t\t\t\t\t\t\t<a href=\"https:\/\/www.oaxaca.gob.mx\/cabien\/inaugura-salomon-jara-pavimentacion-de-camino-en-santa-maria-huatulco\/#respond\" class=\"su-post-comments-link\">0 comentarios<\/a>\n\t\t\t\t\n\t\t\t<\/div>\n\n\t\t\t\t\t\n\t\t\t\n\t\t\t<div id=\"su-post-22317\" class=\"su-post \">\n\n\t\t\t\t\t\t\t\t\t<a class=\"su-post-thumbnail\" href=\"https:\/\/www.oaxaca.gob.mx\/cabien\/las-obras-primavera-permiten-la-rehabilitacion-de-una-carretera-y-la-rehabilitacion-del-drenaje-sanitario-en-san-blas-atempa\/\"><img loading=\"lazy\" decoding=\"async\" width=\"952\" height=\"400\" src=\"https:\/\/www.oaxaca.gob.mx\/cabien\/wp-content\/uploads\/sites\/90\/2025\/08\/BOLETIN-4.png\" class=\"attachment-post-thumbnail size-post-thumbnail wp-post-image\" alt=\"\" srcset=\"https:\/\/www.oaxaca.gob.mx\/cabien\/wp-content\/uploads\/sites\/90\/2025\/08\/BOLETIN-4.png 952w, https:\/\/www.oaxaca.gob.mx\/cabien\/wp-content\/uploads\/sites\/90\/2025\/08\/BOLETIN-4-300x126.png 300w, https:\/\/www.oaxaca.gob.mx\/cabien\/wp-content\/uploads\/sites\/90\/2025\/08\/BOLETIN-4-768x323.png 768w\" sizes=\"auto, (max-width: 952px) 100vw, 952px\" \/><\/a>\n\t\t\t\t\n\t\t\t\t<h2 class=\"su-post-title\"><a href=\"https:\/\/www.oaxaca.gob.mx\/cabien\/las-obras-primavera-permiten-la-rehabilitacion-de-una-carretera-y-la-rehabilitacion-del-drenaje-sanitario-en-san-blas-atempa\/\">LAS OBRAS PRIMAVERA PERMITEN LA REHABILITACI\u00d3N DE UNA CARRETERA Y LA REHABILITACI\u00d3N DEL DRENAJE SANITARIO EN SAN BLAS ATEMPA<\/a><\/h2>\n\n\t\t\t\t<div class=\"su-post-meta\">\n\t\t\t\t\tPublicado: 22 de agosto de 2025\t\t\t\t<\/div>\n\n\t\t\t\t<div class=\"su-post-excerpt\">\n\t\t\t\t\t<p>&nbsp; San Blas Atempa, Oax. 22 de agosto de 2025.-&nbsp;El Gobernador Salom\u00f3n Jara Cruz, en compa\u00f1\u00eda de la Presidenta Honoraria del DIF, Irma Bola\u00f1os, as\u00ed como del titular de Caminos Bienestar, Mois\u00e9s Salazar y el titular de la Comisi\u00f3n Estatal del Agua para el Bienestar, Neftal\u00ed Amigdael L\u00f3pez Hern\u00e1ndez, anunciaron las siguientes #ObrasPrimavera que se [&hellip;]<\/p>\n\t\t\t\t<\/div>\n\n\t\t\t\t\t\t\t\t\t<a href=\"https:\/\/www.oaxaca.gob.mx\/cabien\/las-obras-primavera-permiten-la-rehabilitacion-de-una-carretera-y-la-rehabilitacion-del-drenaje-sanitario-en-san-blas-atempa\/#respond\" class=\"su-post-comments-link\">0 comentarios<\/a>\n\t\t\t\t\n\t\t\t<\/div>\n\n\t\t\t\t\t\n\t\t\t\n\t\t\t<div id=\"su-post-22058\" class=\"su-post \">\n\n\t\t\t\t\t\t\t\t\t<a class=\"su-post-thumbnail\" href=\"https:\/\/www.oaxaca.gob.mx\/cabien\/hechos-no-palabras-salomon-jara-inicia-rehabilitacion-de-la-carretera-teotitlan-huautla\/\"><img loading=\"lazy\" decoding=\"async\" width=\"952\" height=\"400\" src=\"https:\/\/www.oaxaca.gob.mx\/cabien\/wp-content\/uploads\/sites\/90\/2025\/07\/BOLETIN-3.png\" class=\"attachment-post-thumbnail size-post-thumbnail wp-post-image\" alt=\"\" srcset=\"https:\/\/www.oaxaca.gob.mx\/cabien\/wp-content\/uploads\/sites\/90\/2025\/07\/BOLETIN-3.png 952w, https:\/\/www.oaxaca.gob.mx\/cabien\/wp-content\/uploads\/sites\/90\/2025\/07\/BOLETIN-3-300x126.png 300w, https:\/\/www.oaxaca.gob.mx\/cabien\/wp-content\/uploads\/sites\/90\/2025\/07\/BOLETIN-3-768x323.png 768w\" sizes=\"auto, (max-width: 952px) 100vw, 952px\" \/><\/a>\n\t\t\t\t\n\t\t\t\t<h2 class=\"su-post-title\"><a href=\"https:\/\/www.oaxaca.gob.mx\/cabien\/hechos-no-palabras-salomon-jara-inicia-rehabilitacion-de-la-carretera-teotitlan-huautla\/\">HECHOS, NO PALABRAS: SALOM\u00d3N JARA INICIA REHABILITACI\u00d3N DE LA CARRETERA TEOTITL\u00c1N-HUAUTLA.<\/a><\/h2>\n\n\t\t\t\t<div class=\"su-post-meta\">\n\t\t\t\t\tPublicado: 23 de julio de 2025\t\t\t\t<\/div>\n\n\t\t\t\t<div class=\"su-post-excerpt\">\n\t\t\t\t\t<p>&nbsp; Teotitl\u00e1n de Flores Mag\u00f3n, Oax. 23 de julio de 2025.-&nbsp;Para mejorar la conectividad en Oaxaca, el Gobernador Salom\u00f3n Jara Cruz arrib\u00f3 a la agencia de polic\u00eda de Vigastepec de este municipio, para cumplir con hechos su palabra empe\u00f1ada y dar inicio a la rehabilitaci\u00f3n de la carretera Teotitl\u00e1n de Flores Mag\u00f3n- Huautla de Jim\u00e9nez, [&hellip;]<\/p>\n\t\t\t\t<\/div>\n\n\t\t\t\t\t\t\t\t\t<a href=\"https:\/\/www.oaxaca.gob.mx\/cabien\/hechos-no-palabras-salomon-jara-inicia-rehabilitacion-de-la-carretera-teotitlan-huautla\/#respond\" class=\"su-post-comments-link\">0 comentarios<\/a>\n\t\t\t\t\n\t\t\t<\/div>\n\n\t\t\t\t\t\n\t\t\t\n\t\t\t<div id=\"su-post-21958\" class=\"su-post \">\n\n\t\t\t\t\t\t\t\t\t<a class=\"su-post-thumbnail\" href=\"https:\/\/www.oaxaca.gob.mx\/cabien\/caminos-bienestar-continua-trabajando-para-poner-a-la-costa-de-pie\/\"><img loading=\"lazy\" decoding=\"async\" width=\"952\" height=\"400\" src=\"https:\/\/www.oaxaca.gob.mx\/cabien\/wp-content\/uploads\/sites\/90\/2025\/07\/BOLETIN-2.png\" class=\"attachment-post-thumbnail size-post-thumbnail wp-post-image\" alt=\"\" srcset=\"https:\/\/www.oaxaca.gob.mx\/cabien\/wp-content\/uploads\/sites\/90\/2025\/07\/BOLETIN-2.png 952w, https:\/\/www.oaxaca.gob.mx\/cabien\/wp-content\/uploads\/sites\/90\/2025\/07\/BOLETIN-2-300x126.png 300w, https:\/\/www.oaxaca.gob.mx\/cabien\/wp-content\/uploads\/sites\/90\/2025\/07\/BOLETIN-2-768x323.png 768w\" sizes=\"auto, (max-width: 952px) 100vw, 952px\" \/><\/a>\n\t\t\t\t\n\t\t\t\t<h2 class=\"su-post-title\"><a href=\"https:\/\/www.oaxaca.gob.mx\/cabien\/caminos-bienestar-continua-trabajando-para-poner-a-la-costa-de-pie\/\">CAMINOS BIENESTAR CONTIN\u00daA TRABAJANDO PARA PONER A LA COSTA DE PIE.<\/a><\/h2>\n\n\t\t\t\t<div class=\"su-post-meta\">\n\t\t\t\t\tPublicado: 8 de julio de 2025\t\t\t\t<\/div>\n\n\t\t\t\t<div class=\"su-post-excerpt\">\n\t\t\t\t\t<p>&nbsp; Oaxaca de Ju\u00e1rez, Oax. 05 de julio de 2025.-&nbsp;El trabajo en territorio no se detiene en estos momentos dif\u00edciles, con paso firme se avanza en la rehabilitaci\u00f3n de los caminos afectados por el paso del Hurac\u00e1n Erick. Nuestra prioridad es mantener transitables las v\u00edas de comunicaci\u00f3n, \u00a1juntos vamos a poner a #LaCostaDePie! -0-<\/p>\n\t\t\t\t<\/div>\n\n\t\t\t\t\t\t\t\t\t<a href=\"https:\/\/www.oaxaca.gob.mx\/cabien\/caminos-bienestar-continua-trabajando-para-poner-a-la-costa-de-pie\/#respond\" class=\"su-post-comments-link\">0 comentarios<\/a>\n\t\t\t\t\n\t\t\t<\/div>\n\n\t\t\t\t\t\n\t\t\t\n\t\t\t<div id=\"su-post-20889\" class=\"su-post \">\n\n\t\t\t\t\t\t\t\t\t<a class=\"su-post-thumbnail\" href=\"https:\/\/www.oaxaca.gob.mx\/cabien\/encabeza-gobernador-salomon-jara-mega-tequio-de-arranque-caminos-bienestar-en-santa-maria-yucunicoco\/\"><img loading=\"lazy\" decoding=\"async\" width=\"952\" height=\"400\" src=\"https:\/\/www.oaxaca.gob.mx\/cabien\/wp-content\/uploads\/sites\/90\/2025\/02\/BOLETIN-1.png\" class=\"attachment-post-thumbnail size-post-thumbnail wp-post-image\" alt=\"\" srcset=\"https:\/\/www.oaxaca.gob.mx\/cabien\/wp-content\/uploads\/sites\/90\/2025\/02\/BOLETIN-1.png 952w, https:\/\/www.oaxaca.gob.mx\/cabien\/wp-content\/uploads\/sites\/90\/2025\/02\/BOLETIN-1-300x126.png 300w, https:\/\/www.oaxaca.gob.mx\/cabien\/wp-content\/uploads\/sites\/90\/2025\/02\/BOLETIN-1-768x323.png 768w\" sizes=\"auto, (max-width: 952px) 100vw, 952px\" \/><\/a>\n\t\t\t\t\n\t\t\t\t<h2 class=\"su-post-title\"><a href=\"https:\/\/www.oaxaca.gob.mx\/cabien\/encabeza-gobernador-salomon-jara-mega-tequio-de-arranque-caminos-bienestar-en-santa-maria-yucunicoco\/\">Encabeza Gobernador Salom\u00f3n Jara Mega Tequio de Arranque Caminos Bienestar en Santa Mar\u00eda Yucunicoco<\/a><\/h2>\n\n\t\t\t\t<div class=\"su-post-meta\">\n\t\t\t\t\tPublicado: 5 de febrero de 2025\t\t\t\t<\/div>\n\n\t\t\t\t<div class=\"su-post-excerpt\">\n\t\t\t\t\t<p>&nbsp; Santiago Juxtlahuaca, Oax. 02 de febrero de 2025.-&nbsp;El Gobernador del Estado Salom\u00f3n Jara Cruz encabez\u00f3 el Mega Tequio de Arranque Caminos Bienestar en la agencia Santa Mar\u00eda Yucunicoco, para dar inicio a la pavimentaci\u00f3n hidr\u00e1ulica de cinco kil\u00f3metros de esta vialidad que conecta con el municipio de Santiago Juxtlahuaca. En este hist\u00f3rico d\u00eda para [&hellip;]<\/p>\n\t\t\t\t<\/div>\n\n\t\t\t\t\t\t\t\t\t<a href=\"https:\/\/www.oaxaca.gob.mx\/cabien\/encabeza-gobernador-salomon-jara-mega-tequio-de-arranque-caminos-bienestar-en-santa-maria-yucunicoco\/#respond\" class=\"su-post-comments-link\">0 comentarios<\/a>\n\t\t\t\t\n\t\t\t<\/div>\n\n\t\t\n\t\n<\/div>\n\n","protected":false},"excerpt":{"rendered":"","protected":false},"author":2,"featured_media":0,"parent":0,"menu_order":0,"comment_status":"closed","ping_status":"closed","template":"","meta":{"episode_type":"","audio_file":"","podmotor_file_id":"","podmotor_episode_id":"","cover_image":"","cover_image_id":"","duration":"","filesize":"","filesize_raw":"","date_recorded":"","explicit":"","block":"","itunes_episode_number":"","itunes_title":"","itunes_season_number":"","itunes_episode_type":"","footnotes":""},"categories":[],"tags":[],"class_list":["post-23630","page","type-page","status-publish","hentry"],"acf":[],"publishpress_future_action":{"enabled":false,"date":"2026-04-30 04:25:35","action":"change-status","newStatus":"draft","terms":[],"taxonomy":"category","extraData":[]},"publishpress_future_workflow_manual_trigger":{"enabledWorkflows":[]},"_links":{"self":[{"href":"https:\/\/www.oaxaca.gob.mx\/cabien\/wp-json\/wp\/v2\/pages\/23630","targetHints":{"allow":["GET"]}}],"collection":[{"href":"https:\/\/www.oaxaca.gob.mx\/cabien\/wp-json\/wp\/v2\/pages"}],"about":[{"href":"https:\/\/www.oaxaca.gob.mx\/cabien\/wp-json\/wp\/v2\/types\/page"}],"author":[{"embeddable":true,"href":"https:\/\/www.oaxaca.gob.mx\/cabien\/wp-json\/wp\/v2\/users\/2"}],"replies":[{"embeddable":true,"href":"https:\/\/www.oaxaca.gob.mx\/cabien\/wp-json\/wp\/v2\/comments?post=23630"}],"version-history":[{"count":1,"href":"https:\/\/www.oaxaca.gob.mx\/cabien\/wp-json\/wp\/v2\/pages\/23630\/revisions"}],"predecessor-version":[{"id":23631,"href":"https:\/\/www.oaxaca.gob.mx\/cabien\/wp-json\/wp\/v2\/pages\/23630\/revisions\/23631"}],"wp:attachment":[{"href":"https:\/\/www.oaxaca.gob.mx\/cabien\/wp-json\/wp\/v2\/media?parent=23630"}],"wp:term":[{"taxonomy":"category","embeddable":true,"href":"https:\/\/www.oaxaca.gob.mx\/cabien\/wp-json\/wp\/v2\/categories?post=23630"},{"taxonomy":"post_tag","embeddable":true,"href":"https:\/\/www.oaxaca.gob.mx\/cabien\/wp-json\/wp\/v2\/tags?post=23630"}],"curies":[{"name":"wp","href":"https:\/\/api.w.org\/{rel}","templated":true}]}}