{"id":23541,"date":"2026-01-27T13:39:36","date_gmt":"2026-01-27T19:39:36","guid":{"rendered":"https:\/\/www.oaxaca.gob.mx\/cabien\/?page_id=23541"},"modified":"2026-03-27T13:45:22","modified_gmt":"2026-03-27T19:45:22","slug":"programa-anual-de-desarrollo-archivistico-cabien-2026","status":"publish","type":"page","link":"https:\/\/www.oaxaca.gob.mx\/cabien\/programa-anual-de-desarrollo-archivistico-cabien-2026\/","title":{"rendered":"PROGRAMA ANUAL DE DESARROLLO ARCHIV\u00cdSTICO CABIEN 2026"},"content":{"rendered":"<p style=\"text-align: center\"><img decoding=\"async\" style=\"max-width: 100%;max-height: 300px\" src=\"https:\/\/www.oaxaca.gob.mx\/cabien\/wp-content\/uploads\/sites\/90\/2024\/01\/PADA.png\" alt=\"pada\" \/><\/p>\n<p>    &nbsp;<\/p>\n<div class=\"su-tabs su-tabs-style-default su-tabs-mobile-stack pada26 su-tabs-vertical\" data-active=\"1\" data-scroll-offset=\"0\" data-anchor-in-url=\"no\"><div class=\"su-tabs-nav\"><span class=\"\" data-url=\"\" data-target=\"blank\" tabindex=\"0\" role=\"button\">PROGRAMA ANUAL DE DESARROLLO ARCHIV\u00cdSTICO 2026 CAMINOS BIENESTAR<\/span><span class=\"\" data-url=\"\" data-target=\"blank\" tabindex=\"0\" role=\"button\">CUADRO GENERAL DE CLASIFICACI\u00d3N ARCHIV\u00cdSTICA 2026<\/span><span class=\"\" data-url=\"\" data-target=\"blank\" tabindex=\"0\" role=\"button\">INVENTARIO DE BAJA DOCUMENTAL 2025<\/span><span class=\"\" data-url=\"\" data-target=\"blank\" tabindex=\"0\" role=\"button\">INFORME ANUAL DE CUMPLIMIENTO AL PADA 2025<\/span><\/div><div class=\"su-tabs-panes\"><div class=\"su-tabs-pane su-u-clearfix su-u-trim\" data-title=\"PROGRAMA ANUAL DE DESARROLLO ARCHIV\u00cdSTICO 2026 CAMINOS BIENESTAR\">\n<\/p>\n<p style=\"text-align: justify\">Con fundamento de los Art\u00edculos 22, 23 y 24 de la Ley de Archivos para el Estado de Oaxaca, Caminos Bienestar emite el <span style=\"font-weight: bold\">Programa Anual de Desarrollo Archiv\u00edstico 2026<\/span><\/p>\n<p><\/p>\n<div>\n<p>                    <div class=\"su-document su-u-responsive-media-yes\"><iframe loading=\"lazy\" src=\"\/\/docs.google.com\/viewer?embedded=true&url=https:\/\/www.oaxaca.gob.mx\/cabien\/wp-content\/uploads\/sites\/90\/2026\/01\/PADA-2026.pdf\" width=\"600\" height=\"400\" class=\"su-document\" title=\"\"><\/iframe><\/div><\/div>\n<p>    <\/div>\n<div class=\"su-tabs-pane su-u-clearfix su-u-trim\" data-title=\"CUADRO GENERAL DE CLASIFICACI\u00d3N ARCHIV\u00cdSTICA 2026\">\n<\/p>\n<p style=\"text-align: justify\">CUADRO GENERAL DE CLASIFICACI\u00d3N ARCHIV\u00cdSTICA A\u00d1O 2026<\/span><\/p>\n<p><\/p>\n<div>\n<p>                    <div class=\"su-document su-u-responsive-media-yes\"><iframe loading=\"lazy\" src=\"\/\/docs.google.com\/viewer?embedded=true&url=https:\/\/www.oaxaca.gob.mx\/cabien\/wp-content\/uploads\/sites\/90\/2026\/03\/CUADRO-GENERAL-DE-CLASIFICACION-ARCHIVISTICA-2026.pdf\" width=\"600\" height=\"400\" class=\"su-document\" title=\"\"><\/iframe><\/div><\/div>\n<p>        <\/div>\n<div class=\"su-tabs-pane su-u-clearfix su-u-trim\" data-title=\"INVENTARIO DE BAJA DOCUMENTAL 2025\">\n<\/p>\n<p style=\"text-align: justify\">INVENTARIO DE BAJA DOCUMENTAL 2025<\/span><\/p>\n<p><\/p>\n<div>\n<p>                    <div class=\"su-document su-u-responsive-media-yes\"><iframe loading=\"lazy\" src=\"\/\/docs.google.com\/viewer?embedded=true&url=https:\/\/www.oaxaca.gob.mx\/cabien\/wp-content\/uploads\/sites\/90\/2026\/01\/INVENTARIOS-DOCUMENTALES-2025-1.pdf\" width=\"600\" height=\"400\" class=\"su-document\" title=\"\"><\/iframe><\/div><\/div>\n<p>        <\/div>\n<div class=\"su-tabs-pane su-u-clearfix su-u-trim\" data-title=\"INFORME ANUAL DE CUMPLIMIENTO AL PADA 2025\">\n<\/p>\n<p style=\"text-align: justify\">INFORME ANUAL DE CUMPLIMIENTO AL PADA 2025<\/span><\/p>\n<p><\/p>\n<div>\n<p>                    <div class=\"su-document su-u-responsive-media-yes\"><iframe loading=\"lazy\" src=\"\/\/docs.google.com\/viewer?embedded=true&url=https:\/\/www.oaxaca.gob.mx\/cabien\/wp-content\/uploads\/sites\/90\/2026\/01\/INFORME-ANUAL-DE-CUMPLIMIENTO-AL-PADA-2025-1.pdf\" width=\"600\" height=\"400\" class=\"su-document\" title=\"\"><\/iframe><\/div><\/div>\n<p>        <\/div><\/div><\/div>\n","protected":false},"excerpt":{"rendered":"<p>&nbsp;<\/p>\n","protected":false},"author":2,"featured_media":0,"parent":0,"menu_order":0,"comment_status":"closed","ping_status":"closed","template":"","meta":{"episode_type":"","audio_file":"","podmotor_file_id":"","podmotor_episode_id":"","cover_image":"","cover_image_id":"","duration":"","filesize":"","filesize_raw":"","date_recorded":"","explicit":"","block":"","itunes_episode_number":"","itunes_title":"","itunes_season_number":"","itunes_episode_type":"","footnotes":""},"categories":[],"tags":[],"class_list":["post-23541","page","type-page","status-publish","hentry"],"acf":[],"publishpress_future_action":{"enabled":false,"date":"2026-04-28 08:25:28","action":"change-status","newStatus":"draft","terms":[],"taxonomy":"category","extraData":[]},"publishpress_future_workflow_manual_trigger":{"enabledWorkflows":[]},"_links":{"self":[{"href":"https:\/\/www.oaxaca.gob.mx\/cabien\/wp-json\/wp\/v2\/pages\/23541","targetHints":{"allow":["GET"]}}],"collection":[{"href":"https:\/\/www.oaxaca.gob.mx\/cabien\/wp-json\/wp\/v2\/pages"}],"about":[{"href":"https:\/\/www.oaxaca.gob.mx\/cabien\/wp-json\/wp\/v2\/types\/page"}],"author":[{"embeddable":true,"href":"https:\/\/www.oaxaca.gob.mx\/cabien\/wp-json\/wp\/v2\/users\/2"}],"replies":[{"embeddable":true,"href":"https:\/\/www.oaxaca.gob.mx\/cabien\/wp-json\/wp\/v2\/comments?post=23541"}],"version-history":[{"count":2,"href":"https:\/\/www.oaxaca.gob.mx\/cabien\/wp-json\/wp\/v2\/pages\/23541\/revisions"}],"predecessor-version":[{"id":23644,"href":"https:\/\/www.oaxaca.gob.mx\/cabien\/wp-json\/wp\/v2\/pages\/23541\/revisions\/23644"}],"wp:attachment":[{"href":"https:\/\/www.oaxaca.gob.mx\/cabien\/wp-json\/wp\/v2\/media?parent=23541"}],"wp:term":[{"taxonomy":"category","embeddable":true,"href":"https:\/\/www.oaxaca.gob.mx\/cabien\/wp-json\/wp\/v2\/categories?post=23541"},{"taxonomy":"post_tag","embeddable":true,"href":"https:\/\/www.oaxaca.gob.mx\/cabien\/wp-json\/wp\/v2\/tags?post=23541"}],"curies":[{"name":"wp","href":"https:\/\/api.w.org\/{rel}","templated":true}]}}