{"id":21498,"date":"2025-05-08T13:06:22","date_gmt":"2025-05-08T19:06:22","guid":{"rendered":"https:\/\/www.oaxaca.gob.mx\/cabien\/?page_id=21498"},"modified":"2025-05-08T13:06:22","modified_gmt":"2025-05-08T19:06:22","slug":"poa-cao","status":"publish","type":"page","link":"https:\/\/www.oaxaca.gob.mx\/cabien\/poa-cao\/","title":{"rendered":"POA CAO"},"content":{"rendered":"<p><P style=\"text-align: center;font-size: 16px;font-weight: 900\">PROGRAMA ANUAL DE OBRAS (POA) CAO<\/P><\/p>\n<table width=\"50%\" border=\"1\" cellpadding=\"0\" cellspacing=\"2\" style=\"border-collapse:separate;border-spacing:2px;padding: 5px;border: 1px solid #00b0a6\">\n<tr style=\"background: #c6c6c6\">\n<th style=\"text-align: center;padding: 1px\"><strong><span style=\"font-size: 10px;font-weight: bold\">A\u00d1O<\/span><\/strong><\/th>\n<th style=\"text-align: center;padding: 1px\"><strong><span style=\"font-size: 10px;font-weight: bold\">ENLACE<\/span><\/strong><\/th>\n<\/tr>\n<tr style=\"background: #fff\">\n<td style=\"padding: 5px;font-size: 14px;font-weight: 500\">POA A\u00d1O 2018<\/td>\n<td style=\"text-align: center;padding: 5px\"><a title=\"POA A\u00d1O 2018\" href=\"https:\/\/www.oaxaca.gob.mx\/cao\/poa-ano-2018\/\" target=\"_blank\" rel=\"noopener noreferrer\"><img decoding=\"async\" style=\"max-width: 25px;max-height: 25px\" src=\"\/cabien\/wp-content\/uploads\/sites\/90\/2023\/05\/descargar-enlace.png\" \/><\/a><\/td>\n<\/tr>\n<tr style=\"background: #eee\">\n<td style=\"padding: 5px;font-size: 14px;font-weight: 500\">POA A\u00d1O 2019<\/td>\n<td style=\"text-align: center;padding: 5px\"><a title=\"POA A\u00d1O 2019\" href=\"https:\/\/www.oaxaca.gob.mx\/cao\/poa-ano-2019\/\" target=\"_blank\" rel=\"noopener noreferrer\"><img decoding=\"async\" style=\"max-width: 25px;max-height: 25px\" src=\"\/cabien\/wp-content\/uploads\/sites\/90\/2023\/05\/descargar-enlace.png\" \/><\/a><\/td>\n<\/tr>\n<tr style=\"background: #fff\">\n<td style=\"padding: 5px;font-size: 14px;font-weight: 500\">POA A\u00d1O 2020<\/td>\n<td style=\"text-align: center;padding: 5px\"><a title=\"POA A\u00d1O 2020\" href=\"https:\/\/www.oaxaca.gob.mx\/cao\/poa-ano-2020\/\" target=\"_blank\" rel=\"noopener noreferrer\"><img decoding=\"async\" style=\"max-width: 25px;max-height: 25px\" src=\"\/cabien\/wp-content\/uploads\/sites\/90\/2023\/05\/descargar-enlace.png\" \/><\/a><\/td>\n<\/tr>\n<tr style=\"background: #eee\">\n<td style=\"padding: 5px;font-size: 14px;font-weight: 500\">POA A\u00d1O 2021<\/td>\n<td style=\"text-align: center;padding: 5px\"><a title=\"POA A\u00d1O 2021\" href=\"https:\/\/www.oaxaca.gob.mx\/cao\/programa-operativo-anual-2021\/\" target=\"_blank\" rel=\"noopener noreferrer\"><img decoding=\"async\" style=\"max-width: 25px;max-height: 25px\" src=\"\/cabien\/wp-content\/uploads\/sites\/90\/2023\/05\/descargar-enlace.png\" \/><\/a><\/td>\n<\/tr>\n<tr style=\"background: #fff\">\n<td style=\"padding: 5px;font-size: 14px;font-weight: 500\">POA A\u00d1O 2022<\/td>\n<td style=\"text-align: center;padding: 5px\"><a title=\"POA A\u00d1O 2022\" href=\"https:\/\/www.oaxaca.gob.mx\/cao\/poa-ano-2022\/\" target=\"_blank\" rel=\"noopener noreferrer\"><img decoding=\"async\" style=\"max-width: 25px;max-height: 25px\" src=\"\/cabien\/wp-content\/uploads\/sites\/90\/2023\/05\/descargar-enlace.png\" \/><\/a><\/td>\n<\/tr>\n<\/table>\n","protected":false},"excerpt":{"rendered":"<p>PROGRAMA ANUAL DE OBRAS (POA) CAO A\u00d1O ENLACE POA A\u00d1O 2018 POA A\u00d1O 2019 POA A\u00d1O 2020 POA A\u00d1O 2021 POA A\u00d1O 2022<\/p>\n","protected":false},"author":2,"featured_media":0,"parent":0,"menu_order":0,"comment_status":"closed","ping_status":"closed","template":"","meta":{"episode_type":"","audio_file":"","podmotor_file_id":"","podmotor_episode_id":"","cover_image":"","cover_image_id":"","duration":"","filesize":"","filesize_raw":"","date_recorded":"","explicit":"","block":"","itunes_episode_number":"","itunes_title":"","itunes_season_number":"","itunes_episode_type":"","footnotes":""},"categories":[],"tags":[],"class_list":["post-21498","page","type-page","status-publish","hentry"],"acf":[],"publishpress_future_action":{"enabled":false,"date":"2026-04-28 08:26:56","action":"change-status","newStatus":"draft","terms":[],"taxonomy":"category","extraData":[]},"publishpress_future_workflow_manual_trigger":{"enabledWorkflows":[]},"_links":{"self":[{"href":"https:\/\/www.oaxaca.gob.mx\/cabien\/wp-json\/wp\/v2\/pages\/21498","targetHints":{"allow":["GET"]}}],"collection":[{"href":"https:\/\/www.oaxaca.gob.mx\/cabien\/wp-json\/wp\/v2\/pages"}],"about":[{"href":"https:\/\/www.oaxaca.gob.mx\/cabien\/wp-json\/wp\/v2\/types\/page"}],"author":[{"embeddable":true,"href":"https:\/\/www.oaxaca.gob.mx\/cabien\/wp-json\/wp\/v2\/users\/2"}],"replies":[{"embeddable":true,"href":"https:\/\/www.oaxaca.gob.mx\/cabien\/wp-json\/wp\/v2\/comments?post=21498"}],"version-history":[{"count":1,"href":"https:\/\/www.oaxaca.gob.mx\/cabien\/wp-json\/wp\/v2\/pages\/21498\/revisions"}],"predecessor-version":[{"id":21500,"href":"https:\/\/www.oaxaca.gob.mx\/cabien\/wp-json\/wp\/v2\/pages\/21498\/revisions\/21500"}],"wp:attachment":[{"href":"https:\/\/www.oaxaca.gob.mx\/cabien\/wp-json\/wp\/v2\/media?parent=21498"}],"wp:term":[{"taxonomy":"category","embeddable":true,"href":"https:\/\/www.oaxaca.gob.mx\/cabien\/wp-json\/wp\/v2\/categories?post=21498"},{"taxonomy":"post_tag","embeddable":true,"href":"https:\/\/www.oaxaca.gob.mx\/cabien\/wp-json\/wp\/v2\/tags?post=21498"}],"curies":[{"name":"wp","href":"https:\/\/api.w.org\/{rel}","templated":true}]}}