{"id":21496,"date":"2025-05-08T11:55:14","date_gmt":"2025-05-08T17:55:14","guid":{"rendered":"https:\/\/www.oaxaca.gob.mx\/cabien\/?page_id=21496"},"modified":"2025-05-08T11:55:14","modified_gmt":"2025-05-08T17:55:14","slug":"programa-anual-de-obras-publicas-y-servicios-relacionados-con-las-mismas-revisado-ante-el-comite-de-obras-publicas","status":"publish","type":"page","link":"https:\/\/www.oaxaca.gob.mx\/cabien\/programa-anual-de-obras-publicas-y-servicios-relacionados-con-las-mismas-revisado-ante-el-comite-de-obras-publicas\/","title":{"rendered":"PROGRAMA ANUAL DE OBRAS P\u00daBLICAS Y SERVICIOS RELACIONADOS CON LAS MISMAS REVISADO ANTE EL COMIT\u00c9 DE OBRAS P\u00daBLICAS"},"content":{"rendered":"<p><P style=\"text-align: center;font-size: 16px;font-weight: 900\">ENLACES AL PROGRAMA ANUAL DE OBRAS P\u00daBLICAS Y SERVICIOS RELACIONADOS CON LAS MISMAS REVISADO ANTE EL COMIT\u00c9 DE OBRAS P\u00daBLICAS POR A\u00d1O<\/P><\/p>\n<table width=\"50%\" border=\"1\" cellpadding=\"0\" cellspacing=\"2\" style=\"border-collapse:separate;border-spacing:2px;padding: 5px;border: 1px solid #00b0a6\">\n<tr style=\"background: #c6c6c6\">\n<th style=\"text-align: center;padding: 1px\"><strong><span style=\"font-size: 10px;font-weight: bold\">A\u00d1O<\/span><\/strong><\/th>\n<th style=\"text-align: center;padding: 1px\"><strong><span style=\"font-size: 10px;font-weight: bold\">ENLACE<\/span><\/strong><\/th>\n<\/tr>\n<tr style=\"background: #fff\">\n<td style=\"padding: 5px;font-size: 14px;font-weight: 500\">POA REVISADO ANTE EL COMIT\u00c9 DE OBRAS P\u00daBLICAS, A\u00d1O 2023<\/td>\n<td style=\"text-align: center;padding: 5px\"><a title=\"POA REVISADO ANTE EL COMIT\u00c9 DE OBRAS P\u00daBLICAS, A\u00d1O 2015\" href=\"https:\/\/www.oaxaca.gob.mx\/cabien\/poa-revisado-ante-el-comite-de-obras-publicas%2C-ano-2023\" target=\"_blank\" rel=\"noopener noreferrer\"><img decoding=\"async\" style=\"max-width: 25px;max-height: 25px\" src=\"\/cabien\/wp-content\/uploads\/sites\/90\/2023\/05\/descargar-enlace.png\" \/><\/a><\/td>\n<\/tr>\n<tr style=\"background: #eee\">\n<td style=\"padding: 5px;font-size: 14px;font-weight: 500\">POA REVISADO ANTE EL COMIT\u00c9 DE OBRAS P\u00daBLICAS, A\u00d1O 2024<\/td>\n<td style=\"text-align: center;padding: 5px\"><a title=\"POA REVISADO ANTE EL COMIT\u00c9 DE OBRAS P\u00daBLICAS, A\u00d1O 2016\" href=\"https:\/\/www.oaxaca.gob.mx\/cabien\/poa-revisado-ante-el-comite-de-obras-publicas%2C-ano-2024\" target=\"_blank\" rel=\"noopener noreferrer\"><img decoding=\"async\" style=\"max-width: 25px;max-height: 25px\" src=\"\/cabien\/wp-content\/uploads\/sites\/90\/2023\/05\/descargar-enlace.png\" \/><\/a><\/td>\n<\/tr>\n<tr style=\"background: #fff\">\n<td style=\"padding: 5px;font-size: 14px;font-weight: 500\">POA REVISADO ANTE EL COMIT\u00c9 DE OBRAS P\u00daBLICAS, A\u00d1O 2025<\/td>\n<td style=\"text-align: center;padding: 5px\"><a title=\"POA REVISADO ANTE EL COMIT\u00c9 DE OBRAS P\u00daBLICAS, A\u00d1O 2017\" href=\"https:\/\/www.oaxaca.gob.mx\/cabien\/poa-revisado-ante-el-comite-de-obras-publicas%2C-ano-2025\" target=\"_blank\" rel=\"noopener noreferrer\"><img decoding=\"async\" style=\"max-width: 25px;max-height: 25px\" src=\"\/cabien\/wp-content\/uploads\/sites\/90\/2023\/05\/descargar-enlace.png\" \/><\/a><\/td>\n<\/tr>\n<\/table>\n","protected":false},"excerpt":{"rendered":"<p>ENLACES AL PROGRAMA ANUAL DE OBRAS P\u00daBLICAS Y SERVICIOS RELACIONADOS CON LAS MISMAS REVISADO ANTE EL COMIT\u00c9 DE OBRAS P\u00daBLICAS POR A\u00d1O A\u00d1O ENLACE POA REVISADO ANTE EL COMIT\u00c9 DE OBRAS P\u00daBLICAS, A\u00d1O 2023 POA REVISADO ANTE EL COMIT\u00c9 DE OBRAS P\u00daBLICAS, A\u00d1O 2024 POA REVISADO ANTE EL COMIT\u00c9 DE OBRAS P\u00daBLICAS, A\u00d1O 2025<\/p>\n","protected":false},"author":2,"featured_media":0,"parent":0,"menu_order":0,"comment_status":"closed","ping_status":"closed","template":"","meta":{"episode_type":"","audio_file":"","podmotor_file_id":"","podmotor_episode_id":"","cover_image":"","cover_image_id":"","duration":"","filesize":"","filesize_raw":"","date_recorded":"","explicit":"","block":"","itunes_episode_number":"","itunes_title":"","itunes_season_number":"","itunes_episode_type":"","footnotes":""},"categories":[],"tags":[],"class_list":["post-21496","page","type-page","status-publish","hentry"],"acf":[],"publishpress_future_action":{"enabled":false,"date":"2026-04-28 09:06:34","action":"change-status","newStatus":"draft","terms":[],"taxonomy":"category","extraData":[]},"publishpress_future_workflow_manual_trigger":{"enabledWorkflows":[]},"_links":{"self":[{"href":"https:\/\/www.oaxaca.gob.mx\/cabien\/wp-json\/wp\/v2\/pages\/21496","targetHints":{"allow":["GET"]}}],"collection":[{"href":"https:\/\/www.oaxaca.gob.mx\/cabien\/wp-json\/wp\/v2\/pages"}],"about":[{"href":"https:\/\/www.oaxaca.gob.mx\/cabien\/wp-json\/wp\/v2\/types\/page"}],"author":[{"embeddable":true,"href":"https:\/\/www.oaxaca.gob.mx\/cabien\/wp-json\/wp\/v2\/users\/2"}],"replies":[{"embeddable":true,"href":"https:\/\/www.oaxaca.gob.mx\/cabien\/wp-json\/wp\/v2\/comments?post=21496"}],"version-history":[{"count":1,"href":"https:\/\/www.oaxaca.gob.mx\/cabien\/wp-json\/wp\/v2\/pages\/21496\/revisions"}],"predecessor-version":[{"id":21497,"href":"https:\/\/www.oaxaca.gob.mx\/cabien\/wp-json\/wp\/v2\/pages\/21496\/revisions\/21497"}],"wp:attachment":[{"href":"https:\/\/www.oaxaca.gob.mx\/cabien\/wp-json\/wp\/v2\/media?parent=21496"}],"wp:term":[{"taxonomy":"category","embeddable":true,"href":"https:\/\/www.oaxaca.gob.mx\/cabien\/wp-json\/wp\/v2\/categories?post=21496"},{"taxonomy":"post_tag","embeddable":true,"href":"https:\/\/www.oaxaca.gob.mx\/cabien\/wp-json\/wp\/v2\/tags?post=21496"}],"curies":[{"name":"wp","href":"https:\/\/api.w.org\/{rel}","templated":true}]}}