{"id":21404,"date":"2025-04-28T17:32:13","date_gmt":"2025-04-28T23:32:13","guid":{"rendered":"https:\/\/www.oaxaca.gob.mx\/cabien\/?page_id=21404"},"modified":"2025-05-08T11:41:27","modified_gmt":"2025-05-08T17:41:27","slug":"poa-estatal-2025-2","status":"publish","type":"page","link":"https:\/\/www.oaxaca.gob.mx\/cabien\/poa-revisado-ante-el-comite-de-obras-publicas%2C-ano-2025","title":{"rendered":"POA REVISADO ANTE EL COMIT\u00c9 DE OBRAS P\u00daBLICAS, A\u00d1O 2025"},"content":{"rendered":"<div style=\"font-size: 20px;text-align: center\">\n<a title=\"\" href=\"\/cabien\/wp-content\/uploads\/sites\/90\/2025\/04\/poa-estatal-2025-.pdf\" download rel=\"noopener noreferrer\"><br \/>\n             <img decoding=\"async\" style=\"max-width: 50px;max-height: 50px\" src=\"\/cao\/wp-content\/uploads\/sites\/5\/2019\/04\/descarga-pdf.png\" \/>&nbsp;DESCARGAR DOCUMENTO<\/a>\n<\/div>\n<p>&nbsp;<\/p>\n<a href=\"https:\/\/www.oaxaca.gob.mx\/cabien\/wp-content\/uploads\/sites\/90\/2025\/04\/poa-estatal-2025-.pdf\" class=\"pdfemb-viewer\" style=\"\" data-width=\"max\" data-height=\"max\" data-toolbar=\"top\" data-toolbar-fixed=\"on\">poa-estatal-2025-<\/a>\n&nbsp;<\/p>\n","protected":false},"excerpt":{"rendered":"<p>&nbsp;DESCARGAR DOCUMENTO &nbsp; &nbsp;<\/p>\n","protected":false},"author":2,"featured_media":0,"parent":0,"menu_order":0,"comment_status":"closed","ping_status":"closed","template":"","meta":{"episode_type":"","audio_file":"","podmotor_file_id":"","podmotor_episode_id":"","cover_image":"","cover_image_id":"","duration":"","filesize":"","filesize_raw":"","date_recorded":"","explicit":"","block":"","itunes_episode_number":"","itunes_title":"","itunes_season_number":"","itunes_episode_type":"","footnotes":""},"categories":[],"tags":[],"class_list":["post-21404","page","type-page","status-publish","hentry"],"acf":[],"publishpress_future_action":{"enabled":false,"date":"2026-04-28 09:06:36","action":"change-status","newStatus":"draft","terms":[],"taxonomy":"category","extraData":[]},"publishpress_future_workflow_manual_trigger":{"enabledWorkflows":[]},"_links":{"self":[{"href":"https:\/\/www.oaxaca.gob.mx\/cabien\/wp-json\/wp\/v2\/pages\/21404","targetHints":{"allow":["GET"]}}],"collection":[{"href":"https:\/\/www.oaxaca.gob.mx\/cabien\/wp-json\/wp\/v2\/pages"}],"about":[{"href":"https:\/\/www.oaxaca.gob.mx\/cabien\/wp-json\/wp\/v2\/types\/page"}],"author":[{"embeddable":true,"href":"https:\/\/www.oaxaca.gob.mx\/cabien\/wp-json\/wp\/v2\/users\/2"}],"replies":[{"embeddable":true,"href":"https:\/\/www.oaxaca.gob.mx\/cabien\/wp-json\/wp\/v2\/comments?post=21404"}],"version-history":[{"count":3,"href":"https:\/\/www.oaxaca.gob.mx\/cabien\/wp-json\/wp\/v2\/pages\/21404\/revisions"}],"predecessor-version":[{"id":21499,"href":"https:\/\/www.oaxaca.gob.mx\/cabien\/wp-json\/wp\/v2\/pages\/21404\/revisions\/21499"}],"wp:attachment":[{"href":"https:\/\/www.oaxaca.gob.mx\/cabien\/wp-json\/wp\/v2\/media?parent=21404"}],"wp:term":[{"taxonomy":"category","embeddable":true,"href":"https:\/\/www.oaxaca.gob.mx\/cabien\/wp-json\/wp\/v2\/categories?post=21404"},{"taxonomy":"post_tag","embeddable":true,"href":"https:\/\/www.oaxaca.gob.mx\/cabien\/wp-json\/wp\/v2\/tags?post=21404"}],"curies":[{"name":"wp","href":"https:\/\/api.w.org\/{rel}","templated":true}]}}