{"id":21227,"date":"2025-03-28T12:21:02","date_gmt":"2025-03-28T18:21:02","guid":{"rendered":"https:\/\/www.oaxaca.gob.mx\/cabien\/?page_id=21227"},"modified":"2025-05-02T12:53:19","modified_gmt":"2025-05-02T18:53:19","slug":"mir-matriz-de-indicadores-de-resultados-del-ejercicio-fiscal","status":"publish","type":"page","link":"https:\/\/www.oaxaca.gob.mx\/cabien\/mir-matriz-de-indicadores-de-resultados-del-ejercicio-fiscal\/","title":{"rendered":"MIR (Matriz de Indicadores de Resultados del Ejercicio Fiscal)"},"content":{"rendered":"<p><P style=\"text-align: center;font-size: 16px;font-weight: 900\">MATRIZ DE INDICADORES DE RESULTADOS DEL EJERCICIO FISCAL POR A\u00d1O<\/P><\/p>\n<table width=\"50%\" border=\"1\" cellpadding=\"0\" cellspacing=\"2\" style=\"border-collapse:separate;border-spacing:2px;padding: 5px;border: 1px solid #00b0a6\">\n<tr style=\"background: #c6c6c6\">\n<th style=\"text-align: center;padding: 1px\"><strong><span style=\"font-size: 10px;font-weight: bold\">A\u00d1O<\/span><\/strong><\/th>\n<th style=\"text-align: center;padding: 1px\"><strong><span style=\"font-size: 10px;font-weight: bold\">ENLACE<\/span><\/strong><\/th>\n<\/tr>\n<tr style=\"background: #fff\">\n<td style=\"padding: 5px;font-size: 14px;font-weight: 500\">MIR A\u00d1O 2015<\/td>\n<td style=\"text-align: center;padding: 5px\"><a title=\"MIR A\u00d1O 2015\" href=\"https:\/\/www.oaxaca.gob.mx\/cao\/matriz-del-ejercicio-fiscal-ano-2015\/\" target=\"_blank\" rel=\"noopener noreferrer\"><img decoding=\"async\" style=\"max-width: 25px;max-height: 25px\" src=\"\/cabien\/wp-content\/uploads\/sites\/90\/2023\/05\/descargar-enlace.png\" \/><\/a><\/td>\n<\/tr>\n<tr style=\"background: #eee\">\n<td style=\"padding: 5px;font-size: 14px;font-weight: 500\">MIR A\u00d1O 2016<\/td>\n<td style=\"text-align: center;padding: 5px\"><a title=\"MIR A\u00d1O 2016\" href=\"https:\/\/www.oaxaca.gob.mx\/cao\/matriz-del-ejercicio-fiscal-ano-2016\/\" target=\"_blank\" rel=\"noopener noreferrer\"><img decoding=\"async\" style=\"max-width: 25px;max-height: 25px\" src=\"\/cabien\/wp-content\/uploads\/sites\/90\/2023\/05\/descargar-enlace.png\" \/><\/a><\/td>\n<\/tr>\n<tr style=\"background: #fff\">\n<td style=\"padding: 5px;font-size: 14px;font-weight: 500\">MIR A\u00d1O 2017<\/td>\n<td style=\"text-align: center;padding: 5px\"><a title=\"MIR A\u00d1O 2017\" href=\"https:\/\/www.oaxaca.gob.mx\/cao\/matriz-del-ejercicio-fiscal-ano-2017\/\" target=\"_blank\" rel=\"noopener noreferrer\"><img decoding=\"async\" style=\"max-width: 25px;max-height: 25px\" src=\"\/cabien\/wp-content\/uploads\/sites\/90\/2023\/05\/descargar-enlace.png\" \/><\/a><\/td>\n<\/tr>\n<tr style=\"background: #eee\">\n<td style=\"padding: 5px;font-size: 14px;font-weight: 500\">MIR A\u00d1O 2018<\/td>\n<td style=\"text-align: center;padding: 5px\"><a title=\"MIR A\u00d1O 2018\" href=\"https:\/\/www.oaxaca.gob.mx\/cao\/matriz-del-ejercicio-ano-fiscal-2018\/\" target=\"_blank\" rel=\"noopener noreferrer\"><img decoding=\"async\" style=\"max-width: 25px;max-height: 25px\" src=\"\/cabien\/wp-content\/uploads\/sites\/90\/2023\/05\/descargar-enlace.png\" \/><\/a><\/td>\n<\/tr>\n<tr style=\"background: #fff\">\n<td style=\"padding: 5px;font-size: 14px;font-weight: 500\">MIR A\u00d1O 2019<\/td>\n<td style=\"text-align: center;padding: 5px\"><a title=\"MIR A\u00d1O 2019\" href=\"https:\/\/www.oaxaca.gob.mx\/cao\/matriz-del-ejercicio-fiscal-ano-2019\/\" target=\"_blank\" rel=\"noopener noreferrer\"><img decoding=\"async\" style=\"max-width: 25px;max-height: 25px\" src=\"\/cabien\/wp-content\/uploads\/sites\/90\/2023\/05\/descargar-enlace.png\" \/><\/a><\/td>\n<\/tr>\n<tr style=\"background: #eee\">\n<td style=\"padding: 5px;font-size: 14px;font-weight: 500\">MIR A\u00d1O 2020<\/td>\n<td style=\"text-align: center;padding: 5px\"><a title=\"MIR A\u00d1O 2020\" href=\"https:\/\/www.oaxaca.gob.mx\/cao\/matriz-del-ejercicio-fiscal-ano-2020\/\" rel=\"noopener noreferrer\"><img decoding=\"async\" style=\"max-width: 25px;max-height: 25px\" src=\"\/cabien\/wp-content\/uploads\/sites\/90\/2023\/05\/descargar-enlace.png\" \/><\/a><\/td>\n<\/tr>\n<tr style=\"background: #fff\">\n<td style=\"padding: 5px;font-size: 14px;font-weight: 500\">MIR A\u00d1O 2021<\/td>\n<td style=\"text-align: center;padding: 5px\"><a title=\"MIR A\u00d1O 2023\" href=\"https:\/\/www.oaxaca.gob.mx\/cao\/matriz-del-ejercicio-fiscal-ano-2021\/\" target=\"_blank\" rel=\"noopener noreferrer\"><img decoding=\"async\" style=\"max-width: 25px;max-height: 25px\" src=\"\/cabien\/wp-content\/uploads\/sites\/90\/2023\/05\/descargar-enlace.png\" \/><\/a><\/td>\n<\/tr>\n<tr style=\"background: #eee\">\n<td style=\"padding: 5px;font-size: 14px;font-weight: 500\">MIR A\u00d1O 2022<\/td>\n<td style=\"text-align: center;padding: 5px\"><a title=\"MIR A\u00d1O 2022\" href=\"https:\/\/www.oaxaca.gob.mx\/cao\/matriz-del-ejercicio-fiscal-ano-2022\/\" target=\"_blank\" rel=\"noopener noreferrer\"><img decoding=\"async\" style=\"max-width: 25px;max-height: 25px\" src=\"\/cabien\/wp-content\/uploads\/sites\/90\/2023\/05\/descargar-enlace.png\" \/><\/a><\/td>\n<\/tr>\n<tr style=\"background: #fff\">\n<td style=\"padding: 5px;font-size: 14px;font-weight: 500\">MIR A\u00d1O 2023<\/td>\n<td style=\"text-align: center;padding: 5px\"><a title=\"MIR A\u00d1O 2023\" href=\"https:\/\/www.oaxaca.gob.mx\/cabien\/matriz-del-ejercicio-fiscal-ano-2023\" target=\"_blank\" rel=\"noopener noreferrer\"><img decoding=\"async\" style=\"max-width: 25px;max-height: 25px\" src=\"\/cabien\/wp-content\/uploads\/sites\/90\/2023\/05\/descargar-enlace.png\" \/><\/a><\/td>\n<\/tr>\n<tr style=\"background: #eee\">\n<td style=\"padding: 5px;font-size: 14px;font-weight: 500\">MIR A\u00d1O 2024<\/td>\n<td style=\"text-align: center;padding: 5px\"><a title=\"MIR A\u00d1O 2024\" href=\"https:\/\/www.oaxaca.gob.mx\/cabien\/matriz-de-indicadores-del-ejercicio-fiscal-ano-2024\/\" rel=\"noopener noreferrer\"><img decoding=\"async\" style=\"max-width: 25px;max-height: 25px\" src=\"\/cabien\/wp-content\/uploads\/sites\/90\/2023\/05\/descargar-enlace.png\" \/><\/a><\/td>\n<\/tr>\n<tr style=\"background: #fff\">\n<td style=\"padding: 5px;font-size: 14px;font-weight: 500\">MIR A\u00d1O 2025<\/td>\n<td style=\"text-align: center;padding: 5px\"><a title=\"MIR A\u00d1O 2025\" href=\"https:\/\/www.oaxaca.gob.mx\/cabien\/matriz-de-indicadores-del-ejercicio-fiscal-ano-2025\/\" target=\"_blank\" rel=\"noopener noreferrer\"><img decoding=\"async\" style=\"max-width: 25px;max-height: 25px\" src=\"\/cabien\/wp-content\/uploads\/sites\/90\/2023\/05\/descargar-enlace.png\" \/><\/a><\/td>\n<\/tr>\n<\/table>\n","protected":false},"excerpt":{"rendered":"<p>MATRIZ DE INDICADORES DE RESULTADOS DEL EJERCICIO FISCAL POR A\u00d1O A\u00d1O ENLACE MIR A\u00d1O 2015 MIR A\u00d1O 2016 MIR A\u00d1O 2017 MIR A\u00d1O 2018 MIR A\u00d1O 2019 MIR A\u00d1O 2020 MIR A\u00d1O 2021 MIR A\u00d1O 2022 MIR A\u00d1O 2023 MIR A\u00d1O 2024 MIR A\u00d1O 2025<\/p>\n","protected":false},"author":2,"featured_media":0,"parent":0,"menu_order":0,"comment_status":"closed","ping_status":"closed","template":"","meta":{"episode_type":"","audio_file":"","podmotor_file_id":"","podmotor_episode_id":"","cover_image":"","cover_image_id":"","duration":"","filesize":"","filesize_raw":"","date_recorded":"","explicit":"","block":"","itunes_episode_number":"","itunes_title":"","itunes_season_number":"","itunes_episode_type":"","footnotes":""},"categories":[],"tags":[],"class_list":["post-21227","page","type-page","status-publish","hentry"],"acf":[],"publishpress_future_action":{"enabled":false,"date":"2026-04-28 10:36:30","action":"change-status","newStatus":"draft","terms":[],"taxonomy":"category","extraData":[]},"publishpress_future_workflow_manual_trigger":{"enabledWorkflows":[]},"_links":{"self":[{"href":"https:\/\/www.oaxaca.gob.mx\/cabien\/wp-json\/wp\/v2\/pages\/21227","targetHints":{"allow":["GET"]}}],"collection":[{"href":"https:\/\/www.oaxaca.gob.mx\/cabien\/wp-json\/wp\/v2\/pages"}],"about":[{"href":"https:\/\/www.oaxaca.gob.mx\/cabien\/wp-json\/wp\/v2\/types\/page"}],"author":[{"embeddable":true,"href":"https:\/\/www.oaxaca.gob.mx\/cabien\/wp-json\/wp\/v2\/users\/2"}],"replies":[{"embeddable":true,"href":"https:\/\/www.oaxaca.gob.mx\/cabien\/wp-json\/wp\/v2\/comments?post=21227"}],"version-history":[{"count":3,"href":"https:\/\/www.oaxaca.gob.mx\/cabien\/wp-json\/wp\/v2\/pages\/21227\/revisions"}],"predecessor-version":[{"id":21423,"href":"https:\/\/www.oaxaca.gob.mx\/cabien\/wp-json\/wp\/v2\/pages\/21227\/revisions\/21423"}],"wp:attachment":[{"href":"https:\/\/www.oaxaca.gob.mx\/cabien\/wp-json\/wp\/v2\/media?parent=21227"}],"wp:term":[{"taxonomy":"category","embeddable":true,"href":"https:\/\/www.oaxaca.gob.mx\/cabien\/wp-json\/wp\/v2\/categories?post=21227"},{"taxonomy":"post_tag","embeddable":true,"href":"https:\/\/www.oaxaca.gob.mx\/cabien\/wp-json\/wp\/v2\/tags?post=21227"}],"curies":[{"name":"wp","href":"https:\/\/api.w.org\/{rel}","templated":true}]}}