{"id":18738,"date":"2024-07-25T14:07:28","date_gmt":"2024-07-25T20:07:28","guid":{"rendered":"https:\/\/www.oaxaca.gob.mx\/cabien\/?page_id=18738"},"modified":"2026-01-29T09:48:00","modified_gmt":"2026-01-29T15:48:00","slug":"comite-de-transparencia-cabien","status":"publish","type":"page","link":"https:\/\/www.oaxaca.gob.mx\/cabien\/comite-de-transparencia-cabien\/","title":{"rendered":"COMIT\u00c9 DE TRANSPARENCIA CABIEN"},"content":{"rendered":"<p><h3 style=\"color: white;background: #285c4d;text-align: center\">COMIT\u00c9 DE TRANSPARENCIA DE CAMINOS BIENESTAR<\/p>\n<\/h3>\n<p>&nbsp;<\/p>\n<h4 style=\"text-align: center;color: #807e7e\">ACTAS DE SESI\u00d3N DEL COMIT\u00c9 DE TRANSPARENCIA<\/h4>\n<p>    &nbsp;<br \/>\n<div class=\"su-spoiler su-spoiler-style-fancy su-spoiler-icon-plus su-spoiler-closed\" data-scroll-offset=\"0\" data-anchor-in-url=\"no\"><div class=\"su-spoiler-title\" tabindex=\"0\" role=\"button\"><span class=\"su-spoiler-icon\"><\/span>ACTA DE INSTALACI\u00d3N DEL COMIT\u00c9 DE TRANSPARENCIA A\u00d1O 2023<\/div><div class=\"su-spoiler-content su-u-clearfix su-u-trim\">\n<h5 style=\"text-align: center;color: #807e7e\">ACTA DE INSTALACI\u00d3N<\/h5>\n<div>\n<p>\n        <a title=\"ACTA 1a. SESION EXTRAORDINARIA 2023\" href=\"https:\/\/www.oaxaca.gob.mx\/cabien\/wp-content\/uploads\/sites\/90\/2024\/01\/sesion-de-instalacion-del-comite-de-transparencia.pdf\" download rel=\"noopener noreferrer\"><br \/>\n             <img decoding=\"async\" style=\"max-width: 30px;max-height: 30px\" src=\"\/cao\/wp-content\/uploads\/sites\/5\/2019\/04\/descarga-pdf.png\" \/>Descargar Acta<\/a><br \/>\n&nbsp;<br \/>\n        <a href=\"https:\/\/www.oaxaca.gob.mx\/cabien\/wp-content\/uploads\/sites\/90\/2024\/01\/sesion-de-instalacion-del-comite-de-transparencia.pdf\" class=\"pdfemb-viewer\" style=\"\" data-width=\"max\" data-height=\"max\" data-toolbar=\"top\" data-toolbar-fixed=\"on\">sesion-de-instalacion-del-comite-de-transparencia<\/a>\n<p>        &nbsp;<\/p><\/div>\n<p>    <\/div><\/div>\n<p>        &nbsp;<\/p>\n<table width=\"700\" style=\"margin: 0 auto;border-style: solid;border-width: 1px;border-color: #807e7e;padding: 10px;width: 70%\">\n<tr style=\"background: #c6c6c6\">\n<th style=\"text-align: center\" rowspan=\"2\">\n<h5>A\u00d1O<\/h5>\n<\/th>\n<th style=\"text-align:center;background: #d6d6d6\" colspan=\"6\">SESI\u00d3N ORDINARIA<\/th>\n<th style=\"text-align: center;background: #e6e6e6\" colspan=\"2\">EXTRAORDINARIA<\/th>\n<\/tr>\n<tr style=\"background: #c6c6c6\">\n<th style=\"text-align:center;background: #d6d6d6\">1er.<\/th>\n<th style=\"text-align:center;background: #d6d6d6\">2do.<\/th>\n<th style=\"text-align:center;background: #d6d6d6\">3er.<\/th>\n<th style=\"text-align:center;background: #d6d6d6\">4to.<\/th>\n<th style=\"text-align:center;background: #d6d6d6\">5to.<\/th>\n<th style=\"text-align:center;background: #d6d6d6\">6ta.<\/th>\n<th style=\"text-align:center;background: #e6e6e6\">1er.<\/th>\n<th style=\"text-align:center;background: #e6e6e6\">2do.<\/th>\n<\/tr>\n<tr style=\"background: #eee\">\n<td style=\"padding: 10px\">A\u00f1o 2023<\/td>\n<td style=\"text-align:center\"><a title=\"Acta A\u00f1o 2023 Primera Sesi\u00f3n\" href=\"\/cabien\/wp-content\/uploads\/sites\/90\/2024\/01\/primera-sesion-del-comite-de-transparencia.pdf\" target=\"_blank\" rel=\"noopener noreferrer\"><img decoding=\"async\" style=\"max-width: 30px;max-height: 30px\" src=\"\/cao\/wp-content\/uploads\/sites\/5\/2019\/04\/descarga-pdf.png\" \/><\/a><\/td>\n<td style=\"text-align:center\"><a title=\"Acta A\u00f1o 2023 Segunda Sesi\u00f3n\" href=\"\/cabien\/wp-content\/uploads\/sites\/90\/2024\/01\/segunda-sesion-del-comite-de-transparencia.pdf\" target=\"_blank\" rel=\"noopener noreferrer\"><img decoding=\"async\" style=\"max-width: 30px;max-height: 30px\" src=\"\/cao\/wp-content\/uploads\/sites\/5\/2019\/04\/descarga-pdf.png\" \/><\/a><\/td>\n<td style=\"text-align:center\"><a title=\"Acta A\u00f1o 2023 Tercera Sesi\u00f3n\" href=\"\/cabien\/wp-content\/uploads\/sites\/90\/2024\/01\/tercera-sesion-del-comite-de-transparencia.pdf\" target=\"_blank\" rel=\"noopener noreferrer\"><img decoding=\"async\" style=\"max-width: 30px;max-height: 30px\" src=\"\/cao\/wp-content\/uploads\/sites\/5\/2019\/04\/descarga-pdf.png\" \/><\/a><\/td>\n<td style=\"text-align:center\"><a title=\"Acta A\u00f1o 2023 Cuarta Sesi\u00f3n\" href=\"\/cabien\/wp-content\/uploads\/sites\/90\/2024\/01\/cuarta-sesion-del-comite-de-transparencia.pdf\" target=\"_blank\" rel=\"noopener noreferrer\"><img decoding=\"async\" style=\"max-width: 30px;max-height: 30px\" src=\"\/cao\/wp-content\/uploads\/sites\/5\/2019\/04\/descarga-pdf.png\" \/><\/a><\/td>\n<td style=\"text-align:center\"><a title=\"Acta A\u00f1o 2023 Quinta Sesi\u00f3n\" href=\"\/cabien\/wp-content\/uploads\/sites\/90\/2024\/01\/quinta-sesion-del-comite-de-transparencia.pdf\" target=\"_blank\" rel=\"noopener noreferrer\"><img decoding=\"async\" style=\"max-width: 30px;max-height: 30px\" src=\"\/cao\/wp-content\/uploads\/sites\/5\/2019\/04\/descarga-pdf.png\" \/><\/a><\/td>\n<td style=\"text-align:center\">&#8211;<\/td>\n<td style=\"text-align:center\">&#8211;<\/td>\n<td style=\"text-align:center\">&#8211;<\/td>\n<\/tr>\n<tr style=\"background: #fff\">\n<td style=\"padding: 10px\">A\u00f1o 2024<\/td>\n<td style=\"text-align:center\"><a title=\"Acta A\u00f1o 2024 Primera Sesi\u00f3n\" href=\"\/cabien\/wp-content\/uploads\/sites\/90\/2024\/07\/comite-de-transparencia-1sesion-ordinaria-2024.pdf\" target=\"_blank\" rel=\"noopener noreferrer\"><img decoding=\"async\" style=\"max-width: 30px;max-height: 30px\" src=\"\/cao\/wp-content\/uploads\/sites\/5\/2019\/04\/descarga-pdf.png\" \/><\/a><\/td>\n<td style=\"text-align:center\"><a title=\"Acta A\u00f1o 2024 Segunda Sesi\u00f3n\" href=\"\/cabien\/wp-content\/uploads\/sites\/90\/2024\/07\/comite-de-transparencia-2-sesion-ordinaria-2024.pdf\" target=\"_blank\" rel=\"noopener noreferrer\"><img decoding=\"async\" style=\"max-width: 30px;max-height: 30px\" src=\"\/cao\/wp-content\/uploads\/sites\/5\/2019\/04\/descarga-pdf.png\" \/><\/a><\/td>\n<td style=\"text-align:center\"><a title=\"Acta A\u00f1o 2024 Tercera Sesi\u00f3n\" href=\"\/cabien\/wp-content\/uploads\/sites\/90\/2024\/07\/comite-de-transparencia-3-sesion-ordinaria-2024.pdf\" target=\"_blank\" rel=\"noopener noreferrer\"><img decoding=\"async\" style=\"max-width: 30px;max-height: 30px\" src=\"\/cao\/wp-content\/uploads\/sites\/5\/2019\/04\/descarga-pdf.png\" \/><\/a><\/td>\n<td style=\"text-align:center\"><a title=\"Acta A\u00f1o 2024 Cuarta Sesi\u00f3n\" href=\"\/cabien\/wp-content\/uploads\/sites\/90\/2024\/08\/cuarta-sesion-ordinaria-comite-de-transparencia-2024.pdf\" target=\"_blank\" rel=\"noopener noreferrer\"><img decoding=\"async\" style=\"max-width: 30px;max-height: 30px\" src=\"\/cao\/wp-content\/uploads\/sites\/5\/2019\/04\/descarga-pdf.png\" \/><\/a><\/td>\n<td style=\"text-align:center\"><a title=\"Acta A\u00f1o 2024 Quinta Sesi\u00f3n\" href=\"\/cabien\/wp-content\/uploads\/sites\/90\/2024\/10\/quinta-sesion-2024.pdf\" target=\"_blank\" rel=\"noopener noreferrer\"><img decoding=\"async\" style=\"max-width: 30px;max-height: 30px\" src=\"\/cao\/wp-content\/uploads\/sites\/5\/2019\/04\/descarga-pdf.png\" \/><\/a><\/td>\n<td style=\"text-align:center\"><a title=\"Acta A\u00f1o 2024 Sexta Sesi\u00f3n\" href=\"https:\/\/www.oaxaca.gob.mx\/cabien\/wp-content\/uploads\/sites\/90\/2025\/01\/SEXTA-SESION-ORDINARIA-2024.pdf\" target=\"_blank\" rel=\"noopener noreferrer\"><img decoding=\"async\" style=\"max-width: 30px;max-height: 30px\" src=\"\/cao\/wp-content\/uploads\/sites\/5\/2019\/04\/descarga-pdf.png\" \/><\/a><\/td>\n<td style=\"text-align:center\"><a title=\"Acta A\u00f1o 2024 Primera Sesi\u00f3n Extraordinaria\" href=\"\/cabien\/wp-content\/uploads\/sites\/90\/2024\/07\/comite-de-transparencia-1sesion-extraordinaria-2024.pdf\" target=\"_blank\" rel=\"noopener noreferrer\"><img decoding=\"async\" style=\"max-width: 30px;max-height: 30px\" src=\"\/cao\/wp-content\/uploads\/sites\/5\/2019\/04\/descarga-pdf.png\" \/><\/a><\/td>\n<td style=\"text-align:center\"><a title=\"Acta A\u00f1o 2024 Segunda Sesi\u00f3n Extraordinaria\" href=\"\/cabien\/wp-content\/uploads\/sites\/90\/2024\/08\/segunda-sesion-extraordinaria-comite-de-transparencia-2024.pdf\" target=\"_blank\" rel=\"noopener noreferrer\"><img decoding=\"async\" style=\"max-width: 30px;max-height: 30px\" src=\"\/cao\/wp-content\/uploads\/sites\/5\/2019\/04\/descarga-pdf.png\" \/><\/a><\/td>\n<\/tr>\n<tr style=\"background: #eee\">\n<td style=\"padding: 10px\">A\u00f1o 2025<\/td>\n<td style=\"text-align:center\"><a title=\"Acta A\u00f1o 2025 Primera Sesi\u00f3n\" href=\"\/cabien\/wp-content\/uploads\/sites\/90\/2025\/11\/primera-sesion-ordinaria-2025.pdf\" target=\"_blank\" rel=\"noopener noreferrer\"><img decoding=\"async\" style=\"max-width: 30px;max-height: 30px\" src=\"\/cao\/wp-content\/uploads\/sites\/5\/2019\/04\/descarga-pdf.png\" \/><\/a><\/td>\n<td style=\"text-align:center\"><a title=\"Acta A\u00f1o 2025 Segunda Sesi\u00f3n\" href=\"\/cabien\/wp-content\/uploads\/sites\/90\/2025\/11\/segunda-sesion-ordinaria-2025.pdf\" target=\"_blank\" rel=\"noopener noreferrer\"><img decoding=\"async\" style=\"max-width: 30px;max-height: 30px\" src=\"\/cao\/wp-content\/uploads\/sites\/5\/2019\/04\/descarga-pdf.png\" \/><\/a><\/td>\n<td style=\"text-align:center\"><a title=\"Acta A\u00f1o 2025 Tercera Sesi\u00f3n\" href=\"\/cabien\/wp-content\/uploads\/sites\/90\/2025\/11\/tercera-sesion-ordinaria-2025.pdf\" target=\"_blank\" rel=\"noopener noreferrer\"><img decoding=\"async\" style=\"max-width: 30px;max-height: 30px\" src=\"\/cao\/wp-content\/uploads\/sites\/5\/2019\/04\/descarga-pdf.png\" \/><\/a><\/td>\n<td style=\"text-align:center\"><a title=\"Acta A\u00f1o 2025 Cuarta Sesi\u00f3n\" href=\"\/cabien\/wp-content\/uploads\/sites\/90\/2025\/11\/cuarta-sesion-ordinaria-2025.pdf\" target=\"_blank\" rel=\"noopener noreferrer\"><img decoding=\"async\" style=\"max-width: 30px;max-height: 30px\" src=\"\/cao\/wp-content\/uploads\/sites\/5\/2019\/04\/descarga-pdf.png\" \/><\/a><\/td>\n<td style=\"text-align:center\"><a title=\"Acta A\u00f1o 2025 Quinta Sesi\u00f3n\" href=\"\/cabien\/wp-content\/uploads\/sites\/90\/2025\/11\/quinta-sesion-ordinaria-2025.pdf\" target=\"_blank\" rel=\"noopener noreferrer\"><img decoding=\"async\" style=\"max-width: 30px;max-height: 30px\" src=\"\/cao\/wp-content\/uploads\/sites\/5\/2019\/04\/descarga-pdf.png\" \/><\/a><\/td>\n<td style=\"text-align:center\"><a title=\"Acta A\u00f1o 2025 Sexta Sesi\u00f3n\" href=\"\/cabien\/wp-content\/uploads\/sites\/90\/2026\/01\/sexta-ssion-2025.pdf\" target=\"_blank\" rel=\"noopener noreferrer\"><img decoding=\"async\" style=\"max-width: 30px;max-height: 30px\" src=\"\/cao\/wp-content\/uploads\/sites\/5\/2019\/04\/descarga-pdf.png\" \/><\/a><\/td>\n<td style=\"text-align:center\"><a title=\"Acta A\u00f1o 2025 Primera Sesi\u00f3n Extraordinaria\" href=\"\/cabien\/wp-content\/uploads\/sites\/90\/2025\/11\/primera-sesion-extraordinaria-2025.pdf\" target=\"_blank\" rel=\"noopener noreferrer\"><img decoding=\"async\" style=\"max-width: 30px;max-height: 30px\" src=\"\/cao\/wp-content\/uploads\/sites\/5\/2019\/04\/descarga-pdf.png\" \/><\/a><\/td>\n<td style=\"text-align:center\"><a title=\"Acta A\u00f1o 2025 Segunda Sesi\u00f3n Extraordinaria\" href=\"\/cabien\/wp-content\/uploads\/sites\/90\/2026\/01\/segunda-sesion-extraordinaria-2025.pdf\" target=\"_blank\" rel=\"noopener noreferrer\"><img decoding=\"async\" style=\"max-width: 30px;max-height: 30px\" src=\"\/cao\/wp-content\/uploads\/sites\/5\/2019\/04\/descarga-pdf.png\" \/><\/a><\/td>\n<\/tr>\n<tr style=\"background: #fff\">\n<td style=\"padding: 10px\">A\u00f1o 2026<\/td>\n<td style=\"text-align:center\"><a title=\"\" href=\"\" target=\"_blank\" rel=\"noopener noreferrer\"><img decoding=\"async\" style=\"max-width: 30px;max-height: 30px\" src=\"\" \/><\/a><\/td>\n<td style=\"text-align:center\"><a title=\"\" href=\"\" target=\"_blank\" rel=\"noopener noreferrer\"><img decoding=\"async\" style=\"max-width: 30px;max-height: 30px\" src=\"\" \/><\/a><\/td>\n<td style=\"text-align:center\"><a title=\"\" href=\"\" target=\"_blank\" rel=\"noopener noreferrer\"><img decoding=\"async\" style=\"max-width: 30px;max-height: 30px\" src=\"\" \/><\/a><\/td>\n<td style=\"text-align:center\"><a title=\"\" href=\"\" target=\"_blank\" rel=\"noopener noreferrer\"><img decoding=\"async\" style=\"max-width: 30px;max-height: 30px\" src=\"\" \/><\/a><\/td>\n<td style=\"text-align:center\"><a title=\"\" href=\"\/\" target=\"_blank\" rel=\"noopener noreferrer\"><img decoding=\"async\" style=\"max-width: 30px;max-height: 30px\" src=\"\" \/><\/a><\/td>\n<td style=\"text-align:center\"><a title=\"\" href=\"\" target=\"_blank\" rel=\"noopener noreferrer\"><img decoding=\"async\" style=\"max-width: 30px;max-height: 30px\" src=\"\" \/><\/a><\/td>\n<td style=\"text-align:center\"><a title=\"Acta A\u00f1o 2026 Primera Sesi\u00f3n Extraordinaria\" href=\"\/cabien\/wp-content\/uploads\/sites\/90\/2026\/01\/Acta-ano-2026-Primera-Sesion-Extraordinaria.pdf\" target=\"_blank\" rel=\"noopener noreferrer\"><img decoding=\"async\" style=\"max-width: 30px;max-height: 30px\" src=\"\/cao\/wp-content\/uploads\/sites\/5\/2019\/04\/descarga-pdf.png\" \/><\/a><\/td>\n<td style=\"text-align:center\"><a title=\"Acta A\u00f1o 2026 Segunda Sesi\u00f3n Extraordinaria\" href=\"\/\/www.oaxaca.gob.mx\/cabien\/wp-content\/uploads\/sites\/90\/2026\/01\/Acta-ano-2026-Segunda-Sesion-Extraordinaria.pdf\" target=\"_blank\" rel=\"noopener noreferrer\"><img decoding=\"async\" style=\"max-width: 30px;max-height: 30px\" src=\"\/cao\/wp-content\/uploads\/sites\/5\/2019\/04\/descarga-pdf.png\" \/><\/a><\/td>\n<\/tr>\n<\/table>\n<p>&nbsp;<\/p>\n","protected":false},"excerpt":{"rendered":"<p>COMIT\u00c9 DE TRANSPARENCIA DE CAMINOS BIENESTAR &nbsp; ACTAS DE SESI\u00d3N DEL COMIT\u00c9 DE TRANSPARENCIA &nbsp; &nbsp; A\u00d1O SESI\u00d3N ORDINARIA EXTRAORDINARIA 1er. 2do. 3er. 4to. 5to. 6ta. 1er. 2do. A\u00f1o 2023 &#8211; &#8211; &#8211; A\u00f1o 2024 A\u00f1o 2025 A\u00f1o 2026 &nbsp;<\/p>\n","protected":false},"author":2,"featured_media":0,"parent":0,"menu_order":0,"comment_status":"closed","ping_status":"closed","template":"","meta":{"episode_type":"","audio_file":"","podmotor_file_id":"","podmotor_episode_id":"","cover_image":"","cover_image_id":"","duration":"","filesize":"","filesize_raw":"","date_recorded":"","explicit":"","block":"","itunes_episode_number":"","itunes_title":"","itunes_season_number":"","itunes_episode_type":"","footnotes":""},"categories":[],"tags":[],"class_list":["post-18738","page","type-page","status-publish","hentry"],"acf":[],"publishpress_future_action":{"enabled":false,"date":"2026-05-10 13:19:25","action":"change-status","newStatus":"draft","terms":[],"taxonomy":"category","extraData":[]},"publishpress_future_workflow_manual_trigger":{"enabledWorkflows":[]},"_links":{"self":[{"href":"https:\/\/www.oaxaca.gob.mx\/cabien\/wp-json\/wp\/v2\/pages\/18738","targetHints":{"allow":["GET"]}}],"collection":[{"href":"https:\/\/www.oaxaca.gob.mx\/cabien\/wp-json\/wp\/v2\/pages"}],"about":[{"href":"https:\/\/www.oaxaca.gob.mx\/cabien\/wp-json\/wp\/v2\/types\/page"}],"author":[{"embeddable":true,"href":"https:\/\/www.oaxaca.gob.mx\/cabien\/wp-json\/wp\/v2\/users\/2"}],"replies":[{"embeddable":true,"href":"https:\/\/www.oaxaca.gob.mx\/cabien\/wp-json\/wp\/v2\/comments?post=18738"}],"version-history":[{"count":2,"href":"https:\/\/www.oaxaca.gob.mx\/cabien\/wp-json\/wp\/v2\/pages\/18738\/revisions"}],"predecessor-version":[{"id":23552,"href":"https:\/\/www.oaxaca.gob.mx\/cabien\/wp-json\/wp\/v2\/pages\/18738\/revisions\/23552"}],"wp:attachment":[{"href":"https:\/\/www.oaxaca.gob.mx\/cabien\/wp-json\/wp\/v2\/media?parent=18738"}],"wp:term":[{"taxonomy":"category","embeddable":true,"href":"https:\/\/www.oaxaca.gob.mx\/cabien\/wp-json\/wp\/v2\/categories?post=18738"},{"taxonomy":"post_tag","embeddable":true,"href":"https:\/\/www.oaxaca.gob.mx\/cabien\/wp-json\/wp\/v2\/tags?post=18738"}],"curies":[{"name":"wp","href":"https:\/\/api.w.org\/{rel}","templated":true}]}}