{"id":18173,"date":"2024-04-18T14:14:35","date_gmt":"2024-04-18T20:14:35","guid":{"rendered":"https:\/\/www.oaxaca.gob.mx\/cabien\/?page_id=18173"},"modified":"2025-05-08T11:37:56","modified_gmt":"2025-05-08T17:37:56","slug":"programa-anual-de-obras-ano-2023","status":"publish","type":"page","link":"https:\/\/www.oaxaca.gob.mx\/cabien\/poa-revisado-ante-el-comite-de-obras-publicas%2C-ano-2023","title":{"rendered":"POA REVISADO ANTE EL COMIT\u00c9 DE OBRAS P\u00daBLICAS, A\u00d1O 2023"},"content":{"rendered":"<div style=\"font-size: 20px;text-align: center\">\n<a title=\"\" href=\"https:\/\/www.oaxaca.gob.mx\/cabien\/wp-content\/uploads\/sites\/90\/2024\/04\/PROGRAMA-ANUAL-DE-OBRAS-2023.pdf\" download rel=\"noopener noreferrer\"><br \/>\n             <img decoding=\"async\" style=\"max-width: 50px;max-height: 50px\" src=\"\/cao\/wp-content\/uploads\/sites\/5\/2019\/04\/descarga-pdf.png\" \/>&nbsp;Descargar Documento<\/a>\n<\/div>\n<p>&nbsp;<\/p>\n<a href=\"https:\/\/www.oaxaca.gob.mx\/cabien\/wp-content\/uploads\/sites\/90\/2024\/04\/PROGRAMA-ANUAL-DE-OBRAS-2023.pdf\" class=\"pdfemb-viewer\" style=\"\" data-width=\"max\" data-height=\"max\" data-toolbar=\"top\" data-toolbar-fixed=\"on\">PROGRAMA-ANUAL-DE-OBRAS-2023<\/a>\n&nbsp; <\/p>\n","protected":false},"excerpt":{"rendered":"<p>&nbsp;Descargar Documento &nbsp; &nbsp;<\/p>\n","protected":false},"author":2,"featured_media":0,"parent":0,"menu_order":0,"comment_status":"closed","ping_status":"closed","template":"","meta":{"episode_type":"","audio_file":"","podmotor_file_id":"","podmotor_episode_id":"","cover_image":"","cover_image_id":"","duration":"","filesize":"","filesize_raw":"","date_recorded":"","explicit":"","block":"","itunes_episode_number":"","itunes_title":"","itunes_season_number":"","itunes_episode_type":"","footnotes":""},"categories":[],"tags":[],"class_list":["post-18173","page","type-page","status-publish","hentry"],"acf":[],"publishpress_future_action":{"enabled":false,"date":"2026-04-28 09:05:22","action":"change-status","newStatus":"draft","terms":[],"taxonomy":"category","extraData":[]},"publishpress_future_workflow_manual_trigger":{"enabledWorkflows":[]},"_links":{"self":[{"href":"https:\/\/www.oaxaca.gob.mx\/cabien\/wp-json\/wp\/v2\/pages\/18173","targetHints":{"allow":["GET"]}}],"collection":[{"href":"https:\/\/www.oaxaca.gob.mx\/cabien\/wp-json\/wp\/v2\/pages"}],"about":[{"href":"https:\/\/www.oaxaca.gob.mx\/cabien\/wp-json\/wp\/v2\/types\/page"}],"author":[{"embeddable":true,"href":"https:\/\/www.oaxaca.gob.mx\/cabien\/wp-json\/wp\/v2\/users\/2"}],"replies":[{"embeddable":true,"href":"https:\/\/www.oaxaca.gob.mx\/cabien\/wp-json\/wp\/v2\/comments?post=18173"}],"version-history":[{"count":2,"href":"https:\/\/www.oaxaca.gob.mx\/cabien\/wp-json\/wp\/v2\/pages\/18173\/revisions"}],"predecessor-version":[{"id":21491,"href":"https:\/\/www.oaxaca.gob.mx\/cabien\/wp-json\/wp\/v2\/pages\/18173\/revisions\/21491"}],"wp:attachment":[{"href":"https:\/\/www.oaxaca.gob.mx\/cabien\/wp-json\/wp\/v2\/media?parent=18173"}],"wp:term":[{"taxonomy":"category","embeddable":true,"href":"https:\/\/www.oaxaca.gob.mx\/cabien\/wp-json\/wp\/v2\/categories?post=18173"},{"taxonomy":"post_tag","embeddable":true,"href":"https:\/\/www.oaxaca.gob.mx\/cabien\/wp-json\/wp\/v2\/tags?post=18173"}],"curies":[{"name":"wp","href":"https:\/\/api.w.org\/{rel}","templated":true}]}}