{"id":17730,"date":"2024-01-31T12:30:25","date_gmt":"2024-01-31T18:30:25","guid":{"rendered":"https:\/\/www.oaxaca.gob.mx\/cabien\/?page_id=17730"},"modified":"2024-07-23T12:24:59","modified_gmt":"2024-07-23T18:24:59","slug":"obras-contratadas-ano-2023","status":"publish","type":"page","link":"https:\/\/www.oaxaca.gob.mx\/cabien\/obras-contratadas-ano-2023\/","title":{"rendered":"OBRAS CONTRATADAS A\u00d1O 2023"},"content":{"rendered":"<h5><strong>INFORMACI\u00d3N DE OBRA CONTRATADA A\u00d1O 2023<\/strong><\/h5>\n<p><\/p>\n<table border width=\"100%\">\n<tr style=\"background: #c6c6c6\">\n<th style=\"text-align: center;padding:10px\">OBRAS CONTRATADAS POR FUENTE DE FINANCIAMIENTO A\u00d1O 2023<\/th>\n<th style=\"text-align:center;padding:10px\">VER<\/th>\n<\/tr>\n<tr style=\"background: #eee\">\n<td style=\"padding: 10px\">Obras Contratadas AOPI23<\/td>\n<td style=\"text-align:center;padding:10px\"><a title=\"Obras Contratadas AOPI23\" href=\"\/cabien\/wp-content\/uploads\/sites\/90\/2024\/07\/OBRAS-CONTRATADAS-2023-AOPI23.pdf\" target=\"_blank\" rel=\"noopener noreferrer\"><img decoding=\"async\" style=\"max-width: 30px;max-height: 30px\" src=\"\/cabien\/wp-content\/uploads\/sites\/90\/2023\/05\/descarga-pdf.png\" \/><\/a><\/td>\n<\/tr>\n<tr style=\"background: #fff\">\n<td style=\"padding: 10px\">Obras Contratadas AFIE22<\/td>\n<td style=\"text-align:center;padding:10px\"><a title=\"Obras Contratadas AFIE22\" href=\"\/cabien\/wp-content\/uploads\/sites\/90\/2024\/07\/OBRAS-CONTRATADAS-2023-AFIE22.pdf\" target=\"_blank\" rel=\"noopener noreferrer\"><img decoding=\"async\" style=\"max-width: 30px;max-height: 30px\" src=\"\/cabien\/wp-content\/uploads\/sites\/90\/2023\/05\/descarga-pdf.png\" \/><\/a><\/td>\n<\/tr>\n<tr style=\"background: #eee\">\n<td style=\"padding: 10px\">Obras Contratadas CIDCF23<\/td>\n<td style=\"text-align:center;padding:10px\"><a title=\"Obras Contratadas CIDCF23\" href=\"\/cabien\/wp-content\/uploads\/sites\/90\/2024\/07\/OBRAS-CONTRATADAS-2023-CIDCF23.pdf\" target=\"_blank\" rel=\"noopener noreferrer\"><img decoding=\"async\" style=\"max-width: 30px;max-height: 30px\" src=\"\/cabien\/wp-content\/uploads\/sites\/90\/2023\/05\/descarga-pdf.png\" \/><\/a><\/td>\n<\/tr>\n<tr style=\"background: #fff\">\n<td style=\"padding: 10px\">Obras Contratadas FAFEF<\/td>\n<td style=\"text-align:center;padding:10px\"><a title=\"Obras Contratadas FAFEF\" href=\"\/cabien\/wp-content\/uploads\/sites\/90\/2024\/07\/OBRAS-CONTRATADAS-2023-FAFEF.pdf\" target=\"_blank\" rel=\"noopener noreferrer\"><img decoding=\"async\" style=\"max-width: 30px;max-height: 30px\" src=\"\/cabien\/wp-content\/uploads\/sites\/90\/2023\/05\/descarga-pdf.png\" \/><\/a><\/td>\n<\/tr>\n<tr style=\"background: #eee\">\n<td style=\"padding: 10px\">Obras Contratadas FEIEF23<\/td>\n<td style=\"text-align:center;padding:10px\"><a title=\"Obras Contratadas FEIEF23\" href=\"\/cabien\/wp-content\/uploads\/sites\/90\/2024\/07\/OBRAS-CONTRATADAS-2023-FEIEF23.pdf\" target=\"_blank\" rel=\"noopener noreferrer\"><img decoding=\"async\" style=\"max-width: 30px;max-height: 30px\" src=\"\/cabien\/wp-content\/uploads\/sites\/90\/2023\/05\/descarga-pdf.png\" \/><\/a><\/td>\n<\/tr>\n<tr style=\"background: #fff\">\n<td style=\"padding: 10px\">Obras Contratadas FISE23<\/td>\n<td style=\"text-align:center;padding:10px\"><a title=\"Obras Contratadas FISE23\" href=\"\/cabien\/wp-content\/uploads\/sites\/90\/2024\/07\/OBRAS-CONTRATADAS-2023-FISE.pdf\" target=\"_blank\" rel=\"noopener noreferrer\"><img decoding=\"async\" style=\"max-width: 30px;max-height: 30px\" src=\"\/cabien\/wp-content\/uploads\/sites\/90\/2023\/05\/descarga-pdf.png\" \/><\/a><\/td>\n<\/tr>\n<tr style=\"background: #eee\">\n<td style=\"padding: 10px\">Obras Contratadas FISE-PF23<\/td>\n<td style=\"text-align:center;padding:10px\"><a title=\"Obras Contratadas FISE-PF23\" href=\"\/cabien\/wp-content\/uploads\/sites\/90\/2024\/07\/OBRAS-CONTRATADAS-2023-FISE-PF23.pdf\" target=\"_blank\" rel=\"noopener noreferrer\"><img decoding=\"async\" style=\"max-width: 30px;max-height: 30px\" src=\"\/cabien\/wp-content\/uploads\/sites\/90\/2023\/05\/descarga-pdf.png\" \/><\/a><\/td>\n<\/tr>\n<\/table>\n","protected":false},"excerpt":{"rendered":"<p>INFORMACI\u00d3N DE OBRA CONTRATADA A\u00d1O 2023 OBRAS CONTRATADAS POR FUENTE DE FINANCIAMIENTO A\u00d1O 2023 VER Obras Contratadas AOPI23 Obras Contratadas AFIE22 Obras Contratadas CIDCF23 Obras Contratadas FAFEF Obras Contratadas FEIEF23 Obras Contratadas FISE23 Obras Contratadas FISE-PF23<\/p>\n","protected":false},"author":2,"featured_media":0,"parent":0,"menu_order":0,"comment_status":"closed","ping_status":"closed","template":"","meta":{"episode_type":"","audio_file":"","podmotor_file_id":"","podmotor_episode_id":"","cover_image":"","cover_image_id":"","duration":"","filesize":"","filesize_raw":"","date_recorded":"","explicit":"","block":"","itunes_episode_number":"","itunes_title":"","itunes_season_number":"","itunes_episode_type":"","footnotes":""},"categories":[],"tags":[],"class_list":["post-17730","page","type-page","status-publish","hentry"],"acf":[],"publishpress_future_action":{"enabled":false,"date":"2026-04-28 08:26:55","action":"change-status","newStatus":"draft","terms":[],"taxonomy":"category","extraData":[]},"publishpress_future_workflow_manual_trigger":{"enabledWorkflows":[]},"_links":{"self":[{"href":"https:\/\/www.oaxaca.gob.mx\/cabien\/wp-json\/wp\/v2\/pages\/17730","targetHints":{"allow":["GET"]}}],"collection":[{"href":"https:\/\/www.oaxaca.gob.mx\/cabien\/wp-json\/wp\/v2\/pages"}],"about":[{"href":"https:\/\/www.oaxaca.gob.mx\/cabien\/wp-json\/wp\/v2\/types\/page"}],"author":[{"embeddable":true,"href":"https:\/\/www.oaxaca.gob.mx\/cabien\/wp-json\/wp\/v2\/users\/2"}],"replies":[{"embeddable":true,"href":"https:\/\/www.oaxaca.gob.mx\/cabien\/wp-json\/wp\/v2\/comments?post=17730"}],"version-history":[{"count":2,"href":"https:\/\/www.oaxaca.gob.mx\/cabien\/wp-json\/wp\/v2\/pages\/17730\/revisions"}],"predecessor-version":[{"id":18724,"href":"https:\/\/www.oaxaca.gob.mx\/cabien\/wp-json\/wp\/v2\/pages\/17730\/revisions\/18724"}],"wp:attachment":[{"href":"https:\/\/www.oaxaca.gob.mx\/cabien\/wp-json\/wp\/v2\/media?parent=17730"}],"wp:term":[{"taxonomy":"category","embeddable":true,"href":"https:\/\/www.oaxaca.gob.mx\/cabien\/wp-json\/wp\/v2\/categories?post=17730"},{"taxonomy":"post_tag","embeddable":true,"href":"https:\/\/www.oaxaca.gob.mx\/cabien\/wp-json\/wp\/v2\/tags?post=17730"}],"curies":[{"name":"wp","href":"https:\/\/api.w.org\/{rel}","templated":true}]}}