{"id":17716,"date":"2024-01-31T10:46:05","date_gmt":"2024-01-31T16:46:05","guid":{"rendered":"https:\/\/www.oaxaca.gob.mx\/cabien\/?page_id=17716"},"modified":"2025-04-21T11:36:13","modified_gmt":"2025-04-21T17:36:13","slug":"programa-anual-de-desarrollo-archivistico-cabien-2024","status":"publish","type":"page","link":"https:\/\/www.oaxaca.gob.mx\/cabien\/programa-anual-de-desarrollo-archivistico-cabien-2024\/","title":{"rendered":"PROGRAMA ANUAL DE DESARROLLO ARCHIV\u00cdSTICO CABIEN 2024"},"content":{"rendered":"<p style=\"text-align: center\"><img decoding=\"async\" style=\"max-width: 100%;max-height: 300px\" src=\"https:\/\/www.oaxaca.gob.mx\/cabien\/wp-content\/uploads\/sites\/90\/2024\/01\/PADA.png\" alt=\"pada\" \/><\/p>\n<p>    &nbsp;<\/p>\n<div class=\"su-tabs su-tabs-style-default su-tabs-mobile-stack pada su-tabs-vertical\" data-active=\"1\" data-scroll-offset=\"0\" data-anchor-in-url=\"no\"><div class=\"su-tabs-nav\"><span class=\"\" data-url=\"\" data-target=\"blank\" tabindex=\"0\" role=\"button\">PROGRAMA ANUAL DE DESARROLLO ARCHIV\u00cdSTICO 2024 CAMINOS BIENESTAR<\/span><span class=\"\" data-url=\"\" data-target=\"blank\" tabindex=\"0\" role=\"button\">Cuadro General de Clasificaci\u00f3n Archiv\u00edstica Ejercicio 2024 Caminos Bienestar<\/span><span class=\"\" data-url=\"https:\/\/www.oaxaca.gob.mx\/cabien\/acta-y-dictamen-de-baja-documental-pada-2024\/\" data-target=\"blank\" tabindex=\"0\" role=\"button\">ACTA Y DICTAMEN DE BAJA DOCUMENTAL PADA 2024<\/span><span class=\"\" data-url=\"\" data-target=\"blank\" tabindex=\"0\" role=\"button\">CAT\u00c1LOGO DE DISPOSICI\u00d3N DOCUMENTAL CAMINOS BIENESTAR 2O24<\/span><\/div><div class=\"su-tabs-panes\"><div class=\"su-tabs-pane su-u-clearfix su-u-trim\" data-title=\"PROGRAMA ANUAL DE DESARROLLO ARCHIV\u00cdSTICO 2024 CAMINOS BIENESTAR\">\n<\/p>\n<p style=\"text-align: justify\">Con fundamento de los Art\u00edculos 22, 23 y 24 de la Ley de Archivos para el Estado de Oaxaca, Caminos Bienestar emite el <span style=\"font-weight: bold\">Programa Anual de Desarrollo Archiv\u00edstico 2024<\/span><\/p>\n<p><\/p>\n<div>\n<p>                    <div class=\"su-document su-u-responsive-media-yes\"><iframe loading=\"lazy\" src=\"\/\/docs.google.com\/viewer?embedded=true&url=https:\/\/www.oaxaca.gob.mx\/cabien\/wp-content\/uploads\/sites\/90\/2024\/02\/PADA_2024.pdf\" width=\"600\" height=\"400\" class=\"su-document\" title=\"\"><\/iframe><\/div><\/div>\n<p>        <\/div>\n<div class=\"su-tabs-pane su-u-clearfix su-u-trim\" data-title=\"Cuadro General de Clasificaci\u00f3n Archiv\u00edstica Ejercicio 2024 Caminos Bienestar\">\n<p>        <div class=\"su-spoiler su-spoiler-style-fancy su-spoiler-icon-plus su-spoiler-closed\" data-scroll-offset=\"0\" data-anchor-in-url=\"no\"><div class=\"su-spoiler-title\" tabindex=\"0\" role=\"button\"><span class=\"su-spoiler-icon\"><\/span>NOTIFICACI\u00d3N DEL CUADRO GENERAL DE CLASIFICACI\u00d3N ARCHIV\u00cdSTICA 2024<\/div><div class=\"su-spoiler-content su-u-clearfix su-u-trim\">\n<p style=\"text-align: justify\">Documento en el cual se notifica el CGCA 2024<\/p>\n<p><\/p>\n<div>\n<p>                    <div class=\"su-document su-u-responsive-media-yes\"><iframe loading=\"lazy\" src=\"\/\/docs.google.com\/viewer?embedded=true&url=https:\/\/www.oaxaca.gob.mx\/cabien\/wp-content\/uploads\/sites\/90\/2024\/03\/notificacionCGCA.pdf\" width=\"600\" height=\"400\" class=\"su-document\" title=\"\"><\/iframe><\/div><\/div>\n<p>        <\/div><\/div>\n<p>        <div class=\"su-spoiler su-spoiler-style-fancy su-spoiler-icon-plus su-spoiler-closed\" data-scroll-offset=\"0\" data-anchor-in-url=\"no\"><div class=\"su-spoiler-title\" tabindex=\"0\" role=\"button\"><span class=\"su-spoiler-icon\"><\/span>CUADRO GENERAL DE CLASIFICACI\u00d3N ARCHIV\u00cdSTICA EJERCICIO 2024 CAMINOS BIENESTA<\/div><div class=\"su-spoiler-content su-u-clearfix su-u-trim\">\n<p style=\"text-align: justify\">Cuadro General Ejercicio 2024<\/p>\n<p><\/p>\n<div>\n<p>                <div class=\"su-document su-u-responsive-media-yes\"><iframe loading=\"lazy\" src=\"\/\/docs.google.com\/viewer?embedded=true&url=https:\/\/www.oaxaca.gob.mx\/cabien\/wp-content\/uploads\/sites\/90\/2024\/03\/CGCA2024.pdf\" width=\"600\" height=\"400\" class=\"su-document\" title=\"\"><\/iframe><\/div><\/div>\n<p>        <\/div><\/div>\n<p>    <\/div>\n<div class=\"su-tabs-pane su-u-clearfix su-u-trim\" data-title=\"ACTA Y DICTAMEN DE BAJA DOCUMENTAL PADA 2024\">\n<p>    <\/div>\n<div class=\"su-tabs-pane su-u-clearfix su-u-trim\" data-title=\"CAT\u00c1LOGO DE DISPOSICI\u00d3N DOCUMENTAL CAMINOS BIENESTAR 2O24\">\n<\/p>\n<p style=\"text-align: justify\">CADIDO 2024<\/p>\n<p><\/p>\n<div>\n<p>                    <div class=\"su-document su-u-responsive-media-yes\"><iframe loading=\"lazy\" src=\"\/\/docs.google.com\/viewer?embedded=true&url=https:\/\/www.oaxaca.gob.mx\/cabien\/wp-content\/uploads\/sites\/90\/2024\/05\/CADIDO-2024-AC.pdf\" width=\"600\" height=\"400\" class=\"su-document\" title=\"\"><\/iframe><\/div><\/div>\n<p>        <\/div><\/div><\/div>\n","protected":false},"excerpt":{"rendered":"<p>&nbsp;<\/p>\n","protected":false},"author":2,"featured_media":0,"parent":0,"menu_order":0,"comment_status":"closed","ping_status":"closed","template":"","meta":{"episode_type":"","audio_file":"","podmotor_file_id":"","podmotor_episode_id":"","cover_image":"","cover_image_id":"","duration":"","filesize":"","filesize_raw":"","date_recorded":"","explicit":"","block":"","itunes_episode_number":"","itunes_title":"","itunes_season_number":"","itunes_episode_type":"","footnotes":""},"categories":[],"tags":[],"class_list":["post-17716","page","type-page","status-publish","hentry"],"acf":[],"publishpress_future_action":{"enabled":false,"date":"2026-04-28 06:48:47","action":"change-status","newStatus":"draft","terms":[],"taxonomy":"category","extraData":[]},"publishpress_future_workflow_manual_trigger":{"enabledWorkflows":[]},"_links":{"self":[{"href":"https:\/\/www.oaxaca.gob.mx\/cabien\/wp-json\/wp\/v2\/pages\/17716","targetHints":{"allow":["GET"]}}],"collection":[{"href":"https:\/\/www.oaxaca.gob.mx\/cabien\/wp-json\/wp\/v2\/pages"}],"about":[{"href":"https:\/\/www.oaxaca.gob.mx\/cabien\/wp-json\/wp\/v2\/types\/page"}],"author":[{"embeddable":true,"href":"https:\/\/www.oaxaca.gob.mx\/cabien\/wp-json\/wp\/v2\/users\/2"}],"replies":[{"embeddable":true,"href":"https:\/\/www.oaxaca.gob.mx\/cabien\/wp-json\/wp\/v2\/comments?post=17716"}],"version-history":[{"count":2,"href":"https:\/\/www.oaxaca.gob.mx\/cabien\/wp-json\/wp\/v2\/pages\/17716\/revisions"}],"predecessor-version":[{"id":21343,"href":"https:\/\/www.oaxaca.gob.mx\/cabien\/wp-json\/wp\/v2\/pages\/17716\/revisions\/21343"}],"wp:attachment":[{"href":"https:\/\/www.oaxaca.gob.mx\/cabien\/wp-json\/wp\/v2\/media?parent=17716"}],"wp:term":[{"taxonomy":"category","embeddable":true,"href":"https:\/\/www.oaxaca.gob.mx\/cabien\/wp-json\/wp\/v2\/categories?post=17716"},{"taxonomy":"post_tag","embeddable":true,"href":"https:\/\/www.oaxaca.gob.mx\/cabien\/wp-json\/wp\/v2\/tags?post=17716"}],"curies":[{"name":"wp","href":"https:\/\/api.w.org\/{rel}","templated":true}]}}