{"id":17496,"date":"2023-12-06T13:47:00","date_gmt":"2023-12-06T19:47:00","guid":{"rendered":"https:\/\/www.oaxaca.gob.mx\/cabien\/?page_id=17496"},"modified":"2023-12-06T13:54:27","modified_gmt":"2023-12-06T19:54:27","slug":"mapa-del-sitio","status":"publish","type":"page","link":"https:\/\/www.oaxaca.gob.mx\/cabien\/mapa-del-sitio\/","title":{"rendered":"Mapa del sitio"},"content":{"rendered":"<div class=\"wsp-container\"><h2 class=\"wsp-pages-title\">P\u00e1ginas<\/h2>\n<ul class=\"wsp-pages-list\">\n<li class=\"page_item page-item-17937\"><a href=\"https:\/\/www.oaxaca.gob.mx\/cabien\/acta-y-dictamen-de-baja-documental-pada-2024\/\">ACTA Y DICTAMEN DE BAJA DOCUMENTAL PADA 2024<\/a><\/li>\n<li class=\"page_item page-item-21997\"><a href=\"https:\/\/www.oaxaca.gob.mx\/cabien\/acta-y-dictamen-de-baja-documental-pada-2025\/\">ACTA Y DICTAMEN DE BAJA DOCUMENTAL PADA 2025<\/a><\/li>\n<li class=\"page_item page-item-16603\"><a href=\"https:\/\/www.oaxaca.gob.mx\/cabien\/antecedentes-2\/\">Antecedentes<\/a><\/li>\n<li class=\"page_item page-item-15630\"><a href=\"https:\/\/www.oaxaca.gob.mx\/cabien\/armonizacion-contable-caminos-bienestar-2023\">ARMONIZACI\u00d3N CONTABLE CAMINOS BIENESTAR 2023<\/a><\/li>\n<li class=\"page_item page-item-18335\"><a href=\"https:\/\/www.oaxaca.gob.mx\/cabien\/armonizacion-contable-caminos-bienestar-2024\/\">ARMONIZACI\u00d3N CONTABLE CAMINOS BIENESTAR 2024<\/a><\/li>\n<li class=\"page_item page-item-21434\"><a href=\"https:\/\/www.oaxaca.gob.mx\/cabien\/armonizacion-contable-caminos-bienestar-2025\/\">ARMONIZACI\u00d3N CONTABLE CAMINOS BIENESTAR 2025<\/a><\/li>\n<li class=\"page_item page-item-14800\"><a href=\"https:\/\/www.oaxaca.gob.mx\/cabien\/avance-de-gestion-caminos-bienestar\">AVANCE DE GESTI\u00d3N CAMINOS BIENESTAR<\/a><\/li>\n<li class=\"page_item page-item-50\"><a href=\"https:\/\/www.oaxaca.gob.mx\/cabien\/aviso-de-privacidad\/\">Aviso de privacidad<\/a><\/li>\n<li class=\"page_item page-item-15921\"><a href=\"https:\/\/www.oaxaca.gob.mx\/cabien\/boletines-cabien-ano-2023\/\">Boletines Cabien A\u00f1o 2023<\/a><\/li>\n<li class=\"page_item page-item-20657\"><a href=\"https:\/\/www.oaxaca.gob.mx\/cabien\/boletines-cabien-ano-2024\/\">Boletines Cabien A\u00f1o 2024<\/a><\/li>\n<li class=\"page_item page-item-23630\"><a href=\"https:\/\/www.oaxaca.gob.mx\/cabien\/boletines-cabien-ano-2025\/\">Boletines Cabien A\u00f1o 2025<\/a><\/li>\n<li class=\"page_item page-item-16699\"><a href=\"https:\/\/www.oaxaca.gob.mx\/cabien\/cedula-de-inscripcion-renovacion-en-el-padron-de-contratistas-cabien\/\">Circular (C\u00e9dula de Inscripci\u00f3n\/Renovaci\u00f3n en el Padr\u00f3n de Contratistas CABIEN)<\/a><\/li>\n<li class=\"page_item page-item-14690\"><a href=\"https:\/\/www.oaxaca.gob.mx\/cabien\/cocoi\/\">COCOI<\/a><\/li>\n<li class=\"page_item page-item-45\"><a href=\"https:\/\/www.oaxaca.gob.mx\/cabien\/comite-de-etica\/\">Comit\u00e9 de \u00e9tica<\/a><\/li>\n<li class=\"page_item page-item-14813\"><a href=\"https:\/\/www.oaxaca.gob.mx\/cabien\/comite-de-obras-cabien\/\">COMIT\u00c9 DE OBRAS CABIEN<\/a><\/li>\n<li class=\"page_item page-item-18738\"><a href=\"https:\/\/www.oaxaca.gob.mx\/cabien\/comite-de-transparencia-cabien\/\">COMIT\u00c9 DE TRANSPARENCIA CABIEN<\/a><\/li>\n<li class=\"page_item page-item-13678\"><a href=\"https:\/\/www.oaxaca.gob.mx\/cabien\/compendio-normativo\/\">Compendio Normativo<\/a><\/li>\n<li class=\"page_item page-item-64\"><a href=\"https:\/\/www.oaxaca.gob.mx\/cabien\/contacto\/\">Contacto<\/a><\/li>\n<li class=\"page_item page-item-15884\"><a href=\"https:\/\/www.oaxaca.gob.mx\/cabien\/convocatorias-publicas-estatales-cabien\">CONVOCATORIAS P\u00daBLICAS ESTATALES CABIEN<\/a><\/li>\n<li class=\"page_item page-item-43\"><a href=\"https:\/\/www.oaxaca.gob.mx\/cabien\/transparencia\/\">CUMPLIMIENTO DE OBLIGACIONES DE TRANSPARENCIA<\/a><\/li>\n<li class=\"page_item page-item-33\"><a href=\"https:\/\/www.oaxaca.gob.mx\/cabien\/directorio\/\">Directorio<\/a><\/li>\n<li class=\"page_item page-item-14792\"><a href=\"https:\/\/www.oaxaca.gob.mx\/cabien\/ejercicio-presupuestal-caminos-bienestar\">Ejercicio Presupuestal Caminos Bienestar<\/a><\/li>\n<li class=\"page_item page-item-17543\"><a href=\"https:\/\/www.oaxaca.gob.mx\/cabien\/ejes-caminos-bienestar\/\">EJES CAMINOS BIENESTAR<\/a><\/li>\n<li class=\"page_item page-item-19043\"><a href=\"https:\/\/www.oaxaca.gob.mx\/cabien\/informacion-tramite\/\">Informaci\u00f3n del Tr\u00e1mite<\/a><\/li>\n<li class=\"page_item page-item-15566\"><a href=\"https:\/\/www.oaxaca.gob.mx\/cabien\/informacion-financiera-caminos-bienestar\">INFORMACI\u00d3N FINANCIERA CAMINOS BIENESTAR<\/a><\/li>\n<li class=\"page_item page-item-16260\"><a href=\"https:\/\/www.oaxaca.gob.mx\/cabien\/informe-i-m-a-f-f-caminos-bienestar\">INFORME I.M.A.F.F. CAMINOS BIENESTAR<\/a><\/li>\n<li class=\"page_item page-item-19013\"><a href=\"https:\/\/www.oaxaca.gob.mx\/cabien\/informe-r-f-t-cabien\/\">INFORME R.F.T CABIEN<\/a><\/li>\n<li class=\"page_item page-item-8\"><a href=\"https:\/\/www.oaxaca.gob.mx\/cabien\/\">Inicio<\/a><\/li>\n<li class=\"page_item page-item-14692\"><a href=\"https:\/\/www.oaxaca.gob.mx\/cabien\/integridad-publica\/\">Integridad P\u00fablica<\/a><\/li>\n<li class=\"page_item page-item-17496\"><a href=\"https:\/\/www.oaxaca.gob.mx\/cabien\/mapa-del-sitio\/\">Mapa del sitio<\/a><\/li>\n<li class=\"page_item page-item-21417\"><a href=\"https:\/\/www.oaxaca.gob.mx\/cabien\/matriz-de-indicadores-del-ejercicio-fiscal-ano-2025\/\">Matriz de indicadores del ejercicio fiscal a\u00f1o 2025<\/a><\/li>\n<li class=\"page_item page-item-15847\"><a href=\"https:\/\/www.oaxaca.gob.mx\/cabien\/matriz-del-ejercicio-fiscal-ano-2023\">Matriz del Ejercicio Fiscal A\u00f1o 2023<\/a><\/li>\n<li class=\"page_item page-item-21227\"><a href=\"https:\/\/www.oaxaca.gob.mx\/cabien\/mir-matriz-de-indicadores-de-resultados-del-ejercicio-fiscal\/\">MIR (Matriz de Indicadores de Resultados del Ejercicio Fiscal)<\/a><\/li>\n<li class=\"page_item page-item-16614\"><a href=\"https:\/\/www.oaxaca.gob.mx\/cabien\/mision-y-vision\/\">Misi\u00f3n y Visi\u00f3n<\/a><\/li>\n<li class=\"page_item page-item-16616\"><a href=\"https:\/\/www.oaxaca.gob.mx\/cabien\/objetivo-general\/\">Objetivo General<\/a><\/li>\n<li class=\"page_item page-item-17730\"><a href=\"https:\/\/www.oaxaca.gob.mx\/cabien\/obras-contratadas-ano-2023\/\">OBRAS CONTRATADAS A\u00d1O 2023<\/a><\/li>\n<li class=\"page_item page-item-18728\"><a href=\"https:\/\/www.oaxaca.gob.mx\/cabien\/obras-contratadas-ano-2024\/\">OBRAS CONTRATADAS A\u00d1O 2024<\/a><\/li>\n<li class=\"page_item page-item-22299\"><a href=\"https:\/\/www.oaxaca.gob.mx\/cabien\/obras-contratadas-ano-2025\/\">OBRAS CONTRATADAS A\u00d1O 2025<\/a><\/li>\n<li class=\"page_item page-item-16729\"><a href=\"https:\/\/www.oaxaca.gob.mx\/cabien\/organigrama-caminos-bienestar\/\">ORGANIGRAMA CAMINOS BIENESTAR<\/a><\/li>\n<li class=\"page_item page-item-17724\"><a href=\"https:\/\/www.oaxaca.gob.mx\/cabien\/pada-2\/\">PADA<\/a><\/li>\n<li class=\"page_item page-item-18922\"><a href=\"https:\/\/www.oaxaca.gob.mx\/cabien\/padron-de-beneficiarios\/\">PADR\u00d3N DE BENEFICIARIOS<\/a><\/li>\n<li class=\"page_item page-item-14788\"><a href=\"https:\/\/www.oaxaca.gob.mx\/cabien\/padron-de-contratistas-de-caminos-bienestar\">PADR\u00d3N DE CONTRATISTAS DE CAMINOS BIENESTAR<\/a><\/li>\n<li class=\"page_item page-item-16712\"><a href=\"https:\/\/www.oaxaca.gob.mx\/cabien\/plan-estrategico-institucional\/\">PLAN ESTRAT\u00c9GICO INSTITUCIONAL<\/a><\/li>\n<li class=\"page_item page-item-19002\"><a href=\"https:\/\/www.oaxaca.gob.mx\/cabien\/poa-cabien\/\">POA CABIEN<\/a><\/li>\n<li class=\"page_item page-item-21498\"><a href=\"https:\/\/www.oaxaca.gob.mx\/cabien\/poa-cao\/\">POA CAO<\/a><\/li>\n<li class=\"page_item page-item-18173\"><a href=\"https:\/\/www.oaxaca.gob.mx\/cabien\/poa-revisado-ante-el-comite-de-obras-publicas%2C-ano-2023\">POA REVISADO ANTE EL COMIT\u00c9 DE OBRAS P\u00daBLICAS, A\u00d1O 2023<\/a><\/li>\n<li class=\"page_item page-item-18178\"><a href=\"https:\/\/www.oaxaca.gob.mx\/cabien\/poa-revisado-ante-el-comite-de-obras-publicas%2C-ano-2024\">POA REVISADO ANTE EL COMIT\u00c9 DE OBRAS P\u00daBLICAS, A\u00d1O 2024<\/a><\/li>\n<li class=\"page_item page-item-21404\"><a href=\"https:\/\/www.oaxaca.gob.mx\/cabien\/poa-revisado-ante-el-comite-de-obras-publicas%2C-ano-2025\">POA REVISADO ANTE EL COMIT\u00c9 DE OBRAS P\u00daBLICAS, A\u00d1O 2025<\/a><\/li>\n<li class=\"page_item page-item-20917\"><a href=\"https:\/\/www.oaxaca.gob.mx\/cabien\/procedimiento-de-adjudicacion-directa-estatal-cabien-num-01\/\">PROCEDIMIENTO DE ADJUDICACION DIRECTA ESTATAL CABIEN N\u00daM. 01<\/a><\/li>\n<li class=\"page_item page-item-20967\"><a href=\"https:\/\/www.oaxaca.gob.mx\/cabien\/procedimiento-de-adjudicacion-directa-estatal-cabien-num-010\/\">PROCEDIMIENTO DE ADJUDICACION DIRECTA ESTATAL CABIEN N\u00daM. 010<\/a><\/li>\n<li class=\"page_item page-item-20971\"><a href=\"https:\/\/www.oaxaca.gob.mx\/cabien\/procedimiento-de-adjudicacion-directa-estatal-cabien-num-011\/\">PROCEDIMIENTO DE ADJUDICACION DIRECTA ESTATAL CABIEN N\u00daM. 011<\/a><\/li>\n<li class=\"page_item page-item-20975\"><a href=\"https:\/\/www.oaxaca.gob.mx\/cabien\/procedimiento-de-adjudicacion-directa-estatal-cabien-num-012\/\">PROCEDIMIENTO DE ADJUDICACION DIRECTA ESTATAL CABIEN N\u00daM. 012<\/a><\/li>\n<li class=\"page_item page-item-20979\"><a href=\"https:\/\/www.oaxaca.gob.mx\/cabien\/procedimiento-de-adjudicacion-directa-estatal-cabien-num-013\/\">PROCEDIMIENTO DE ADJUDICACION DIRECTA ESTATAL CABIEN N\u00daM. 013<\/a><\/li>\n<li class=\"page_item page-item-20983\"><a href=\"https:\/\/www.oaxaca.gob.mx\/cabien\/procedimiento-de-adjudicacion-directa-estatal-cabien-num-014\/\">PROCEDIMIENTO DE ADJUDICACION DIRECTA ESTATAL CABIEN N\u00daM. 014<\/a><\/li>\n<li class=\"page_item page-item-20987\"><a href=\"https:\/\/www.oaxaca.gob.mx\/cabien\/procedimiento-de-adjudicacion-directa-estatal-cabien-num-015\/\">PROCEDIMIENTO DE ADJUDICACION DIRECTA ESTATAL CABIEN N\u00daM. 015<\/a><\/li>\n<li class=\"page_item page-item-20991\"><a href=\"https:\/\/www.oaxaca.gob.mx\/cabien\/procedimiento-de-adjudicacion-directa-estatal-cabien-num-016\/\">PROCEDIMIENTO DE ADJUDICACION DIRECTA ESTATAL CABIEN N\u00daM. 016<\/a><\/li>\n<li class=\"page_item page-item-20995\"><a href=\"https:\/\/www.oaxaca.gob.mx\/cabien\/procedimiento-de-adjudicacion-directa-estatal-cabien-num-017\/\">PROCEDIMIENTO DE ADJUDICACION DIRECTA ESTATAL CABIEN N\u00daM. 017<\/a><\/li>\n<li class=\"page_item page-item-20999\"><a href=\"https:\/\/www.oaxaca.gob.mx\/cabien\/procedimiento-de-adjudicacion-directa-estatal-cabien-num-018\/\">PROCEDIMIENTO DE ADJUDICACION DIRECTA ESTATAL CABIEN N\u00daM. 018<\/a><\/li>\n<li class=\"page_item page-item-21003\"><a href=\"https:\/\/www.oaxaca.gob.mx\/cabien\/procedimiento-de-adjudicacion-directa-estatal-cabien-num-019\/\">PROCEDIMIENTO DE ADJUDICACION DIRECTA ESTATAL CABIEN N\u00daM. 019<\/a><\/li>\n<li class=\"page_item page-item-20925\"><a href=\"https:\/\/www.oaxaca.gob.mx\/cabien\/procedimiento-de-adjudicacion-directa-estatal-cabien-num-02\/\">PROCEDIMIENTO DE ADJUDICACION DIRECTA ESTATAL CABIEN N\u00daM. 02<\/a><\/li>\n<li class=\"page_item page-item-21007\"><a href=\"https:\/\/www.oaxaca.gob.mx\/cabien\/procedimiento-de-adjudicacion-directa-estatal-cabien-num-020\/\">PROCEDIMIENTO DE ADJUDICACION DIRECTA ESTATAL CABIEN N\u00daM. 020<\/a><\/li>\n<li class=\"page_item page-item-21011\"><a href=\"https:\/\/www.oaxaca.gob.mx\/cabien\/procedimiento-de-adjudicacion-directa-estatal-cabien-num-021\/\">PROCEDIMIENTO DE ADJUDICACION DIRECTA ESTATAL CABIEN N\u00daM. 021<\/a><\/li>\n<li class=\"page_item page-item-21016\"><a href=\"https:\/\/www.oaxaca.gob.mx\/cabien\/procedimiento-de-adjudicacion-directa-estatal-cabien-num-022\/\">PROCEDIMIENTO DE ADJUDICACION DIRECTA ESTATAL CABIEN N\u00daM. 022<\/a><\/li>\n<li class=\"page_item page-item-21020\"><a href=\"https:\/\/www.oaxaca.gob.mx\/cabien\/procedimiento-de-adjudicacion-directa-estatal-cabien-num-023\/\">PROCEDIMIENTO DE ADJUDICACION DIRECTA ESTATAL CABIEN N\u00daM. 023<\/a><\/li>\n<li class=\"page_item page-item-21026\"><a href=\"https:\/\/www.oaxaca.gob.mx\/cabien\/procedimiento-de-adjudicacion-directa-estatal-cabien-num-024\/\">PROCEDIMIENTO DE ADJUDICACION DIRECTA ESTATAL CABIEN N\u00daM. 024<\/a><\/li>\n<li class=\"page_item page-item-21028\"><a href=\"https:\/\/www.oaxaca.gob.mx\/cabien\/procedimiento-de-adjudicacion-directa-estatal-cabien-num-025\/\">PROCEDIMIENTO DE ADJUDICACION DIRECTA ESTATAL CABIEN N\u00daM. 025<\/a><\/li>\n<li class=\"page_item page-item-21032\"><a href=\"https:\/\/www.oaxaca.gob.mx\/cabien\/procedimiento-de-adjudicacion-directa-estatal-cabien-num-026\/\">PROCEDIMIENTO DE ADJUDICACION DIRECTA ESTATAL CABIEN N\u00daM. 026<\/a><\/li>\n<li class=\"page_item page-item-21036\"><a href=\"https:\/\/www.oaxaca.gob.mx\/cabien\/procedimiento-de-adjudicacion-directa-estatal-cabien-num-027\/\">PROCEDIMIENTO DE ADJUDICACION DIRECTA ESTATAL CABIEN N\u00daM. 027<\/a><\/li>\n<li class=\"page_item page-item-21040\"><a href=\"https:\/\/www.oaxaca.gob.mx\/cabien\/procedimiento-de-adjudicacion-directa-estatal-cabien-num-028\/\">PROCEDIMIENTO DE ADJUDICACION DIRECTA ESTATAL CABIEN N\u00daM. 028<\/a><\/li>\n<li class=\"page_item page-item-21049\"><a href=\"https:\/\/www.oaxaca.gob.mx\/cabien\/procedimiento-de-adjudicacion-directa-estatal-cabien-num-029\/\">PROCEDIMIENTO DE ADJUDICACION DIRECTA ESTATAL CABIEN N\u00daM. 029<\/a><\/li>\n<li class=\"page_item page-item-20931\"><a href=\"https:\/\/www.oaxaca.gob.mx\/cabien\/procedimiento-de-adjudicacion-directa-estatal-cabien-num-03\/\">PROCEDIMIENTO DE ADJUDICACION DIRECTA ESTATAL CABIEN N\u00daM. 03<\/a><\/li>\n<li class=\"page_item page-item-21044\"><a href=\"https:\/\/www.oaxaca.gob.mx\/cabien\/procedimiento-de-adjudicacion-directa-estatal-cabien-num-030\/\">PROCEDIMIENTO DE ADJUDICACION DIRECTA ESTATAL CABIEN N\u00daM. 030<\/a><\/li>\n<li class=\"page_item page-item-20944\"><a href=\"https:\/\/www.oaxaca.gob.mx\/cabien\/procedimiento-de-adjudicacion-directa-estatal-cabien-num-04\/\">PROCEDIMIENTO DE ADJUDICACION DIRECTA ESTATAL CABIEN N\u00daM. 04<\/a><\/li>\n<li class=\"page_item page-item-20947\"><a href=\"https:\/\/www.oaxaca.gob.mx\/cabien\/procedimiento-de-adjudicacion-directa-estatal-cabien-num-05\/\">PROCEDIMIENTO DE ADJUDICACION DIRECTA ESTATAL CABIEN N\u00daM. 05<\/a><\/li>\n<li class=\"page_item page-item-20951\"><a href=\"https:\/\/www.oaxaca.gob.mx\/cabien\/procedimiento-de-adjudicacion-directa-estatal-cabien-num-06\/\">PROCEDIMIENTO DE ADJUDICACION DIRECTA ESTATAL CABIEN N\u00daM. 06<\/a><\/li>\n<li class=\"page_item page-item-20955\"><a href=\"https:\/\/www.oaxaca.gob.mx\/cabien\/procedimiento-de-adjudicacion-directa-estatal-cabien-num-07\/\">PROCEDIMIENTO DE ADJUDICACION DIRECTA ESTATAL CABIEN N\u00daM. 07<\/a><\/li>\n<li class=\"page_item page-item-20959\"><a href=\"https:\/\/www.oaxaca.gob.mx\/cabien\/procedimiento-de-adjudicacion-directa-estatal-cabien-num-08\/\">PROCEDIMIENTO DE ADJUDICACION DIRECTA ESTATAL CABIEN N\u00daM. 08<\/a><\/li>\n<li class=\"page_item page-item-20963\"><a href=\"https:\/\/www.oaxaca.gob.mx\/cabien\/procedimiento-de-adjudicacion-directa-estatal-cabien-num-09\/\">PROCEDIMIENTO DE ADJUDICACION DIRECTA ESTATAL CABIEN N\u00daM. 09<\/a><\/li>\n<li class=\"page_item page-item-21053\"><a href=\"https:\/\/www.oaxaca.gob.mx\/cabien\/procedimiento-de-adjudicacion-directa-nacional-cabien-num-014\/\">PROCEDIMIENTO DE ADJUDICACION DIRECTA NACIONAL CABIEN N\u00daM. 014<\/a><\/li>\n<li class=\"page_item page-item-21060\"><a href=\"https:\/\/www.oaxaca.gob.mx\/cabien\/procedimiento-de-adjudicacion-directa-nacional-cabien-num-015\/\">PROCEDIMIENTO DE ADJUDICACION DIRECTA NACIONAL CABIEN N\u00daM. 015<\/a><\/li>\n<li class=\"page_item page-item-21064\"><a href=\"https:\/\/www.oaxaca.gob.mx\/cabien\/procedimiento-de-adjudicacion-directa-nacional-cabien-num-016\/\">PROCEDIMIENTO DE ADJUDICACION DIRECTA NACIONAL CABIEN N\u00daM. 016<\/a><\/li>\n<li class=\"page_item page-item-21068\"><a href=\"https:\/\/www.oaxaca.gob.mx\/cabien\/procedimiento-de-adjudicacion-directa-nacional-cabien-num-017\/\">PROCEDIMIENTO DE ADJUDICACION DIRECTA NACIONAL CABIEN N\u00daM. 017<\/a><\/li>\n<li class=\"page_item page-item-21072\"><a href=\"https:\/\/www.oaxaca.gob.mx\/cabien\/procedimiento-de-adjudicacion-directa-nacional-cabien-num-018\/\">PROCEDIMIENTO DE ADJUDICACION DIRECTA NACIONAL CABIEN N\u00daM. 018<\/a><\/li>\n<li class=\"page_item page-item-14808\"><a href=\"https:\/\/www.oaxaca.gob.mx\/cabien\/programa-anual-de-desarrollo-archivistico-cabien\/\">PROGRAMA ANUAL DE DESARROLLO ARCHIV\u00cdSTICO CABIEN 2023<\/a><\/li>\n<li class=\"page_item page-item-17716\"><a href=\"https:\/\/www.oaxaca.gob.mx\/cabien\/programa-anual-de-desarrollo-archivistico-cabien-2024\/\">PROGRAMA ANUAL DE DESARROLLO ARCHIV\u00cdSTICO CABIEN 2024<\/a><\/li>\n<li class=\"page_item page-item-21335\"><a href=\"https:\/\/www.oaxaca.gob.mx\/cabien\/programa-anual-de-desarrollo-archivistico-cabien-2025\/\">PROGRAMA ANUAL DE DESARROLLO ARCHIV\u00cdSTICO CABIEN 2025<\/a><\/li>\n<li class=\"page_item page-item-23541\"><a href=\"https:\/\/www.oaxaca.gob.mx\/cabien\/programa-anual-de-desarrollo-archivistico-cabien-2026\/\">PROGRAMA ANUAL DE DESARROLLO ARCHIV\u00cdSTICO CABIEN 2026<\/a><\/li>\n<li class=\"page_item page-item-21496\"><a href=\"https:\/\/www.oaxaca.gob.mx\/cabien\/programa-anual-de-obras-publicas-y-servicios-relacionados-con-las-mismas-revisado-ante-el-comite-de-obras-publicas\/\">PROGRAMA ANUAL DE OBRAS P\u00daBLICAS Y SERVICIOS RELACIONADOS CON LAS MISMAS REVISADO ANTE EL COMIT\u00c9 DE OBRAS P\u00daBLICAS<\/a><\/li>\n<li class=\"page_item page-item-15781\"><a href=\"https:\/\/www.oaxaca.gob.mx\/cabien\/programa-de-pavimentacion-para-agencias-municipales\/\">PROGRAMA DE PAVIMENTACI\u00d3N PARA AGENCIAS MUNICIPALES A\u00d1O 2023<\/a><\/li>\n<li class=\"page_item page-item-17800\"><a href=\"https:\/\/www.oaxaca.gob.mx\/cabien\/programa-de-pavimentacion-para-agencias-municipales-ano-2024\/\">PROGRAMA DE PAVIMENTACI\u00d3N PARA AGENCIAS MUNICIPALES A\u00d1O 2024<\/a><\/li>\n<li class=\"page_item page-item-31\"><a href=\"https:\/\/www.oaxaca.gob.mx\/cabien\/titular-de-la-dependencia\/\">Titular de la Dependencia<\/a><\/li>\n<\/ul>\n<\/div>\n","protected":false},"excerpt":{"rendered":"","protected":false},"author":1,"featured_media":0,"parent":0,"menu_order":0,"comment_status":"closed","ping_status":"closed","template":"","meta":{"episode_type":"","audio_file":"","podmotor_file_id":"","podmotor_episode_id":"","cover_image":"","cover_image_id":"","duration":"","filesize":"","filesize_raw":"","date_recorded":"","explicit":"","block":"","itunes_episode_number":"","itunes_title":"","itunes_season_number":"","itunes_episode_type":"","footnotes":""},"categories":[],"tags":[],"class_list":["post-17496","page","type-page","status-publish","hentry"],"acf":[],"publishpress_future_action":{"enabled":false,"date":"2026-04-28 06:48:48","action":"change-status","newStatus":"draft","terms":[],"taxonomy":"category","extraData":[]},"publishpress_future_workflow_manual_trigger":{"enabledWorkflows":[]},"_links":{"self":[{"href":"https:\/\/www.oaxaca.gob.mx\/cabien\/wp-json\/wp\/v2\/pages\/17496","targetHints":{"allow":["GET"]}}],"collection":[{"href":"https:\/\/www.oaxaca.gob.mx\/cabien\/wp-json\/wp\/v2\/pages"}],"about":[{"href":"https:\/\/www.oaxaca.gob.mx\/cabien\/wp-json\/wp\/v2\/types\/page"}],"author":[{"embeddable":true,"href":"https:\/\/www.oaxaca.gob.mx\/cabien\/wp-json\/wp\/v2\/users\/1"}],"replies":[{"embeddable":true,"href":"https:\/\/www.oaxaca.gob.mx\/cabien\/wp-json\/wp\/v2\/comments?post=17496"}],"version-history":[{"count":1,"href":"https:\/\/www.oaxaca.gob.mx\/cabien\/wp-json\/wp\/v2\/pages\/17496\/revisions"}],"predecessor-version":[{"id":17497,"href":"https:\/\/www.oaxaca.gob.mx\/cabien\/wp-json\/wp\/v2\/pages\/17496\/revisions\/17497"}],"wp:attachment":[{"href":"https:\/\/www.oaxaca.gob.mx\/cabien\/wp-json\/wp\/v2\/media?parent=17496"}],"wp:term":[{"taxonomy":"category","embeddable":true,"href":"https:\/\/www.oaxaca.gob.mx\/cabien\/wp-json\/wp\/v2\/categories?post=17496"},{"taxonomy":"post_tag","embeddable":true,"href":"https:\/\/www.oaxaca.gob.mx\/cabien\/wp-json\/wp\/v2\/tags?post=17496"}],"curies":[{"name":"wp","href":"https:\/\/api.w.org\/{rel}","templated":true}]}}