{"id":16616,"date":"2023-09-28T14:03:17","date_gmt":"2023-09-28T20:03:17","guid":{"rendered":"https:\/\/www.oaxaca.gob.mx\/cabien\/?page_id=16616"},"modified":"2023-10-05T12:27:03","modified_gmt":"2023-10-05T18:27:03","slug":"objetivo-general","status":"publish","type":"page","link":"https:\/\/www.oaxaca.gob.mx\/cabien\/objetivo-general\/","title":{"rendered":"Objetivo General"},"content":{"rendered":"<p style=\"text-align: center\"><img decoding=\"async\" style=\"max-width: 1100px;max-height: 350px\" src=\"\/cabien\/wp-content\/uploads\/sites\/90\/2023\/09\/OBJETIVO.png\" \/><\/p>\n<p>&nbsp;<\/p>\n<p style=\"text-align: left;font-size:20px\">OBJETIVO GENERAL<\/p>\n<p style=\"text-align: justify;font-size:17px\">\u201cLlevar a cabo acciones relativas a la Planeaci\u00f3n, Programaci\u00f3n, Presupuestaci\u00f3n y Ejecuci\u00f3n de la infraestructura vial en cabeceras, agencias y localidades en materia de caminos rurales, carreteras alimentadoras y puentes, y en su caso servicios auxiliares y conexos a los mismos, para lograr la cohesi\u00f3n social y potencializar el bienestar de la poblaci\u00f3n en situaci\u00f3n de pobreza.\u201d<\/p>\n","protected":false},"excerpt":{"rendered":"<p>&nbsp; OBJETIVO GENERAL \u201cLlevar a cabo acciones relativas a la Planeaci\u00f3n, Programaci\u00f3n, Presupuestaci\u00f3n y Ejecuci\u00f3n de la infraestructura vial en cabeceras, agencias y localidades en materia de caminos rurales, carreteras alimentadoras y puentes, y en su caso servicios auxiliares y conexos a los mismos, para lograr la cohesi\u00f3n social y potencializar el bienestar de la [&hellip;]<\/p>\n","protected":false},"author":2,"featured_media":0,"parent":0,"menu_order":0,"comment_status":"closed","ping_status":"closed","template":"","meta":{"episode_type":"","audio_file":"","podmotor_file_id":"","podmotor_episode_id":"","cover_image":"","cover_image_id":"","duration":"","filesize":"","filesize_raw":"","date_recorded":"","explicit":"","block":"","itunes_episode_number":"","itunes_title":"","itunes_season_number":"","itunes_episode_type":"","footnotes":""},"categories":[],"tags":[],"class_list":["post-16616","page","type-page","status-publish","hentry"],"acf":[],"publishpress_future_action":{"enabled":false,"date":"2026-04-30 04:26:39","action":"change-status","newStatus":"draft","terms":[],"taxonomy":"category","extraData":[]},"publishpress_future_workflow_manual_trigger":{"enabledWorkflows":[]},"_links":{"self":[{"href":"https:\/\/www.oaxaca.gob.mx\/cabien\/wp-json\/wp\/v2\/pages\/16616","targetHints":{"allow":["GET"]}}],"collection":[{"href":"https:\/\/www.oaxaca.gob.mx\/cabien\/wp-json\/wp\/v2\/pages"}],"about":[{"href":"https:\/\/www.oaxaca.gob.mx\/cabien\/wp-json\/wp\/v2\/types\/page"}],"author":[{"embeddable":true,"href":"https:\/\/www.oaxaca.gob.mx\/cabien\/wp-json\/wp\/v2\/users\/2"}],"replies":[{"embeddable":true,"href":"https:\/\/www.oaxaca.gob.mx\/cabien\/wp-json\/wp\/v2\/comments?post=16616"}],"version-history":[{"count":2,"href":"https:\/\/www.oaxaca.gob.mx\/cabien\/wp-json\/wp\/v2\/pages\/16616\/revisions"}],"predecessor-version":[{"id":16744,"href":"https:\/\/www.oaxaca.gob.mx\/cabien\/wp-json\/wp\/v2\/pages\/16616\/revisions\/16744"}],"wp:attachment":[{"href":"https:\/\/www.oaxaca.gob.mx\/cabien\/wp-json\/wp\/v2\/media?parent=16616"}],"wp:term":[{"taxonomy":"category","embeddable":true,"href":"https:\/\/www.oaxaca.gob.mx\/cabien\/wp-json\/wp\/v2\/categories?post=16616"},{"taxonomy":"post_tag","embeddable":true,"href":"https:\/\/www.oaxaca.gob.mx\/cabien\/wp-json\/wp\/v2\/tags?post=16616"}],"curies":[{"name":"wp","href":"https:\/\/api.w.org\/{rel}","templated":true}]}}