{"id":16614,"date":"2023-09-28T14:00:46","date_gmt":"2023-09-28T20:00:46","guid":{"rendered":"https:\/\/www.oaxaca.gob.mx\/cabien\/?page_id=16614"},"modified":"2026-01-07T11:49:18","modified_gmt":"2026-01-07T17:49:18","slug":"mision-y-vision","status":"publish","type":"page","link":"https:\/\/www.oaxaca.gob.mx\/cabien\/mision-y-vision\/","title":{"rendered":"Misi\u00f3n y Visi\u00f3n"},"content":{"rendered":"<p style=\"text-align: center\"><img decoding=\"async\" style=\"max-width: 1100px;max-height: 350px\" src=\"\/cabien\/wp-content\/uploads\/sites\/90\/2023\/09\/MISIONYVISION.png\" \/><\/p>\n<p>&nbsp;<\/p>\n<p style=\"text-align: left;font-size:20px\">MISI\u00d3N<\/p>\n<p style=\"text-align: justify;font-size:17px\">\u201cPlanear, programar, presupuestar  y ejecutar la infraestructura vial en cabeceras, agencias y localidades en materia de caminos rurales, carreteras alimentadoras y puentes, as\u00ed como servicios auxiliares y conexos a los mismos que deriven de programas propios o convenidos con la federaci\u00f3n, municipios o particulares garantizando el grado de accesibilidad de la poblaci\u00f3n a carreteras pavimentadas para cerrar las brechas de la desigualdad llevando bienestar, progreso y justicia social a los pueblos de Oaxaca.\u00bb<\/p>\n<p>&nbsp;<\/p>\n<p style=\"text-align: left;font-size:20px\">VISI\u00d3N<\/p>\n<p style=\"text-align: justify;font-size:17px\">\u201cInstituirse como un organismo que fortalezca la infraestructura vial de caminos, puentes y carreteras alimentadoras, garantizando la accesibilidad y conectividad no solo a los municipios sino tambi\u00e9n a sus agencias municipales para lograr la cohesi\u00f3n social y potencializar el bienestar de la poblaci\u00f3n en situaci\u00f3n de pobreza.\u201d<\/p>\n","protected":false},"excerpt":{"rendered":"<p>&nbsp; MISI\u00d3N \u201cPlanear, programar, presupuestar y ejecutar la infraestructura vial en cabeceras, agencias y localidades en materia de caminos rurales, carreteras alimentadoras y puentes, as\u00ed como servicios auxiliares y conexos a los mismos que deriven de programas propios o convenidos con la federaci\u00f3n, municipios o particulares garantizando el grado de accesibilidad de la poblaci\u00f3n a [&hellip;]<\/p>\n","protected":false},"author":2,"featured_media":0,"parent":0,"menu_order":0,"comment_status":"closed","ping_status":"closed","template":"","meta":{"episode_type":"","audio_file":"","podmotor_file_id":"","podmotor_episode_id":"","cover_image":"","cover_image_id":"","duration":"","filesize":"","filesize_raw":"","date_recorded":"","explicit":"","block":"","itunes_episode_number":"","itunes_title":"","itunes_season_number":"","itunes_episode_type":"","footnotes":""},"categories":[],"tags":[],"class_list":["post-16614","page","type-page","status-publish","hentry"],"acf":[],"publishpress_future_action":{"enabled":false,"date":"2026-04-28 08:25:29","action":"change-status","newStatus":"draft","terms":[],"taxonomy":"category","extraData":[]},"publishpress_future_workflow_manual_trigger":{"enabledWorkflows":[]},"_links":{"self":[{"href":"https:\/\/www.oaxaca.gob.mx\/cabien\/wp-json\/wp\/v2\/pages\/16614","targetHints":{"allow":["GET"]}}],"collection":[{"href":"https:\/\/www.oaxaca.gob.mx\/cabien\/wp-json\/wp\/v2\/pages"}],"about":[{"href":"https:\/\/www.oaxaca.gob.mx\/cabien\/wp-json\/wp\/v2\/types\/page"}],"author":[{"embeddable":true,"href":"https:\/\/www.oaxaca.gob.mx\/cabien\/wp-json\/wp\/v2\/users\/2"}],"replies":[{"embeddable":true,"href":"https:\/\/www.oaxaca.gob.mx\/cabien\/wp-json\/wp\/v2\/comments?post=16614"}],"version-history":[{"count":2,"href":"https:\/\/www.oaxaca.gob.mx\/cabien\/wp-json\/wp\/v2\/pages\/16614\/revisions"}],"predecessor-version":[{"id":23524,"href":"https:\/\/www.oaxaca.gob.mx\/cabien\/wp-json\/wp\/v2\/pages\/16614\/revisions\/23524"}],"wp:attachment":[{"href":"https:\/\/www.oaxaca.gob.mx\/cabien\/wp-json\/wp\/v2\/media?parent=16614"}],"wp:term":[{"taxonomy":"category","embeddable":true,"href":"https:\/\/www.oaxaca.gob.mx\/cabien\/wp-json\/wp\/v2\/categories?post=16614"},{"taxonomy":"post_tag","embeddable":true,"href":"https:\/\/www.oaxaca.gob.mx\/cabien\/wp-json\/wp\/v2\/tags?post=16614"}],"curies":[{"name":"wp","href":"https:\/\/api.w.org\/{rel}","templated":true}]}}