{"id":15921,"date":"2023-06-17T17:32:47","date_gmt":"2023-06-17T23:32:47","guid":{"rendered":"https:\/\/www.oaxaca.gob.mx\/cabien\/?page_id=15921"},"modified":"2023-06-17T17:48:21","modified_gmt":"2023-06-17T23:48:21","slug":"boletines-cabien-ano-2023","status":"publish","type":"page","link":"https:\/\/www.oaxaca.gob.mx\/cabien\/boletines-cabien-ano-2023\/","title":{"rendered":"Boletines Cabien A\u00f1o 2023"},"content":{"rendered":"\n\n<div class=\"su-posts su-posts-default-loop \">\n\n\t\n\t\t\t\t\t\n\t\t\t\n\t\t\t<div id=\"su-post-15902\" class=\"su-post \">\n\n\t\t\t\t\t\t\t\t\t<a class=\"su-post-thumbnail\" href=\"https:\/\/www.oaxaca.gob.mx\/cabien\/inicia-salomon-jara-pavimentacion-del-camino-a-santa-maria-jicaltepec\/\"><img loading=\"lazy\" decoding=\"async\" width=\"952\" height=\"400\" src=\"https:\/\/www.oaxaca.gob.mx\/cabien\/wp-content\/uploads\/sites\/90\/2023\/06\/BOLETIN-SANTA-MA-JICALTEPEC.png\" class=\"attachment-post-thumbnail size-post-thumbnail wp-post-image\" alt=\"\" srcset=\"https:\/\/www.oaxaca.gob.mx\/cabien\/wp-content\/uploads\/sites\/90\/2023\/06\/BOLETIN-SANTA-MA-JICALTEPEC.png 952w, https:\/\/www.oaxaca.gob.mx\/cabien\/wp-content\/uploads\/sites\/90\/2023\/06\/BOLETIN-SANTA-MA-JICALTEPEC-300x126.png 300w, https:\/\/www.oaxaca.gob.mx\/cabien\/wp-content\/uploads\/sites\/90\/2023\/06\/BOLETIN-SANTA-MA-JICALTEPEC-768x323.png 768w\" sizes=\"auto, (max-width: 952px) 100vw, 952px\" \/><\/a>\n\t\t\t\t\n\t\t\t\t<h2 class=\"su-post-title\"><a href=\"https:\/\/www.oaxaca.gob.mx\/cabien\/inicia-salomon-jara-pavimentacion-del-camino-a-santa-maria-jicaltepec\/\">Inicia Salom\u00f3n Jara pavimentaci\u00f3n del camino a Santa Mar\u00eda Jicaltepec<\/a><\/h2>\n\n\t\t\t\t<div class=\"su-post-meta\">\n\t\t\t\t\tPublicado: 17 de junio de 2023\t\t\t\t<\/div>\n\n\t\t\t\t<div class=\"su-post-excerpt\">\n\t\t\t\t\t<p>&nbsp; Santa Mar\u00eda Jicaltepec, Santiago Pinotepa Nacional, Oax. 17 de junio de 2023.-&nbsp;El Gobernador del Estado Salom\u00f3n Jara Cruz dio el banderazo de inicio a la pavimentaci\u00f3n con concreto hidr\u00e1ulico del camino E.C. (Pinotepa Nacional &#8211; Jamiltepec) a Santa Mar\u00eda Jicaltepec, el cual tendr\u00e1 una inversi\u00f3n de 17 millones 630 mil pesos. Acompa\u00f1ado del presidente [&hellip;]<\/p>\n\t\t\t\t<\/div>\n\n\t\t\t\t\t\t\t\t\t<a href=\"https:\/\/www.oaxaca.gob.mx\/cabien\/inicia-salomon-jara-pavimentacion-del-camino-a-santa-maria-jicaltepec\/#respond\" class=\"su-post-comments-link\">0 comentarios<\/a>\n\t\t\t\t\n\t\t\t<\/div>\n\n\t\t\n\t\n<\/div>\n\n","protected":false},"excerpt":{"rendered":"","protected":false},"author":2,"featured_media":0,"parent":0,"menu_order":0,"comment_status":"closed","ping_status":"closed","template":"","meta":{"episode_type":"","audio_file":"","podmotor_file_id":"","podmotor_episode_id":"","cover_image":"","cover_image_id":"","duration":"","filesize":"","filesize_raw":"","date_recorded":"","explicit":"","block":"","itunes_episode_number":"","itunes_title":"","itunes_season_number":"","itunes_episode_type":"","footnotes":""},"categories":[],"tags":[],"class_list":["post-15921","page","type-page","status-publish","hentry"],"acf":[],"publishpress_future_action":{"enabled":false,"date":"2026-04-28 06:48:46","action":"change-status","newStatus":"draft","terms":[],"taxonomy":"category","extraData":[]},"publishpress_future_workflow_manual_trigger":{"enabledWorkflows":[]},"_links":{"self":[{"href":"https:\/\/www.oaxaca.gob.mx\/cabien\/wp-json\/wp\/v2\/pages\/15921","targetHints":{"allow":["GET"]}}],"collection":[{"href":"https:\/\/www.oaxaca.gob.mx\/cabien\/wp-json\/wp\/v2\/pages"}],"about":[{"href":"https:\/\/www.oaxaca.gob.mx\/cabien\/wp-json\/wp\/v2\/types\/page"}],"author":[{"embeddable":true,"href":"https:\/\/www.oaxaca.gob.mx\/cabien\/wp-json\/wp\/v2\/users\/2"}],"replies":[{"embeddable":true,"href":"https:\/\/www.oaxaca.gob.mx\/cabien\/wp-json\/wp\/v2\/comments?post=15921"}],"version-history":[{"count":2,"href":"https:\/\/www.oaxaca.gob.mx\/cabien\/wp-json\/wp\/v2\/pages\/15921\/revisions"}],"predecessor-version":[{"id":15924,"href":"https:\/\/www.oaxaca.gob.mx\/cabien\/wp-json\/wp\/v2\/pages\/15921\/revisions\/15924"}],"wp:attachment":[{"href":"https:\/\/www.oaxaca.gob.mx\/cabien\/wp-json\/wp\/v2\/media?parent=15921"}],"wp:term":[{"taxonomy":"category","embeddable":true,"href":"https:\/\/www.oaxaca.gob.mx\/cabien\/wp-json\/wp\/v2\/categories?post=15921"},{"taxonomy":"post_tag","embeddable":true,"href":"https:\/\/www.oaxaca.gob.mx\/cabien\/wp-json\/wp\/v2\/tags?post=15921"}],"curies":[{"name":"wp","href":"https:\/\/api.w.org\/{rel}","templated":true}]}}