{"id":14813,"date":"2023-04-12T19:52:17","date_gmt":"2023-04-12T19:52:17","guid":{"rendered":"https:\/\/www.oaxaca.gob.mx\/cabien\/?page_id=14813"},"modified":"2024-04-18T14:11:53","modified_gmt":"2024-04-18T20:11:53","slug":"comite-de-obras-cabien","status":"publish","type":"page","link":"https:\/\/www.oaxaca.gob.mx\/cabien\/comite-de-obras-cabien\/","title":{"rendered":"COMIT\u00c9 DE OBRAS CABIEN"},"content":{"rendered":"<p style=\"text-align: center\"><img decoding=\"async\" style=\"max-width: 100%;max-height: 300px\" src=\"\/cabien\/wp-content\/uploads\/sites\/90\/2023\/04\/CARRETERAS.png\" alt=\"comite obras\" \/><\/p>\n<p>&nbsp;<\/p>\n<h3 style=\"text-align: center\"><span>MANUALES DEL COMIT\u00c9 DE OBRAS P\u00daBLICAS CABIEN<\/span><\/h3>\n<div class=\"su-tabs su-tabs-style-default su-tabs-mobile-stack cobras su-tabs-vertical\" data-active=\"1\" data-scroll-offset=\"0\" data-anchor-in-url=\"no\"><div class=\"su-tabs-nav\"><span class=\"\" data-url=\"\" data-target=\"blank\" tabindex=\"0\" role=\"button\">MANUAL DE INTEGRACI\u00d3N Y FUNCIONAMIENTO DEL COMIT\u00c9 DE ADQUISICIONES, ARRENDAMIENTOS Y SERVICIOS PARA OPERACIONES CON RECURSOS FEDERALES DE CAMINOS BIENESTAR<\/span><span class=\"\" data-url=\"\" data-target=\"blank\" tabindex=\"0\" role=\"button\">ACTA DE INSTALACI\u00d3N DEL COMIT\u00c9 DE ADQUISICIONES, ARRENDAMIENTOS Y SERVICIOS PARA OPERACIONES CON RECURSOS FEDERALES DE CAMINOS BIENESTAR<\/span><span class=\"\" data-url=\"\" data-target=\"blank\" tabindex=\"0\" role=\"button\">MANUAL DE INTEGRACI\u00d3N Y FUNCIONAMIENTO DEL COMIT\u00c9 DE OBRAS P\u00daBLICAS Y SERVICIOS RELACIONADOS CON LAS MISMAS DE CAMINOS BIENESTAR<\/span><span class=\"\" data-url=\"\" data-target=\"blank\" tabindex=\"0\" role=\"button\">ACTA DE INSTALACI\u00d3N Y PRIMERA SESI\u00d3N DEL COMIT\u00c9 DE OBRAS<\/span><\/div><div class=\"su-tabs-panes\"><div class=\"su-tabs-pane su-u-clearfix su-u-trim\" data-title=\"MANUAL DE INTEGRACI\u00d3N Y FUNCIONAMIENTO DEL COMIT\u00c9 DE ADQUISICIONES, ARRENDAMIENTOS Y SERVICIOS PARA OPERACIONES CON RECURSOS FEDERALES DE CAMINOS BIENESTAR\">\n<p><\/p>\n<div style=\"font-size: 20px;text-align: center\">\n<a title=\"\" href=\"https:\/\/www.oaxaca.gob.mx\/cabien\/wp-content\/uploads\/sites\/90\/2024\/04\/MANUAL-DE-FUNCIONAMIENTO-COMITE-DE-ADQUISICIONES.pdf\" download rel=\"noopener noreferrer\"><br \/>\n             <img decoding=\"async\" style=\"max-width: 50px;max-height: 50px\" src=\"\/cao\/wp-content\/uploads\/sites\/5\/2019\/04\/descarga-pdf.png\" \/>&nbsp;Descargar Documento<\/a>\n<\/div>\n<p>&nbsp;<\/p>\n<a href=\"https:\/\/www.oaxaca.gob.mx\/cabien\/wp-content\/uploads\/sites\/90\/2024\/04\/MANUAL-DE-FUNCIONAMIENTO-COMITE-DE-ADQUISICIONES.pdf\" class=\"pdfemb-viewer\" style=\"\" data-width=\"max\" data-height=\"max\" data-toolbar=\"top\" data-toolbar-fixed=\"on\">MANUAL-DE-FUNCIONAMIENTO-COMITE-DE-ADQUISICIONES<\/a>\n&nbsp; <\/p>\n<p>    <\/div>\n<div class=\"su-tabs-pane su-u-clearfix su-u-trim\" data-title=\"ACTA DE INSTALACI\u00d3N DEL COMIT\u00c9 DE ADQUISICIONES, ARRENDAMIENTOS Y SERVICIOS PARA OPERACIONES CON RECURSOS FEDERALES DE CAMINOS BIENESTAR\">\n<p><\/p>\n<div style=\"font-size: 20px;text-align: center\">\n<a title=\"\" href=\"https:\/\/www.oaxaca.gob.mx\/cabien\/wp-content\/uploads\/sites\/90\/2024\/04\/1.-ACTA-DE-INSTALACION-COMITE-DE-ADQUISICIONES.pdf\" download rel=\"noopener noreferrer\"><br \/>\n             <img decoding=\"async\" style=\"max-width: 50px;max-height: 50px\" src=\"\/cao\/wp-content\/uploads\/sites\/5\/2019\/04\/descarga-pdf.png\" \/>&nbsp;Descargar Documento<\/a>\n<\/div>\n<p>&nbsp;<\/p>\n<a href=\"https:\/\/www.oaxaca.gob.mx\/cabien\/wp-content\/uploads\/sites\/90\/2024\/04\/1.-ACTA-DE-INSTALACION-COMITE-DE-ADQUISICIONES.pdf\" class=\"pdfemb-viewer\" style=\"\" data-width=\"max\" data-height=\"max\" data-toolbar=\"top\" data-toolbar-fixed=\"on\">1.-ACTA-DE-INSTALACION-COMITE-DE-ADQUISICIONES<\/a>\n&nbsp;    <\/p>\n<p>    <\/div>\n<div class=\"su-tabs-pane su-u-clearfix su-u-trim\" data-title=\"MANUAL DE INTEGRACI\u00d3N Y FUNCIONAMIENTO DEL COMIT\u00c9 DE OBRAS P\u00daBLICAS Y SERVICIOS RELACIONADOS CON LAS MISMAS DE CAMINOS BIENESTAR\">\n<p><\/p>\n<div style=\"font-size: 20px;text-align: center\">\n<a title=\"\" href=\"https:\/\/www.oaxaca.gob.mx\/cabien\/wp-content\/uploads\/sites\/90\/2024\/04\/MANUAL-DE-INT-Y-FUNCION-COMITE-DE-OBRAS-CABIEN.pdf\" download rel=\"noopener noreferrer\"><br \/>\n             <img decoding=\"async\" style=\"max-width: 50px;max-height: 50px\" src=\"\/cao\/wp-content\/uploads\/sites\/5\/2019\/04\/descarga-pdf.png\" \/>&nbsp;Descargar Documento<\/a>\n<\/div>\n<p>&nbsp;<\/p>\n<a href=\"https:\/\/www.oaxaca.gob.mx\/cabien\/wp-content\/uploads\/sites\/90\/2024\/04\/MANUAL-DE-INT-Y-FUNCION-COMITE-DE-OBRAS-CABIEN.pdf\" class=\"pdfemb-viewer\" style=\"\" data-width=\"max\" data-height=\"max\" data-toolbar=\"top\" data-toolbar-fixed=\"on\">MANUAL-DE-INT-Y-FUNCION-COMITE-DE-OBRAS-CABIEN<\/a>\n&nbsp;<\/p>\n<p>    <\/div>\n<div class=\"su-tabs-pane su-u-clearfix su-u-trim\" data-title=\"ACTA DE INSTALACI\u00d3N Y PRIMERA SESI\u00d3N DEL COMIT\u00c9 DE OBRAS\">\n<p><\/p>\n<div style=\"font-size: 20px;text-align: center\">\n<a title=\"\" href=\"https:\/\/www.oaxaca.gob.mx\/cabien\/wp-content\/uploads\/sites\/90\/2024\/04\/1.-ACTA-DE-INSTALACION-Y-1RA-SESION-COMITE-DE-OBRAS.pdf\" download rel=\"noopener noreferrer\"><br \/>\n             <img decoding=\"async\" style=\"max-width: 50px;max-height: 50px\" src=\"\/cao\/wp-content\/uploads\/sites\/5\/2019\/04\/descarga-pdf.png\" \/>&nbsp;Descargar Documento<\/a>\n<\/div>\n<p>&nbsp;<\/p>\n<a href=\"https:\/\/www.oaxaca.gob.mx\/cabien\/wp-content\/uploads\/sites\/90\/2024\/04\/1.-ACTA-DE-INSTALACION-Y-1RA-SESION-COMITE-DE-OBRAS.pdf\" class=\"pdfemb-viewer\" style=\"\" data-width=\"max\" data-height=\"max\" data-toolbar=\"top\" data-toolbar-fixed=\"on\">1.-ACTA-DE-INSTALACION-Y-1RA-SESION-COMITE-DE-OBRAS<\/a>\n&nbsp;<\/p>\n<p>    <\/div><\/div><\/div>\n","protected":false},"excerpt":{"rendered":"<p>&nbsp; MANUALES DEL COMIT\u00c9 DE OBRAS P\u00daBLICAS CABIEN<\/p>\n","protected":false},"author":2,"featured_media":0,"parent":0,"menu_order":0,"comment_status":"closed","ping_status":"closed","template":"","meta":{"episode_type":"","audio_file":"","podmotor_file_id":"","podmotor_episode_id":"","cover_image":"","cover_image_id":"","duration":"","filesize":"","filesize_raw":"","date_recorded":"","explicit":"","block":"","itunes_episode_number":"","itunes_title":"","itunes_season_number":"","itunes_episode_type":"","footnotes":""},"categories":[],"tags":[],"class_list":["post-14813","page","type-page","status-publish","hentry"],"acf":[],"publishpress_future_action":{"enabled":false,"date":"2026-05-16 00:42:27","action":"change-status","newStatus":"draft","terms":[],"taxonomy":"category","extraData":[]},"publishpress_future_workflow_manual_trigger":{"enabledWorkflows":[]},"_links":{"self":[{"href":"https:\/\/www.oaxaca.gob.mx\/cabien\/wp-json\/wp\/v2\/pages\/14813","targetHints":{"allow":["GET"]}}],"collection":[{"href":"https:\/\/www.oaxaca.gob.mx\/cabien\/wp-json\/wp\/v2\/pages"}],"about":[{"href":"https:\/\/www.oaxaca.gob.mx\/cabien\/wp-json\/wp\/v2\/types\/page"}],"author":[{"embeddable":true,"href":"https:\/\/www.oaxaca.gob.mx\/cabien\/wp-json\/wp\/v2\/users\/2"}],"replies":[{"embeddable":true,"href":"https:\/\/www.oaxaca.gob.mx\/cabien\/wp-json\/wp\/v2\/comments?post=14813"}],"version-history":[{"count":2,"href":"https:\/\/www.oaxaca.gob.mx\/cabien\/wp-json\/wp\/v2\/pages\/14813\/revisions"}],"predecessor-version":[{"id":18172,"href":"https:\/\/www.oaxaca.gob.mx\/cabien\/wp-json\/wp\/v2\/pages\/14813\/revisions\/18172"}],"wp:attachment":[{"href":"https:\/\/www.oaxaca.gob.mx\/cabien\/wp-json\/wp\/v2\/media?parent=14813"}],"wp:term":[{"taxonomy":"category","embeddable":true,"href":"https:\/\/www.oaxaca.gob.mx\/cabien\/wp-json\/wp\/v2\/categories?post=14813"},{"taxonomy":"post_tag","embeddable":true,"href":"https:\/\/www.oaxaca.gob.mx\/cabien\/wp-json\/wp\/v2\/tags?post=14813"}],"curies":[{"name":"wp","href":"https:\/\/api.w.org\/{rel}","templated":true}]}}