{"id":6726,"date":"2024-07-19T13:59:46","date_gmt":"2024-07-19T19:59:46","guid":{"rendered":"https:\/\/www.oaxaca.gob.mx\/apbp\/?page_id=6726"},"modified":"2024-07-19T14:42:39","modified_gmt":"2024-07-19T20:42:39","slug":"aviso-de-privacidad","status":"publish","type":"page","link":"https:\/\/www.oaxaca.gob.mx\/apbp\/aviso-de-privacidad\/","title":{"rendered":"Aviso de Privacidad de la Beneficencia P\u00fablica del Estado de Oaxaca"},"content":{"rendered":"<p class=\"p2\"><span class=\"s1\"><span class=\"Apple-converted-space\">\u00a0<\/span><\/span><b>AVISO DE PRIVACIDAD SIMPLIFICADO DE LA ADMINISTRACI\u00d3N DEL PATRIMONIO DE LA BENEFICENCIA P\u00daBLICA DEL ESTADO DE OAXACA.<\/b><\/p>\n<p class=\"p2\">La Administraci\u00f3n del Patrimonio de la Beneficencia P\u00fablica del Estado de Oaxaca, es la responsable del tratamiento de los datos personales que nos proporcione, en t\u00e9rminos de lo dispuesto en el art\u00edculo 3\u00b0 fracci\u00f3n XXX de la Ley de Protecci\u00f3n de Datos Personales en Posesi\u00f3n de Sujetos Obligados del Estado de Oaxaca.<span class=\"Apple-converted-space\">\u00a0<\/span><\/p>\n<p class=\"p2\">Los datos personales que usted proporcione, ser\u00e1n utilizados para las siguientes finalidades: atender las solicitudes que usted realice; atenci\u00f3n a quejas y\/o denuncias presentadas ante el Comit\u00e9 de \u00c9tica y de Prevenci\u00f3n de Conflicto de Inter\u00e9s; documentar la firma de convenios y contratos; procedimiento de selecci\u00f3n e integraci\u00f3n de expedientes del personal adscrito a la Administraci\u00f3n del Patrimonio de la Beneficencia P\u00fablica del Estado de Oaxaca; generar comprobantes de n\u00f3mina o pagos v\u00eda transferencia bancaria; publicaci\u00f3n de datos curriculares; datos biom\u00e9tricos para control de asistencia del personal adscrito; para control de entrada y salida de los visitantes para datos estad\u00edsticos; pagos a proveedores de los bienes y servicios.<span class=\"Apple-converted-space\">\u00a0<\/span><\/p>\n<p class=\"p2\">Los datos de las solicitudes de apoyo de aparatos funcionales y audiovisuales, podr\u00e1n compartirse en su caso a nivel nacional con la Administraci\u00f3n del Patrimonio de la Beneficencia P\u00fablica, cuando el apoyo solicitado haya sido otorgado por \u00e9sta.<span class=\"Apple-converted-space\">\u00a0<\/span><\/p>\n<p class=\"p2\">Toda transferencia de datos personales se encuentra sujeta al consentimiento de su titular, tal y como lo marca el art\u00edculo 57 de Ley de Protecci\u00f3n de Datos Personales en Posesi\u00f3n de Sujetos Obligados del Estado de Oaxaca, a excepci\u00f3n de lo que establece el art\u00edculo 15 y 62 de la mencionada ley. No se realizar\u00e1n transferencias de datos personales que requieran su consentimiento, salvo aqu\u00e9llas que sean necesarias para atender requerimientos de informaci\u00f3n de una autoridad competente, que est\u00e9n debidamente fundados y motivados.<span class=\"Apple-converted-space\">\u00a0<\/span><\/p>\n<p class=\"p3\"><b>(951) 132 6855, (951) 132 6856<span class=\"Apple-converted-space\">\u00a0<\/span><\/b><\/p>\n<p class=\"p3\"><b>Calle Vicente Guerrero n\u00famero 22 hoy 406, Colonia Centro, Oaxaca de Ju\u00e1rez, Oaxaca, C.P. 68000<span class=\"Apple-converted-space\">\u00a0<\/span><\/b><\/p>\n<p class=\"p3\"><b>direcciongeneral.apbp@oaxaca.gob.mx<span class=\"Apple-converted-space\">\u00a0<\/span><\/b><\/p>\n<p class=\"p2\">En caso de que no desee que sus datos personales sean tratados para las finalidades mencionadas con antelaci\u00f3n, puede manifestarlo al correo electr\u00f3nico: <span class=\"s2\">juridico.apbp@oaxaca.gob.mx <\/span>o por escrito en la Unidad de Transparencia ubicada en calle Guerrero n\u00famero 406, colonia Centro, Oaxaca de Ju\u00e1rez, Oaxaca, primer patio, de lunes a viernes de 08:00 a 16:00 horas, en d\u00edas h\u00e1biles.<span class=\"Apple-converted-space\">\u00a0<\/span><\/p>\n<p class=\"p2\">Usted podr\u00e1 ejercer sus derechos de acceso, rectificaci\u00f3n, cancelaci\u00f3n y oposici\u00f3n (ARCO) ante la Unidad de Transparencia de esta instituci\u00f3n, ya sea de manera presencial en el domicilio antes citado o en el correo electr\u00f3nico <span class=\"s2\">juridico.apbp@oaxaca.gob.mx<\/span>; sin embargo, es importante que tenga en cuenta que no en todos los casos podremos atender su solicitud de forma inmediata, ya que es posible que por alguna obligaci\u00f3n legal necesitemos seguir tratando sus datos personales. Asimismo, usted deber\u00e1 considerar que, para ciertos fines, la revocaci\u00f3n de su consentimiento implicar\u00e1 que no le podamos proporcionar el apoyo que nos solicit\u00f3.<span class=\"Apple-converted-space\">\u00a0<\/span><\/p>\n<p class=\"p2\">El aviso de privacidad integral lo podr\u00e1 consultar en la siguiente direcci\u00f3n electr\u00f3nica:\u00a0<a href=\"https:\/\/www.oaxaca.gob.mx\/apbp\/aviso-de-privacidad-integral\/\">https:\/\/www.oaxaca.gob.mx\/apbp\/aviso-de-privacidad-integral\/<\/a><\/p>\n","protected":false},"excerpt":{"rendered":"<p>\u00a0AVISO DE PRIVACIDAD SIMPLIFICADO DE LA ADMINISTRACI\u00d3N DEL PATRIMONIO DE LA BENEFICENCIA P\u00daBLICA DEL ESTADO DE OAXACA. La Administraci\u00f3n del Patrimonio de la Beneficencia P\u00fablica del Estado de Oaxaca, es la responsable del tratamiento de los datos personales que nos proporcione, en t\u00e9rminos de lo dispuesto en el art\u00edculo 3\u00b0 fracci\u00f3n XXX de la Ley [&hellip;]<\/p>\n","protected":false},"author":10,"featured_media":0,"parent":0,"menu_order":0,"comment_status":"closed","ping_status":"closed","template":"","meta":{"episode_type":"","audio_file":"","podmotor_file_id":"","podmotor_episode_id":"","cover_image":"","cover_image_id":"","duration":"","filesize":"","filesize_raw":"","date_recorded":"","explicit":"","block":"","itunes_episode_number":"","itunes_title":"","itunes_season_number":"","itunes_episode_type":"","footnotes":""},"categories":[],"tags":[],"class_list":["post-6726","page","type-page","status-publish","hentry"],"acf":[],"publishpress_future_action":{"enabled":false,"date":"2026-04-21 18:38:13","action":"change-status","newStatus":"draft","terms":[],"taxonomy":"category","extraData":[]},"publishpress_future_workflow_manual_trigger":{"enabledWorkflows":[]},"_links":{"self":[{"href":"https:\/\/www.oaxaca.gob.mx\/apbp\/wp-json\/wp\/v2\/pages\/6726","targetHints":{"allow":["GET"]}}],"collection":[{"href":"https:\/\/www.oaxaca.gob.mx\/apbp\/wp-json\/wp\/v2\/pages"}],"about":[{"href":"https:\/\/www.oaxaca.gob.mx\/apbp\/wp-json\/wp\/v2\/types\/page"}],"author":[{"embeddable":true,"href":"https:\/\/www.oaxaca.gob.mx\/apbp\/wp-json\/wp\/v2\/users\/10"}],"replies":[{"embeddable":true,"href":"https:\/\/www.oaxaca.gob.mx\/apbp\/wp-json\/wp\/v2\/comments?post=6726"}],"version-history":[{"count":2,"href":"https:\/\/www.oaxaca.gob.mx\/apbp\/wp-json\/wp\/v2\/pages\/6726\/revisions"}],"predecessor-version":[{"id":6759,"href":"https:\/\/www.oaxaca.gob.mx\/apbp\/wp-json\/wp\/v2\/pages\/6726\/revisions\/6759"}],"wp:attachment":[{"href":"https:\/\/www.oaxaca.gob.mx\/apbp\/wp-json\/wp\/v2\/media?parent=6726"}],"wp:term":[{"taxonomy":"category","embeddable":true,"href":"https:\/\/www.oaxaca.gob.mx\/apbp\/wp-json\/wp\/v2\/categories?post=6726"},{"taxonomy":"post_tag","embeddable":true,"href":"https:\/\/www.oaxaca.gob.mx\/apbp\/wp-json\/wp\/v2\/tags?post=6726"}],"curies":[{"name":"wp","href":"https:\/\/api.w.org\/{rel}","templated":true}]}}